{"id":106,"date":"2019-05-06T17:08:14","date_gmt":"2019-05-06T20:08:14","guid":{"rendered":"http:\/\/tjbawsh001.tjba.jus.br\/adote\/?page_id=106"},"modified":"2019-05-08T16:20:12","modified_gmt":"2019-05-08T19:20:12","slug":"apresentacao","status":"publish","type":"page","link":"http:\/\/www.tjba.jus.br\/adote\/apresentacao\/","title":{"rendered":"Apresenta\u00e7\u00e3o"},"content":{"rendered":"<p>[vc_row][vc_column][vc_single_image image=&#8221;236&#8243; img_size=&#8221;600&#215;400&#8243; alignment=&#8221;center&#8221; style=&#8221;vc_box_shadow_3d&#8221;][vc_column_text]Seja bem vindo!<\/p>\n<p>Vamos falar de ado\u00e7\u00e3o?<\/p>\n<p>Se voc\u00ea tem, por m\u00ednima que seja, ou at\u00e9 mesmo apenas curiosidade sobre a possibilidade de adotar algu\u00e9m, voc\u00ea j\u00e1 possui o requisito b\u00e1sico do adotante, que \u00e9 entender a ado\u00e7\u00e3o como algo maior do que uma rela\u00e7\u00e3o de afeto e solidariedade ou de preenchimento de lacunas emocionais, e sim uma demonstra\u00e7\u00e3o do amor incondicional, independente da origem, para com o pr\u00f3ximo, que pode ser uma crian\u00e7a, adolescente ou at\u00e9 mesmo pessoa com mais de dezoito anos, em benef\u00edcio, tanto do adotante e de seu grupo familiar j\u00e1 formado, quanto do adotado.<\/p>\n<p>Existem cursos preparat\u00f3rios para os que pretendem adotar, com aux\u00edlio de Psic\u00f3logos e Assistentes Sociais, que v\u00e3o ao seu domic\u00edlio conhecer a realidade de capda um e prestar orienta\u00e7\u00f5es, atrav\u00e9s das Varas da Inf\u00e2ncia e Juventude do Poder Judici\u00e1rio, e, no Brasil, n\u00e3o h\u00e1 custo financeiro algum para o interessado na ado\u00e7\u00e3o, que investir\u00e1 apenas algum tempo, comprometimento, amor e dedica\u00e7\u00e3o, certamente recompensados pela inclus\u00e3o de novos membros na fam\u00edlia.<\/p>\n<p>E se voc\u00ea j\u00e1 est\u00e1 em processo de ado\u00e7\u00e3o, mesmo, \u00e0s vezes, parecendo um pouco lento, saiba que os procedimentos legais adotados s\u00e3o a \u00fanica forma de dar seguran\u00e7a jur\u00eddica \u00e0 concretiza\u00e7\u00e3o deste ato de forma\u00e7\u00e3o de nova fam\u00edlia, que \u00e9 para a vida inteira.<\/p>\n<p>Querendo saber mais ou compartilhar sua experi\u00eancia com a ado\u00e7\u00e3o, acesse nossos links dispon\u00edveis na p\u00e1gina.<\/p>\n<p>Felicidades e parab\u00e9ns!<\/p>\n<p>S\u00e3o os votos do Tribunal de Justi\u00e7a da Bahia[\/vc_column_text][\/vc_column][\/vc_row]<\/p>\n","protected":false},"excerpt":{"rendered":"<p>[vc_row][vc_column][vc_single_image image=&#8221;236&#8243; img_size=&#8221;600&#215;400&#8243; alignment=&#8221;center&#8221; style=&#8221;vc_box_shadow_3d&#8221;][vc_column_text]Seja bem vindo! Vamos falar de ado\u00e7\u00e3o? Se voc\u00ea tem, por m\u00ednima que seja, ou at\u00e9 mesmo apenas curiosidade sobre a possibilidade de adotar algu\u00e9m, voc\u00ea j\u00e1 possui o requisito b\u00e1sico do adotante, que \u00e9 entender a ado\u00e7\u00e3o como algo maior do que uma rela\u00e7\u00e3o de afeto e solidariedade ou de<\/p>\n","protected":false},"author":4,"featured_media":0,"parent":0,"menu_order":0,"comment_status":"closed","ping_status":"closed","template":"","meta":[],"_links":{"self":[{"href":"http:\/\/www.tjba.jus.br\/adote\/wp-json\/wp\/v2\/pages\/106"}],"collection":[{"href":"http:\/\/www.tjba.jus.br\/adote\/wp-json\/wp\/v2\/pages"}],"about":[{"href":"http:\/\/www.tjba.jus.br\/adote\/wp-json\/wp\/v2\/types\/page"}],"author":[{"embeddable":true,"href":"http:\/\/www.tjba.jus.br\/adote\/wp-json\/wp\/v2\/users\/4"}],"replies":[{"embeddable":true,"href":"http:\/\/www.tjba.jus.br\/adote\/wp-json\/wp\/v2\/comments?post=106"}],"version-history":[{"count":12,"href":"http:\/\/www.tjba.jus.br\/adote\/wp-json\/wp\/v2\/pages\/106\/revisions"}],"predecessor-version":[{"id":109,"href":"http:\/\/www.tjba.jus.br\/adote\/wp-json\/wp\/v2\/pages\/106\/revisions\/109"}],"wp:attachment":[{"href":"http:\/\/www.tjba.jus.br\/adote\/wp-json\/wp\/v2\/media?parent=106"}],"curies":[{"name":"wp","href":"https:\/\/api.w.org\/{rel}","templated":true}]}}