{"id":131,"date":"2019-05-07T12:20:16","date_gmt":"2019-05-07T15:20:16","guid":{"rendered":"http:\/\/tjbawsh001.tjba.jus.br\/adote\/?page_id=131"},"modified":"2019-05-08T14:45:32","modified_gmt":"2019-05-08T17:45:32","slug":"perguntas-frequentes","status":"publish","type":"page","link":"http:\/\/www.tjba.jus.br\/adote\/perguntas-frequentes\/","title":{"rendered":"PERGUNTAS FREQUENTES"},"content":{"rendered":"<p>[vc_row][vc_column][vc_tta_accordion style=&#8221;outline&#8221; color=&#8221;violet&#8221; spacing=&#8221;3&#8243; gap=&#8221;10&#8243; c_icon=&#8221;triangle&#8221; active_section=&#8221;&#8221; css_animation=&#8221;rotateInUpLeft&#8221; no_fill=&#8221;true&#8221;][vc_tta_section title=&#8221;O que \u00e9 ado\u00e7\u00e3o de crian\u00e7as e adolescentes?&#8221; tab_id=&#8221;1557242524153-368e83fd-d890&#8243;][vc_column_text]A ado\u00e7\u00e3o \u00e9 o procedimento legal pelo qual algu\u00e9m assume como filho, de modo definitivo e irrevog\u00e1vel, uma crian\u00e7a ou adolescente nascido de outra pessoa. Ela \u00e9 regulamentada pelo Estatuto da Crian\u00e7a e do Adolescente (ECA). Essa legisla\u00e7\u00e3o determina que se devem priorizar as necessidades e interesses da crian\u00e7a ou adolescente, pois a ado\u00e7\u00e3o \u00e9 uma medida de prote\u00e7\u00e3o que garante o direito \u00e0 conviv\u00eancia familiar e comunit\u00e1ria, quando esgotadas todas as alternativas de perman\u00eancia na fam\u00edlia de origem.[\/vc_column_text][\/vc_tta_section][vc_tta_section title=&#8221;O que fazer para se candidatar \u00e0 ado\u00e7\u00e3o?&#8221; tab_id=&#8221;1557242777645-2215f51f-4967&#8243;][vc_column_text]A pessoa interessada em adotar crian\u00e7a(s) e\/ou adolescente(s) dever\u00e1 procurar a Vara da Inf\u00e2ncia e da Juventude que atende a regi\u00e3o ou cidade na qual reside. Nesse local, receber\u00e1 as primeiras orienta\u00e7\u00f5es quanto \u00e0s etapas e documentos necess\u00e1rios para a formaliza\u00e7\u00e3o do pedido de inscri\u00e7\u00e3o no cadastro de pretendentes \u00e0 ado\u00e7\u00e3o. O interessado participar\u00e1 de atividade de orienta\u00e7\u00e3o psicossocial e jur\u00eddica, bem como de avalia\u00e7\u00f5es junto \u00e0 equipe t\u00e9cnica, composta por Assistentes Sociais e Psic\u00f3logos. Todos os passos s\u00e3o acompanhados tamb\u00e9m pelo Minist\u00e9rio P\u00fablico. Os documentos e as avalia\u00e7\u00f5es t\u00e9cnicas que forem produzidos, bem como a opini\u00e3o do Minist\u00e9rio P\u00fablico, ser\u00e3o apreciados pelo Juiz, que decidir\u00e1 pela habilita\u00e7\u00e3o ou n\u00e3o dos candidatos ao cadastro.[\/vc_column_text][\/vc_tta_section][vc_tta_section title=&#8221;O que \u00e9 o cadastro de ado\u00e7\u00e3o?&#8221; tab_id=&#8221;1557242882957-5666766c-a97f&#8221;][vc_column_text]O cadastro de pretendentes \u00e0 ado\u00e7\u00e3o \u00e9 exclusivo da Vara da Inf\u00e2ncia e da Juventude, \u00fanico local permitido por lei para manter o registro das pessoas que desejam adotar e foram habilitadas para tanto. As crian\u00e7as e adolescentes que est\u00e3o em condi\u00e7\u00e3o legal definida para a ado\u00e7\u00e3o tamb\u00e9m s\u00e3o registradas em cadastro espec\u00edfico, com suas caracter\u00edsticas, mantido unicamente pela Vara da Inf\u00e2ncia e da Juventude. De posse dos dados desses cadastros, o Ju\u00edzo da Inf\u00e2ncia e da Juventude realizar\u00e1 buscas\/pesquisas para a identifica\u00e7\u00e3o de pretendentes habilitados compat\u00edveis com o perfil e necessidades da(s) crian\u00e7a(s) e\/ou adolescente(s). A ordem de inscri\u00e7\u00e3o no cadastro tamb\u00e9m ser\u00e1 respeitada. As pessoas interessadas podem optar por outros Estados para os quais possuam meios de se deslocar, a fim de adotar uma crian\u00e7a ou adolescente ali residente. Essa informa\u00e7\u00e3o constar\u00e1 no Cadastro Nacional de Ado\u00e7\u00e3o (CNA). As informa\u00e7\u00f5es dos pretendentes habilitados ser\u00e3o mantidas em 3 (tr\u00eas) cadastros: no cadastro de pretendentes \u00e0 ado\u00e7\u00e3o da Vara da Inf\u00e2ncia e da Juventude da regi\u00e3o onde reside, no Cadastro Centralizado Estadual e no CNA. Assim, o cadastro de ado\u00e7\u00e3o \u00e9 um importante instrumento que aproxima candidatos \u00e0 ado\u00e7\u00e3o da(s) crian\u00e7a(s) e adolescente(s) que n\u00e3o puderam permanecer na fam\u00edlia de origem.[\/vc_column_text][\/vc_tta_section][vc_tta_section title=&#8221;Quem pode solicitar a inscri\u00e7\u00e3o no Cadastro de Pretendentes \u00e0 Ado\u00e7\u00e3o?&#8221; tab_id=&#8221;1557242908611-3e1557ba-2f30&#8243;][vc_column_text]A solicita\u00e7\u00e3o pode ser feita por pessoas maiores de 18 (dezoito) anos, independentemente do estado civil, orienta\u00e7\u00e3o sexual ou classe social. O pretendente dever\u00e1 apresentar uma diferen\u00e7a m\u00ednima de 16 (dezesseis) anos em rela\u00e7\u00e3o \u00e0 idade da crian\u00e7a ou adolescente que for adotado.[\/vc_column_text][\/vc_tta_section][vc_tta_section title=&#8221;Quais documentos iniciais s\u00e3o necess\u00e1rios para se candidatar ao Cadastro de Pretendentes \u00e0 Ado\u00e7\u00e3o?&#8221; tab_id=&#8221;1557242939032-161b30fe-6fcc&#8221;][vc_column_text]<\/p>\n<ul>\n<li>Requerimento de inscri\u00e7\u00e3o (modelo pr\u00f3prio) que ser\u00e1 fornecido pela Vara da Inf\u00e2ncia e da Juventude, acompanhado dos seguintes documentos:<\/li>\n<li>C\u00f3pia dos documentos pessoais (Carteira de Identidade, CPF, Certid\u00e3o de Casamento, se casado, ou Certid\u00e3o de Nascimento, se solteiro, sendo que as certid\u00f5es dever\u00e3o ser de expedi\u00e7\u00e3o recente);<\/li>\n<li>Comprovante de resid\u00eancia;<\/li>\n<li>Comprovante de rendimentos ou declara\u00e7\u00e3o equivalente;<\/li>\n<li>Atestado ou declara\u00e7\u00e3o m\u00e9dica de sanidade f\u00edsica e mental;<\/li>\n<li>Atestado de Antecedentes Criminais;<\/li>\n<li>Certificado de participa\u00e7\u00e3o em programa ou curso de prepara\u00e7\u00e3o psicossocial e jur\u00eddica, a ser organizado pelo Ju\u00edzo da Inf\u00e2ncia e da Juventude e por suas se\u00e7\u00f5es t\u00e9cnicas de Servi\u00e7o Social e Psicologia.<\/li>\n<\/ul>\n<p>[\/vc_column_text][\/vc_tta_section][vc_tta_section title=&#8221;Por que s\u00e3o feitas avalia\u00e7\u00f5es por assistentes sociais e psic\u00f3logos?&#8221; tab_id=&#8221;1557242964918-79e46b19-8517&#8243;][vc_column_text]Um dos objetivos para a realiza\u00e7\u00e3o dos estudos \u00e9 o de refletir e avaliar, junto \u00e0s pessoas interessadas, os motivos presentes na decis\u00e3o e o efetivo preparo, naquele momento, para serem pais e\/ou m\u00e3es por meio da ado\u00e7\u00e3o. Para isso, \u00e9 necess\u00e1rio conhecer e pensar sobre o contexto no qual a crian\u00e7a ou adolescente viver\u00e1.[\/vc_column_text][\/vc_tta_section][vc_tta_section title=&#8221;Quanto tempo demora em adotar?&#8221; tab_id=&#8221;1557243005984-e9e85dfd-eb5f&#8221;][vc_column_text]Uma vez habilitados, n\u00e3o h\u00e1 um prazo para que os pretendentes sejam chamados pela Vara da Inf\u00e2ncia e da Juventude para conhecer uma crian\u00e7a ou adolescente. Observa-se que pessoas com menos exig\u00eancias quanto ao perfil do filho que ser\u00e1 adotado (sexo, idade, cor da pele ou fazer parte de grupo de irm\u00e3os, etc.) aguardam por menos tempo.[\/vc_column_text][\/vc_tta_section][vc_tta_section title=&#8221;Por que muitos candidatos \u00e0 ado\u00e7\u00e3o esperam tanto para conseguir adotar se existem tantas crian\u00e7as em Servi\u00e7os de Acolhimento?&#8221; tab_id=&#8221;1557243040418-c23e7f7a-9fab&#8221;][vc_column_text]<\/p>\n<ul>\n<li>Crian\u00e7as e adolescentes afastados da fam\u00edlia de origem, que vivem em institui\u00e7\u00f5es de acolhimento ou junto a fam\u00edlias acolhedoras, n\u00e3o est\u00e3o todas com situa\u00e7\u00e3o legal definida para serem adotadas.<\/li>\n<li>Algumas possuem fortes la\u00e7os de afeto e aguardam que suas fam\u00edlias recuperem as condi\u00e7\u00f5es para proteg\u00ea-las e delas cuidarem.<\/li>\n<li>Al\u00e9m disso, as caracter\u00edsticas desejadas pela maioria dos pretendentes n\u00e3o s\u00e3o compat\u00edveis com o perfil das crian\u00e7as e adolescentes aptos \u00e0 ado\u00e7\u00e3o.<\/li>\n<\/ul>\n<p>[\/vc_column_text][\/vc_tta_section][vc_tta_section title=&#8221;O que fazer enquanto se espera a chegada da crian\u00e7a\/adolescente?&#8221; tab_id=&#8221;1557243065485-41eca093-3c77&#8243;][vc_column_text]O per\u00edodo de espera pela indica\u00e7\u00e3o da Vara da Inf\u00e2ncia e da Juventude pode ser vivido de modo ativo. Os interessados em adotar podem buscar informa\u00e7\u00f5es em locais que promovem a reflex\u00e3o sobre essa decis\u00e3o e facilitam a troca de experi\u00eancias com fam\u00edlias que j\u00e1 adotaram. Os Grupos de Apoio \u00e0 Ado\u00e7\u00e3o s\u00e3o um exemplo de mecanismo de suporte por meio do qual isso pode ser feito. A procura e\/ou aproxima\u00e7\u00e3o, por iniciativa pr\u00f3pria, com crian\u00e7as e adolescentes, com o objetivo de adot\u00e1-los, sem a indica\u00e7\u00e3o da Vara da Inf\u00e2ncia e da Juventude \u00e9 enfaticamente desaconselhada. Isso porque os pretendentes podem se apegar \u00e0s crian\u00e7as e adolescentes sem a exist\u00eancia de previs\u00e3o legal que d\u00ea seguran\u00e7a jur\u00eddica, pois n\u00e3o est\u00e3o e nem estar\u00e3o aptos \u00e0 ado\u00e7\u00e3o, o que traria grande dor e sofrimento a todos os envolvidos.[\/vc_column_text][\/vc_tta_section][vc_tta_section title=&#8221;Onde crian\u00e7as e adolescentes aguardam para ser adotados?&#8221; tab_id=&#8221;1557243216318-45040351-9ab2&#8243;][vc_column_text]O afastamento do conv\u00edvio da fam\u00edlia \u00e9 uma medida de prote\u00e7\u00e3o. Quando necess\u00e1rio, as crian\u00e7as e adolescentes s\u00e3o encaminhados para servi\u00e7os de acolhimento institucional ou os programas de acolhimento familiar. Essa situa\u00e7\u00e3o \u00e9 acompanhada pela viv\u00eancia de rupturas dos la\u00e7os sociais e afetivos. Por isso, s\u00e3o tomadas v\u00e1rias iniciativas para que as crian\u00e7as e adolescentes possam voltar \u00e0 fam\u00edlia de origem. Em alguns casos, o retorno n\u00e3o ser\u00e1 poss\u00edvel. As crian\u00e7as e adolescentes ser\u00e3o considerados aptos para ado\u00e7\u00e3o ap\u00f3s serem ouvidos e avaliados quanto a essa alternativa para suas vidas[\/vc_column_text][\/vc_tta_section][vc_tta_section title=&#8221;O que \u00e9 Est\u00e1gio de Conviv\u00eancia?&#8221; tab_id=&#8221;1557243186836-f4652931-11fc&#8221;][vc_column_text]O Est\u00e1gio de Conviv\u00eancia \u00e9 um per\u00edodo de acompanhamento da nova fam\u00edlia pela Vara da Inf\u00e2ncia e da Juventude, ap\u00f3s a mudan\u00e7a da crian\u00e7a ou adolescente para a casa dos adotantes, sob Termo de Guarda com vistas \u00e0 ado\u00e7\u00e3o. Neste momento, poder\u00e1 ser requerida a licen\u00e7a-maternidade\/paternidade. Durante esse per\u00edodo, a equipe t\u00e9cnica, composta por Assistentes Sociais e Psic\u00f3logos ir\u00e1 acompanhar, avaliar, orientar, refletir e apoiar o novo n\u00facleo familiar em forma\u00e7\u00e3o, observando aspectos relativos \u00e0 sua integra\u00e7\u00e3o. O Est\u00e1gio de Conviv\u00eancia ter\u00e1 um prazo variado, dependendo das peculiaridades de cada caso. Quando considerado finalizado, ser\u00e1 deferida a ado\u00e7\u00e3o pelo Juiz, tornando-se uma medida irrevog\u00e1vel.[\/vc_column_text][\/vc_tta_section][vc_tta_section title=&#8221;Quando ser\u00e1 poss\u00edvel efetuar o novo registro de nascimento da crian\u00e7a ou adolescente?&#8221; tab_id=&#8221;1557243252285-24483a51-106d&#8221;][vc_column_text]<span style=\"color: #000000;\"><span style=\"font-family: Arial, sans-serif;\"><span style=\"font-size: small;\">O novo registro de nascimento ser\u00e1 providenciado ap\u00f3s a senten\u00e7a de ado\u00e7\u00e3o pelo juiz, concedendo aos adotantes a condi\u00e7\u00e3o de pais. Esse documento gratuito ser\u00e1 solicitado ao Cart\u00f3rio de Registro Civil do munic\u00edpio de resid\u00eancia dos adotantes.<\/span><\/span><\/span>[\/vc_column_text][\/vc_tta_section][vc_tta_section title=&#8221;Qual o endere\u00e7o das Varas da Inf\u00e2ncia e da Juventude do Estado da Bahia?&#8221; tab_id=&#8221;1557243273325-6edebf97-5767&#8243;][vc_column_text]O Tribunal de Justi\u00e7a do Estado da Bahia fornece o endere\u00e7o das Varas da Inf\u00e2ncia e da Juventude em portal aberto na internet, que pode ser consultado atrav\u00e9s do link abaixo:<\/p>\n<p><a href=\"http:\/\/www5.tjba.jus.br\/infanciaejuventude\/\" target=\"_blank\" rel=\"noopener noreferrer\">http:\/\/www.tjba.jus.br\/infanciaejuventude<\/a>[\/vc_column_text][\/vc_tta_section][\/vc_tta_accordion][\/vc_column][\/vc_row]<\/p>\n","protected":false},"excerpt":{"rendered":"<p>[vc_row][vc_column][vc_tta_accordion style=&#8221;outline&#8221; color=&#8221;violet&#8221; spacing=&#8221;3&#8243; gap=&#8221;10&#8243; c_icon=&#8221;triangle&#8221; active_section=&#8221;&#8221; css_animation=&#8221;rotateInUpLeft&#8221; no_fill=&#8221;true&#8221;][vc_tta_section title=&#8221;O que \u00e9 ado\u00e7\u00e3o de crian\u00e7as e adolescentes?&#8221; tab_id=&#8221;1557242524153-368e83fd-d890&#8243;][vc_column_text]A ado\u00e7\u00e3o \u00e9 o procedimento legal pelo qual algu\u00e9m assume como filho, de modo definitivo e irrevog\u00e1vel, uma crian\u00e7a ou adolescente nascido de outra pessoa. Ela \u00e9 regulamentada pelo Estatuto da Crian\u00e7a e do Adolescente (ECA). Essa legisla\u00e7\u00e3o<\/p>\n","protected":false},"author":4,"featured_media":0,"parent":0,"menu_order":0,"comment_status":"closed","ping_status":"closed","template":"","meta":[],"_links":{"self":[{"href":"http:\/\/www.tjba.jus.br\/adote\/wp-json\/wp\/v2\/pages\/131"}],"collection":[{"href":"http:\/\/www.tjba.jus.br\/adote\/wp-json\/wp\/v2\/pages"}],"about":[{"href":"http:\/\/www.tjba.jus.br\/adote\/wp-json\/wp\/v2\/types\/page"}],"author":[{"embeddable":true,"href":"http:\/\/www.tjba.jus.br\/adote\/wp-json\/wp\/v2\/users\/4"}],"replies":[{"embeddable":true,"href":"http:\/\/www.tjba.jus.br\/adote\/wp-json\/wp\/v2\/comments?post=131"}],"version-history":[{"count":13,"href":"http:\/\/www.tjba.jus.br\/adote\/wp-json\/wp\/v2\/pages\/131\/revisions"}],"predecessor-version":[{"id":304,"href":"http:\/\/www.tjba.jus.br\/adote\/wp-json\/wp\/v2\/pages\/131\/revisions\/304"}],"wp:attachment":[{"href":"http:\/\/www.tjba.jus.br\/adote\/wp-json\/wp\/v2\/media?parent=131"}],"curies":[{"name":"wp","href":"https:\/\/api.w.org\/{rel}","templated":true}]}}