{"id":139,"date":"2019-05-07T12:37:02","date_gmt":"2019-05-07T15:37:02","guid":{"rendered":"http:\/\/tjbawsh001.tjba.jus.br\/adote\/?page_id=139"},"modified":"2019-05-08T16:16:35","modified_gmt":"2019-05-08T19:16:35","slug":"adocao-nacional","status":"publish","type":"page","link":"http:\/\/www.tjba.jus.br\/adote\/adocao-nacional\/","title":{"rendered":"ADO\u00c7\u00c3O NACIONAL"},"content":{"rendered":"<p>[vc_row][vc_column][vc_single_image image=&#8221;236&#8243; img_size=&#8221;600&#215;400&#8243; alignment=&#8221;center&#8221; style=&#8221;vc_box_shadow_3d&#8221;][vc_column_text]Comumente lembramos da ado\u00e7\u00e3o como a vinda de uma crian\u00e7a num lar constitu\u00eddo por pais que n\u00e3o tinham nenhum v\u00ednculo anterior com a pessoa adotada, onde os v\u00ednculos familiares do adotando s\u00e3o rompidos com o pai e com a m\u00e3e, a chamada ado\u00e7\u00e3o bilateral, mais comum.<\/p>\n<p>Mas, h\u00e1 outro tipo, menos conhecido, que ocorre quando h\u00e1 o rompimento do v\u00ednculo familiar apenas com um dos genitores, mantendo-se com o outro. \u00c9 a hip\u00f3tese quando o novo marido ou companheiro da genitora estabele\u00e7a v\u00ednculos afetivos com a crian\u00e7a, que o considera como genitor, cuja situa\u00e7\u00e3o jur\u00eddica \u00e9 regulada pela chamada ado\u00e7\u00e3o unilateral, em que, depois do requerimento do interessado, h\u00e1 estudo psicosocial, manifesta\u00e7\u00e3o do Promotor de Justi\u00e7a e finalmente decis\u00e3o do Juiz, somente se buscando ouvir o genitor biol\u00f3gico se ele constar da certid\u00e3o de nascimento do adotando e sendo necess\u00e1ria a\u00e7\u00e3o de destitui\u00e7\u00e3o do poder familiar na Vara da Inf\u00e2ncia e Juventude somente se ele n\u00e3o concordar com a ado\u00e7\u00e3o.<\/p>\n<p>Este procedimento serve tamb\u00e9m para quando o filho \u00e9 do companheiro e se o casal for homoafetivo, sendo importante ressaltar que a ado\u00e7\u00e3o unilateral n\u00e3o extingue o dever do genitor biol\u00f3gico de pagar pens\u00e3o aliment\u00edcia se for provado que a crian\u00e7a n\u00e3o tem como se manter somente com a renda de seus pais.<\/p>\n<p>Os interessados dever\u00e3o ir \u00e0 Vara da Inf\u00e2ncia e Juventude do Foro pr\u00f3ximo a sua resid\u00eancia e conversar com a assistente social e psic\u00f3loga. Eles informar\u00e3o quais os documentos e requisitos necess\u00e1rios para o tr\u00e2mite de quaisquer das ado\u00e7\u00f5es.[\/vc_column_text][vc_tta_accordion style=&#8221;outline&#8221; color=&#8221;sky&#8221; active_section=&#8221;0&#8243; title=&#8221;DOCUMENTA\u00c7\u00c3O E PROCEDIMENTOS&#8221;][vc_tta_section title=&#8221;Quem pode adotar?&#8221; tab_id=&#8221;1557244842331-6f2a2388-1222&#8243;][vc_column_text]Na ado\u00e7\u00e3o nacional, podem adotar brasileiros ou estrangeiros residentes no Brasil. J\u00e1 na ado\u00e7\u00e3o internacional, brasileiros ou estrangeiros residentes no exterior.<\/p>\n<p>Na ado\u00e7\u00e3o nacional:<\/p>\n<p>O pretendente precisa ter 18 anos, respeitada a diferen\u00e7a de 16 anos entre a pessoa que deseja adotar e a crian\u00e7a ou adolescente a ser adotado;<\/p>\n<p>N\u00e3o h\u00e1 restri\u00e7\u00e3o quanto ao estado civil, ou seja, se \u00e9 casado, vi\u00favo, vive em uni\u00e3o est\u00e1vel, solteiro ou divorciado. Casais homoafetivos n\u00e3o est\u00e3o previstos na legisla\u00e7\u00e3o pertinente, mas h\u00e1 jurisprud\u00eancia (decis\u00f5es de ju\u00edzes) em favor de pedidos, nesta situa\u00e7\u00e3o.[\/vc_column_text][\/vc_tta_section][vc_tta_section title=&#8221;O que fazer ?&#8221; tab_id=&#8221;1557244906637-910b6ca8-d347&#8243;][vc_column_text]O interessado deve procurar a Vara de Inf\u00e2ncia e da Juventude do munic\u00edpio\/regi\u00e3o de resid\u00eancia , onde ser\u00e1 fornecido requerimento para preenchimento. Dever\u00e1 apresentar os documentos listados abaixo, em originais ou c\u00f3pias autenticadas ou simples, estas que ser\u00e3o conferidas por funcion\u00e1rios com os originais:<\/p>\n<ul>\n<li>Documento de Identidade;<\/li>\n<li>CPF (Cadastro de Pessoa F\u00edsica);<\/li>\n<li>Certid\u00e3o de casamento ou de nascimento, se solteiro, ambos de expedi\u00e7\u00e3o recente;<\/li>\n<li>Comprovante de resid\u00eancia (conta de \u00e1gua, luz, telefone etc);<\/li>\n<li>Comprovante de rendimentos ou documento comprobat\u00f3rio equivalente;<\/li>\n<li>Atestado ou declara\u00e7\u00e3o m\u00e9dica de sanidade f\u00edsica e mental;<\/li>\n<li>Fotografia do(s) pretendente(s);<\/li>\n<li>Atestado de antecedentes criminais.<\/li>\n<\/ul>\n<p>Protocolado o requerimento, registrado e autuado, o pedido seguir\u00e1 seu curso na Vara da Inf\u00e2ncia e Juventude, sendo o pretendente convocado para avalia\u00e7\u00e3o t\u00e9cnica e demais procedimentos previstos em leis e normas pertinentes, at\u00e9 decis\u00e3o por senten\u00e7a para eventual cadastro da Vara.<\/p>\n<p>Um certificado de participa\u00e7\u00e3o em programa ou curso de prepara\u00e7\u00e3o psicossocial e jur\u00eddica ser\u00e1 posteriormente exigido e juntado no processo.[\/vc_column_text][\/vc_tta_section][vc_tta_section title=&#8221;Como definir o perfil da crian\u00e7a buscada para ado\u00e7\u00e3o?&#8221; tab_id=&#8221;1557244943322-ac3f7722-e5ab&#8221;][vc_column_text]O perfil desejado pelos pretendentes \u00e0 ado\u00e7\u00e3o ser\u00e1 verificado na entrevista t\u00e9cnica. \u00c9 poss\u00edvel definir esse perfil pelo sexo, faixa et\u00e1ria, estado de sa\u00fade e se eventual ado\u00e7\u00e3o incluir\u00e1 irm\u00e3os, por exemplo.[\/vc_column_text][\/vc_tta_section][vc_tta_section title=&#8221;Certificado de Habilita\u00e7\u00e3o&#8221; tab_id=&#8221;1557244987517-e5cdeda5-381d&#8221;][vc_column_text]Ap\u00f3s laudo da equipe t\u00e9cnica da Vara da Inf\u00e2ncia e Juventude, emiss\u00e3o de parecer do Minist\u00e9rio P\u00fablico sobre o caso e, por fim, a senten\u00e7a do Juiz, em caso de acolhimento do pedido, o nome do pretendente ser\u00e1 inserido no cadastro de ado\u00e7\u00e3o, tanto da vara como do Cadastro Nacional.[\/vc_column_text][\/vc_tta_section][\/vc_tta_accordion][\/vc_column][\/vc_row]<\/p>\n","protected":false},"excerpt":{"rendered":"<p>[vc_row][vc_column][vc_single_image image=&#8221;236&#8243; img_size=&#8221;600&#215;400&#8243; alignment=&#8221;center&#8221; style=&#8221;vc_box_shadow_3d&#8221;][vc_column_text]Comumente lembramos da ado\u00e7\u00e3o como a vinda de uma crian\u00e7a num lar constitu\u00eddo por pais que n\u00e3o tinham nenhum v\u00ednculo anterior com a pessoa adotada, onde os v\u00ednculos familiares do adotando s\u00e3o rompidos com o pai e com a m\u00e3e, a chamada ado\u00e7\u00e3o bilateral, mais comum. Mas, h\u00e1 outro tipo, menos<\/p>\n","protected":false},"author":4,"featured_media":0,"parent":0,"menu_order":0,"comment_status":"closed","ping_status":"closed","template":"","meta":[],"_links":{"self":[{"href":"http:\/\/www.tjba.jus.br\/adote\/wp-json\/wp\/v2\/pages\/139"}],"collection":[{"href":"http:\/\/www.tjba.jus.br\/adote\/wp-json\/wp\/v2\/pages"}],"about":[{"href":"http:\/\/www.tjba.jus.br\/adote\/wp-json\/wp\/v2\/types\/page"}],"author":[{"embeddable":true,"href":"http:\/\/www.tjba.jus.br\/adote\/wp-json\/wp\/v2\/users\/4"}],"replies":[{"embeddable":true,"href":"http:\/\/www.tjba.jus.br\/adote\/wp-json\/wp\/v2\/comments?post=139"}],"version-history":[{"count":17,"href":"http:\/\/www.tjba.jus.br\/adote\/wp-json\/wp\/v2\/pages\/139\/revisions"}],"predecessor-version":[{"id":330,"href":"http:\/\/www.tjba.jus.br\/adote\/wp-json\/wp\/v2\/pages\/139\/revisions\/330"}],"wp:attachment":[{"href":"http:\/\/www.tjba.jus.br\/adote\/wp-json\/wp\/v2\/media?parent=139"}],"curies":[{"name":"wp","href":"https:\/\/api.w.org\/{rel}","templated":true}]}}