{"id":418,"date":"2019-05-22T14:48:24","date_gmt":"2019-05-22T17:48:24","guid":{"rendered":"http:\/\/www.tjba.jus.br\/adote\/?page_id=418"},"modified":"2019-05-23T17:37:59","modified_gmt":"2019-05-23T20:37:59","slug":"galeria-de-fotos","status":"publish","type":"page","link":"http:\/\/www.tjba.jus.br\/adote\/galeria-de-fotos\/","title":{"rendered":"Galeria de Fotos"},"content":{"rendered":"<p>[vc_row][vc_column width=&#8221;1\/2&#8243;][vc_row_inner][vc_column_inner][vc_column_text]<\/p>\n<p style=\"text-align: center;\"><strong>1\u00ba F\u00f3rum Municipal de Ado\u00e7\u00e3o: Ado\u00e7\u00e3o legal, um ato de amor.<\/strong><\/p>\n<p>[\/vc_column_text][\/vc_column_inner][\/vc_row_inner][vc_row_inner][vc_column_inner][vc_gallery type=&#8221;nivo&#8221; interval=&#8221;3&#8243; images=&#8221;446,459,458,456,455,454,453,452,451,450,449,448,447,445,444,443,442,441,440,439,438,437&#8243; img_size=&#8221;300&#215;200&#8243; css_animation=&#8221;none&#8221;][\/vc_column_inner][\/vc_row_inner][\/vc_column][vc_column width=&#8221;1\/2&#8243;][vc_row_inner][vc_column_inner][vc_column_text]<\/p>\n<p style=\"text-align: center;\"><strong>Roda de Conversa na Comarca de Prado<\/strong><\/p>\n<p>[\/vc_column_text][\/vc_column_inner][\/vc_row_inner][vc_row_inner][vc_column_inner][vc_gallery type=&#8221;nivo&#8221; interval=&#8221;3&#8243; images=&#8221;462,468,467,466,465,464,463,461,460,491,492,493,494,495&#8243; img_size=&#8221;300&#215;200&#8243; css_animation=&#8221;fadeIn&#8221;][\/vc_column_inner][\/vc_row_inner][\/vc_column][\/vc_row][vc_row][vc_column width=&#8221;1\/2&#8243;][vc_row_inner][vc_column_inner][vc_column_text]<\/p>\n<p style=\"text-align: center;\"><strong>Mesa-redonda na Comarca de Itamaraju<\/strong><\/p>\n<p>[\/vc_column_text][\/vc_column_inner][\/vc_row_inner][vc_row_inner][vc_column_inner][vc_gallery type=&#8221;nivo&#8221; interval=&#8221;3&#8243; images=&#8221;472,469,470,471,473,474,475,476,477,478,479,480,481,482,483&#8243; img_size=&#8221;300&#215;200&#8243; css_animation=&#8221;fadeIn&#8221;][\/vc_column_inner][\/vc_row_inner][\/vc_column][vc_column width=&#8221;1\/2&#8243;][vc_row_inner][vc_column_inner][vc_column_text]<\/p>\n<p style=\"text-align: center;\"><strong>Curso de Habilita\u00e7\u00e3o para Ado\u00e7\u00e3o na Comarca de Porto Seguro<\/strong><\/p>\n<p>[\/vc_column_text][\/vc_column_inner][\/vc_row_inner][vc_row_inner][vc_column_inner][vc_gallery type=&#8221;nivo&#8221; interval=&#8221;3&#8243; images=&#8221;522,518,519,520,521,523,524&#8243; img_size=&#8221;300&#215;200&#8243; css_animation=&#8221;fadeIn&#8221;][\/vc_column_inner][\/vc_row_inner][\/vc_column][\/vc_row][vc_row][vc_column width=&#8221;1\/2&#8243;][vc_row_inner][vc_column_inner][vc_column_text]<\/p>\n<p style=\"text-align: center;\"><strong>Painel: Ado\u00e7\u00e3o Infantojuvenil na Comarca de Lauro de Freitas<\/strong><\/p>\n<p>[\/vc_column_text][\/vc_column_inner][\/vc_row_inner][vc_row_inner][vc_column_inner][vc_gallery type=&#8221;nivo&#8221; interval=&#8221;3&#8243; images=&#8221;537,526,527,528,529,530,531,532,533,534,535,536,538,539,540&#8243; img_size=&#8221;300&#215;200&#8243; css_animation=&#8221;fadeIn&#8221;][\/vc_column_inner][\/vc_row_inner][\/vc_column][vc_column width=&#8221;1\/2&#8243;][vc_row_inner][vc_column_inner][\/vc_column_inner][\/vc_row_inner][vc_row_inner][vc_column_inner][\/vc_column_inner][\/vc_row_inner][\/vc_column][\/vc_row]<\/p>\n","protected":false},"excerpt":{"rendered":"<p>[vc_row][vc_column width=&#8221;1\/2&#8243;][vc_row_inner][vc_column_inner][vc_column_text] 1\u00ba F\u00f3rum Municipal de Ado\u00e7\u00e3o: Ado\u00e7\u00e3o legal, um ato de amor. [\/vc_column_text][\/vc_column_inner][\/vc_row_inner][vc_row_inner][vc_column_inner][vc_gallery type=&#8221;nivo&#8221; interval=&#8221;3&#8243; images=&#8221;446,459,458,456,455,454,453,452,451,450,449,448,447,445,444,443,442,441,440,439,438,437&#8243; img_size=&#8221;300&#215;200&#8243; css_animation=&#8221;none&#8221;][\/vc_column_inner][\/vc_row_inner][\/vc_column][vc_column width=&#8221;1\/2&#8243;][vc_row_inner][vc_column_inner][vc_column_text] Roda de Conversa na Comarca de Prado [\/vc_column_text][\/vc_column_inner][\/vc_row_inner][vc_row_inner][vc_column_inner][vc_gallery type=&#8221;nivo&#8221; interval=&#8221;3&#8243; images=&#8221;462,468,467,466,465,464,463,461,460,491,492,493,494,495&#8243; img_size=&#8221;300&#215;200&#8243; css_animation=&#8221;fadeIn&#8221;][\/vc_column_inner][\/vc_row_inner][\/vc_column][\/vc_row][vc_row][vc_column width=&#8221;1\/2&#8243;][vc_row_inner][vc_column_inner][vc_column_text] Mesa-redonda na Comarca de Itamaraju [\/vc_column_text][\/vc_column_inner][\/vc_row_inner][vc_row_inner][vc_column_inner][vc_gallery type=&#8221;nivo&#8221; interval=&#8221;3&#8243; images=&#8221;472,469,470,471,473,474,475,476,477,478,479,480,481,482,483&#8243; img_size=&#8221;300&#215;200&#8243; css_animation=&#8221;fadeIn&#8221;][\/vc_column_inner][\/vc_row_inner][\/vc_column][vc_column width=&#8221;1\/2&#8243;][vc_row_inner][vc_column_inner][vc_column_text] Curso de Habilita\u00e7\u00e3o para Ado\u00e7\u00e3o na Comarca de Porto<\/p>\n","protected":false},"author":3,"featured_media":0,"parent":0,"menu_order":0,"comment_status":"closed","ping_status":"closed","template":"","meta":[],"_links":{"self":[{"href":"http:\/\/www.tjba.jus.br\/adote\/wp-json\/wp\/v2\/pages\/418"}],"collection":[{"href":"http:\/\/www.tjba.jus.br\/adote\/wp-json\/wp\/v2\/pages"}],"about":[{"href":"http:\/\/www.tjba.jus.br\/adote\/wp-json\/wp\/v2\/types\/page"}],"author":[{"embeddable":true,"href":"http:\/\/www.tjba.jus.br\/adote\/wp-json\/wp\/v2\/users\/3"}],"replies":[{"embeddable":true,"href":"http:\/\/www.tjba.jus.br\/adote\/wp-json\/wp\/v2\/comments?post=418"}],"version-history":[{"count":24,"href":"http:\/\/www.tjba.jus.br\/adote\/wp-json\/wp\/v2\/pages\/418\/revisions"}],"predecessor-version":[{"id":541,"href":"http:\/\/www.tjba.jus.br\/adote\/wp-json\/wp\/v2\/pages\/418\/revisions\/541"}],"wp:attachment":[{"href":"http:\/\/www.tjba.jus.br\/adote\/wp-json\/wp\/v2\/media?parent=418"}],"curies":[{"name":"wp","href":"https:\/\/api.w.org\/{rel}","templated":true}]}}