{"id":65,"date":"2019-04-26T11:28:05","date_gmt":"2019-04-26T14:28:05","guid":{"rendered":"http:\/\/tjbawsh001.tjba.jus.br\/adote\/?page_id=65"},"modified":"2019-05-15T17:51:32","modified_gmt":"2019-05-15T20:51:32","slug":"eventos","status":"publish","type":"page","link":"http:\/\/www.tjba.jus.br\/adote\/eventos\/","title":{"rendered":"Eventos"},"content":{"rendered":"<p>[vc_section][vc_row][vc_column][vc_tta_tabs style=&#8221;outline&#8221; color=&#8221;purple&#8221; spacing=&#8221;2&#8243; active_section=&#8221;1&#8243;][vc_tta_section title=&#8221;20\/05&#8243; tab_id=&#8221;1557325300279-b9ff1c75-7217&#8243;][vc_row_inner][vc_column_inner width=&#8221;1\/2&#8243;][vc_column_text]<strong>1\u00ba F\u00f3rum Municipal de Ado\u00e7\u00e3o Tema: Ado\u00e7\u00e3o legal, um ato de amor.<\/strong><\/p>\n<p>Hor\u00e1rio: das 12h30min \u00e0s 17 h.<br \/>\nLocal: C\u00e2mara Municipal de Vereadores, rua Oscar Teixeira Sirqueira, n\u00ba 200, bairro Malvinas, Mucuri &#8211; Bahia<\/p>\n<p><strong>Confira a programa\u00e7\u00e3o do evento em MUCURI e participe!<\/strong><\/p>\n<p><strong>12h30min \u00e0s 13h<\/strong> \u2013 Recep\u00e7\u00e3o com assinatura dos presentes no Livro de Ouro.<br \/>\n<strong>13h<\/strong> \u2013 Solenidade de Abertura e Composi\u00e7\u00e3o da Mesa.<br \/>\n<strong>13h15min<\/strong> \u2013 Apresenta\u00e7\u00e3o Cultural \u2013 Associa\u00e7\u00e3o Golfinho<br \/>\n\u2022 Hino Nacional: Cantado e Projeto Sinfonia Encantada.<br \/>\n<strong>13h45min<\/strong> \u2013 Apresenta\u00e7\u00e3o dos membros que comp\u00f5em a Mesa. (Coordenadora Municipal de Prote\u00e7\u00e3o Social Especial; Secret\u00e1ria Municipal de Assist\u00eancia Social; Presidente da C\u00e2mara de Vereadores; Prefeito Municipal; Promotora de Justi\u00e7a; Ju\u00edza de Direito).<br \/>\n<strong>14h10min<\/strong> \u2013 Palestra com o Desembargador Dr. Em\u00edlio Salom\u00e3o Pinto Resed\u00e1, do Tribunal de Justi\u00e7a da Bahia.<br \/>\n<strong>15h<\/strong> \u2013 Depoimento da Sra. Etani Souza, Matriarca da Fam\u00edlia Souza, com experi\u00eancia de 47 ado\u00e7\u00f5es.<br \/>\n<strong>15h40min<\/strong> \u2013 Entrega do Selo do \u201cAmigo solid\u00e1rio do Abrigo\u201d.<br \/>\n<strong>16h<\/strong> \u2013 Entrega dos Certificados.<br \/>\n<strong>16h30min<\/strong> \u2013 Cerim\u00f4nia de Encerramento e Coffee Break.[\/vc_column_text][\/vc_column_inner][vc_column_inner width=&#8221;1\/2&#8243;][vc_gmaps link=&#8221;#E-8_JTNDaWZyYW1lJTIwc3JjJTNEJTIyaHR0cHMlM0ElMkYlMkZ3d3cuZ29vZ2xlLmNvbSUyRm1hcHMlMkZlbWJlZCUzRnBiJTNEJTIxMW0xOCUyMTFtMTIlMjExbTMlMjExZDM3ODIuNTQ0NDg0MjA5MjU4NCUyMTJkLTM5LjU0NjY4MjI4NDYyNTI2JTIxM2QtMTguMDc5MDQ4MTg4MDg5OTc0JTIxMm0zJTIxMWYwJTIxMmYwJTIxM2YwJTIxM20yJTIxMWkxMDI0JTIxMmk3NjglMjE0ZjEzLjElMjEzbTMlMjExbTIlMjExczB4Y2FjM2I3MjA3OGM0N2IlMjUzQTB4Y2E1NjdhMGIxNjQ3Nzc5JTIxMnNSLiUyQk9zYyUyNUMzJTI1QTFyJTJCVGVpeGVpcmElMkJkZSUyQlNpcXVlaXJhJTI1MkMlMkIyMDAlMjUyQyUyQk11Y3VyaSUyQi0lMkJCQSUyNTJDJTJCNDU5MzAtMDAwJTIxNWUwJTIxM20yJTIxMXNwdC1CUiUyMTJzYnIlMjE0djE1NTczMzcwNzM1NDUlMjE1bTIlMjExc3B0LUJSJTIxMnNiciUyMiUyMHdpZHRoJTNEJTIyNjAwJTIyJTIwaGVpZ2h0JTNEJTIyNDUwJTIyJTIwZnJhbWVib3JkZXIlM0QlMjIwJTIyJTIwc3R5bGUlM0QlMjJib3JkZXIlM0EwJTIyJTIwYWxsb3dmdWxsc2NyZWVuJTNFJTNDJTJGaWZyYW1lJTNF&#8221; size=&#8221;&#8221; css_animation=&#8221;flipInX&#8221;][\/vc_column_inner][\/vc_row_inner][\/vc_tta_section][vc_tta_section title=&#8221;21\/05&#8243; tab_id=&#8221;1557325300304-624cf5f4-e78b&#8221;][vc_row_inner][vc_column_inner width=&#8221;1\/2&#8243;][vc_column_text]<strong>Roda de Conversa na Comarca de Prado<\/strong><\/p>\n<p>Tema: \u201cAdo\u00e7\u00e3o: da espera ao encontro\u201d<\/p>\n<p>Quando:\u00a0 \u00e0s 14h<\/p>\n<p>Onde: Municipal de Vereadores, R. Valdeck Ornelas, 153, Prado &#8211; BA<\/p>\n<p align=\"justify\"><span style=\"color: #000000;\"><span style=\"font-family: Arial, sans-serif;\"><span style=\"font-size: medium;\"><b>Confira a programa\u00e7\u00e3o do evento de <span style=\"font-size: large;\">Prado <\/span>e participe!<\/b><\/span><\/span><\/span><\/p>\n<p><span style=\"color: #000000;\"><span style=\"font-family: Arial, sans-serif;\"><span style=\"font-size: medium;\"><strong>14h00min<\/strong> &#8211; Recep\u00e7\u00e3o dos participantes<\/span><\/span><\/span><\/p>\n<p><span style=\"color: #000000;\"><span style=\"font-family: Arial, sans-serif;\"><span style=\"font-size: medium;\"><strong>14h30 min<\/strong> \u2013 Solenidade de Abertura \u2013 Introdu\u00e7\u00e3o e apresenta\u00e7\u00e3o &#8211; Dr. Leonardo Santos Vieira Coelho<\/span><\/span><\/span><\/p>\n<p><span style=\"color: #000000;\"><span style=\"font-family: Arial, sans-serif;\"><span style=\"font-size: medium;\"><strong>14h45min<\/strong> &#8211; Depoimento da Sra. Etani Souza, Matriarca da Fam\u00edlia Souza, com experi\u00eancia de 47 ado\u00e7\u00f5es. <\/span><\/span><\/span><\/p>\n<p align=\"justify\"><span style=\"color: #000000;\"><span style=\"font-family: Arial, sans-serif;\"><span style=\"font-size: medium;\"><strong>15h <\/strong>&#8211; Des. Em\u00edlio Salom\u00e3o Resed\u00e1, Corregedor das Comarcas do Interior do TJBA<\/span><\/span><\/span><\/p>\n<p><span style=\"color: #000000;\"><span style=\"font-family: Arial, sans-serif;\"><span style=\"font-size: medium;\"><strong>15h30min<\/strong> &#8211; 1\u00aa Roda de Conversas &#8211; <b>Ado\u00e7\u00e3o: da espera ao encontro<\/b><\/span><\/span><\/span><\/p>\n<p><span style=\"color: #000000;\"><span style=\"font-family: Arial, sans-serif;\"><span style=\"font-size: medium;\">PARTICIPANTES:<\/span><\/span><\/span><\/p>\n<p><span style=\"color: #000000;\"><span style=\"font-family: Arial, sans-serif;\"><span style=\"font-size: medium;\">-Des. Em\u00edlio Salom\u00e3o Resed\u00e1, Corregedor das Comarcas do Interior do TJBA<\/span><\/span><\/span><\/p>\n<p><span style=\"color: #000000;\"><span style=\"font-family: Arial, sans-serif;\"><span style=\"font-size: medium;\">-Dr. Arnaldo Jos\u00e9 Lemos de Souza, Juiz Assessor Especial da Corregedoria das Comarcas do Interior TJBA.<\/span><\/span><\/span><\/p>\n<p align=\"left\"><span style=\"color: #000000;\"><span style=\"font-family: Arial, sans-serif;\"><span style=\"font-size: medium;\">-Dr. Leonardo Santos Vieira Coelho, Juiz de Direito da Vara da Inf\u00e2ncia e Juventude de Prado<\/span><\/span><\/span><\/p>\n<p align=\"left\"><span style=\"color: #000000;\"><span style=\"font-family: Arial, sans-serif;\"><span style=\"font-size: medium;\">-Representantes da Comunidade local<\/span><\/span><\/span><\/p>\n<p align=\"left\"><span style=\"color: #000000;\"><span style=\"font-family: Arial, sans-serif;\"><span style=\"font-size: medium;\"><strong>16h15min<\/strong> \u2013 Apresenta\u00e7\u00e3o do grupo musical Dona Flora, de Alcoba\u00e7a &#8211; Ba<\/span><\/span><\/span><\/p>\n<p align=\"justify\"><span style=\"color: #000000;\"><span style=\"font-family: Arial, sans-serif;\"><span style=\"font-size: medium;\"><b>16h30min<\/b> \u2013 Cerim\u00f4nia de Encerramento <\/span><\/span><\/span><\/p>\n<p>[\/vc_column_text][\/vc_column_inner][vc_column_inner width=&#8221;1\/2&#8243;][vc_gmaps link=&#8221;#E-8_JTNDaWZyYW1lJTIwc3JjJTNEJTIyaHR0cHMlM0ElMkYlMkZ3d3cuZ29vZ2xlLmNvbSUyRm1hcHMlMkZlbWJlZCUzRnBiJTNEJTIxMW0xOCUyMTFtMTIlMjExbTMlMjExZDM4MDguNjUwMzYyODEyNzAzNCUyMTJkLTM5LjIzNDMyNzQ5OTEwNDc0NCUyMTNkLTE3LjMzMjQxMDc3ODc1ODQxMiUyMTJtMyUyMTFmMCUyMTJmMCUyMTNmMCUyMTNtMiUyMTFpMTAyNCUyMTJpNzY4JTIxNGYxMy4xJTIxM20zJTIxMW0yJTIxMXMweDczNGY5NTE1ZmE5N2RhNSUyNTNBMHg0YWI0ZmY3MDlhNjg3ZTVjJTIxMnNSLiUyQlZhbGRlY2slMkJPcm5lbGFzJTI1MkMlMkIxNTMlMjUyQyUyQlByYWRvJTJCLSUyQkJBJTI1MkMlMkI0NTk4MC0wMDAlMjE1ZTAlMjEzbTIlMjExc3B0LUJSJTIxMnNiciUyMTR2MTU1NzMzNzQwNzEwMSUyMTVtMiUyMTFzcHQtQlIlMjEyc2JyJTIyJTIwd2lkdGglM0QlMjI2MDAlMjIlMjBoZWlnaHQlM0QlMjI0NTAlMjIlMjBmcmFtZWJvcmRlciUzRCUyMjAlMjIlMjBzdHlsZSUzRCUyMmJvcmRlciUzQTAlMjIlMjBhbGxvd2Z1bGxzY3JlZW4lM0UlM0MlMkZpZnJhbWUlM0U=&#8221; size=&#8221;&#8221; css_animation=&#8221;flipInX&#8221; el_id=&#8221;ornelas&#8221;][\/vc_column_inner][\/vc_row_inner][vc_zigzag color=&#8221;green&#8221; el_border_width=&#8221;8&#8243;][vc_row_inner][vc_column_inner width=&#8221;1\/2&#8243;][vc_column_text]<strong>Mesa-redonda na Comarca de Itamaraju<\/strong><\/p>\n<p>Tema: \u201cMotiva\u00e7\u00e3o para Ado\u00e7\u00e3o\u201d<\/p>\n<p>Quando: 19h30<\/p>\n<p>Onde: Audit\u00f3rio da Faculdade FACISA, BR 101, Km 808, n\u00ba 1130, Itamaraju &#8211; BA<\/p>\n<p><strong>Confira a programa\u00e7\u00e3o do evento e participe!<\/strong><br \/>\n<strong>19:30 \u00e0s 22:00<\/strong> &#8211; Recep\u00e7\u00e3o dos participantes<br \/>\n<strong>19:30<\/strong> &#8211; Abertura oficial do evento<br \/>\n<strong>19:45<\/strong> &#8211; Depoimento de Etani Souza:<br \/>\n<strong>20:30<\/strong> &#8211; Des. Salom\u00e3o Resed\u00e1<br \/>\n<strong>21:15<\/strong> &#8211; Roda de Conversas. PARTICIPANTES:<br \/>\n-Des. Salom\u00e3o Resed\u00e1<br \/>\n-Dr. Arnaldo Lemos (Juiz Assessor Especial da Corregedoria das Comarcas do Interior TJBA)<br \/>\n-Dr. L\u00edvia de Oliveira Figueiredo, Ju\u00edza de Direito em Substitui\u00e7\u00e3o da Vara de Inf\u00e2ncia e Juventude de Itamaraju<br \/>\n-Membros da comunidade acad\u00eamica da faculdade FACISA<br \/>\n-Representantes da Comunidade local<br \/>\n<strong>22:00<\/strong> &#8211; Encerramento[\/vc_column_text][\/vc_column_inner][vc_column_inner width=&#8221;1\/2&#8243;][vc_raw_html]JTNDaWZyYW1lJTIwc3JjJTNEJTIyaHR0cHMlM0ElMkYlMkZ3d3cuZ29vZ2xlLmNvbSUyRm1hcHMlMkZlbWJlZCUzRnBiJTNEJTIxMW0xNCUyMTFtOCUyMTFtMyUyMTFkMTUyNjAuNTE5MDUzODM3NTYlMjEyZC0zOS41NDE1OTQ5JTIxM2QtMTcuMDE3MzAzOSUyMTNtMiUyMTFpMTAyNCUyMTJpNzY4JTIxNGYxMy4xJTIxM20zJTIxMW0yJTIxMXMweDAlMjUzQTB4MTExMmRlYmY4MTM0Yjc5OSUyMTJzRmFjdWxkYWRlJTJCZGUlMkJDaSUyNUMzJTI1QUFuY2lhcyUyQlNvY2lhaXMlMkJBcGxpY2FkYXMlMkItJTJCRmFjaXNhJTIxNWUwJTIxM20yJTIxMXNwdC1CUiUyMTJzYnIlMjE0djE1NTczNDE1OTUyMzAlMjE1bTIlMjExc3B0LUJSJTIxMnNiciUyMiUyMHdpZHRoJTNEJTIyNTEzJTIyJTIwaGVpZ2h0JTNEJTIyMjg4JTIyJTIwZnJhbWVib3JkZXIlM0QlMjIwJTIyJTIwc3R5bGUlM0QlMjJib3JkZXIlM0EwJTIyJTIwYWxsb3dmdWxsc2NyZWVuJTNFJTNDJTJGaWZyYW1lJTNF[\/vc_raw_html][\/vc_column_inner][\/vc_row_inner][\/vc_tta_section][vc_tta_section title=&#8221;22\/05&#8243; tab_id=&#8221;1557338196394-e5940261-6b2d&#8221;][vc_row_inner][vc_column_inner width=&#8221;1\/2&#8243;][vc_column_text]<strong>Curso de Habilita\u00e7\u00e3o para Ado\u00e7\u00e3o na Comarca de Porto Seguro<\/strong><\/p>\n<p>Onde: Sal\u00e3o do J\u00fari \u2013 F\u00f3rum Dr. Os\u00f3rio de Menezes \u2013 Porto Seguro &#8211; BA<\/p>\n<p>Confira a programa\u00e7\u00e3o do evento de Porto Seguro e participe!<\/p>\n<p><strong>PER\u00cdODO MATUTINO <\/strong><br \/>\n<strong>08:30 \u2013 08:45<\/strong> Din\u00e2mica de apresenta\u00e7\u00e3o<br \/>\n<strong>08:45 &#8211; 09:45<\/strong> \u2013 Aspectos jur\u00eddicos da ado\u00e7\u00e3o (Juiz da Vara, MP, Defensoria P\u00fablica e Equipe T\u00e9cnica respons\u00e1vel pela pol\u00edtica municipal de acolhimento institucional (Alta Complexidade).<br \/>\n<strong>09:45 &#8211; 10:00<\/strong> \u2013 Intervalo<br \/>\n<strong>10:00 &#8211; 10:30<\/strong> \u2013 Din\u00e2mica idealiza\u00e7\u00e3o do filho<br \/>\n<strong>10:30 &#8211; 11:30<\/strong> \u2013 Aspectos psicol\u00f3gicos e sociais da ado\u00e7\u00e3o (equipe t\u00e9cnica da Vara)<br \/>\n<strong>11:30 &#8211; 12:30<\/strong> \u2013 Depoimentos de convidados e trocas<br \/>\n<strong>12:30 &#8211; 13:30<\/strong> \u2013 Intervalo<\/p>\n<p><strong>PER\u00cdODO VESPERTINO<\/strong><br \/>\n<strong>13:30 \u00e0s 15:00 horas<\/strong> \u2013 Palestrante: Desembargador Excelent\u00edssimo Dr. Em\u00edlio Salom\u00e3o Pinto Resed\u00e1 &#8211; Corregedor das Comarcas do Interior.<br \/>\n<strong>15:00 \u00e0s 16:00 horas<\/strong> \u2013 Depoimento da Sr\u00aa Etani Souza Fontes, de Sergipe &#8211; SE, com depoimento sobre a experi\u00eancia de 47 ado\u00e7\u00f5es[\/vc_column_text][\/vc_column_inner][vc_column_inner width=&#8221;1\/2&#8243;][vc_gmaps link=&#8221;#E-8_JTNDaWZyYW1lJTIwc3JjJTNEJTIyaHR0cHMlM0ElMkYlMkZ3d3cuZ29vZ2xlLmNvbSUyRm1hcHMlMkZlbWJlZCUzRnBiJTNEJTIxMW0xOCUyMTFtMTIlMjExbTMlMjExZDI1NzQ1LjAwMjk3ODAzNjU2JTIxMmQtMzkuMTAzMTIyOTM3MzcxMDklMjEzZC0xNi40MjM5MzMwNDE0NDk2MzclMjEybTMlMjExZjAlMjEyZjAlMjEzZjAlMjEzbTIlMjExaTEwMjQlMjEyaTc2OCUyMTRmMTMuMSUyMTNtMyUyMTFtMiUyMTFzMHg3MzY5NmIxZDg5NDFmYWIlMjUzQTB4MzZhOGRkNTFkNDc1ZTM0MiUyMTJzRiUyNUMzJTI1QjNydW0lMkJEci4lMkJPcyUyNUMzJTI1QjNyaW8lMkJCb3JnZXMlMkJkZSUyQk1lbmV6ZXMlMjE1ZTAlMjEzbTIlMjExc3B0LUJSJTIxMnNiciUyMTR2MTU1NzMzODg0ODc2MSUyMTVtMiUyMTFzcHQtQlIlMjEyc2JyJTIyJTIwd2lkdGglM0QlMjI2MDAlMjIlMjBoZWlnaHQlM0QlMjI0NTAlMjIlMjBmcmFtZWJvcmRlciUzRCUyMjAlMjIlMjBzdHlsZSUzRCUyMmJvcmRlciUzQTAlMjIlMjBhbGxvd2Z1bGxzY3JlZW4lM0UlM0MlMkZpZnJhbWUlM0U=&#8221; size=&#8221;&#8221; css_animation=&#8221;flipInX&#8221;][\/vc_column_inner][\/vc_row_inner][\/vc_tta_section][vc_tta_section title=&#8221;23\/05&#8243; tab_id=&#8221;1557325404298-82c49efa-1efc&#8221;][vc_row_inner][vc_column_inner width=&#8221;1\/2&#8243;][vc_column_text]<strong>Painel: Ado\u00e7\u00e3o Infantojuvenil na Comarca de Lauro de Freitas<\/strong><\/p>\n<p>Tema: \u201cBelas hist\u00f3rias para incentivar a ado\u00e7\u00e3o\u201d<\/p>\n<p>Quando: 9h<\/p>\n<p>Onde: Audit\u00f3rio da Faculdade UNIME, Av. Luis Tarquinio Pontes, 600 &#8211; Centro, Lauro de Freitas<\/p>\n<p><strong>PROGRAMA\u00c7\u00c3O DO EVENTO<\/strong><\/p>\n<p><strong>09:00 \u00e0s 09:30h<\/strong> &#8211; Recep\u00e7\u00e3o dos participantes<\/p>\n<p><strong>09:30h<\/strong> &#8211; Abertura oficial<\/p>\n<p><strong>09:40h<\/strong> &#8211; Depoimento de Etani Souza, matriarca da Fam\u00edlia Souza, sobre a experi\u00eancia de 47 ado\u00e7\u00f5es<\/p>\n<p><strong>10:00h<\/strong> &#8211; Painel: Ado\u00e7\u00e3o Infantojuvenil &#8211; \u201cBelas Hist\u00f3rias para incentivar Ado\u00e7\u00e3o\u201d<\/p>\n<p><em>Momento 1<\/em> &#8211; Exibi\u00e7\u00e3o de v\u00eddeos curtos com depoimentos de famosos e an\u00f4nimos que adotaram<\/p>\n<p><em>Momento 2<\/em> &#8211; Participantes contando hist\u00f3rias sobre ado\u00e7\u00f5es vivenciadas, principalmente as mais marcantes para cada um<\/p>\n<p><em>Momento 3<\/em> &#8211; Depoimento de duas duplas de adotantes e adotados<\/p>\n<p><em>Momento 4<\/em> &#8211; Entrega de placa de homenagem para a Sra. Etani Souza, representando todos os adotantes<\/p>\n<p><strong>11:30h<\/strong> &#8211; Encerramento<\/p>\n<p><strong>PARTICIPANTES:<\/strong><\/p>\n<p>Des. Salom\u00e3o Resed\u00e1, Corregedor das Comarcas do Interior do Tribunal de Justi\u00e7a do Estado da Bahia<\/p>\n<p>Dr. Arnaldo Jos\u00e9 Lemos de Souza, Juiz Assessor Especial da Corregedoria das Comarcas do Interior do TJBA.<\/p>\n<p>Dr\u00aa. Lisla F\u00e1tima Messias Arantes Vassoler, Coordenadora do Curso de Direito &#8211; UNIME.<\/p>\n<p>Representantes da Comunidade local[\/vc_column_text][\/vc_column_inner][vc_column_inner width=&#8221;1\/2&#8243;][vc_gmaps link=&#8221;#E-8_JTNDaWZyYW1lJTIwc3JjJTNEJTIyaHR0cHMlM0ElMkYlMkZ3d3cuZ29vZ2xlLmNvbSUyRm1hcHMlMkZlbWJlZCUzRnBiJTNEJTIxMW0xOCUyMTFtMTIlMjExbTMlMjExZDM4ODkuMjYwMjE5NDgzMTcxNiUyMTJkLTM4LjMxNzY4Mjc4NDY5NzM3JTIxM2QtMTIuODkwOTgxODYxNjg4NzEzJTIxMm0zJTIxMWYwJTIxMmYwJTIxM2YwJTIxM20yJTIxMWkxMDI0JTIxMmk3NjglMjE0ZjEzLjElMjEzbTMlMjExbTIlMjExczB4NzE2M2RmODYxZTdmZmJkJTI1M0EweDRjMDRkMzkwMmU3MDM5NmIlMjEyc0F2LiUyQkx1aXMlMkJUYXJxdWluaW8lMkJQb250ZXMlMjUyQyUyQjYwMCUyQi0lMkJGYXplbmRhJTJCUGl0YW5ndWVpcmElMjUyQyUyQkxhdXJvJTJCZGUlMkJGcmVpdGFzJTJCLSUyQkJBJTI1MkMlMkI0MjcwMC0wMDAlMjE1ZTAlMjEzbTIlMjExc3B0LUJSJTIxMnNiciUyMTR2MTU1NzMzOTI1NDEwMiUyMTVtMiUyMTFzcHQtQlIlMjEyc2JyJTIyJTIwd2lkdGglM0QlMjI2MDAlMjIlMjBoZWlnaHQlM0QlMjI0NTAlMjIlMjBmcmFtZWJvcmRlciUzRCUyMjAlMjIlMjBzdHlsZSUzRCUyMmJvcmRlciUzQTAlMjIlMjBhbGxvd2Z1bGxzY3JlZW4lM0UlM0MlMkZpZnJhbWUlM0U=&#8221; size=&#8221;&#8221; css_animation=&#8221;flipInX&#8221;][\/vc_column_inner][\/vc_row_inner][\/vc_tta_section][\/vc_tta_tabs][\/vc_column][\/vc_row][\/vc_section][vc_row][vc_column][\/vc_column][\/vc_row]<\/p>\n","protected":false},"excerpt":{"rendered":"<p>[vc_section][vc_row][vc_column][vc_tta_tabs style=&#8221;outline&#8221; color=&#8221;purple&#8221; spacing=&#8221;2&#8243; active_section=&#8221;1&#8243;][vc_tta_section title=&#8221;20\/05&#8243; tab_id=&#8221;1557325300279-b9ff1c75-7217&#8243;][vc_row_inner][vc_column_inner width=&#8221;1\/2&#8243;][vc_column_text]1\u00ba F\u00f3rum Municipal de Ado\u00e7\u00e3o Tema: Ado\u00e7\u00e3o legal, um ato de amor. Hor\u00e1rio: das 12h30min \u00e0s 17 h. Local: C\u00e2mara Municipal de Vereadores, rua Oscar Teixeira Sirqueira, n\u00ba 200, bairro Malvinas, Mucuri &#8211; Bahia Confira a programa\u00e7\u00e3o do evento em MUCURI e participe! 12h30min \u00e0s 13h \u2013 Recep\u00e7\u00e3o<\/p>\n","protected":false},"author":3,"featured_media":118,"parent":0,"menu_order":0,"comment_status":"closed","ping_status":"closed","template":"","meta":[],"_links":{"self":[{"href":"http:\/\/www.tjba.jus.br\/adote\/wp-json\/wp\/v2\/pages\/65"}],"collection":[{"href":"http:\/\/www.tjba.jus.br\/adote\/wp-json\/wp\/v2\/pages"}],"about":[{"href":"http:\/\/www.tjba.jus.br\/adote\/wp-json\/wp\/v2\/types\/page"}],"author":[{"embeddable":true,"href":"http:\/\/www.tjba.jus.br\/adote\/wp-json\/wp\/v2\/users\/3"}],"replies":[{"embeddable":true,"href":"http:\/\/www.tjba.jus.br\/adote\/wp-json\/wp\/v2\/comments?post=65"}],"version-history":[{"count":33,"href":"http:\/\/www.tjba.jus.br\/adote\/wp-json\/wp\/v2\/pages\/65\/revisions"}],"predecessor-version":[{"id":232,"href":"http:\/\/www.tjba.jus.br\/adote\/wp-json\/wp\/v2\/pages\/65\/revisions\/232"}],"wp:featuredmedia":[{"embeddable":true,"href":"http:\/\/www.tjba.jus.br\/adote\/wp-json\/wp\/v2\/media\/118"}],"wp:attachment":[{"href":"http:\/\/www.tjba.jus.br\/adote\/wp-json\/wp\/v2\/media?parent=65"}],"curies":[{"name":"wp","href":"https:\/\/api.w.org\/{rel}","templated":true}]}}