{"id":195,"date":"2023-07-03T16:52:26","date_gmt":"2023-07-03T19:52:26","guid":{"rendered":"https:\/\/homologacaointerna.tjba.jus.br\/biblioteca\/?page_id=195"},"modified":"2023-07-03T16:52:26","modified_gmt":"2023-07-03T19:52:26","slug":"institucional","status":"publish","type":"page","link":"https:\/\/www.tjba.jus.br\/biblioteca\/institucional\/","title":{"rendered":"Institucional"},"content":{"rendered":"\n<p>O Sistema de Bibliotecas do Poder Judici\u00e1rio do Estado da Bahia (BIBLIOJUD) foi criado atrav\u00e9s do Decreto Judici\u00e1rio n\u00ba 72, publicado em 29 de dezembro de 2004, cujo objetivo consistiu na possibilidade de realiza\u00e7\u00e3o de um trabalho conjunto entre as bibliotecas jur\u00eddicas do TJBA para garantir uma melhor presta\u00e7\u00e3o dos servi\u00e7os de&nbsp;informa\u00e7\u00e3o aos operadores do direito e a sociedade em geral.<\/p>\n\n\n\n<p><strong>O&nbsp;<\/strong>BIBLIOJUD \u00e9 integrado por duas bibliotecas:&nbsp;a central,&nbsp;Biblioteca&nbsp;<strong>Cons. Manoel da Cunha Lopes e Vasconcellos,&nbsp;<\/strong>funciona no pr\u00e9dio do F\u00f3rum Ruy Barbosa. Esse pr\u00e9dio foi inaugurado em 5 de novembro de 1949 pelo ent\u00e3o governador do Estado Ot\u00e1vio Mangabeira. O F\u00f3rum Ruy Barbosa funcionou como sede do Tribunal de Justi\u00e7a do Estado da Bahia at\u00e9 o m\u00eas de mar\u00e7o de 2000 quando foi inaugurada a sua nova sede localizada no Centro Administrativo do Estado da Bahia.<strong><\/strong><\/p>\n\n\n\n<p><strong><br><\/strong>J\u00e1 a Biblioteca da Se\u00e7\u00e3o Especial,&nbsp;localizada&nbsp;na sede do Tribunal de Justi\u00e7a da Bahia&nbsp;foi inaugurada em 2005 por meio da Resolu\u00e7\u00e3o n\u00ba 2, do Tribunal Pleno do TJBA e representou uma conquista para todos os&nbsp;magistrados e&nbsp;servidores do Judici\u00e1rio.<\/p>\n\n\n\n<p>A referida unidade foi reinaugurada&nbsp;no dia 16 de mar\u00e7o de 2023,&nbsp;ap\u00f3s per\u00edodo de reforma e revitaliza\u00e7\u00e3o,&nbsp;al\u00e9m disso, passou a se chamar&nbsp;Biblioteca&nbsp;Juiz Ney Leite Silva.<\/p>\n\n\n\n<p>As bibliotecas funcionam de segunda a sexta-feira, em hor\u00e1rio administrativo, atendendo demandas de pesquisas formuladas por magistrados e servidores do TJBA. As bibliotecas tamb\u00e9m atendem aos usu\u00e1rios externos fornecendo-lhes fontes&nbsp;de pesquisa para leitura e consulta in loco.<\/p>\n\n\n\n<p>Para solicitar empr\u00e9stimos ou reservas de livros tanto magistrados quanto servidores devem estar devidamente cadastrados no BIBLIOJUD. Todo o acervo das bibliotecas j\u00e1 est\u00e1 indexado em sistema automatizado e dispon\u00edvel aos usu\u00e1rios para pesquisa remota no endere\u00e7o eletr\u00f4nico da biblioteca, garantindo celeridade e precis\u00e3o na recupera\u00e7\u00e3o de informa\u00e7\u00f5es.<\/p>\n","protected":false},"excerpt":{"rendered":"<p>O Sistema de Bibliotecas do Poder Judici\u00e1rio do Estado da Bahia (BIBLIOJUD) foi criado atrav\u00e9s do Decreto Judici\u00e1rio n\u00ba 72, [&hellip;]<\/p>\n","protected":false},"author":2,"featured_media":0,"parent":0,"menu_order":0,"comment_status":"closed","ping_status":"closed","template":"","meta":[],"acf":[],"_links":{"self":[{"href":"https:\/\/www.tjba.jus.br\/biblioteca\/wp-json\/wp\/v2\/pages\/195"}],"collection":[{"href":"https:\/\/www.tjba.jus.br\/biblioteca\/wp-json\/wp\/v2\/pages"}],"about":[{"href":"https:\/\/www.tjba.jus.br\/biblioteca\/wp-json\/wp\/v2\/types\/page"}],"author":[{"embeddable":true,"href":"https:\/\/www.tjba.jus.br\/biblioteca\/wp-json\/wp\/v2\/users\/2"}],"replies":[{"embeddable":true,"href":"https:\/\/www.tjba.jus.br\/biblioteca\/wp-json\/wp\/v2\/comments?post=195"}],"version-history":[{"count":1,"href":"https:\/\/www.tjba.jus.br\/biblioteca\/wp-json\/wp\/v2\/pages\/195\/revisions"}],"predecessor-version":[{"id":196,"href":"https:\/\/www.tjba.jus.br\/biblioteca\/wp-json\/wp\/v2\/pages\/195\/revisions\/196"}],"wp:attachment":[{"href":"https:\/\/www.tjba.jus.br\/biblioteca\/wp-json\/wp\/v2\/media?parent=195"}],"curies":[{"name":"wp","href":"https:\/\/api.w.org\/{rel}","templated":true}]}}