{"id":199,"date":"2023-07-03T16:59:15","date_gmt":"2023-07-03T19:59:15","guid":{"rendered":"https:\/\/homologacaointerna.tjba.jus.br\/biblioteca\/?page_id=199"},"modified":"2024-07-26T17:10:38","modified_gmt":"2024-07-26T20:10:38","slug":"links-uteis","status":"publish","type":"page","link":"https:\/\/www.tjba.jus.br\/biblioteca\/links-uteis\/","title":{"rendered":"Links \u00dateis"},"content":{"rendered":"\n<ul>\n<li><a href=\"http:\/\/www.legislabahia.ba.gov.br\/\" target=\"_blank\" rel=\"noreferrer noopener\">Base de Legisla\u00e7\u00e3o do Estado da Bahia<\/a><\/li>\n\n\n\n<li><a href=\"http:\/\/bdtd.ibict.br\/\" target=\"_blank\" rel=\"noreferrer noopener\">Biblioteca Digital Brasileira de Teses e Disserta\u00e7\u00f5es<\/a><\/li>\n\n\n\n<li><a href=\"http:\/\/www2.camara.leg.br\/atividade-legislativa\/legislacao\/publicacoes\/doimperio\" target=\"_blank\" rel=\"noreferrer noopener\">Cole\u00e7\u00e3o das Leis do Imp\u00e9rio do Brasil&nbsp;(1808 &#8211; 1889)<\/a><\/li>\n\n\n\n<li><a href=\"http:\/\/www2.camara.leg.br\/atividade-legislativa\/legislacao\/publicacoes\/republica\" target=\"_blank\" rel=\"noreferrer noopener\">Cole\u00e7\u00e3o des Leis da Rep\u00fablica (1889 &#8211; 2000)<\/a><\/li>\n\n\n\n<li><a href=\"http:\/\/portal.in.gov.br\/\" target=\"_blank\" rel=\"noreferrer noopener\">Di\u00e1rio Oficial da Uni\u00e3o<\/a><\/li>\n\n\n\n<li><a href=\"http:\/\/dovirtual.ba.gov.br\/egba\/reader2\/\" target=\"_blank\" rel=\"noreferrer noopener\">Di\u00e1rio Oficial do Estado da Bahia<\/a><\/li>\n\n\n\n<li><a href=\"http:\/\/www.salvador.ba.gov.br\/Paginas\/Publicacoes_diariooficial.aspx\" target=\"_blank\" rel=\"noreferrer noopener\">Di\u00e1rio Oficial do Munic\u00edpio de Salvador<\/a><\/li>\n\n\n\n<li><a href=\"http:\/\/www2.planalto.gov.br\/presidencia\/legislacao\" target=\"_blank\" rel=\"noreferrer noopener\">Legisla\u00e7\u00e3o Federal do Brasil<\/a><\/li>\n\n\n\n<li><a href=\"http:\/\/www.dominiopublico.gov.br\/pesquisa\/PesquisaObraForm.jsp\" target=\"_blank\" rel=\"noreferrer noopener\">Portal Dom\u00ednio P\u00fablico<\/a><\/li>\n\n\n\n<li><a href=\"http:\/\/www2.camara.leg.br\/atividade-legislativa\/legislacao\" target=\"_blank\" rel=\"noreferrer noopener\">Sistema de Legisla\u00e7\u00e3o Informatizada da C\u00e2mara Federal<\/a><\/li>\n\n\n\n<li><a href=\"https:\/\/www25.senado.leg.br\/web\/atividade\/legislacao\/legislacao-federal\" target=\"_blank\" rel=\"noreferrer noopener\">Sistema de Legisla\u00e7\u00e3o Informatizada do Senado Federal<\/a><\/li>\n\n\n\n<li><a href=\"http:\/\/www.stj.jus.br\/\" target=\"_blank\" rel=\"noreferrer noopener\">Superior Tribunal de Justi\u00e7a<\/a><\/li>\n\n\n\n<li><a href=\"http:\/\/www.stf.jus.br\/\" target=\"_blank\" rel=\"noreferrer noopener\">Supremo Tribunal Federal<\/a><\/li>\n\n\n\n<li><a href=\"http:\/\/www.tse.jus.br\/\" target=\"_blank\" rel=\"noreferrer noopener\">Tribunal Superior Eleitoral<\/a><\/li>\n\n\n\n<li><a href=\"http:\/\/www.tst.jus.br\/\" target=\"_blank\" rel=\"noreferrer noopener\">Tribunal Superior do Trabalho<\/a><\/li>\n\n\n\n<li>Universidade Corporativa TJBA&nbsp;<strong>&nbsp;<a href=\"http:\/\/unicorp.tjba.jus.br\/unicorp\/\" target=\"_blank\" rel=\"noreferrer noopener\">http:\/\/unicorp.tjba.jus.br\/unicorp\/<\/a><\/strong><\/li>\n<\/ul>\n\n\n\n<div style=\"height:50px\" aria-hidden=\"true\" class=\"wp-block-spacer\"><\/div>\n\n\n\n<h2 class=\"wp-block-heading\">Tribunais de Justi\u00e7a<\/h2>\n\n\n\n<div style=\"height:20px\" aria-hidden=\"true\" class=\"wp-block-spacer\"><\/div>\n\n\n\n<p><\/p>\n\n\n\n<ul>\n<li><a href=\"http:\/\/www.tjac.jus.br\/\" target=\"_blank\" rel=\"noreferrer noopener\">Acre<\/a><\/li>\n\n\n\n<li><a href=\"http:\/\/www.tjal.jus.br\/\" target=\"_blank\" rel=\"noreferrer noopener\">Alagoas<\/a><\/li>\n\n\n\n<li><a href=\"http:\/\/www.tjap.jus.br\/\" target=\"_blank\" rel=\"noreferrer noopener\">Amap\u00e1<\/a><\/li>\n\n\n\n<li><a href=\"http:\/\/www.tjam.jus.br\/\" target=\"_blank\" rel=\"noreferrer noopener\">Amazonas<\/a><\/li>\n\n\n\n<li><a href=\"http:\/\/www.tjce.jus.br\/\" target=\"_blank\" rel=\"noreferrer noopener\">Cear\u00e1<\/a><\/li>\n\n\n\n<li><a href=\"http:\/\/www.tjdft.jus.br\/\" target=\"_blank\" rel=\"noreferrer noopener\">Distrito Federal e Territ\u00f3rios<\/a><\/li>\n\n\n\n<li><a href=\"http:\/\/www.tjes.jus.br\/\" target=\"_blank\" rel=\"noreferrer noopener\">Esp\u00edrito Santo<\/a><\/li>\n\n\n\n<li><a href=\"http:\/\/www.tjgo.jus.br\/\" target=\"_blank\" rel=\"noreferrer noopener\">Goi\u00e1s<\/a><\/li>\n\n\n\n<li><a href=\"http:\/\/www.tjma.jus.br\/\" target=\"_blank\" rel=\"noreferrer noopener\">Maranh\u00e3o<\/a><\/li>\n\n\n\n<li><a href=\"http:\/\/www.tjmt.jus.br\/\" target=\"_blank\" rel=\"noreferrer noopener\">Mato Grosso<\/a><\/li>\n\n\n\n<li><a href=\"http:\/\/www.tjms.jus.br\/\" target=\"_blank\" rel=\"noreferrer noopener\">Mato Grosso do Sul<\/a><\/li>\n\n\n\n<li><a href=\"http:\/\/www.tjmg.jus.br\/\" target=\"_blank\" rel=\"noreferrer noopener\">Minas Gerais<\/a><\/li>\n\n\n\n<li><a href=\"http:\/\/www.tjpa.jus.br\/\" target=\"_blank\" rel=\"noreferrer noopener\">Par\u00e1<\/a><\/li>\n\n\n\n<li><a href=\"http:\/\/www.tjpb.jus.br\/\" target=\"_blank\" rel=\"noreferrer noopener\">Para\u00edba<\/a><\/li>\n\n\n\n<li><a href=\"http:\/\/www.tjpr.jus.br\/\" target=\"_blank\" rel=\"noreferrer noopener\">Paran\u00e1<\/a><\/li>\n\n\n\n<li><a href=\"http:\/\/www.tjpe.jus.br\/\" target=\"_blank\" rel=\"noreferrer noopener\">Pernambuco<\/a><\/li>\n\n\n\n<li><a href=\"http:\/\/www.tjpi.jus.br\/\" target=\"_blank\" rel=\"noreferrer noopener\">Piau\u00ed<\/a><\/li>\n\n\n\n<li><a href=\"http:\/\/www.tjrj.jus.br\/\" target=\"_blank\" rel=\"noreferrer noopener\">Rio de Janeiro<\/a><\/li>\n\n\n\n<li><a href=\"http:\/\/www.tjrn.jus.br\/\" target=\"_blank\" rel=\"noreferrer noopener\">Rio Grande do Norte<\/a><\/li>\n\n\n\n<li><a href=\"http:\/\/www.tjrs.jus.br\/\" target=\"_blank\" rel=\"noreferrer noopener\">Rio Grande do Sul<\/a><\/li>\n\n\n\n<li><a href=\"http:\/\/www.tjro.jus.br\/\" target=\"_blank\" rel=\"noreferrer noopener\">Rond\u00f4nia<\/a><\/li>\n\n\n\n<li><a href=\"http:\/\/www.tjrr.jus.br\/\" target=\"_blank\" rel=\"noreferrer noopener\">Roraima<\/a><\/li>\n\n\n\n<li><a href=\"http:\/\/www.tjsc.jus.br\/\" target=\"_blank\" rel=\"noreferrer noopener\">Santa Catarina<\/a><\/li>\n\n\n\n<li><a href=\"http:\/\/www.tjsp.jus.br\/\" target=\"_blank\" rel=\"noreferrer noopener\">S\u00e3o Paulo<\/a><\/li>\n\n\n\n<li><a href=\"http:\/\/www.tjse.jus.br\/\" target=\"_blank\" rel=\"noreferrer noopener\">Sergipe<\/a><\/li>\n\n\n\n<li><a href=\"http:\/\/www.tjto.jus.br\/\" target=\"_blank\" rel=\"noreferrer noopener\">Tocantins<\/a><\/li>\n<\/ul>\n","protected":false},"excerpt":{"rendered":"<p>Tribunais de Justi\u00e7a<\/p>\n","protected":false},"author":2,"featured_media":0,"parent":0,"menu_order":0,"comment_status":"closed","ping_status":"closed","template":"","meta":[],"acf":[],"_links":{"self":[{"href":"https:\/\/www.tjba.jus.br\/biblioteca\/wp-json\/wp\/v2\/pages\/199"}],"collection":[{"href":"https:\/\/www.tjba.jus.br\/biblioteca\/wp-json\/wp\/v2\/pages"}],"about":[{"href":"https:\/\/www.tjba.jus.br\/biblioteca\/wp-json\/wp\/v2\/types\/page"}],"author":[{"embeddable":true,"href":"https:\/\/www.tjba.jus.br\/biblioteca\/wp-json\/wp\/v2\/users\/2"}],"replies":[{"embeddable":true,"href":"https:\/\/www.tjba.jus.br\/biblioteca\/wp-json\/wp\/v2\/comments?post=199"}],"version-history":[{"count":5,"href":"https:\/\/www.tjba.jus.br\/biblioteca\/wp-json\/wp\/v2\/pages\/199\/revisions"}],"predecessor-version":[{"id":308,"href":"https:\/\/www.tjba.jus.br\/biblioteca\/wp-json\/wp\/v2\/pages\/199\/revisions\/308"}],"wp:attachment":[{"href":"https:\/\/www.tjba.jus.br\/biblioteca\/wp-json\/wp\/v2\/media?parent=199"}],"curies":[{"name":"wp","href":"https:\/\/api.w.org\/{rel}","templated":true}]}}