{"id":293,"date":"2024-06-10T17:20:49","date_gmt":"2024-06-10T20:20:49","guid":{"rendered":"https:\/\/www.tjba.jus.br\/biblioteca\/?page_id=293"},"modified":"2024-06-10T17:24:13","modified_gmt":"2024-06-10T20:24:13","slug":"jusbrasil-orientacoes","status":"publish","type":"page","link":"https:\/\/www.tjba.jus.br\/biblioteca\/jusbrasil-orientacoes\/","title":{"rendered":"Jusbrasil &#8211; Orienta\u00e7\u00f5es"},"content":{"rendered":"\n<p>O Jusbrasil (<a href=\"https:\/\/www.jusbrasil.com.br\/\" target=\"_blank\" rel=\"noreferrer noopener\">https:\/\/www.jusbrasil.com.br<\/a>)&nbsp;&nbsp;oferece acesso ao reposit\u00f3rio de jurisprud\u00eancias, di\u00e1rios oficiais, modelos pr\u00e9-estruturados de documentos utilizados em processos, assim como a leitura e c\u00f3pia de refer\u00eancias de obras da Revista dos Tribunais e editoras parceiras.<\/p>\n\n\n\n<p><strong>Os servidores interessados em realizar pesquisas jur\u00eddicas na plataforma devem informar o seu e-mail institucional na p\u00e1gina de login do Jusbrasil para recebimento do link de acesso atrav\u00e9s do e-mail informado. Sempre que desejarem utilizar a plataforma, este ser\u00e1 o procedimento padr\u00e3o de acesso, que deve ser realizado a cada nova sess\u00e3o.<\/strong><\/p>\n\n\n\n<div style=\"height:50px\" aria-hidden=\"true\" class=\"wp-block-spacer\"><\/div>\n\n\n\n<div class=\"wp-block-buttons is-layout-flex\">\n<div class=\"wp-block-button has-custom-width wp-block-button__width-100\"><a class=\"wp-block-button__link has-white-color has-vivid-cyan-blue-background-color has-text-color has-background wp-element-button\" href=\"https:\/\/www.tjba.jus.br\/biblioteca\/wp-content\/uploads\/2024\/06\/Acesso-ao-Jusbrasil.pdf\" target=\"_blank\" rel=\"noreferrer noopener\">Como acessar o Jusbrasil?<\/a><\/div>\n<\/div>\n\n\n\n<div style=\"height:50px\" aria-hidden=\"true\" class=\"wp-block-spacer\"><\/div>\n\n\n\n<h2 class=\"wp-block-heading\">Manual do Assinante<\/h2>\n\n\n\n<iframe loading=\"lazy\" src=\"https:\/\/drive.google.com\/file\/d\/1KA8X7z5ii-StTYXizOa4zkvZEcLOjMCX\/preview\" width=\"100%\" height=\"780\" allow=\"autoplay\"><\/iframe>\n","protected":false},"excerpt":{"rendered":"<p>O Jusbrasil (https:\/\/www.jusbrasil.com.br)&nbsp;&nbsp;oferece acesso ao reposit\u00f3rio de jurisprud\u00eancias, di\u00e1rios oficiais, modelos pr\u00e9-estruturados de documentos utilizados em processos, assim como a [&hellip;]<\/p>\n","protected":false},"author":2,"featured_media":0,"parent":0,"menu_order":0,"comment_status":"closed","ping_status":"closed","template":"","meta":[],"acf":[],"_links":{"self":[{"href":"https:\/\/www.tjba.jus.br\/biblioteca\/wp-json\/wp\/v2\/pages\/293"}],"collection":[{"href":"https:\/\/www.tjba.jus.br\/biblioteca\/wp-json\/wp\/v2\/pages"}],"about":[{"href":"https:\/\/www.tjba.jus.br\/biblioteca\/wp-json\/wp\/v2\/types\/page"}],"author":[{"embeddable":true,"href":"https:\/\/www.tjba.jus.br\/biblioteca\/wp-json\/wp\/v2\/users\/2"}],"replies":[{"embeddable":true,"href":"https:\/\/www.tjba.jus.br\/biblioteca\/wp-json\/wp\/v2\/comments?post=293"}],"version-history":[{"count":8,"href":"https:\/\/www.tjba.jus.br\/biblioteca\/wp-json\/wp\/v2\/pages\/293\/revisions"}],"predecessor-version":[{"id":303,"href":"https:\/\/www.tjba.jus.br\/biblioteca\/wp-json\/wp\/v2\/pages\/293\/revisions\/303"}],"wp:attachment":[{"href":"https:\/\/www.tjba.jus.br\/biblioteca\/wp-json\/wp\/v2\/media?parent=293"}],"curies":[{"name":"wp","href":"https:\/\/api.w.org\/{rel}","templated":true}]}}