{"id":1005,"date":"2017-02-13T13:55:39","date_gmt":"2017-02-13T13:55:39","guid":{"rendered":"http:\/\/vespa.tjba.jus.br\/estrategia\/?page_id=1005"},"modified":"2026-03-10T08:42:34","modified_gmt":"2026-03-10T11:42:34","slug":"plano-estrategico-2015-2020","status":"publish","type":"page","link":"https:\/\/www.tjba.jus.br\/estrategia\/plano-estrategico-2015-2020\/","title":{"rendered":"Plano Estrat\u00e9gico 2015-2020"},"content":{"rendered":"\n<p>&nbsp;<\/p>\n\n\n\n<div style=\"text-align: justify;\">\n<blockquote><p><strong>Plano Estrat\u00e9gico<\/strong>&nbsp;&#8211; Trata-se de um documento institucional que materializa o processo sist\u00eamico que permite \u00e0s organiza\u00e7\u00f5es, dentro de sua miss\u00e3o e com base em seus valores, definirem seus Objetivos de m\u00e9dio e longo prazos em busca dos melhores caminhos a serem seguidos com vistas ao alcance de sua vis\u00e3o de futuro.<\/p><p><strong>Vers\u00e3o PDF<\/strong> <a href=\"http:\/\/www5.tjba.jus.br\/estrategia\/wp-content\/uploads\/2017\/09\/plano_estrategico_tjba.pdf\" target=\"_blank\" rel=\"noopener noreferrer\">clique aqui<\/a><\/p><\/blockquote><\/div>\n\n\n\n<div data-wp-interactive=\"core\/file\" class=\"wp-block-file\"><object data-wp-bind--hidden=\"!state.hasPdfPreview\" hidden class=\"wp-block-file__embed\" data=\"https:\/\/www.tjba.jus.br\/estrategia\/wp-content\/uploads\/2017\/09\/plano_estrategico_tjba.pdf\" type=\"application\/pdf\" style=\"width:100%;height:600px\" aria-label=\"Incorporado de plano_estrategico_tjba.\"><\/object><a id=\"wp-block-file--media-264c03c5-c467-4699-b701-4c78a056c025\" href=\"https:\/\/www.tjba.jus.br\/estrategia\/wp-content\/uploads\/2017\/09\/plano_estrategico_tjba.pdf\">plano_estrategico_tjba<\/a><a href=\"https:\/\/www.tjba.jus.br\/estrategia\/wp-content\/uploads\/2017\/09\/plano_estrategico_tjba.pdf\" class=\"wp-block-file__button wp-element-button\" download aria-describedby=\"wp-block-file--media-264c03c5-c467-4699-b701-4c78a056c025\">Baixar<\/a><\/div>\n","protected":false},"excerpt":{"rendered":"<p>&nbsp; Plano Estrat\u00e9gico&nbsp;&#8211; Trata-se de um documento institucional que materializa o processo sist\u00eamico que permite \u00e0s organiza\u00e7\u00f5es, dentro de sua miss\u00e3o e com base em seus valores, definirem seus Objetivos de m\u00e9dio e longo prazos em busca dos melhores caminhos a serem seguidos com vistas ao alcance de sua vis\u00e3o de futuro. Vers\u00e3o PDF clique [&hellip;]<\/p>\n","protected":false},"author":2,"featured_media":0,"parent":0,"menu_order":0,"comment_status":"closed","ping_status":"closed","template":"page-modelo-1280px.php","meta":{"footnotes":""},"class_list":["post-1005","page","type-page","status-publish","hentry"],"acf":[],"featured_image_src":null,"_links":{"self":[{"href":"https:\/\/www.tjba.jus.br\/estrategia\/wp-json\/wp\/v2\/pages\/1005","targetHints":{"allow":["GET"]}}],"collection":[{"href":"https:\/\/www.tjba.jus.br\/estrategia\/wp-json\/wp\/v2\/pages"}],"about":[{"href":"https:\/\/www.tjba.jus.br\/estrategia\/wp-json\/wp\/v2\/types\/page"}],"author":[{"embeddable":true,"href":"https:\/\/www.tjba.jus.br\/estrategia\/wp-json\/wp\/v2\/users\/2"}],"replies":[{"embeddable":true,"href":"https:\/\/www.tjba.jus.br\/estrategia\/wp-json\/wp\/v2\/comments?post=1005"}],"version-history":[{"count":52,"href":"https:\/\/www.tjba.jus.br\/estrategia\/wp-json\/wp\/v2\/pages\/1005\/revisions"}],"predecessor-version":[{"id":10006,"href":"https:\/\/www.tjba.jus.br\/estrategia\/wp-json\/wp\/v2\/pages\/1005\/revisions\/10006"}],"wp:attachment":[{"href":"https:\/\/www.tjba.jus.br\/estrategia\/wp-json\/wp\/v2\/media?parent=1005"}],"curies":[{"name":"wp","href":"https:\/\/api.w.org\/{rel}","templated":true}]}}