{"id":10380,"date":"2026-04-07T10:36:06","date_gmt":"2026-04-07T13:36:06","guid":{"rendered":"https:\/\/www.tjba.jus.br\/estrategia\/?page_id=10380"},"modified":"2026-04-13T09:38:13","modified_gmt":"2026-04-13T12:38:13","slug":"projeto-nexus","status":"publish","type":"page","link":"https:\/\/www.tjba.jus.br\/estrategia\/projeto-nexus\/","title":{"rendered":"Projeto Nexus"},"content":{"rendered":"<figure class=\"wp-block-ub-image size-full\" id=\"ub-image-\"><img decoding=\"async\" src=\"https:\/\/www.tjba.jus.br\/estrategia\/wp-content\/uploads\/2026\/04\/Banner-Portal-da-Estrategia_1163-x-200px-scaled.png\" alt=\"\" class=\"wp-image-1\" style=\"object-fit: cover; \"><\/figure>\n\n\n<blockquote class=\"wp-block-quote is-layout-flow wp-block-quote-is-layout-flow\">\n<blockquote class=\"wp-block-quote is-layout-flow wp-block-quote-is-layout-flow\">\n<div style=\"height:17px\" aria-hidden=\"true\" class=\"wp-block-spacer\"><\/div>\n\n\n\n<p class=\"has-medium-font-size\"><strong>Decreto N\u00ba 245\/2026, Art. 2\u00ba. S\u00e3o objetivos do Projeto:<\/strong><\/p>\n\n\n\n<blockquote class=\"wp-block-quote is-layout-flow wp-block-quote-is-layout-flow\">\n<p class=\"has-small-font-size\">I &#8211; integrar as unidades judiciais e administrativas na execu\u00e7\u00e3o das diretrizes institucionais;<\/p>\n\n\n\n<p class=\"has-small-font-size\">II \u2013 fortalecer a governan\u00e7a e o planejamento estrat\u00e9gico do Tribunal;<\/p>\n\n\n\n<p class=\"has-small-font-size\">III \u2013 promover o acompanhamento sistem\u00e1tico das iniciativas estrat\u00e9gicas;<\/p>\n\n\n\n<p class=\"has-small-font-size\">IV \u2013 apoiar a tomada de decis\u00f5es baseada em dados e indicadores estrat\u00e9gicos;<\/p>\n\n\n\n<p class=\"has-small-font-size\">V \u2013 impulsionar o desempenho institucional por meio da articula\u00e7\u00e3o entre estrat\u00e9gia, pessoas e resultados.&nbsp;&nbsp;<\/p>\n<\/blockquote>\n<\/blockquote>\n<\/blockquote>\n\n\n\n<blockquote class=\"wp-block-quote is-layout-flow wp-block-quote-is-layout-flow\">\n<p class=\"has-medium-font-size\"><strong>Decreto N\u00ba 245\/2026, Art. 2\u00ba. Art. 7\u00ba Compete aos(\u00e0s) Coordenadores(as) Executivos(as):<\/strong><\/p>\n\n\n\n<p class=\"has-small-font-size\">I \u2013 atuar como inst\u00e2ncia de articula\u00e7\u00e3o estrat\u00e9gica e operacional entre a Presid\u00eancia e as unidades judiciais e administrativas, assegurando o alinhamento entre as diretrizes institucionais e a execu\u00e7\u00e3o das a\u00e7\u00f5es do Projeto Nexus;<\/p>\n\n\n\n<p class=\"has-small-font-size\">II &#8211; articular a atua\u00e7\u00e3o das unidades judiciais e administrativas, impulsionando o alcance das metas e dos indicadores sob sua supervis\u00e3o;<\/p>\n\n\n\n<p class=\"has-small-font-size\">III &#8211; propor e avaliar iniciativas com impacto no alcance das metas e indicadores institucionais sob sua supervis\u00e3o;<\/p>\n\n\n\n<p class=\"has-small-font-size\">IV &#8211; patrocinar e acompanhar a execu\u00e7\u00e3o das iniciativas vinculadas aos itens sob sua supervis\u00e3o;<\/p>\n\n\n\n<p class=\"has-small-font-size\">V \u2013 consolidar informa\u00e7\u00f5es e resultados relacionados \u00e0s iniciativas acompanhadas, avaliando a sua efetividade;<\/p>\n\n\n\n<p class=\"has-small-font-size\">VI \u2013 solicitar apoio t\u00e9cnico \u00e0 Secretaria de Planejamento e Or\u00e7amento quanto \u00e0 estrat\u00e9gia, \u00e0 an\u00e1lise estat\u00edstica e ao gerenciamento de projetos;<\/p>\n\n\n\n<p class=\"has-small-font-size\">VII &#8211; requisitar \u00e0 Secretaria Judici\u00e1ria suporte institucional para as a\u00e7\u00f5es voltadas ao aprimoramento da estrutura e do desempenho das unidades judiciais;<\/p>\n\n\n\n<p class=\"has-small-font-size\">VIII \u2013 manter atualizadas as ferramentas de gest\u00e3o e monitoramento das a\u00e7\u00f5es sob sua supervis\u00e3o;<\/p>\n\n\n\n<p class=\"has-small-font-size\">IX &#8211; gerir, acompanhar e responder pela implementa\u00e7\u00e3o das a\u00e7\u00f5es sob sua supervis\u00e3o, bem como pela produ\u00e7\u00e3o das evid\u00eancias necess\u00e1rias \u00e0 comprova\u00e7\u00e3o dos resultados.&nbsp;<\/p>\n<\/blockquote>\n\n\n\n<p class=\"has-small-font-size\"><a href=\"https:\/\/www7.tjba.jus.br\/secao\/lerPublicacao.wsp?tmp.mostrarDiv=sim&amp;tmp.id=41828&amp;tmp.secao=9\">Decreto N\u00ba 245, de 17 de mar\u00e7o de 2026 &#8211; Institui o Projeto Nexus<\/a><\/p>\n\n\n\n<p class=\"has-small-font-size\"><a href=\"https:\/\/www7.tjba.jus.br\/secao\/lerPublicacao.wsp?tmp.mostrarDiv=sim&amp;tmp.id=41949&amp;tmp.secao=9\">Decreto N\u00ba 292, de 26 de mar\u00e7o de 2026 &#8211; Composi\u00e7\u00e3o (Coordenadores)<\/a><\/p>\n\n\n\n<div style=\"height:26px\" aria-hidden=\"true\" class=\"wp-block-spacer\"><\/div>\n\n\n\n<p class=\"has-medium-font-size\"><strong>Ferramenta de alimenta\u00e7\u00e3o das atividades (<a href=\"https:\/\/apps.powerapps.com\/play\/e\/default-0c49103e-ecda-4f4a-a4c3-b7baf6c9bd8c\/a\/77c2dadb-408f-408e-8bd8-da547c599e2d?tenantId=0c49103e-ecda-4f4a-a4c3-b7baf6c9bd8c&amp;hint=b5c74e7f-f5ff-49aa-aec9-b79578ea383f&amp;sourcetime=1772133744032\">clique aqui<\/a>)<\/strong><\/p>\n\n\n\n<p class=\"has-medium-font-size\"><strong>Painel de visualiza\u00e7\u00e3o das informa\u00e7\u00f5es (<a href=\"https:\/\/app.powerbi.com\/groups\/me\/apps\/578f46e5-7e8b-494e-882c-258249580312\/reports\/44378a71-e3f4-4284-8395-b92e7f4968da\/1e00a8d50763cd972594?ctid=0c49103e-ecda-4f4a-a4c3-b7baf6c9bd8c&amp;experience=power-bi\">clique aqui<\/a>)<\/strong><\/p>\n\n\n\n<p>D\u00favidas? Encaminhe email para seplan.dpe@tjba.jus.br<\/p>\n\n\n\n<div style=\"height:27px\" aria-hidden=\"true\" class=\"wp-block-spacer\"><\/div>\n\n\n\n<h2 class=\"wp-block-heading has-medium-font-size\"><strong>Orienta\u00e7\u00f5es para alimenta\u00e7\u00e3o de atividades<\/strong><\/h2>\n\n\n\n<figure class=\"wp-block-video\"><video height=\"1080\" style=\"aspect-ratio: 1920 \/ 1080;\" width=\"1920\" controls src=\"https:\/\/www.tjba.jus.br\/estrategia\/wp-content\/uploads\/2026\/04\/Projeto-Nexus.mp4\"><\/video><\/figure>\n\n\n\n<div style=\"height:37px\" aria-hidden=\"true\" class=\"wp-block-spacer\"><\/div>\n","protected":false},"excerpt":{"rendered":"<p>Decreto N\u00ba 245\/2026, Art. 2\u00ba. Art. 7\u00ba Compete aos(\u00e0s) Coordenadores(as) Executivos(as): I \u2013 atuar como inst\u00e2ncia de articula\u00e7\u00e3o estrat\u00e9gica e operacional entre a Presid\u00eancia e as unidades judiciais e administrativas, assegurando o alinhamento entre as diretrizes institucionais e a execu\u00e7\u00e3o das a\u00e7\u00f5es do Projeto Nexus; II &#8211; articular a atua\u00e7\u00e3o das unidades judiciais e administrativas, [&hellip;]<\/p>\n","protected":false},"author":16,"featured_media":10381,"parent":0,"menu_order":0,"comment_status":"closed","ping_status":"closed","template":"page-modelo-1280px.php","meta":{"footnotes":""},"class_list":["post-10380","page","type-page","status-publish","has-post-thumbnail","hentry"],"acf":[],"featured_image_src":"https:\/\/www.tjba.jus.br\/estrategia\/wp-content\/uploads\/2026\/04\/Nexus-scaled.png","_links":{"self":[{"href":"https:\/\/www.tjba.jus.br\/estrategia\/wp-json\/wp\/v2\/pages\/10380","targetHints":{"allow":["GET"]}}],"collection":[{"href":"https:\/\/www.tjba.jus.br\/estrategia\/wp-json\/wp\/v2\/pages"}],"about":[{"href":"https:\/\/www.tjba.jus.br\/estrategia\/wp-json\/wp\/v2\/types\/page"}],"author":[{"embeddable":true,"href":"https:\/\/www.tjba.jus.br\/estrategia\/wp-json\/wp\/v2\/users\/16"}],"replies":[{"embeddable":true,"href":"https:\/\/www.tjba.jus.br\/estrategia\/wp-json\/wp\/v2\/comments?post=10380"}],"version-history":[{"count":26,"href":"https:\/\/www.tjba.jus.br\/estrategia\/wp-json\/wp\/v2\/pages\/10380\/revisions"}],"predecessor-version":[{"id":10471,"href":"https:\/\/www.tjba.jus.br\/estrategia\/wp-json\/wp\/v2\/pages\/10380\/revisions\/10471"}],"wp:featuredmedia":[{"embeddable":true,"href":"https:\/\/www.tjba.jus.br\/estrategia\/wp-json\/wp\/v2\/media\/10381"}],"wp:attachment":[{"href":"https:\/\/www.tjba.jus.br\/estrategia\/wp-json\/wp\/v2\/media?parent=10380"}],"curies":[{"name":"wp","href":"https:\/\/api.w.org\/{rel}","templated":true}]}}