{"id":10528,"date":"2026-04-15T13:20:09","date_gmt":"2026-04-15T16:20:09","guid":{"rendered":"https:\/\/www.tjba.jus.br\/estrategia\/?page_id=10528"},"modified":"2026-04-15T14:13:32","modified_gmt":"2026-04-15T17:13:32","slug":"projeto-tjba-mais-juri","status":"publish","type":"page","link":"https:\/\/www.tjba.jus.br\/estrategia\/projeto-tjba-mais-juri\/","title":{"rendered":"Projeto TJBA Mais J\u00fari"},"content":{"rendered":"\n<div class=\"wp-block-media-text is-stacked-on-mobile\"><figure class=\"wp-block-media-text__media\"><img loading=\"lazy\" decoding=\"async\" width=\"1024\" height=\"722\" src=\"https:\/\/www.tjba.jus.br\/estrategia\/wp-content\/uploads\/2026\/04\/image-1024x722.png\" alt=\"\" class=\"wp-image-10540 size-full\" srcset=\"https:\/\/www.tjba.jus.br\/estrategia\/wp-content\/uploads\/2026\/04\/image-1024x722.png 1024w, https:\/\/www.tjba.jus.br\/estrategia\/wp-content\/uploads\/2026\/04\/image-300x212.png 300w, https:\/\/www.tjba.jus.br\/estrategia\/wp-content\/uploads\/2026\/04\/image-768x541.png 768w, https:\/\/www.tjba.jus.br\/estrategia\/wp-content\/uploads\/2026\/04\/image-1536x1083.png 1536w, https:\/\/www.tjba.jus.br\/estrategia\/wp-content\/uploads\/2026\/04\/image.png 1600w\" sizes=\"auto, (max-width: 1024px) 100vw, 1024px\" \/><\/figure><div class=\"wp-block-media-text__content\">\n<p>O Projeto TJBA Mais J\u00fari, 3\u00aa Edi\u00e7\u00e3o, foi institu\u00eddo pelo <a href=\"https:\/\/www7.tjba.jus.br\/secao\/lerPublicacao.wsp?tmp.mostrarDiv=sim&amp;tmp.id=42043&amp;tmp.secao=9\">Decreto Judici\u00e1rio N\u00ba 353, de 06 de abril de 2026<\/a>, com objetivo acelerar o julgamento de crimes dolosos contra a vida, reduzindo o n\u00famero de processos pendentes e garantindo respostas mais r\u00e1pidas \u00e0 sociedade.<\/p>\n<\/div><\/div>\n\n\n\n<h3 class=\"wp-block-heading\">Objetivos<\/h3>\n\n\n\n<ul class=\"wp-block-list\">\n<li>Aumentar o n\u00famero de sess\u00f5es do Tribunal do J\u00fari<\/li>\n\n\n\n<li>Reduzir o tempo de tramita\u00e7\u00e3o dos processos<\/li>\n\n\n\n<li>Diminuir o acervo de casos pendentes<\/li>\n\n\n\n<li>Fortalecer o primeiro grau de jurisdi\u00e7\u00e3o<\/li>\n<\/ul>\n\n\n\n<h3 class=\"wp-block-heading\">Como funciona<\/h3>\n\n\n\n<p>O projeto mobiliza magistrados e servidores para apoiar unidades judici\u00e1rias com maior demanda, promovendo:<\/p>\n\n\n\n<ul class=\"wp-block-list\">\n<li>Realiza\u00e7\u00e3o de sess\u00f5es plen\u00e1rias do j\u00fari<\/li>\n\n\n\n<li>Cumprimento de atos processuais<\/li>\n\n\n\n<li>Organiza\u00e7\u00e3o de pautas de julgamento<\/li>\n<\/ul>\n\n\n\n<h3 class=\"wp-block-heading\">Benef\u00edcios esperados:<\/h3>\n\n\n\n<ul class=\"wp-block-list\">\n<li>melhoria na gest\u00e3o de dados e fluxo processual;<\/li>\n\n\n\n<li>redu\u00e7\u00e3o do tempo m\u00e9dio de tramita\u00e7\u00e3o;<\/li>\n\n\n\n<li>redu\u00e7\u00e3o de acervo;<\/li>\n\n\n\n<li>consolida\u00e7\u00e3o do Eixo de Enfrentamento \u00e0 Viol\u00eancia Letal &#8211; Responsabiliza\u00e7\u00e3o penal e enfrentamento \u00e0 impunidade. <\/li>\n<\/ul>\n\n\n\n<p>Informa\u00e7\u00f5es Estat\u00edsticas: <a href=\"https:\/\/bi.tjba.jus.br\/sense\/app\/0c328162-9dfe-4b88-9ca6-554edee69abe\">Painel do Mapa Estadual do J\u00fari<\/a> <\/p>\n\n\n\n<p><\/p>\n","protected":false},"excerpt":{"rendered":"<p>O Projeto TJBA Mais J\u00fari, 3\u00aa Edi\u00e7\u00e3o, foi institu\u00eddo pelo Decreto Judici\u00e1rio N\u00ba 353, de 06 de abril de 2026, com objetivo acelerar o julgamento de crimes dolosos contra a vida, reduzindo o n\u00famero de processos pendentes e garantindo respostas mais r\u00e1pidas \u00e0 sociedade. Objetivos Como funciona O projeto mobiliza magistrados e servidores para apoiar [&hellip;]<\/p>\n","protected":false},"author":16,"featured_media":0,"parent":0,"menu_order":0,"comment_status":"closed","ping_status":"closed","template":"page-modelo-1280px.php","meta":{"footnotes":""},"class_list":["post-10528","page","type-page","status-publish","hentry"],"acf":[],"featured_image_src":null,"_links":{"self":[{"href":"https:\/\/www.tjba.jus.br\/estrategia\/wp-json\/wp\/v2\/pages\/10528","targetHints":{"allow":["GET"]}}],"collection":[{"href":"https:\/\/www.tjba.jus.br\/estrategia\/wp-json\/wp\/v2\/pages"}],"about":[{"href":"https:\/\/www.tjba.jus.br\/estrategia\/wp-json\/wp\/v2\/types\/page"}],"author":[{"embeddable":true,"href":"https:\/\/www.tjba.jus.br\/estrategia\/wp-json\/wp\/v2\/users\/16"}],"replies":[{"embeddable":true,"href":"https:\/\/www.tjba.jus.br\/estrategia\/wp-json\/wp\/v2\/comments?post=10528"}],"version-history":[{"count":11,"href":"https:\/\/www.tjba.jus.br\/estrategia\/wp-json\/wp\/v2\/pages\/10528\/revisions"}],"predecessor-version":[{"id":10545,"href":"https:\/\/www.tjba.jus.br\/estrategia\/wp-json\/wp\/v2\/pages\/10528\/revisions\/10545"}],"wp:attachment":[{"href":"https:\/\/www.tjba.jus.br\/estrategia\/wp-json\/wp\/v2\/media?parent=10528"}],"curies":[{"name":"wp","href":"https:\/\/api.w.org\/{rel}","templated":true}]}}