{"id":10555,"date":"2026-04-15T14:29:50","date_gmt":"2026-04-15T17:29:50","guid":{"rendered":"https:\/\/www.tjba.jus.br\/estrategia\/?page_id=10555"},"modified":"2026-04-15T14:33:48","modified_gmt":"2026-04-15T17:33:48","slug":"institucional-2","status":"publish","type":"page","link":"https:\/\/www.tjba.jus.br\/estrategia\/institucional-2\/","title":{"rendered":"Institucional"},"content":{"rendered":"\n<blockquote class=\"wp-block-quote is-layout-flow wp-block-quote-is-layout-flow\">\n<p>O <strong>Portal da Estrat\u00e9gia <\/strong>\u00e9 uma ferramenta de comunica\u00e7\u00e3o desenvolvida pela Secretaria de Estrat\u00e9gia e Projetos (SEP) para promo\u00e7\u00e3o de transpar\u00eancia e divulga\u00e7\u00e3o de informa\u00e7\u00f5es relevantes sobre Planejamento e Projetos Estrat\u00e9gicos, Estat\u00edstica e Fluxos de Processos de Trabalho no \u00e2mbito do Tribunal de Justi\u00e7a do Estado da Bahia. Este espa\u00e7o tamb\u00e9m est\u00e1 dispon\u00edvel a todos os \u00f3rg\u00e3os do TJBA para que publiquem projetos, a\u00e7\u00f5es e outros conte\u00fados associados \u00e0 estrat\u00e9gia institucional.<\/p>\n<\/blockquote>\n\n\n\n<p><em><strong><br>..:: O que faz a SEP? ::..<\/strong><\/em><\/p>\n\n\n\n<p>A Secretaria de Estrat\u00e9gia e Projetos \u00e9 um \u00f3rg\u00e3o de apoio t\u00e9cnico-administrativo que passou a integrar a estrutura administrativa do Poder Judici\u00e1rio do Estado da Bahia, institu\u00edda no contexto da reestrutura\u00e7\u00e3o promovida pela Lei n\u00ba 15.128, de 18 de mar\u00e7o de 2026, a qual alterou a Lei n\u00ba 10.845, de 27 de novembro de 2007.<\/p>\n\n\n\n<p>Nos termos do art. 201, \u00a7 7\u00ba, da Lei n\u00ba 10.845\/2007, com reda\u00e7\u00e3o dada pela Lei n\u00ba 15.128\/2026, compete \u00e0 SEP:<\/p>\n\n\n\n<blockquote class=\"wp-block-quote is-layout-flow wp-block-quote-is-layout-flow\">\n<p style=\"font-size:20px\"><strong>\u201cplanejar, coordenar e acompanhar a execu\u00e7\u00e3o das pol\u00edticas estrat\u00e9gicas do Poder Judici\u00e1rio da Bahia, monitorar indicadores de desempenho e gerir o portf\u00f3lio de projetos institucionais e programas estrat\u00e9gicos estaduais.\u201d<\/strong><\/p>\n<\/blockquote>\n\n\n\n<p>Por sua vez, o Decreto Judici\u00e1rio n\u00ba 259, de 20 de mar\u00e7o de 2026, ao disciplinar a gest\u00e3o das atividades atribu\u00eddas \u00e0s novas Secretarias, estabelece que a \u201cSecretaria de Estrat\u00e9gia e Projetos \u00e9 respons\u00e1vel pela gest\u00e3o da Diretoria de Planejamento Estrat\u00e9gico (DPE), da Diretoria de Projetos e Processos (DPP) e da Assessoria de A\u00e7\u00e3o Social.\u201d<\/p>\n\n\n\n<p>A Diretoria de Projetos e Processos (DPP) corresponde \u00e0 antiga Diretoria de Primeiro Grau, conforme altera\u00e7\u00e3o de denomina\u00e7\u00e3o promovida pelo referido decreto.<\/p>\n\n\n\n<p><\/p>\n","protected":false},"excerpt":{"rendered":"<p>O Portal da Estrat\u00e9gia \u00e9 uma ferramenta de comunica\u00e7\u00e3o desenvolvida pela Secretaria de Estrat\u00e9gia e Projetos (SEP) para promo\u00e7\u00e3o de transpar\u00eancia e divulga\u00e7\u00e3o de informa\u00e7\u00f5es relevantes sobre Planejamento e Projetos Estrat\u00e9gicos, Estat\u00edstica e Fluxos de Processos de Trabalho no \u00e2mbito do Tribunal de Justi\u00e7a do Estado da Bahia. Este espa\u00e7o tamb\u00e9m est\u00e1 dispon\u00edvel a todos [&hellip;]<\/p>\n","protected":false},"author":16,"featured_media":0,"parent":0,"menu_order":0,"comment_status":"closed","ping_status":"closed","template":"page-modelo-1280px.php","meta":{"footnotes":""},"class_list":["post-10555","page","type-page","status-publish","hentry"],"acf":[],"featured_image_src":null,"_links":{"self":[{"href":"https:\/\/www.tjba.jus.br\/estrategia\/wp-json\/wp\/v2\/pages\/10555","targetHints":{"allow":["GET"]}}],"collection":[{"href":"https:\/\/www.tjba.jus.br\/estrategia\/wp-json\/wp\/v2\/pages"}],"about":[{"href":"https:\/\/www.tjba.jus.br\/estrategia\/wp-json\/wp\/v2\/types\/page"}],"author":[{"embeddable":true,"href":"https:\/\/www.tjba.jus.br\/estrategia\/wp-json\/wp\/v2\/users\/16"}],"replies":[{"embeddable":true,"href":"https:\/\/www.tjba.jus.br\/estrategia\/wp-json\/wp\/v2\/comments?post=10555"}],"version-history":[{"count":9,"href":"https:\/\/www.tjba.jus.br\/estrategia\/wp-json\/wp\/v2\/pages\/10555\/revisions"}],"predecessor-version":[{"id":10567,"href":"https:\/\/www.tjba.jus.br\/estrategia\/wp-json\/wp\/v2\/pages\/10555\/revisions\/10567"}],"wp:attachment":[{"href":"https:\/\/www.tjba.jus.br\/estrategia\/wp-json\/wp\/v2\/media?parent=10555"}],"curies":[{"name":"wp","href":"https:\/\/api.w.org\/{rel}","templated":true}]}}