{"id":10621,"date":"2026-04-28T09:20:57","date_gmt":"2026-04-28T12:20:57","guid":{"rendered":"https:\/\/www.tjba.jus.br\/estrategia\/?page_id=10621"},"modified":"2026-04-28T11:00:38","modified_gmt":"2026-04-28T14:00:38","slug":"boas-praticas-gestao-processual","status":"publish","type":"page","link":"https:\/\/www.tjba.jus.br\/estrategia\/boas-praticas-gestao-processual\/","title":{"rendered":"Boas Pr\u00e1ticas &#8211; Gest\u00e3o Processual"},"content":{"rendered":"<div class=\"wp-block-ub-content-toggle wp-block-ub-content-toggle-block\" id=\"ub-content-toggle-block-04624dc4-488b-4e51-9236-518ac42e04b5\" data-mobilecollapse=\"false\" data-desktopcollapse=\"true\" data-preventcollapse=\"false\" data-showonlyone=\"false\">\n<div class=\"wp-block-ub-content-toggle-accordion\" style=\"border-color: #f1f1f1; \" id=\"ub-content-toggle-panel-block-\">\n\t\t\t<div class=\"wp-block-ub-content-toggle-accordion-title-wrap\" style=\"background-color: #f1f1f1;\" aria-controls=\"ub-content-toggle-panel-0-04624dc4-488b-4e51-9236-518ac42e04b5\" tabindex=\"0\">\n\t\t\t<p class=\"wp-block-ub-content-toggle-accordion-title ub-content-toggle-title-04624dc4-488b-4e51-9236-518ac42e04b5\" style=\"color: #000000; \">Projeto Prioridade Legal<\/p>\n\t\t\t<div class=\"wp-block-ub-content-toggle-accordion-toggle-wrap right\" style=\"color: #000000;\"><span class=\"wp-block-ub-content-toggle-accordion-state-indicator wp-block-ub-chevron-down\"><\/span><\/div>\n\t\t<\/div>\n\t\t\t<div role=\"region\" aria-expanded=\"false\" class=\"wp-block-ub-content-toggle-accordion-content-wrap ub-hide\" id=\"ub-content-toggle-panel-0-04624dc4-488b-4e51-9236-518ac42e04b5\">\n\n<p><strong>Nome da iniciativa<\/strong><\/p>\n\n\n\n<p>PROJETO PRIORIDADE LEGAL: Mais celeridade na tramita\u00e7\u00e3o dos processos que envolvem r\u00e9us presos, infantes acolhidos e crimes contra a vida.<\/p>\n\n\n\n<p><strong>Autor<\/strong><\/p>\n\n\n\n<p>Yago Daltro Ferraro Almeida (Juiz de Direito)<\/p>\n\n\n\n<p><strong>Descri\u00e7\u00e3o<\/strong><\/p>\n\n\n\n<p>O projeto \u201cPrioridade Legal\u201d busca imprimir mais celeridade na tramita\u00e7\u00e3o dos processos que envolvem r\u00e9us presos, infantes acolhidos institucionalmente e crimes contra a vida.<\/p>\n\n\n\n<p><strong>Anexos<\/strong><\/p>\n\n\n\n<div data-wp-interactive=\"core\/file\" class=\"wp-block-file\"><object data-wp-bind--hidden=\"!state.hasPdfPreview\" hidden class=\"wp-block-file__embed\" data=\"https:\/\/www.tjba.jus.br\/estrategia\/wp-content\/uploads\/2026\/04\/Projeto-Prioridade-Legal-atualizado-2025.pdf\" type=\"application\/pdf\" style=\"width:100%;height:600px\" aria-label=\"Incorporado de Projeto-Prioridade-Legal-atualizado-2025.\"><\/object><a id=\"wp-block-file--media-ede65d5a-26ef-4616-9b8c-3073d3dfe3bf\" href=\"https:\/\/www.tjba.jus.br\/estrategia\/wp-content\/uploads\/2026\/04\/Projeto-Prioridade-Legal-atualizado-2025.pdf\">Projeto-Prioridade-Legal-atualizado-2025<\/a><a href=\"https:\/\/www.tjba.jus.br\/estrategia\/wp-content\/uploads\/2026\/04\/Projeto-Prioridade-Legal-atualizado-2025.pdf\" class=\"wp-block-file__button wp-element-button\" download aria-describedby=\"wp-block-file--media-ede65d5a-26ef-4616-9b8c-3073d3dfe3bf\">Baixar<\/a><\/div>\n\n<\/div>\n\t\t<\/div>\n<\/div>\n\n\n<p><\/p>\n","protected":false},"excerpt":{"rendered":"","protected":false},"author":16,"featured_media":0,"parent":0,"menu_order":0,"comment_status":"closed","ping_status":"closed","template":"","meta":{"footnotes":""},"class_list":["post-10621","page","type-page","status-publish","hentry"],"acf":[],"featured_image_src":null,"_links":{"self":[{"href":"https:\/\/www.tjba.jus.br\/estrategia\/wp-json\/wp\/v2\/pages\/10621","targetHints":{"allow":["GET"]}}],"collection":[{"href":"https:\/\/www.tjba.jus.br\/estrategia\/wp-json\/wp\/v2\/pages"}],"about":[{"href":"https:\/\/www.tjba.jus.br\/estrategia\/wp-json\/wp\/v2\/types\/page"}],"author":[{"embeddable":true,"href":"https:\/\/www.tjba.jus.br\/estrategia\/wp-json\/wp\/v2\/users\/16"}],"replies":[{"embeddable":true,"href":"https:\/\/www.tjba.jus.br\/estrategia\/wp-json\/wp\/v2\/comments?post=10621"}],"version-history":[{"count":3,"href":"https:\/\/www.tjba.jus.br\/estrategia\/wp-json\/wp\/v2\/pages\/10621\/revisions"}],"predecessor-version":[{"id":10668,"href":"https:\/\/www.tjba.jus.br\/estrategia\/wp-json\/wp\/v2\/pages\/10621\/revisions\/10668"}],"wp:attachment":[{"href":"https:\/\/www.tjba.jus.br\/estrategia\/wp-json\/wp\/v2\/media?parent=10621"}],"curies":[{"name":"wp","href":"https:\/\/api.w.org\/{rel}","templated":true}]}}