{"id":121,"date":"2017-01-26T16:00:46","date_gmt":"2017-01-26T16:00:46","guid":{"rendered":"http:\/\/vespa.tjba.jus.br\/estrategia\/?page_id=121"},"modified":"2021-05-06T15:42:32","modified_gmt":"2021-05-06T18:42:32","slug":"indicadores-e-metas","status":"publish","type":"page","link":"https:\/\/www.tjba.jus.br\/estrategia\/indicadores-e-metas\/","title":{"rendered":"Indicadores e Metas 2015-2020"},"content":{"rendered":"<div style=\"text-align: justify;\">\n<blockquote><p>O planejamento estrat\u00e9gico resulta em planos de a\u00e7\u00e3o que ser\u00e3o executados e constantemente monitorados e verificados com a utiliza\u00e7\u00e3o de <strong>indicadores<\/strong> (medidas de refer\u00eancia).\u00a0Tal ferramenta n\u00e3o s\u00f3 possibilita o acompanhamento da atua\u00e7\u00e3o da organiza\u00e7\u00e3o como tamb\u00e9m,\u00a0sobretudo, subsidia o gestor para a tomada de decis\u00e3o, al\u00e9m de permitir a\u00a0ado\u00e7\u00e3o\u00a0das medidas corretivas necess\u00e1rias para que os macrodesafios sejam alcan\u00e7ados\u00a0com efici\u00eancia e efic\u00e1cia.<\/p><\/blockquote>\n<p>Em\u00a0resposta \u00e0s exig\u00eancias e necessidades da sociedade e visando uma Justi\u00e7a mais \u00e1gil e eficiente, o Poder Judici\u00e1rio vem buscando ampliar seus servi\u00e7os e atua\u00e7\u00e3o. Para tanto, sua gest\u00e3o administrativa e judicial tem passado por uma mudan\u00e7a de paradigmas em que\u00a0conceitos como efici\u00eancia e qualidade ganharam relev\u00e2ncia e pr\u00e1ticas cl\u00e1ssicas do setor privado como\u00a0planejamento, objetivos, metas, resultados e indicadores estat\u00edsticos passaram a fazer parte do cotidiano.<\/p>\n<p>No que diz respeito a indicadores, o <strong>Poder Judici\u00e1rio do Estado da Bahia &#8211; PJBA <\/strong>vem trabalhando para promover a sua revis\u00e3o. Diversos \u00edndices t\u00eam sido levantados e catalogados com o intuito de reorganizar a cesta de indicadores atual e torn\u00e1-la mais condizente \u00e0 estrat\u00e9gia do Tribunal.<\/p>\n<p>Abaixo os Indicadores Estrat\u00e9gicos do PJBA relativos ao sex\u00eanio 2015 &#8211; 2020 em diferentes formatos de visualiza\u00e7\u00e3o. Para todos os Indicadores foi seguida a seguinte escala de cumprimento:<\/p>\n<p><img loading=\"lazy\" decoding=\"async\" class=\"alignnone wp-image-5321\" src=\"http:\/\/www5.tjba.jus.br\/estrategia\/wp-content\/uploads\/2020\/05\/Escala-1.png\" alt=\"\" width=\"410\" height=\"137\" srcset=\"https:\/\/www.tjba.jus.br\/estrategia\/wp-content\/uploads\/2020\/05\/Escala-1.png 932w, https:\/\/www.tjba.jus.br\/estrategia\/wp-content\/uploads\/2020\/05\/Escala-1-300x100.png 300w, https:\/\/www.tjba.jus.br\/estrategia\/wp-content\/uploads\/2020\/05\/Escala-1-768x256.png 768w\" sizes=\"auto, (max-width: 410px) 100vw, 410px\" \/><\/p>\n<p><strong><a href=\"https:\/\/1drv.ms\/x\/s!AsIQXNz-hvzGgT57eE-q05cKBGSZ?e=eVvF0p\" target=\"_blank\" rel=\"noopener noreferrer\">CLIQUE AQUI<\/a><\/strong> para visualizar no Formato de Planilha do <em>One Drive<\/em>. Se preferir, poder\u00e1 baixar ou visualizar numa nova janela, utilize o menu localizado no canto inferior direito para ver todas as op\u00e7\u00f5es!<\/p>\n<p><strong><a href=\"http:\/\/www5.tjba.jus.br\/estrategia\/wp-content\/uploads\/2021\/04\/INDICADORES-ESTRAT\u00c9GICOS-2015-2020.pdf\" target=\"_blank\" rel=\"noopener noreferrer\">CLIQUE AQUI<\/a><\/strong> para visualizar no Formato PDF.<\/p>\n<p>Se preferir, clique na figura abaixo para ver o Indicador.<\/p>\n<p>[slide-anything id=&#8221;3568&#8243;]<\/p>\n<\/div>\n<h1><\/h1>\n<h4 class=\"entry-title\">Indicadores e Metas 2021-2026<\/h4>\n<p>&nbsp;<\/p>\n<p><strong><u>N O T A :<\/u><\/strong><\/p>\n<p style=\"text-align: justify;\">Os\u00a0<strong>Indicadores dos Objetivos Estrat\u00e9gicos, com seus Alvos e Metas Anuais,<\/strong>\u00a0relativos ao\u00a0<strong>Plano Estrat\u00e9gico do Poder Judici\u00e1rio da Bahia (PJBA) para o sex\u00eanio 2021-2026<\/strong>\u00a0institu\u00eddo\u00a0<strong>pela Resolu\u00e7\u00e3o Plen\u00e1ria n\u00ba 03\/2021<\/strong>, em\u00a0<strong>25 de mar\u00e7o de 2021<\/strong>, seguem sendo elaborados e com previs\u00e3o final de publica\u00e7\u00e3o para o dia\u00a0<strong>22 de junho de 2021<\/strong>, conforme definido no normativo em seu\u00a0<strong>Art.15.<\/strong>:<\/p>\n<p style=\"text-align: left;\"><em><strong>Art. 15<\/strong>\u00a0\u2013<\/em>\u00a0<em>O gloss\u00e1rio e as metas dos indicadores estrat\u00e9gicos de desempenho do PJBA, estabelecidos no Anexo II, ser\u00e3o publicados no Portal da Estrat\u00e9gia do PJBA no prazo de\u00a0<strong>90 (noventa) dias ap\u00f3s a publica\u00e7\u00e3o desta Resolu\u00e7\u00e3o<\/strong>.\u00a0<\/em><\/p>\n","protected":false},"excerpt":{"rendered":"<p>O planejamento estrat\u00e9gico resulta em planos de a\u00e7\u00e3o que ser\u00e3o executados e constantemente monitorados e verificados com a utiliza\u00e7\u00e3o de indicadores (medidas de refer\u00eancia).\u00a0Tal ferramenta n\u00e3o s\u00f3 possibilita o acompanhamento da atua\u00e7\u00e3o da organiza\u00e7\u00e3o como tamb\u00e9m,\u00a0sobretudo, subsidia o gestor para a tomada de decis\u00e3o, al\u00e9m de permitir a\u00a0ado\u00e7\u00e3o\u00a0das medidas corretivas necess\u00e1rias para que os macrodesafios [&hellip;]<\/p>\n","protected":false},"author":1,"featured_media":0,"parent":0,"menu_order":15,"comment_status":"closed","ping_status":"closed","template":"","meta":{"footnotes":""},"class_list":["post-121","page","type-page","status-publish","hentry"],"acf":[],"featured_image_src":null,"_links":{"self":[{"href":"https:\/\/www.tjba.jus.br\/estrategia\/wp-json\/wp\/v2\/pages\/121","targetHints":{"allow":["GET"]}}],"collection":[{"href":"https:\/\/www.tjba.jus.br\/estrategia\/wp-json\/wp\/v2\/pages"}],"about":[{"href":"https:\/\/www.tjba.jus.br\/estrategia\/wp-json\/wp\/v2\/types\/page"}],"author":[{"embeddable":true,"href":"https:\/\/www.tjba.jus.br\/estrategia\/wp-json\/wp\/v2\/users\/1"}],"replies":[{"embeddable":true,"href":"https:\/\/www.tjba.jus.br\/estrategia\/wp-json\/wp\/v2\/comments?post=121"}],"version-history":[{"count":39,"href":"https:\/\/www.tjba.jus.br\/estrategia\/wp-json\/wp\/v2\/pages\/121\/revisions"}],"predecessor-version":[{"id":6388,"href":"https:\/\/www.tjba.jus.br\/estrategia\/wp-json\/wp\/v2\/pages\/121\/revisions\/6388"}],"wp:attachment":[{"href":"https:\/\/www.tjba.jus.br\/estrategia\/wp-json\/wp\/v2\/media?parent=121"}],"curies":[{"name":"wp","href":"https:\/\/api.w.org\/{rel}","templated":true}]}}