{"id":138,"date":"2017-01-26T16:11:51","date_gmt":"2017-01-26T16:11:51","guid":{"rendered":"http:\/\/vespa.tjba.jus.br\/estrategia\/?page_id=138"},"modified":"2018-09-25T16:49:20","modified_gmt":"2018-09-25T16:49:20","slug":"justica-em-numeros-2016","status":"publish","type":"page","link":"https:\/\/www.tjba.jus.br\/estrategia\/justica-em-numeros-2016\/","title":{"rendered":"Justi\u00e7a em N\u00fameros 2016"},"content":{"rendered":"<div style=\"text-align: justify;\">\n<blockquote><p>O relat\u00f3rio <strong>Justi\u00e7a em N\u00fameros\u00a0<\/strong>divulga, dede 2004, a realidade dos tribunais, configurando-se como principal fonte de estat\u00edsticas oficiais do Poder Judici\u00e1rio, bem como ferramenta essencial para subsidiar a Gest\u00e3o Judici\u00e1ria brasileira.<\/p><\/blockquote>\n<p><strong>Justi\u00e7a em N\u00fameros 2016 <\/strong><br \/>\n<strong>Justi\u00e7a Estadual &#8211;\u00a0<\/strong><strong>BAHIA<\/strong><\/p>\n<p>[embeddoc url=&#8221;http:\/\/www5.tjba.jus.br\/estrategia\/wp-content\/uploads\/2017\/01\/JN2016-Infograficos-07_10_2016.pdf&#8221; ]<\/p>\n<p>&nbsp;<\/p>\n<p><a href=\"http:\/\/www.cnj.jus.br\/files\/conteudo\/arquivo\/2016\/10\/50af097ee373472788dd6c94036e22ab.pdf\" target=\"_blank\" rel=\"noopener\">Ver documento completo.<\/a><\/p>\n<p>&nbsp;<\/p>\n<p>&nbsp;\n<\/p><\/div>\n","protected":false},"excerpt":{"rendered":"<p>O relat\u00f3rio Justi\u00e7a em N\u00fameros\u00a0divulga, dede 2004, a realidade dos tribunais, configurando-se como principal fonte de estat\u00edsticas oficiais do Poder Judici\u00e1rio, bem como ferramenta essencial para subsidiar a Gest\u00e3o Judici\u00e1ria brasileira. Justi\u00e7a em N\u00fameros 2016 Justi\u00e7a Estadual &#8211;\u00a0BAHIA [embeddoc url=&#8221;http:\/\/www5.tjba.jus.br\/estrategia\/wp-content\/uploads\/2017\/01\/JN2016-Infograficos-07_10_2016.pdf&#8221; ] &nbsp; Ver documento completo. &nbsp; &nbsp;<\/p>\n","protected":false},"author":1,"featured_media":0,"parent":0,"menu_order":13,"comment_status":"closed","ping_status":"closed","template":"","meta":{"footnotes":""},"class_list":["post-138","page","type-page","status-publish","hentry"],"acf":[],"featured_image_src":null,"_links":{"self":[{"href":"https:\/\/www.tjba.jus.br\/estrategia\/wp-json\/wp\/v2\/pages\/138","targetHints":{"allow":["GET"]}}],"collection":[{"href":"https:\/\/www.tjba.jus.br\/estrategia\/wp-json\/wp\/v2\/pages"}],"about":[{"href":"https:\/\/www.tjba.jus.br\/estrategia\/wp-json\/wp\/v2\/types\/page"}],"author":[{"embeddable":true,"href":"https:\/\/www.tjba.jus.br\/estrategia\/wp-json\/wp\/v2\/users\/1"}],"replies":[{"embeddable":true,"href":"https:\/\/www.tjba.jus.br\/estrategia\/wp-json\/wp\/v2\/comments?post=138"}],"version-history":[{"count":11,"href":"https:\/\/www.tjba.jus.br\/estrategia\/wp-json\/wp\/v2\/pages\/138\/revisions"}],"predecessor-version":[{"id":3947,"href":"https:\/\/www.tjba.jus.br\/estrategia\/wp-json\/wp\/v2\/pages\/138\/revisions\/3947"}],"wp:attachment":[{"href":"https:\/\/www.tjba.jus.br\/estrategia\/wp-json\/wp\/v2\/media?parent=138"}],"curies":[{"name":"wp","href":"https:\/\/api.w.org\/{rel}","templated":true}]}}