{"id":1609,"date":"2017-03-16T13:44:30","date_gmt":"2017-03-16T13:44:30","guid":{"rendered":"http:\/\/vespa.tjba.jus.br\/estrategia\/?page_id=1609"},"modified":"2020-11-05T16:49:41","modified_gmt":"2020-11-05T18:49:41","slug":"entendendo-o-justica-em-numeros","status":"publish","type":"page","link":"https:\/\/www.tjba.jus.br\/estrategia\/entendendo-o-justica-em-numeros\/","title":{"rendered":"Entendendo o Justi\u00e7a em N\u00fameros"},"content":{"rendered":"<div style=\"text-align: justify;\">\n<blockquote><p>O relat\u00f3rio <strong>Justi\u00e7a em N\u00fameros\u00a0<\/strong>divulga, desde 2004, a realidade dos tribunais, configurando-se como principal fonte de estat\u00edsticas oficiais do Poder Judici\u00e1rio, bem como ferramenta essencial para subsidiar a Gest\u00e3o Judici\u00e1ria brasileira.<\/p><\/blockquote>\n<p>&nbsp;<\/p>\n<p><strong>Vers\u00e3o PDF<\/strong> <a href=\"http:\/\/www5.tjba.jus.br\/estrategia\/wp-content\/uploads\/2017\/03\/entendendo-o-justica-em-numeros.pdf\" target=\"_blank\" rel=\"noopener noreferrer\">clique aqui<\/a><\/p>\n<p>[embeddoc url=&#8221;http:\/\/www5.tjba.jus.br\/estrategia\/wp-content\/uploads\/2017\/03\/entendendo-o-justica-em-numeros.pdf&#8221; download=&#8221;all&#8221; viewer=&#8221;google&#8221;]<\/p>\n<p>&nbsp;<\/p>\n<\/div>\n","protected":false},"excerpt":{"rendered":"<p>O relat\u00f3rio Justi\u00e7a em N\u00fameros\u00a0divulga, desde 2004, a realidade dos tribunais, configurando-se como principal fonte de estat\u00edsticas oficiais do Poder Judici\u00e1rio, bem como ferramenta essencial para subsidiar a Gest\u00e3o Judici\u00e1ria brasileira. &nbsp; Vers\u00e3o PDF clique aqui [embeddoc url=&#8221;http:\/\/www5.tjba.jus.br\/estrategia\/wp-content\/uploads\/2017\/03\/entendendo-o-justica-em-numeros.pdf&#8221; download=&#8221;all&#8221; viewer=&#8221;google&#8221;] &nbsp;<\/p>\n","protected":false},"author":2,"featured_media":0,"parent":0,"menu_order":0,"comment_status":"closed","ping_status":"closed","template":"","meta":{"footnotes":""},"class_list":["post-1609","page","type-page","status-publish","hentry"],"acf":[],"featured_image_src":null,"_links":{"self":[{"href":"https:\/\/www.tjba.jus.br\/estrategia\/wp-json\/wp\/v2\/pages\/1609","targetHints":{"allow":["GET"]}}],"collection":[{"href":"https:\/\/www.tjba.jus.br\/estrategia\/wp-json\/wp\/v2\/pages"}],"about":[{"href":"https:\/\/www.tjba.jus.br\/estrategia\/wp-json\/wp\/v2\/types\/page"}],"author":[{"embeddable":true,"href":"https:\/\/www.tjba.jus.br\/estrategia\/wp-json\/wp\/v2\/users\/2"}],"replies":[{"embeddable":true,"href":"https:\/\/www.tjba.jus.br\/estrategia\/wp-json\/wp\/v2\/comments?post=1609"}],"version-history":[{"count":14,"href":"https:\/\/www.tjba.jus.br\/estrategia\/wp-json\/wp\/v2\/pages\/1609\/revisions"}],"predecessor-version":[{"id":5859,"href":"https:\/\/www.tjba.jus.br\/estrategia\/wp-json\/wp\/v2\/pages\/1609\/revisions\/5859"}],"wp:attachment":[{"href":"https:\/\/www.tjba.jus.br\/estrategia\/wp-json\/wp\/v2\/media?parent=1609"}],"curies":[{"name":"wp","href":"https:\/\/api.w.org\/{rel}","templated":true}]}}