{"id":166,"date":"2017-01-26T16:18:09","date_gmt":"2017-01-26T16:18:09","guid":{"rendered":"http:\/\/vespa.tjba.jus.br\/estrategia\/?page_id=166"},"modified":"2020-02-19T14:34:47","modified_gmt":"2020-02-19T17:34:47","slug":"ldo","status":"publish","type":"page","link":"https:\/\/www.tjba.jus.br\/estrategia\/ldo\/","title":{"rendered":"LDO 2019"},"content":{"rendered":"<div style=\"text-align: justify;\">\n<blockquote><p>A <strong>Lei de Diretrizes Or\u00e7ament\u00e1rias<\/strong> seleciona os programas previstos no Plano Plurianual (PPA) que receber\u00e3o dota\u00e7\u00f5es or\u00e7ament\u00e1rias na Lei Or\u00e7ament\u00e1ria Anual (LOA). \u00c9, portanto, um instrumento de orienta\u00e7\u00e3o para elabora\u00e7\u00e3o desta. As diretrizes or\u00e7ament\u00e1rias dispostas na LDO representam uma ponte entre o PPA e a LOA.<\/p><\/blockquote>\n<hr \/>\n<p><strong>LEI N\u00ba 13.973 DE 12 DE JULHO DE 2018<\/strong><br \/>\nDisp\u00f5e sobre as diretrizes or\u00e7ament\u00e1rias para o exerc\u00edcio de<br \/>\n2019, e d\u00e1 outras provid\u00eancias.<\/p>\n<\/div>\n<p>&nbsp;<\/p>\n<div style=\"text-align: justify;\">\n<p>Art. 1\u00ba &#8211; Ficam estabelecidas as diretrizes or\u00e7ament\u00e1rias do Estado para o\u00a0exerc\u00edcio de 2019, em conformidade com o disposto na Constitui\u00e7\u00e3o Federal, na Constitui\u00e7\u00e3o\u00a0Estadual e na Lei Complementar Federal n\u00ba 101, de 04 de maio de 2000, Lei de\u00a0Responsabilidade Fiscal, compreendendo:<br \/>\nI &#8211; as metas fiscais e as prioridades da Administra\u00e7\u00e3o P\u00fablica Estadual;<\/p>\n<p>II &#8211; a estrutura e a organiza\u00e7\u00e3o dos or\u00e7amentos;<\/p>\n<p>III &#8211; as diretrizes para elabora\u00e7\u00e3o e execu\u00e7\u00e3o dos or\u00e7amentos do Estado e suas<br \/>\naltera\u00e7\u00f5es;<\/p>\n<p>IV &#8211; as disposi\u00e7\u00f5es referentes \u00e0s transfer\u00eancias volunt\u00e1rias aos munic\u00edpios e ao<br \/>\nsetor privado;<\/p>\n<p>V &#8211; as disposi\u00e7\u00f5es relativas \u00e0 pol\u00edtica e \u00e0 despesa de pessoal do Estado;<\/p>\n<p>VI &#8211; as disposi\u00e7\u00f5es sobre altera\u00e7\u00f5es na legisla\u00e7\u00e3o tribut\u00e1ria estadual e medidas<br \/>\npara incremento da receita;<\/p>\n<p>VII &#8211; a pol\u00edtica de aplica\u00e7\u00e3o de recursos da ag\u00eancia financeira estadual de<br \/>\nfomento;<\/p>\n<p>VIII &#8211; as disposi\u00e7\u00f5es finais.<\/p>\n<p>&#8230;<\/p>\n<p><a href=\"http:\/\/www5.tjba.jus.br\/estrategia\/wp-content\/uploads\/2019\/02\/LDO-2019.pdf\" target=\"_blank\" rel=\"noopener noreferrer\">Ver documento completo<\/a>.<\/p>\n<\/div>\n","protected":false},"excerpt":{"rendered":"<p>A Lei de Diretrizes Or\u00e7ament\u00e1rias seleciona os programas previstos no Plano Plurianual (PPA) que receber\u00e3o dota\u00e7\u00f5es or\u00e7ament\u00e1rias na Lei Or\u00e7ament\u00e1ria Anual (LOA). \u00c9, portanto, um instrumento de orienta\u00e7\u00e3o para elabora\u00e7\u00e3o desta. As diretrizes or\u00e7ament\u00e1rias dispostas na LDO representam uma ponte entre o PPA e a LOA. LEI N\u00ba 13.973 DE 12 DE JULHO DE 2018 [&hellip;]<\/p>\n","protected":false},"author":1,"featured_media":0,"parent":0,"menu_order":18,"comment_status":"closed","ping_status":"closed","template":"","meta":{"footnotes":""},"class_list":["post-166","page","type-page","status-publish","hentry"],"acf":[],"featured_image_src":null,"_links":{"self":[{"href":"https:\/\/www.tjba.jus.br\/estrategia\/wp-json\/wp\/v2\/pages\/166","targetHints":{"allow":["GET"]}}],"collection":[{"href":"https:\/\/www.tjba.jus.br\/estrategia\/wp-json\/wp\/v2\/pages"}],"about":[{"href":"https:\/\/www.tjba.jus.br\/estrategia\/wp-json\/wp\/v2\/types\/page"}],"author":[{"embeddable":true,"href":"https:\/\/www.tjba.jus.br\/estrategia\/wp-json\/wp\/v2\/users\/1"}],"replies":[{"embeddable":true,"href":"https:\/\/www.tjba.jus.br\/estrategia\/wp-json\/wp\/v2\/comments?post=166"}],"version-history":[{"count":31,"href":"https:\/\/www.tjba.jus.br\/estrategia\/wp-json\/wp\/v2\/pages\/166\/revisions"}],"predecessor-version":[{"id":4555,"href":"https:\/\/www.tjba.jus.br\/estrategia\/wp-json\/wp\/v2\/pages\/166\/revisions\/4555"}],"wp:attachment":[{"href":"https:\/\/www.tjba.jus.br\/estrategia\/wp-json\/wp\/v2\/media?parent=166"}],"curies":[{"name":"wp","href":"https:\/\/api.w.org\/{rel}","templated":true}]}}