{"id":180,"date":"2017-01-26T16:24:52","date_gmt":"2017-01-26T16:24:52","guid":{"rendered":"http:\/\/vespa.tjba.jus.br\/estrategia\/?page_id=180"},"modified":"2022-04-27T18:43:41","modified_gmt":"2022-04-27T21:43:41","slug":"loa","status":"publish","type":"page","link":"https:\/\/www.tjba.jus.br\/estrategia\/loa\/","title":{"rendered":"LOA 2019"},"content":{"rendered":"<div style=\"text-align: justify;\">\n<blockquote><p>A <strong>Lei Or\u00e7ament\u00e1ria Anual<\/strong> operacionaliza, no curto prazo, os programas previstos no Plano Plurianual (PPA) que foram priorizados na Lei de Diretrizes Or\u00e7ament\u00e1rias (LDO). A LOA cont\u00e9m receitas previstas, despesas autorizadas e metas que dever\u00e3o ser atingidas durante o exerc\u00edcio financeiro (dura\u00e7\u00e3o de um ano).<\/p><\/blockquote>\n<hr \/>\n<p><strong>PLOA<\/strong> <a href=\"http:\/\/www5.tjba.jus.br\/estrategia\/wp-content\/uploads\/2022\/04\/27.09.2018-Proposta-Or\u00e7ament\u00e1ria-TJBA-2019-ploa-2019.pdf\" target=\"_blank\" rel=\"noopener noreferrer\">clique aqui<\/a><\/p>\n<\/div>\n<p>&nbsp;<\/p>\n<p><strong>LOA<\/strong> <a href=\"http:\/\/www5.tjba.jus.br\/estrategia\/wp-content\/uploads\/2022\/04\/09.01.2019-Lei-Or\u00e7ament\u00e1ria-Anual-TJBA-2019.pdf\" target=\"_blank\" rel=\"noopener noreferrer\">clique aqui<\/a><\/p>\n<p>&nbsp;<\/p>\n<p><strong>MAPA DEMONSTRATIVO DA EXECU\u00c7\u00c3O OR\u00c7AMENT\u00c1RIA POR GRAU DE JURISDI\u00c7\u00c3O<\/strong> <a href=\"http:\/\/www5.tjba.jus.br\/estrategia\/wp-content\/uploads\/2022\/04\/RES.195-MDEO-2019_1-04022020.pdf\" target=\"_blank\" rel=\"noopener noreferrer\">clique aqui<\/a><\/p>\n<p>&nbsp;<\/p>\n<p><strong>Vers\u00e3o PDF<\/strong> <a href=\"http:\/\/www5.tjba.jus.br\/estrategia\/wp-content\/uploads\/2019\/02\/LOA-2019.pdf\" target=\"_blank\" rel=\"noopener noreferrer\">clique aqui<\/a><\/p>\n<p>[embeddoc url=&#8221;http:\/\/www5.tjba.jus.br\/estrategia\/wp-content\/uploads\/2019\/02\/LOA-2019.pdf&#8221; download=&#8221;all&#8221; viewer=&#8221;google&#8221;]<\/p>\n<p>&nbsp;<\/p>\n","protected":false},"excerpt":{"rendered":"<p>A Lei Or\u00e7ament\u00e1ria Anual operacionaliza, no curto prazo, os programas previstos no Plano Plurianual (PPA) que foram priorizados na Lei de Diretrizes Or\u00e7ament\u00e1rias (LDO). A LOA cont\u00e9m receitas previstas, despesas autorizadas e metas que dever\u00e3o ser atingidas durante o exerc\u00edcio financeiro (dura\u00e7\u00e3o de um ano). PLOA clique aqui &nbsp; LOA clique aqui &nbsp; MAPA DEMONSTRATIVO [&hellip;]<\/p>\n","protected":false},"author":1,"featured_media":0,"parent":0,"menu_order":19,"comment_status":"closed","ping_status":"closed","template":"","meta":{"footnotes":""},"class_list":["post-180","page","type-page","status-publish","hentry"],"acf":[],"featured_image_src":null,"_links":{"self":[{"href":"https:\/\/www.tjba.jus.br\/estrategia\/wp-json\/wp\/v2\/pages\/180","targetHints":{"allow":["GET"]}}],"collection":[{"href":"https:\/\/www.tjba.jus.br\/estrategia\/wp-json\/wp\/v2\/pages"}],"about":[{"href":"https:\/\/www.tjba.jus.br\/estrategia\/wp-json\/wp\/v2\/types\/page"}],"author":[{"embeddable":true,"href":"https:\/\/www.tjba.jus.br\/estrategia\/wp-json\/wp\/v2\/users\/1"}],"replies":[{"embeddable":true,"href":"https:\/\/www.tjba.jus.br\/estrategia\/wp-json\/wp\/v2\/comments?post=180"}],"version-history":[{"count":21,"href":"https:\/\/www.tjba.jus.br\/estrategia\/wp-json\/wp\/v2\/pages\/180\/revisions"}],"predecessor-version":[{"id":7000,"href":"https:\/\/www.tjba.jus.br\/estrategia\/wp-json\/wp\/v2\/pages\/180\/revisions\/7000"}],"wp:attachment":[{"href":"https:\/\/www.tjba.jus.br\/estrategia\/wp-json\/wp\/v2\/media?parent=180"}],"curies":[{"name":"wp","href":"https:\/\/api.w.org\/{rel}","templated":true}]}}