{"id":1951,"date":"2017-03-30T13:51:22","date_gmt":"2017-03-30T13:51:22","guid":{"rendered":"http:\/\/www5.tjba.jus.br\/estrategia\/?page_id=1951"},"modified":"2017-04-17T12:05:11","modified_gmt":"2017-04-17T12:05:11","slug":"ranking-unidades-2016","status":"publish","type":"page","link":"https:\/\/www.tjba.jus.br\/estrategia\/ranking-unidades-2016\/","title":{"rendered":"Ranking Unidades 2016"},"content":{"rendered":"<blockquote><p>Com o objetivo de estimular de forma ampla o desempenho do Tribunal de Justi\u00e7a do Estado da Bahia, no tocante \u00e0s regras estabelecidas pelo CNJ mediante o Justi\u00e7a em N\u00fameros, este Ranking visa a demonstrar o atual status de cada unidade judici\u00e1ria de Primeiro Grau, especificamente quanto \u00e0 quantidade de\u00a0senten\u00e7as e de\u00a0baixas processuais.<\/p><\/blockquote>\n<hr \/>\n<p>Intentando equalizar as diferen\u00e7as entre as unidades, tanto pelo pr\u00f3prio rito processual quanto por sua estrutura, foram aplicados os seguintes crit\u00e9rios:<\/p>\n<p><strong>a)<\/strong> Divis\u00e3o das unidades em compet\u00eancias (C\u00edvel &#8211; Criminal &#8211; Fam\u00edlia &#8211; Fazenda P\u00fablica &#8211; Juizados Especiais);<br \/>\n<strong>b)<\/strong> Dentro de cada uma das compet\u00eancias,\u00a0as unidades foram separadas\u00a0de acordo com o\u00a0porte, tomando-se como base de c\u00e1lculo o n\u00famero de casos novos recebidos em 2016, separados a partir do conjunto de observa\u00e7\u00f5es ordenado em ordem crescente, contendo grupos\u00a0de, no m\u00ednimo,\u00a026 unidades (quantidade geral da compet\u00eancia que possui a menor quantidade de varas &#8211; Fam\u00edlia);<br \/>\n<strong>c)<\/strong> Quanto \u00e0 classifica\u00e7\u00e3o por processos baixados, foram considerados n\u00fameros absolutos extra\u00eddos diretamente dos sistemas judici\u00e1rios;<br \/>\n<strong>d)<\/strong> Quanto \u00e0 classifica\u00e7\u00e3o por senten\u00e7a, tamb\u00e9m foram considerados n\u00fameros absolutos extra\u00eddos diretamente dos sistemas judici\u00e1rios;<br \/>\n<strong>e)<\/strong> Quanto \u00e0 pontua\u00e7\u00e3o geral, foi levado em considera\u00e7\u00e3o o conjunto da produtividade de\u00a0senten\u00e7as e de\u00a0processos baixados, aplicando-se a m\u00e9dia ponderada com peso 60 para as baixas, e peso 40 para as senten\u00e7as, visando\u00a0a\u00a0estimular o principal crit\u00e9rio exigido pelo Justi\u00e7a em N\u00fameros, do CNJ.<\/p>\n<p>&nbsp;<\/p>\n<p><strong><em><i>IMPORTANTE: <\/i><\/em><\/strong><em><i>Como forma de atender ao Modelo Nacional de Interoperabilidade &#8211; MNI, de acordo com o termo de coopera\u00e7\u00e3o t\u00e9cnica n\u00ba 58\/2009, celebrado entre os \u00f3rg\u00e3os superiores de justi\u00e7a, todas as informa\u00e7\u00f5es foram extra\u00eddas diretamente da base de dados dos sistemas judiciais (PJE &#8211; SAJ &#8211; PROJUDI &#8211; SAIPRO), utilizando como parametriza\u00e7\u00e3o as vari\u00e1veis, gloss\u00e1rios e entendimentos constantes da resolu\u00e7\u00e3o n\u00ba 76 do CNJ.<\/i><\/em><\/p>\n<p>Acesse <a href=\"http:\/\/www5.tjba.jus.br\/estrategia\/wp-content\/uploads\/2017\/03\/glossario.pdf\" target=\"_blank\">aqui<\/a> a\u00a0<strong>Parametriza\u00e7\u00e3o das Vari\u00e1veis dos Justi\u00e7a em N\u00fameros<\/strong> (Anexo I e II).<\/p>\n<p>&nbsp;<\/p>\n<p><strong>..:: Clique e confira o Ranking ::..<\/strong><\/p>\n<p><a href=\"http:\/\/www5.tjba.jus.br\/estrategia\/index.php\/ranking-unidades-2016-civel\/\" target=\"_blank\"><img loading=\"lazy\" decoding=\"async\" class=\"alignleft wp-image-1967\" src=\"http:\/\/www5.tjba.jus.br\/estrategia\/wp-content\/uploads\/2017\/03\/icon-acesso-premio-civel-300x213.png\" alt=\"\" width=\"230\" height=\"163\" srcset=\"https:\/\/www.tjba.jus.br\/estrategia\/wp-content\/uploads\/2017\/03\/icon-acesso-premio-civel-300x213.png 300w, https:\/\/www.tjba.jus.br\/estrategia\/wp-content\/uploads\/2017\/03\/icon-acesso-premio-civel.png 352w\" sizes=\"auto, (max-width: 230px) 100vw, 230px\" \/><\/a> <a href=\"http:\/\/www5.tjba.jus.br\/estrategia\/index.php\/ranking-unidades-2016-criminal\/\" target=\"_blank\"><img loading=\"lazy\" decoding=\"async\" class=\"alignleft wp-image-1968\" src=\"http:\/\/www5.tjba.jus.br\/estrategia\/wp-content\/uploads\/2017\/03\/icon-acesso-premio-criminal-300x213.png\" alt=\"\" width=\"230\" height=\"163\" srcset=\"https:\/\/www.tjba.jus.br\/estrategia\/wp-content\/uploads\/2017\/03\/icon-acesso-premio-criminal-300x213.png 300w, https:\/\/www.tjba.jus.br\/estrategia\/wp-content\/uploads\/2017\/03\/icon-acesso-premio-criminal.png 352w\" sizes=\"auto, (max-width: 230px) 100vw, 230px\" \/><\/a> <a href=\"http:\/\/www5.tjba.jus.br\/estrategia\/index.php\/ranking-unidades-2016-familia\/\" target=\"_blank\"><img loading=\"lazy\" decoding=\"async\" class=\"alignleft wp-image-1969\" src=\"http:\/\/www5.tjba.jus.br\/estrategia\/wp-content\/uploads\/2017\/03\/icon-acesso-premio-familia-300x213.png\" alt=\"\" width=\"230\" height=\"163\" srcset=\"https:\/\/www.tjba.jus.br\/estrategia\/wp-content\/uploads\/2017\/03\/icon-acesso-premio-familia-300x213.png 300w, https:\/\/www.tjba.jus.br\/estrategia\/wp-content\/uploads\/2017\/03\/icon-acesso-premio-familia.png 352w\" sizes=\"auto, (max-width: 230px) 100vw, 230px\" \/><\/a> <a href=\"http:\/\/www5.tjba.jus.br\/estrategia\/index.php\/ranking-unidades-2016-fazenda-publica\/\" target=\"_blank\"><img loading=\"lazy\" decoding=\"async\" class=\"alignleft wp-image-1970\" src=\"http:\/\/www5.tjba.jus.br\/estrategia\/wp-content\/uploads\/2017\/03\/icon-acesso-premio-fazenda-p\u00fablica-300x213.png\" alt=\"\" width=\"230\" height=\"163\" srcset=\"https:\/\/www.tjba.jus.br\/estrategia\/wp-content\/uploads\/2017\/03\/icon-acesso-premio-fazenda-p\u00fablica-300x213.png 300w, https:\/\/www.tjba.jus.br\/estrategia\/wp-content\/uploads\/2017\/03\/icon-acesso-premio-fazenda-p\u00fablica.png 352w\" sizes=\"auto, (max-width: 230px) 100vw, 230px\" \/><\/a> <a href=\"http:\/\/www5.tjba.jus.br\/estrategia\/index.php\/ranking-unidades-2016-juizado-especial\/\" target=\"_blank\"><img loading=\"lazy\" decoding=\"async\" class=\"alignleft wp-image-1971\" src=\"http:\/\/www5.tjba.jus.br\/estrategia\/wp-content\/uploads\/2017\/03\/icon-acesso-premio-juizado-especial-300x213.png\" alt=\"\" width=\"230\" height=\"163\" srcset=\"https:\/\/www.tjba.jus.br\/estrategia\/wp-content\/uploads\/2017\/03\/icon-acesso-premio-juizado-especial-300x213.png 300w, https:\/\/www.tjba.jus.br\/estrategia\/wp-content\/uploads\/2017\/03\/icon-acesso-premio-juizado-especial.png 352w\" sizes=\"auto, (max-width: 230px) 100vw, 230px\" \/><\/a><\/p>\n<p>&nbsp;<\/p>\n<p>&nbsp;<\/p>\n<p>&nbsp;<\/p>\n<p>&nbsp;<\/p>\n<p>&nbsp;<\/p>\n<p>&nbsp;<\/p>\n<p>&nbsp;<\/p>\n<p>&nbsp;<\/p>\n<p>&nbsp;<\/p>\n","protected":false},"excerpt":{"rendered":"<p>Com o objetivo de estimular de forma ampla o desempenho do Tribunal de Justi\u00e7a do Estado da Bahia, no tocante \u00e0s regras estabelecidas pelo CNJ mediante o Justi\u00e7a em N\u00fameros, este Ranking visa a demonstrar o atual status de cada unidade judici\u00e1ria de Primeiro Grau, especificamente quanto \u00e0 quantidade de\u00a0senten\u00e7as e de\u00a0baixas processuais. Intentando equalizar [&hellip;]<\/p>\n","protected":false},"author":2,"featured_media":0,"parent":0,"menu_order":0,"comment_status":"closed","ping_status":"closed","template":"","meta":{"footnotes":""},"class_list":["post-1951","page","type-page","status-publish","hentry"],"acf":[],"featured_image_src":null,"_links":{"self":[{"href":"https:\/\/www.tjba.jus.br\/estrategia\/wp-json\/wp\/v2\/pages\/1951","targetHints":{"allow":["GET"]}}],"collection":[{"href":"https:\/\/www.tjba.jus.br\/estrategia\/wp-json\/wp\/v2\/pages"}],"about":[{"href":"https:\/\/www.tjba.jus.br\/estrategia\/wp-json\/wp\/v2\/types\/page"}],"author":[{"embeddable":true,"href":"https:\/\/www.tjba.jus.br\/estrategia\/wp-json\/wp\/v2\/users\/2"}],"replies":[{"embeddable":true,"href":"https:\/\/www.tjba.jus.br\/estrategia\/wp-json\/wp\/v2\/comments?post=1951"}],"version-history":[{"count":21,"href":"https:\/\/www.tjba.jus.br\/estrategia\/wp-json\/wp\/v2\/pages\/1951\/revisions"}],"predecessor-version":[{"id":1956,"href":"https:\/\/www.tjba.jus.br\/estrategia\/wp-json\/wp\/v2\/pages\/1951\/revisions\/1956"}],"wp:attachment":[{"href":"https:\/\/www.tjba.jus.br\/estrategia\/wp-json\/wp\/v2\/media?parent=1951"}],"curies":[{"name":"wp","href":"https:\/\/api.w.org\/{rel}","templated":true}]}}