{"id":1999,"date":"2017-03-30T16:09:03","date_gmt":"2017-03-30T16:09:03","guid":{"rendered":"http:\/\/www5.tjba.jus.br\/estrategia\/?page_id=1999"},"modified":"2017-08-09T17:17:02","modified_gmt":"2017-08-09T17:17:02","slug":"reuniao-de-analise-da-estrategia-rae-28032017","status":"publish","type":"page","link":"https:\/\/www.tjba.jus.br\/estrategia\/reuniao-de-analise-da-estrategia-rae\/reuniao-de-analise-da-estrategia-rae-28032017\/","title":{"rendered":"Reuni\u00e3o de An\u00e1lise da Estrat\u00e9gia &#8211; RAE (28\/03\/2017)"},"content":{"rendered":"<p><strong>Acesse <a href=\"http:\/\/www5.tjba.jus.br\/estrategia\/wp-content\/uploads\/2017\/08\/Ata-de-Reuni\u00e3o-RAE-2017_03_28.pdf\" target=\"_blank\" rel=\"noopener\">aqui<\/a> a ata da I RAE.<\/strong><\/p>\n<p>&nbsp;<\/p>\n<p style=\"text-align: left;\"><strong>..:: Transmiss\u00e3o ::..<\/strong><\/p>\n<p style=\"text-align: left; padding-left: 60px;\"><iframe loading=\"lazy\" src=\"https:\/\/www.youtube.com\/embed\/zaTtwhSnmTo\" width=\"560\" height=\"315\" frameborder=\"0\" allowfullscreen=\"allowfullscreen\"><\/iframe><\/p>\n<p>&nbsp;<\/p>\n<p><strong>..:: Apresenta\u00e7\u00e3o ::..<\/strong><\/p>\n<p style=\"padding-left: 60px;\"><iframe loading=\"lazy\" src=\"https:\/\/app.emaze.com\/@AQRICWWI\/rae-final?autoplay&amp;hidebuttons\" width=\"560px\" height=\"315px\" seamless=\"\" allowfullscreen=\"allowfullscreen\"><\/iframe><\/p>\n<p>&nbsp;<\/p>\n<p><strong>..:: Galeria ::..<\/strong><\/p>\n\n\t\t<style type=\"text\/css\">\n\t\t\t#gallery-1 {\n\t\t\t\tmargin: auto;\n\t\t\t}\n\t\t\t#gallery-1 .gallery-item {\n\t\t\t\tfloat: left;\n\t\t\t\tmargin-top: 10px;\n\t\t\t\ttext-align: center;\n\t\t\t\twidth: 25%;\n\t\t\t}\n\t\t\t#gallery-1 img {\n\t\t\t\tborder: 2px solid #cfcfcf;\n\t\t\t}\n\t\t\t#gallery-1 .gallery-caption {\n\t\t\t\tmargin-left: 0;\n\t\t\t}\n\t\t\t\/* see gallery_shortcode() in wp-includes\/media.php *\/\n\t\t<\/style>\n\t\t<div id='gallery-1' class='gallery galleryid-1999 gallery-columns-4 gallery-size-thumbnail'><dl class='gallery-item'>\n\t\t\t<dt class='gallery-icon landscape'>\n\t\t\t\t<a href='https:\/\/www.tjba.jus.br\/estrategia\/reuniao-de-analise-da-estrategia-rae\/reuniao-de-analise-da-estrategia-rae-28032017\/15-seplan-analise-e-estrategia-158\/'><img loading=\"lazy\" decoding=\"async\" width=\"150\" height=\"150\" src=\"https:\/\/www.tjba.jus.br\/estrategia\/wp-content\/uploads\/2017\/03\/15-SEPLAN-An\u00e1lise-e-Estrat\u00e9gia-158-150x150.jpg\" class=\"attachment-thumbnail size-thumbnail\" alt=\"\" srcset=\"https:\/\/www.tjba.jus.br\/estrategia\/wp-content\/uploads\/2017\/03\/15-SEPLAN-An\u00e1lise-e-Estrat\u00e9gia-158-150x150.jpg 150w, https:\/\/www.tjba.jus.br\/estrategia\/wp-content\/uploads\/2017\/03\/15-SEPLAN-An\u00e1lise-e-Estrat\u00e9gia-158-300x300.jpg 300w\" sizes=\"auto, (max-width: 150px) 100vw, 150px\" \/><\/a>\n\t\t\t<\/dt><\/dl><dl class='gallery-item'>\n\t\t\t<dt class='gallery-icon landscape'>\n\t\t\t\t<a href='https:\/\/www.tjba.jus.br\/estrategia\/reuniao-de-analise-da-estrategia-rae\/reuniao-de-analise-da-estrategia-rae-28032017\/04-seplan-analise-e-estrategia-igor-caires-machado-013\/'><img loading=\"lazy\" decoding=\"async\" width=\"150\" height=\"150\" src=\"https:\/\/www.tjba.jus.br\/estrategia\/wp-content\/uploads\/2017\/03\/04-SEPLAN-An\u00e1lise-e-Estrat\u00e9gia-Igor-Caires-Machado-013-150x150.jpg\" class=\"attachment-thumbnail size-thumbnail\" alt=\"\" srcset=\"https:\/\/www.tjba.jus.br\/estrategia\/wp-content\/uploads\/2017\/03\/04-SEPLAN-An\u00e1lise-e-Estrat\u00e9gia-Igor-Caires-Machado-013-150x150.jpg 150w, https:\/\/www.tjba.jus.br\/estrategia\/wp-content\/uploads\/2017\/03\/04-SEPLAN-An\u00e1lise-e-Estrat\u00e9gia-Igor-Caires-Machado-013-300x300.jpg 300w\" sizes=\"auto, (max-width: 150px) 100vw, 150px\" \/><\/a>\n\t\t\t<\/dt><\/dl><dl class='gallery-item'>\n\t\t\t<dt class='gallery-icon landscape'>\n\t\t\t\t<a href='https:\/\/www.tjba.jus.br\/estrategia\/reuniao-de-analise-da-estrategia-rae\/reuniao-de-analise-da-estrategia-rae-28032017\/20-seplan-analise-e-estrategia-104\/'><img loading=\"lazy\" decoding=\"async\" width=\"150\" height=\"150\" src=\"https:\/\/www.tjba.jus.br\/estrategia\/wp-content\/uploads\/2017\/03\/20-SEPLAN-An\u00e1lise-e-Estrat\u00e9gia-104-150x150.jpg\" class=\"attachment-thumbnail size-thumbnail\" alt=\"\" srcset=\"https:\/\/www.tjba.jus.br\/estrategia\/wp-content\/uploads\/2017\/03\/20-SEPLAN-An\u00e1lise-e-Estrat\u00e9gia-104-150x150.jpg 150w, https:\/\/www.tjba.jus.br\/estrategia\/wp-content\/uploads\/2017\/03\/20-SEPLAN-An\u00e1lise-e-Estrat\u00e9gia-104-300x300.jpg 300w\" sizes=\"auto, (max-width: 150px) 100vw, 150px\" \/><\/a>\n\t\t\t<\/dt><\/dl><dl class='gallery-item'>\n\t\t\t<dt class='gallery-icon landscape'>\n\t\t\t\t<a href='https:\/\/www.tjba.jus.br\/estrategia\/reuniao-de-analise-da-estrategia-rae\/reuniao-de-analise-da-estrategia-rae-28032017\/21-seplan-analise-e-estrategia-111\/'><img loading=\"lazy\" decoding=\"async\" width=\"150\" height=\"150\" src=\"https:\/\/www.tjba.jus.br\/estrategia\/wp-content\/uploads\/2017\/03\/21-SEPLAN-An\u00e1lise-e-Estrat\u00e9gia-111-150x150.jpg\" class=\"attachment-thumbnail size-thumbnail\" alt=\"\" srcset=\"https:\/\/www.tjba.jus.br\/estrategia\/wp-content\/uploads\/2017\/03\/21-SEPLAN-An\u00e1lise-e-Estrat\u00e9gia-111-150x150.jpg 150w, https:\/\/www.tjba.jus.br\/estrategia\/wp-content\/uploads\/2017\/03\/21-SEPLAN-An\u00e1lise-e-Estrat\u00e9gia-111-300x300.jpg 300w\" sizes=\"auto, (max-width: 150px) 100vw, 150px\" \/><\/a>\n\t\t\t<\/dt><\/dl><br style=\"clear: both\" \/><dl class='gallery-item'>\n\t\t\t<dt class='gallery-icon landscape'>\n\t\t\t\t<a href='https:\/\/www.tjba.jus.br\/estrategia\/reuniao-de-analise-da-estrategia-rae\/reuniao-de-analise-da-estrategia-rae-28032017\/23-seplan-analise-e-estrategia-cicero-moura-119\/'><img loading=\"lazy\" decoding=\"async\" width=\"150\" height=\"150\" src=\"https:\/\/www.tjba.jus.br\/estrategia\/wp-content\/uploads\/2017\/03\/23-SEPLAN-An\u00e1lise-e-Estrat\u00e9gia-Cicero-Moura-119-150x150.jpg\" class=\"attachment-thumbnail size-thumbnail\" alt=\"\" srcset=\"https:\/\/www.tjba.jus.br\/estrategia\/wp-content\/uploads\/2017\/03\/23-SEPLAN-An\u00e1lise-e-Estrat\u00e9gia-Cicero-Moura-119-150x150.jpg 150w, https:\/\/www.tjba.jus.br\/estrategia\/wp-content\/uploads\/2017\/03\/23-SEPLAN-An\u00e1lise-e-Estrat\u00e9gia-Cicero-Moura-119-300x300.jpg 300w\" sizes=\"auto, (max-width: 150px) 100vw, 150px\" \/><\/a>\n\t\t\t<\/dt><\/dl><dl class='gallery-item'>\n\t\t\t<dt class='gallery-icon landscape'>\n\t\t\t\t<a href='https:\/\/www.tjba.jus.br\/estrategia\/reuniao-de-analise-da-estrategia-rae\/reuniao-de-analise-da-estrategia-rae-28032017\/11-seplan-analise-e-estrategia-046\/'><img loading=\"lazy\" decoding=\"async\" width=\"150\" height=\"150\" src=\"https:\/\/www.tjba.jus.br\/estrategia\/wp-content\/uploads\/2017\/03\/11-SEPLAN-An\u00e1lise-e-Estrat\u00e9gia-046-150x150.jpg\" class=\"attachment-thumbnail size-thumbnail\" alt=\"\" srcset=\"https:\/\/www.tjba.jus.br\/estrategia\/wp-content\/uploads\/2017\/03\/11-SEPLAN-An\u00e1lise-e-Estrat\u00e9gia-046-150x150.jpg 150w, https:\/\/www.tjba.jus.br\/estrategia\/wp-content\/uploads\/2017\/03\/11-SEPLAN-An\u00e1lise-e-Estrat\u00e9gia-046-300x300.jpg 300w\" sizes=\"auto, (max-width: 150px) 100vw, 150px\" \/><\/a>\n\t\t\t<\/dt><\/dl><dl class='gallery-item'>\n\t\t\t<dt class='gallery-icon landscape'>\n\t\t\t\t<a href='https:\/\/www.tjba.jus.br\/estrategia\/reuniao-de-analise-da-estrategia-rae\/reuniao-de-analise-da-estrategia-rae-28032017\/09-seplan-analise-e-estrategia-pedro-vivas-045\/'><img loading=\"lazy\" decoding=\"async\" width=\"150\" height=\"150\" src=\"https:\/\/www.tjba.jus.br\/estrategia\/wp-content\/uploads\/2017\/03\/09-SEPLAN-An\u00e1lise-e-Estrat\u00e9gia-Pedro-Vivas-045-150x150.jpg\" class=\"attachment-thumbnail size-thumbnail\" alt=\"\" srcset=\"https:\/\/www.tjba.jus.br\/estrategia\/wp-content\/uploads\/2017\/03\/09-SEPLAN-An\u00e1lise-e-Estrat\u00e9gia-Pedro-Vivas-045-150x150.jpg 150w, https:\/\/www.tjba.jus.br\/estrategia\/wp-content\/uploads\/2017\/03\/09-SEPLAN-An\u00e1lise-e-Estrat\u00e9gia-Pedro-Vivas-045-300x300.jpg 300w\" sizes=\"auto, (max-width: 150px) 100vw, 150px\" \/><\/a>\n\t\t\t<\/dt><\/dl><dl class='gallery-item'>\n\t\t\t<dt class='gallery-icon landscape'>\n\t\t\t\t<a href='https:\/\/www.tjba.jus.br\/estrategia\/reuniao-de-analise-da-estrategia-rae\/reuniao-de-analise-da-estrategia-rae-28032017\/10-seplan-analise-e-estrategia-igor-caires-machado-021\/'><img loading=\"lazy\" decoding=\"async\" width=\"150\" height=\"150\" src=\"https:\/\/www.tjba.jus.br\/estrategia\/wp-content\/uploads\/2017\/03\/10-SEPLAN-An\u00e1lise-e-Estrat\u00e9gia-Igor-Caires-Machado-021-150x150.jpg\" class=\"attachment-thumbnail size-thumbnail\" alt=\"\" srcset=\"https:\/\/www.tjba.jus.br\/estrategia\/wp-content\/uploads\/2017\/03\/10-SEPLAN-An\u00e1lise-e-Estrat\u00e9gia-Igor-Caires-Machado-021-150x150.jpg 150w, https:\/\/www.tjba.jus.br\/estrategia\/wp-content\/uploads\/2017\/03\/10-SEPLAN-An\u00e1lise-e-Estrat\u00e9gia-Igor-Caires-Machado-021-300x300.jpg 300w\" sizes=\"auto, (max-width: 150px) 100vw, 150px\" \/><\/a>\n\t\t\t<\/dt><\/dl><br style=\"clear: both\" \/>\n\t\t<\/div>\n\n<p>&nbsp;<\/p>\n<p><a href=\"http:\/\/www5.tjba.jus.br\/estrategia\/wp-content\/uploads\/2017\/03\/icon-acesso-RAE-17-jul.png\" target=\"_blank\" rel=\"noopener\"><img loading=\"lazy\" decoding=\"async\" class=\"alignleft wp-image-2665\" title=\"Acesse aqui a II RAE.\" src=\"http:\/\/www5.tjba.jus.br\/estrategia\/wp-content\/uploads\/2017\/03\/icon-acesso-RAE-17-jul.png\" alt=\"\" width=\"200\" height=\"142\" srcset=\"https:\/\/www.tjba.jus.br\/estrategia\/wp-content\/uploads\/2017\/03\/icon-acesso-RAE-17-jul.png 352w, https:\/\/www.tjba.jus.br\/estrategia\/wp-content\/uploads\/2017\/03\/icon-acesso-RAE-17-jul-300x213.png 300w\" sizes=\"auto, (max-width: 200px) 100vw, 200px\" \/><\/a><\/p>\n","protected":false},"excerpt":{"rendered":"<p>Acesse aqui a ata da I RAE. &nbsp; ..:: Transmiss\u00e3o ::.. &nbsp; ..:: Apresenta\u00e7\u00e3o ::.. &nbsp; ..:: Galeria ::.. &nbsp;<\/p>\n","protected":false},"author":2,"featured_media":0,"parent":1986,"menu_order":0,"comment_status":"closed","ping_status":"closed","template":"","meta":{"footnotes":""},"class_list":["post-1999","page","type-page","status-publish","hentry"],"acf":[],"featured_image_src":null,"_links":{"self":[{"href":"https:\/\/www.tjba.jus.br\/estrategia\/wp-json\/wp\/v2\/pages\/1999","targetHints":{"allow":["GET"]}}],"collection":[{"href":"https:\/\/www.tjba.jus.br\/estrategia\/wp-json\/wp\/v2\/pages"}],"about":[{"href":"https:\/\/www.tjba.jus.br\/estrategia\/wp-json\/wp\/v2\/types\/page"}],"author":[{"embeddable":true,"href":"https:\/\/www.tjba.jus.br\/estrategia\/wp-json\/wp\/v2\/users\/2"}],"replies":[{"embeddable":true,"href":"https:\/\/www.tjba.jus.br\/estrategia\/wp-json\/wp\/v2\/comments?post=1999"}],"version-history":[{"count":55,"href":"https:\/\/www.tjba.jus.br\/estrategia\/wp-json\/wp\/v2\/pages\/1999\/revisions"}],"predecessor-version":[{"id":2776,"href":"https:\/\/www.tjba.jus.br\/estrategia\/wp-json\/wp\/v2\/pages\/1999\/revisions\/2776"}],"up":[{"embeddable":true,"href":"https:\/\/www.tjba.jus.br\/estrategia\/wp-json\/wp\/v2\/pages\/1986"}],"wp:attachment":[{"href":"https:\/\/www.tjba.jus.br\/estrategia\/wp-json\/wp\/v2\/media?parent=1999"}],"curies":[{"name":"wp","href":"https:\/\/api.w.org\/{rel}","templated":true}]}}