{"id":2127,"date":"2017-04-05T14:26:36","date_gmt":"2017-04-05T14:26:36","guid":{"rendered":"http:\/\/www5.tjba.jus.br\/estrategia\/?page_id=2127"},"modified":"2017-05-10T12:11:51","modified_gmt":"2017-05-10T12:11:51","slug":"encontro-boas-praticas","status":"publish","type":"page","link":"https:\/\/www.tjba.jus.br\/estrategia\/encontro-boas-praticas\/","title":{"rendered":"Encontro de Boas Pr\u00e1ticas"},"content":{"rendered":"<p><a href=\"http:\/\/www5.tjba.jus.br\/estrategia\/wp-content\/uploads\/2017\/04\/missao-humaita.png\"><img loading=\"lazy\" decoding=\"async\" class=\"alignleft size-full wp-image-2137\" src=\"http:\/\/www5.tjba.jus.br\/estrategia\/wp-content\/uploads\/2017\/04\/missao-humaita.png\" alt=\"\" width=\"2646\" height=\"758\" srcset=\"https:\/\/www.tjba.jus.br\/estrategia\/wp-content\/uploads\/2017\/04\/missao-humaita.png 2646w, https:\/\/www.tjba.jus.br\/estrategia\/wp-content\/uploads\/2017\/04\/missao-humaita-300x86.png 300w, https:\/\/www.tjba.jus.br\/estrategia\/wp-content\/uploads\/2017\/04\/missao-humaita-768x220.png 768w, https:\/\/www.tjba.jus.br\/estrategia\/wp-content\/uploads\/2017\/04\/missao-humaita-1024x293.png 1024w\" sizes=\"auto, (max-width: 2646px) 100vw, 2646px\" \/><\/a><\/p>\n<p>&nbsp;<\/p>\n<blockquote><p>Evento reuniu representantes de 22 tribunais estaduais do pa\u00eds para debater e trocar experi\u00eancias sobre a\u00e7\u00f5es estrat\u00e9gicas do Judici\u00e1rio.<\/p><\/blockquote>\n<p>&nbsp;<\/p>\n<p><strong>..:: Transmiss\u00e3o 1\u00ba dia &#8211; 19\/04\/2017 ::..<\/strong><\/p>\n<p style=\"padding-left: 60px;\"><iframe loading=\"lazy\" src=\"https:\/\/www.youtube.com\/embed\/DQEBbAp8d7E\" width=\"560\" height=\"315\" frameborder=\"0\" allowfullscreen=\"allowfullscreen\"><\/iframe><\/p>\n<p>&nbsp;<\/p>\n<p><strong>..:: Transmiss\u00e3o 2\u00ba dia &#8211; 20\/04\/2017 ::..<\/strong><\/p>\n<p style=\"padding-left: 60px;\"><iframe loading=\"lazy\" src=\"https:\/\/www.youtube.com\/embed\/1Mld87wpSNQ\" width=\"560\" height=\"315\" frameborder=\"0\" allowfullscreen=\"allowfullscreen\"><\/iframe><\/p>\n<p>&nbsp;<\/p>\n<p><strong>..:: Galeria de Fotos ::..\u00a0<\/strong><\/p>\n<p><a href=\"https:\/\/www.flickr.com\/photos\/tjbahia\/albums\/72157682801592155\" target=\"_blank\" rel=\"noopener noreferrer\"><img loading=\"lazy\" decoding=\"async\" class=\"alignleft wp-image-2272\" title=\"Clique para acessar\" src=\"http:\/\/www5.tjba.jus.br\/estrategia\/wp-content\/uploads\/2017\/04\/icon-acesso-Miss\u00e3o-HUmaita-1.png\" alt=\"\" width=\"250\" height=\"178\" \/><\/a> <a href=\"https:\/\/www.flickr.com\/photos\/tjbahia\/albums\/72157682844278725\" target=\"_blank\" rel=\"noopener noreferrer\"><img loading=\"lazy\" decoding=\"async\" class=\"alignleft wp-image-2273\" title=\"Clique para acessar\" src=\"http:\/\/www5.tjba.jus.br\/estrategia\/wp-content\/uploads\/2017\/04\/icon-acesso-Missao-Humaita-2.png\" alt=\"\" width=\"250\" height=\"178\" srcset=\"https:\/\/www.tjba.jus.br\/estrategia\/wp-content\/uploads\/2017\/04\/icon-acesso-Missao-Humaita-2.png 352w, https:\/\/www.tjba.jus.br\/estrategia\/wp-content\/uploads\/2017\/04\/icon-acesso-Missao-Humaita-2-300x213.png 300w\" sizes=\"auto, (max-width: 250px) 100vw, 250px\" \/><\/a><\/p>\n<p>&nbsp;<\/p>\n<p>&nbsp;<\/p>\n<p>&nbsp;<\/p>\n<p>&nbsp;<\/p>\n<p>&nbsp;<\/p>\n<p>&nbsp;<\/p>\n<p>&nbsp;<\/p>\n<p><strong>..:: Pr\u00e1ticas e Pain\u00e9is Selecionados\u00a0::..\u00a0<\/strong><\/p>\n<p><a href=\"http:\/\/www5.tjba.jus.br\/estrategia\/wp-content\/uploads\/2017\/04\/Praticas-Selecionadas-horiz.jpg\" target=\"_blank\" rel=\"noopener noreferrer\"><img loading=\"lazy\" decoding=\"async\" class=\"alignleft wp-image-2293 size-medium\" title=\"Clique para ampliar\" src=\"http:\/\/www5.tjba.jus.br\/estrategia\/wp-content\/uploads\/2017\/04\/Praticas-Selecionadas-horiz-300x212.jpg\" alt=\"\" width=\"300\" height=\"212\" srcset=\"https:\/\/www.tjba.jus.br\/estrategia\/wp-content\/uploads\/2017\/04\/Praticas-Selecionadas-horiz-300x212.jpg 300w, https:\/\/www.tjba.jus.br\/estrategia\/wp-content\/uploads\/2017\/04\/Praticas-Selecionadas-horiz-768x542.jpg 768w, https:\/\/www.tjba.jus.br\/estrategia\/wp-content\/uploads\/2017\/04\/Praticas-Selecionadas-horiz-1024x723.jpg 1024w\" sizes=\"auto, (max-width: 300px) 100vw, 300px\" \/><\/a><\/p>\n<p><a href=\"http:\/\/www5.tjba.jus.br\/estrategia\/wp-content\/uploads\/2017\/04\/Paineis.jpg\"><img loading=\"lazy\" decoding=\"async\" class=\"alignleft size-medium wp-image-2349\" src=\"http:\/\/www5.tjba.jus.br\/estrategia\/wp-content\/uploads\/2017\/04\/Paineis-212x300.jpg\" alt=\"\" width=\"212\" height=\"300\" srcset=\"https:\/\/www.tjba.jus.br\/estrategia\/wp-content\/uploads\/2017\/04\/Paineis-212x300.jpg 212w, https:\/\/www.tjba.jus.br\/estrategia\/wp-content\/uploads\/2017\/04\/Paineis-768x1086.jpg 768w, https:\/\/www.tjba.jus.br\/estrategia\/wp-content\/uploads\/2017\/04\/Paineis-724x1024.jpg 724w\" sizes=\"auto, (max-width: 212px) 100vw, 212px\" \/><\/a><\/p>\n<p>&nbsp;<\/p>\n<p>&nbsp;<\/p>\n<p>&nbsp;<\/p>\n<p>&nbsp;<\/p>\n<p>&nbsp;<\/p>\n<p>&nbsp;<\/p>\n<p>&nbsp;<\/p>\n<p>&nbsp;<\/p>\n<p>&nbsp;<\/p>\n<p>&nbsp;<\/p>\n<p><strong>..:: Apresenta\u00e7\u00f5es das Pr\u00e1ticas ::..\u00a0<\/strong><\/p>\n<p><a href=\"http:\/\/www5.tjba.jus.br\/estrategia\/wp-content\/uploads\/2017\/04\/PR\u00c1TICA-EXECU\u00c7\u00c3O-FISCAL-EFICIENTE-TJ-MG.pdf\" target=\"_blank\" rel=\"noopener noreferrer\"><img loading=\"lazy\" decoding=\"async\" class=\"alignleft wp-image-2301\" title=\"Execu\u00e7\u00e3o Fiscal Eficiente\" src=\"http:\/\/www5.tjba.jus.br\/estrategia\/wp-content\/uploads\/2017\/04\/icon-acesso-Pratica-1.png\" alt=\"\" width=\"230\" height=\"163\" srcset=\"https:\/\/www.tjba.jus.br\/estrategia\/wp-content\/uploads\/2017\/04\/icon-acesso-Pratica-1.png 352w, https:\/\/www.tjba.jus.br\/estrategia\/wp-content\/uploads\/2017\/04\/icon-acesso-Pratica-1-300x213.png 300w\" sizes=\"auto, (max-width: 230px) 100vw, 230px\" \/><\/a> <a href=\"http:\/\/www5.tjba.jus.br\/estrategia\/wp-content\/uploads\/2017\/04\/PR\u00c1TICA-OBSERVAT\u00d3RIO-JUDICIAL-TJRJ.pdf\" target=\"_blank\" rel=\"noopener noreferrer\"><img loading=\"lazy\" decoding=\"async\" class=\"alignleft wp-image-2302\" title=\"Observat\u00f3rio Judicial da Viol\u00eancia Contra a Mulher\" src=\"http:\/\/www5.tjba.jus.br\/estrategia\/wp-content\/uploads\/2017\/04\/icon-acesso-Pratica-2.png\" alt=\"\" width=\"230\" height=\"163\" srcset=\"https:\/\/www.tjba.jus.br\/estrategia\/wp-content\/uploads\/2017\/04\/icon-acesso-Pratica-2.png 352w, https:\/\/www.tjba.jus.br\/estrategia\/wp-content\/uploads\/2017\/04\/icon-acesso-Pratica-2-300x213.png 300w\" sizes=\"auto, (max-width: 230px) 100vw, 230px\" \/><\/a> <a href=\"http:\/\/www5.tjba.jus.br\/estrategia\/wp-content\/uploads\/2017\/04\/PR\u00c1TICA-PROJETO-VIOLETA.pdf\" target=\"_blank\" rel=\"noopener noreferrer\"><img loading=\"lazy\" decoding=\"async\" class=\"alignleft wp-image-2303\" title=\"Projeto Violeta\" src=\"http:\/\/www5.tjba.jus.br\/estrategia\/wp-content\/uploads\/2017\/04\/icon-acesso-Pratica-3.png\" alt=\"\" width=\"230\" height=\"163\" srcset=\"https:\/\/www.tjba.jus.br\/estrategia\/wp-content\/uploads\/2017\/04\/icon-acesso-Pratica-3.png 352w, https:\/\/www.tjba.jus.br\/estrategia\/wp-content\/uploads\/2017\/04\/icon-acesso-Pratica-3-300x213.png 300w\" sizes=\"auto, (max-width: 230px) 100vw, 230px\" \/><\/a> <a href=\"http:\/\/www5.tjba.jus.br\/estrategia\/wp-content\/uploads\/2017\/04\/PR\u00c1TICA-SALA-LIL\u00c1S-TJRJ.pdf\" target=\"_blank\" rel=\"noopener noreferrer\"><img loading=\"lazy\" decoding=\"async\" class=\"alignleft wp-image-2304\" title=\"Sala Lil\u00e1s\" src=\"http:\/\/www5.tjba.jus.br\/estrategia\/wp-content\/uploads\/2017\/04\/icon-acesso-Pratica-4.png\" alt=\"\" width=\"230\" height=\"163\" srcset=\"https:\/\/www.tjba.jus.br\/estrategia\/wp-content\/uploads\/2017\/04\/icon-acesso-Pratica-4.png 352w, https:\/\/www.tjba.jus.br\/estrategia\/wp-content\/uploads\/2017\/04\/icon-acesso-Pratica-4-300x213.png 300w\" sizes=\"auto, (max-width: 230px) 100vw, 230px\" \/><\/a> <a href=\"http:\/\/www5.tjba.jus.br\/estrategia\/wp-content\/uploads\/2017\/04\/PR\u00c1TICA-AUMENTO-PRODUTIVIDADE-TJRR.pdf\" target=\"_blank\" rel=\"noopener noreferrer\"><img loading=\"lazy\" decoding=\"async\" class=\"alignleft wp-image-2305\" title=\"Programa: Aumento da Produtividade Judicial\" src=\"http:\/\/www5.tjba.jus.br\/estrategia\/wp-content\/uploads\/2017\/04\/icon-acesso-Pratica-5.png\" alt=\"\" width=\"230\" height=\"163\" srcset=\"https:\/\/www.tjba.jus.br\/estrategia\/wp-content\/uploads\/2017\/04\/icon-acesso-Pratica-5.png 352w, https:\/\/www.tjba.jus.br\/estrategia\/wp-content\/uploads\/2017\/04\/icon-acesso-Pratica-5-300x213.png 300w\" sizes=\"auto, (max-width: 230px) 100vw, 230px\" \/><\/a> <a href=\"http:\/\/www5.tjba.jus.br\/estrategia\/wp-content\/uploads\/2017\/04\/PR\u00c1TICA-BI-METAS-CNJ-TJRS.pdf\" target=\"_blank\" rel=\"noopener noreferrer\"><img loading=\"lazy\" decoding=\"async\" class=\"alignleft wp-image-2306\" title=\"Cria\u00e7\u00e3o\/utiliza\u00e7\u00e3o de Business Intelligence (BI) para Acompanhamento e Gest\u00e3o das Metas Nacionais do CNJ \u2013 1\u00ba Grau comum, Juizados Especiais e Turmas Recursais\" src=\"http:\/\/www5.tjba.jus.br\/estrategia\/wp-content\/uploads\/2017\/04\/icon-acesso-Pratica-6.png\" alt=\"\" width=\"230\" height=\"163\" srcset=\"https:\/\/www.tjba.jus.br\/estrategia\/wp-content\/uploads\/2017\/04\/icon-acesso-Pratica-6.png 352w, https:\/\/www.tjba.jus.br\/estrategia\/wp-content\/uploads\/2017\/04\/icon-acesso-Pratica-6-300x213.png 300w\" sizes=\"auto, (max-width: 230px) 100vw, 230px\" \/><\/a> <a href=\"http:\/\/www5.tjba.jus.br\/estrategia\/wp-content\/uploads\/2017\/04\/PR\u00c1TICA-PAINEL-INTERATIVO-TJDFT.pdf\" target=\"_blank\" rel=\"noopener noreferrer\"><img loading=\"lazy\" decoding=\"async\" class=\"alignleft wp-image-2307\" title=\"Painel Interativo de Acompanhamento das Metas Nacionais do Poder Judici\u00e1rio no \u00c2mbito do TJDFT\" src=\"http:\/\/www5.tjba.jus.br\/estrategia\/wp-content\/uploads\/2017\/04\/icon-acesso-Pratica-7.png\" alt=\"\" width=\"230\" height=\"163\" srcset=\"https:\/\/www.tjba.jus.br\/estrategia\/wp-content\/uploads\/2017\/04\/icon-acesso-Pratica-7.png 352w, https:\/\/www.tjba.jus.br\/estrategia\/wp-content\/uploads\/2017\/04\/icon-acesso-Pratica-7-300x213.png 300w\" sizes=\"auto, (max-width: 230px) 100vw, 230px\" \/><\/a> <a href=\"http:\/\/www5.tjba.jus.br\/estrategia\/wp-content\/uploads\/2017\/04\/PR\u00c1TICA-GRATIFICA\u00c7\u00c3O-POR-PRODUTIVIDADE-TJMA.pdf\" target=\"_blank\" rel=\"noopener noreferrer\"><img loading=\"lazy\" decoding=\"async\" class=\"alignleft wp-image-2308\" title=\"Gratifica\u00e7\u00e3o por Produtividade Judici\u00e1ria \u2013 GPJ\" src=\"http:\/\/www5.tjba.jus.br\/estrategia\/wp-content\/uploads\/2017\/04\/icon-acesso-Pratica-10.png\" alt=\"\" width=\"230\" height=\"163\" srcset=\"https:\/\/www.tjba.jus.br\/estrategia\/wp-content\/uploads\/2017\/04\/icon-acesso-Pratica-10.png 352w, https:\/\/www.tjba.jus.br\/estrategia\/wp-content\/uploads\/2017\/04\/icon-acesso-Pratica-10-300x213.png 300w\" sizes=\"auto, (max-width: 230px) 100vw, 230px\" \/><\/a> <a href=\"http:\/\/www5.tjba.jus.br\/estrategia\/wp-content\/uploads\/2017\/04\/PR\u00c1TICA-JU\u00cdZO-PROATIVO-TJAL.pdf\" target=\"_blank\" rel=\"noopener noreferrer\"><img loading=\"lazy\" decoding=\"async\" class=\"alignleft wp-image-2309\" title=\"Ju\u00edzo Proativo\" src=\"http:\/\/www5.tjba.jus.br\/estrategia\/wp-content\/uploads\/2017\/04\/icon-acesso-Pratica-11.png\" alt=\"\" width=\"230\" height=\"163\" srcset=\"https:\/\/www.tjba.jus.br\/estrategia\/wp-content\/uploads\/2017\/04\/icon-acesso-Pratica-11.png 352w, https:\/\/www.tjba.jus.br\/estrategia\/wp-content\/uploads\/2017\/04\/icon-acesso-Pratica-11-300x213.png 300w\" sizes=\"auto, (max-width: 230px) 100vw, 230px\" \/><\/a> <a href=\"http:\/\/www5.tjba.jus.br\/estrategia\/wp-content\/uploads\/2017\/04\/PR\u00c1TICA-SELO-DE-CUMPRIMENTO-TJDFT.pdf\" target=\"_blank\" rel=\"noopener noreferrer\"><img loading=\"lazy\" decoding=\"async\" class=\"alignleft wp-image-2310\" title=\"Selo de Cumprimento da Meta 1 e Selo de Cumprimento da Meta 2\" src=\"http:\/\/www5.tjba.jus.br\/estrategia\/wp-content\/uploads\/2017\/04\/icon-acesso-Pratica-12.png\" alt=\"\" width=\"230\" height=\"163\" srcset=\"https:\/\/www.tjba.jus.br\/estrategia\/wp-content\/uploads\/2017\/04\/icon-acesso-Pratica-12.png 352w, https:\/\/www.tjba.jus.br\/estrategia\/wp-content\/uploads\/2017\/04\/icon-acesso-Pratica-12-300x213.png 300w\" sizes=\"auto, (max-width: 230px) 100vw, 230px\" \/><\/a> <a href=\"http:\/\/www5.tjba.jus.br\/estrategia\/wp-content\/uploads\/2017\/04\/PR\u00c1TICA-CPE-TJMS.pdf\" target=\"_blank\" rel=\"noopener noreferrer\"><img loading=\"lazy\" decoding=\"async\" class=\"alignleft wp-image-2311\" title=\"Central de Processamento Eletr\u00f4nico \u2013 CPE\" src=\"http:\/\/www5.tjba.jus.br\/estrategia\/wp-content\/uploads\/2017\/04\/icon-acesso-Pratica-13.png\" alt=\"\" width=\"230\" height=\"163\" srcset=\"https:\/\/www.tjba.jus.br\/estrategia\/wp-content\/uploads\/2017\/04\/icon-acesso-Pratica-13.png 352w, https:\/\/www.tjba.jus.br\/estrategia\/wp-content\/uploads\/2017\/04\/icon-acesso-Pratica-13-300x213.png 300w\" sizes=\"auto, (max-width: 230px) 100vw, 230px\" \/><\/a> <a href=\"http:\/\/www5.tjba.jus.br\/estrategia\/wp-content\/uploads\/2017\/04\/PR\u00c1TICA-CART\u00d3RIOS-INTEGRADOS-TJBA.pdf\" target=\"_blank\" rel=\"noopener noreferrer\"><img loading=\"lazy\" decoding=\"async\" class=\"alignleft wp-image-2312\" title=\"Cart\u00f3rios Integrados\" src=\"http:\/\/www5.tjba.jus.br\/estrategia\/wp-content\/uploads\/2017\/04\/icon-acesso-Pratica-14.png\" alt=\"\" width=\"230\" height=\"163\" srcset=\"https:\/\/www.tjba.jus.br\/estrategia\/wp-content\/uploads\/2017\/04\/icon-acesso-Pratica-14.png 352w, https:\/\/www.tjba.jus.br\/estrategia\/wp-content\/uploads\/2017\/04\/icon-acesso-Pratica-14-300x213.png 300w\" sizes=\"auto, (max-width: 230px) 100vw, 230px\" \/><\/a><\/p>\n<p>&nbsp;<\/p>\n<p>&nbsp;<\/p>\n<p><strong>..:: Apresenta\u00e7\u00f5es dos Pain\u00e9is ::..<\/strong><\/p>\n<p><iframe loading=\"lazy\" src=\"https:\/\/www.youtube.com\/embed\/hVCNvMjS6jU\" width=\"230\" height=\"163\" frameborder=\"0\" allowfullscreen=\"allowfullscreen\"><\/iframe> <iframe loading=\"lazy\" src=\"https:\/\/www.youtube.com\/embed\/MBtpuskc16g\" width=\"230\" height=\"163\" frameborder=\"0\" allowfullscreen=\"allowfullscreen\"><\/iframe> <iframe loading=\"lazy\" src=\"https:\/\/www.youtube.com\/embed\/u1w3QquXJNw\" width=\"230\" height=\"163\" frameborder=\"0\" allowfullscreen=\"allowfullscreen\"><\/iframe> <iframe loading=\"lazy\" src=\"https:\/\/www.youtube.com\/embed\/zeulE9Lv3rU\" width=\"230\" height=\"163\" frameborder=\"0\" allowfullscreen=\"allowfullscreen\"><\/iframe> <iframe loading=\"lazy\" src=\"https:\/\/www.youtube.com\/embed\/-ov5zhYLTtc\" width=\"230\" height=\"163\" frameborder=\"0\" allowfullscreen=\"allowfullscreen\"><\/iframe> <iframe loading=\"lazy\" src=\"https:\/\/www.youtube.com\/embed\/2OMEgSW-MqU\" width=\"230\" height=\"163\" frameborder=\"0\" allowfullscreen=\"allowfullscreen\"><\/iframe> <iframe loading=\"lazy\" src=\"https:\/\/www.youtube.com\/embed\/YdewNj0j8dE\" width=\"230\" height=\"163\" frameborder=\"0\" allowfullscreen=\"allowfullscreen\"><\/iframe><\/p>\n<p>&nbsp;<\/p>\n<p>&nbsp;<\/p>\n<p>&nbsp;<\/p>\n<p><strong>..:: Mat\u00e9rias Relacionadas ::..\u00a0<\/strong><\/p>\n<p><a href=\"http:\/\/www5.tjba.jus.br\/estrategia\/index.php\/2017\/04\/10\/representantes-dos-tribunais-de-todo-o-pais-participarao-de-encontro-em-salvador-para-debater-e-difundir-as-boas-praticas\/\" target=\"_blank\" rel=\"noopener noreferrer\">Representantes dos tribunais de todo o pa\u00eds participar\u00e3o de encontro em Salvador para debater e difundir as boas pr\u00e1ticas<\/a><\/p>\n<p><a href=\"http:\/\/www5.tjba.jus.br\/estrategia\/index.php\/2017\/04\/12\/2215\/\" target=\"_blank\" rel=\"noopener noreferrer\">Tribunais j\u00e1 se preparam para o II Encontro Nacional de Boas Pr\u00e1ticas \u2012 Miss\u00e3o Humait\u00e1<\/a><\/p>\n<p><a href=\"http:\/\/www5.tjba.jus.br\/estrategia\/index.php\/2017\/04\/19\/evento-reune-representantes-de-22-tribunais-estaduais-no-tjba\/\" target=\"_blank\" rel=\"noopener noreferrer\">Evento re\u00fane representantes de 22 tribunais estaduais no TJBA<\/a><\/p>\n<p><a href=\"http:\/\/www5.tjba.jus.br\/estrategia\/index.php\/2017\/04\/19\/boas-praticas-meritocracia-domina-temas-de-projetos-no-primeiro-dia-do-encontro\/\" target=\"_blank\" rel=\"noopener noreferrer\">Boas Pr\u00e1ticas: meritocracia domina temas de projetos no primeiro dia do encontro<\/a><\/p>\n<p><a href=\"http:\/\/www5.tjba.jus.br\/estrategia\/index.php\/2017\/04\/20\/encontro-de-boas-praticas-foca-em-execucao-fiscal-e-no-combate-a-violencia-contra-a-mulher\/\" target=\"_blank\" rel=\"noopener noreferrer\">Encontro de Boas Pr\u00e1ticas foca em execu\u00e7\u00e3o fiscal e no combate \u00e0 viol\u00eancia contra a mulher<\/a><\/p>\n<p><a href=\"http:\/\/www5.tjba.jus.br\/estrategia\/index.php\/2017\/04\/24\/ii-encontro-de-boas-praticas-dos-tribunais-estaduais-e-encerrado-com-sucesso\/\" target=\"_blank\" rel=\"noopener noreferrer\">II Encontro de Boas Pr\u00e1ticas dos tribunais estaduais \u00e9 encerrado com sucesso<\/a><\/p>\n<p>&nbsp;<\/p>\n<p><a href=\"http:\/\/www5.tjba.jus.br\/estrategia\/wp-content\/uploads\/2017\/04\/portal_estrategia_post.jpg\"><br \/>\n<\/a><\/p>\n<p><img loading=\"lazy\" decoding=\"async\" class=\"aligncenter size-large wp-image-2138\" src=\"http:\/\/www5.tjba.jus.br\/estrategia\/wp-content\/uploads\/2017\/04\/Site-1024x467.png\" alt=\"\" width=\"955\" height=\"436\" srcset=\"https:\/\/www.tjba.jus.br\/estrategia\/wp-content\/uploads\/2017\/04\/Site-1024x467.png 1024w, https:\/\/www.tjba.jus.br\/estrategia\/wp-content\/uploads\/2017\/04\/Site-300x137.png 300w, https:\/\/www.tjba.jus.br\/estrategia\/wp-content\/uploads\/2017\/04\/Site-768x350.png 768w\" sizes=\"auto, (max-width: 955px) 100vw, 955px\" \/><\/p>\n<p>&nbsp;<\/p>\n","protected":false},"excerpt":{"rendered":"<p>&nbsp; Evento reuniu representantes de 22 tribunais estaduais do pa\u00eds para debater e trocar experi\u00eancias sobre a\u00e7\u00f5es estrat\u00e9gicas do Judici\u00e1rio. &nbsp; ..:: Transmiss\u00e3o 1\u00ba dia &#8211; 19\/04\/2017 ::.. &nbsp; ..:: Transmiss\u00e3o 2\u00ba dia &#8211; 20\/04\/2017 ::.. &nbsp; ..:: Galeria de Fotos ::..\u00a0 &nbsp; &nbsp; &nbsp; &nbsp; &nbsp; &nbsp; &nbsp; ..:: Pr\u00e1ticas e Pain\u00e9is Selecionados\u00a0::..\u00a0 &nbsp; [&hellip;]<\/p>\n","protected":false},"author":2,"featured_media":0,"parent":0,"menu_order":0,"comment_status":"closed","ping_status":"closed","template":"","meta":{"footnotes":""},"class_list":["post-2127","page","type-page","status-publish","hentry"],"acf":[],"featured_image_src":null,"_links":{"self":[{"href":"https:\/\/www.tjba.jus.br\/estrategia\/wp-json\/wp\/v2\/pages\/2127","targetHints":{"allow":["GET"]}}],"collection":[{"href":"https:\/\/www.tjba.jus.br\/estrategia\/wp-json\/wp\/v2\/pages"}],"about":[{"href":"https:\/\/www.tjba.jus.br\/estrategia\/wp-json\/wp\/v2\/types\/page"}],"author":[{"embeddable":true,"href":"https:\/\/www.tjba.jus.br\/estrategia\/wp-json\/wp\/v2\/users\/2"}],"replies":[{"embeddable":true,"href":"https:\/\/www.tjba.jus.br\/estrategia\/wp-json\/wp\/v2\/comments?post=2127"}],"version-history":[{"count":130,"href":"https:\/\/www.tjba.jus.br\/estrategia\/wp-json\/wp\/v2\/pages\/2127\/revisions"}],"predecessor-version":[{"id":2369,"href":"https:\/\/www.tjba.jus.br\/estrategia\/wp-json\/wp\/v2\/pages\/2127\/revisions\/2369"}],"wp:attachment":[{"href":"https:\/\/www.tjba.jus.br\/estrategia\/wp-json\/wp\/v2\/media?parent=2127"}],"curies":[{"name":"wp","href":"https:\/\/api.w.org\/{rel}","templated":true}]}}