{"id":2550,"date":"2017-06-13T11:45:42","date_gmt":"2017-06-13T11:45:42","guid":{"rendered":"http:\/\/www5.tjba.jus.br\/estrategia\/?page_id=2550"},"modified":"2024-07-23T13:30:47","modified_gmt":"2024-07-23T16:30:47","slug":"reuniao-de-lideres-avancados","status":"publish","type":"page","link":"https:\/\/www.tjba.jus.br\/estrategia\/reuniao-de-lideres-avancados\/","title":{"rendered":"Reuni\u00e3o de L\u00edderes Avan\u00e7ados &#8211; RLA"},"content":{"rendered":"<blockquote><p>As <strong>Reuni\u00f5es de L\u00edderes Avan\u00e7ados (RLAs)<\/strong> t\u00eam car\u00e1ter de acompanhamento do progresso dos trabalhos das unidades e funcionam como uma prepara\u00e7\u00e3o\u00a0para as <a href=\"http:\/\/www5.tjba.jus.br\/estrategia\/index.php\/reuniao-de-analise-da-estrategia-rae\/\" target=\"_blank\" rel=\"noopener noreferrer\">Reuni\u00f5es de An\u00e1lise da Estrat\u00e9gia (RAE)<\/a>.<\/p><\/blockquote>\n<p>&nbsp;<\/p>\n<p><strong>..:: ATAS ::..<\/strong><\/p>\n<p><a href=\"http:\/\/www5.tjba.jus.br\/estrategia\/index.php\/reunioes-de-lideres-avancados-2024\/\">Reuni\u00f5es de L\u00edderes Avan\u00e7ados (RLAs &#8211; 2024)<\/a><\/p>\n<p>&nbsp;<\/p>\n<p><a href=\"http:\/\/www5.tjba.jus.br\/estrategia\/index.php\/reunioes-de-lideres-avancados-2023\/\" rel=\"noopener noreferrer\"><img loading=\"lazy\" decoding=\"async\" class=\"alignnone wp-image-7559 size-medium\" src=\"http:\/\/www5.tjba.jus.br\/estrategia\/wp-content\/uploads\/2023\/03\/rla-2023-300x213.jpeg\" alt=\"\" width=\"300\" height=\"213\" srcset=\"https:\/\/www.tjba.jus.br\/estrategia\/wp-content\/uploads\/2023\/03\/rla-2023-300x213.jpeg 300w, https:\/\/www.tjba.jus.br\/estrategia\/wp-content\/uploads\/2023\/03\/rla-2023.jpeg 352w\" sizes=\"auto, (max-width: 300px) 100vw, 300px\" \/><\/a><\/p>\n<p><a href=\"http:\/\/www5.tjba.jus.br\/estrategia\/index.php\/reunioes-de-lideres-avancados-2022\/\"><img loading=\"lazy\" decoding=\"async\" class=\"alignnone wp-image-7248 size-medium\" src=\"http:\/\/www5.tjba.jus.br\/estrategia\/wp-content\/uploads\/2022\/10\/icon-acesso-RLA-2022-300x213.png\" alt=\"\" width=\"300\" height=\"213\" srcset=\"https:\/\/www.tjba.jus.br\/estrategia\/wp-content\/uploads\/2022\/10\/icon-acesso-RLA-2022-300x213.png 300w, https:\/\/www.tjba.jus.br\/estrategia\/wp-content\/uploads\/2022\/10\/icon-acesso-RLA-2022.png 352w\" sizes=\"auto, (max-width: 300px) 100vw, 300px\" \/><\/a><\/p>\n<p><img loading=\"lazy\" decoding=\"async\" class=\"alignnone wp-image-7249 size-medium\" src=\"http:\/\/www5.tjba.jus.br\/estrategia\/wp-content\/uploads\/2022\/10\/icon-acesso-RLA-2021-300x213.png\" alt=\"\" width=\"300\" height=\"213\" srcset=\"https:\/\/www.tjba.jus.br\/estrategia\/wp-content\/uploads\/2022\/10\/icon-acesso-RLA-2021-300x213.png 300w, https:\/\/www.tjba.jus.br\/estrategia\/wp-content\/uploads\/2022\/10\/icon-acesso-RLA-2021.png 352w\" sizes=\"auto, (max-width: 300px) 100vw, 300px\" \/><\/p>\n<p><img loading=\"lazy\" decoding=\"async\" class=\"alignnone wp-image-7250 size-medium\" src=\"http:\/\/www5.tjba.jus.br\/estrategia\/wp-content\/uploads\/2022\/10\/icon-acesso-RLA-2020-300x213.png\" alt=\"\" width=\"300\" height=\"213\" srcset=\"https:\/\/www.tjba.jus.br\/estrategia\/wp-content\/uploads\/2022\/10\/icon-acesso-RLA-2020-300x213.png 300w, https:\/\/www.tjba.jus.br\/estrategia\/wp-content\/uploads\/2022\/10\/icon-acesso-RLA-2020.png 352w\" sizes=\"auto, (max-width: 300px) 100vw, 300px\" \/><\/p>\n<p><img loading=\"lazy\" decoding=\"async\" class=\"alignnone wp-image-7251 size-medium\" src=\"http:\/\/www5.tjba.jus.br\/estrategia\/wp-content\/uploads\/2022\/10\/icon-acesso-RLA-2019-300x213.png\" alt=\"\" width=\"300\" height=\"213\" srcset=\"https:\/\/www.tjba.jus.br\/estrategia\/wp-content\/uploads\/2022\/10\/icon-acesso-RLA-2019-300x213.png 300w, https:\/\/www.tjba.jus.br\/estrategia\/wp-content\/uploads\/2022\/10\/icon-acesso-RLA-2019.png 352w\" sizes=\"auto, (max-width: 300px) 100vw, 300px\" \/><\/p>\n<p><a href=\"http:\/\/www5.tjba.jus.br\/estrategia\/index.php\/reunioes-de-lideres-avancados-rlas-2018\/\"><img loading=\"lazy\" decoding=\"async\" class=\"alignleft wp-image-3672\" src=\"http:\/\/www5.tjba.jus.br\/estrategia\/wp-content\/uploads\/2018\/03\/icon-acesso-RLA-2018.png\" alt=\"\" width=\"230\" height=\"163\" srcset=\"https:\/\/www.tjba.jus.br\/estrategia\/wp-content\/uploads\/2018\/03\/icon-acesso-RLA-2018.png 352w, https:\/\/www.tjba.jus.br\/estrategia\/wp-content\/uploads\/2018\/03\/icon-acesso-RLA-2018-300x213.png 300w\" sizes=\"auto, (max-width: 230px) 100vw, 230px\" \/><\/a><\/p>\n<p><a href=\"http:\/\/www5.tjba.jus.br\/estrategia\/index.php\/reuniao-de-lideres-avancados-atas-2017\/\" target=\"_blank\" rel=\"noopener noreferrer\"><img loading=\"lazy\" decoding=\"async\" class=\"alignleft wp-image-3671\" title=\"Clique aqui\" src=\"http:\/\/www5.tjba.jus.br\/estrategia\/wp-content\/uploads\/2018\/03\/icon-acesso-RLA-2017.png\" alt=\"\" width=\"230\" height=\"163\" srcset=\"https:\/\/www.tjba.jus.br\/estrategia\/wp-content\/uploads\/2018\/03\/icon-acesso-RLA-2017.png 352w, https:\/\/www.tjba.jus.br\/estrategia\/wp-content\/uploads\/2018\/03\/icon-acesso-RLA-2017-300x213.png 300w\" sizes=\"auto, (max-width: 230px) 100vw, 230px\" \/><\/a><\/p>\n<p>&nbsp;<\/p>\n","protected":false},"excerpt":{"rendered":"<p>As Reuni\u00f5es de L\u00edderes Avan\u00e7ados (RLAs) t\u00eam car\u00e1ter de acompanhamento do progresso dos trabalhos das unidades e funcionam como uma prepara\u00e7\u00e3o\u00a0para as Reuni\u00f5es de An\u00e1lise da Estrat\u00e9gia (RAE). &nbsp; ..:: ATAS ::.. Reuni\u00f5es de L\u00edderes Avan\u00e7ados (RLAs &#8211; 2024) &nbsp; &nbsp;<\/p>\n","protected":false},"author":2,"featured_media":0,"parent":0,"menu_order":0,"comment_status":"closed","ping_status":"closed","template":"","meta":{"footnotes":""},"class_list":["post-2550","page","type-page","status-publish","hentry"],"acf":[],"featured_image_src":null,"_links":{"self":[{"href":"https:\/\/www.tjba.jus.br\/estrategia\/wp-json\/wp\/v2\/pages\/2550","targetHints":{"allow":["GET"]}}],"collection":[{"href":"https:\/\/www.tjba.jus.br\/estrategia\/wp-json\/wp\/v2\/pages"}],"about":[{"href":"https:\/\/www.tjba.jus.br\/estrategia\/wp-json\/wp\/v2\/types\/page"}],"author":[{"embeddable":true,"href":"https:\/\/www.tjba.jus.br\/estrategia\/wp-json\/wp\/v2\/users\/2"}],"replies":[{"embeddable":true,"href":"https:\/\/www.tjba.jus.br\/estrategia\/wp-json\/wp\/v2\/comments?post=2550"}],"version-history":[{"count":28,"href":"https:\/\/www.tjba.jus.br\/estrategia\/wp-json\/wp\/v2\/pages\/2550\/revisions"}],"predecessor-version":[{"id":8803,"href":"https:\/\/www.tjba.jus.br\/estrategia\/wp-json\/wp\/v2\/pages\/2550\/revisions\/8803"}],"wp:attachment":[{"href":"https:\/\/www.tjba.jus.br\/estrategia\/wp-json\/wp\/v2\/media?parent=2550"}],"curies":[{"name":"wp","href":"https:\/\/api.w.org\/{rel}","templated":true}]}}