{"id":2846,"date":"2017-09-20T14:40:47","date_gmt":"2017-09-20T14:40:47","guid":{"rendered":"http:\/\/www5.tjba.jus.br\/estrategia\/?page_id=2846"},"modified":"2018-03-01T16:36:06","modified_gmt":"2018-03-01T16:36:06","slug":"reuniao-de-analise-da-estrategia-rae-19092017","status":"publish","type":"page","link":"https:\/\/www.tjba.jus.br\/estrategia\/reuniao-de-analise-da-estrategia-rae-19092017\/","title":{"rendered":"Reuni\u00e3o de An\u00e1lise da Estrat\u00e9gia \u2013 RAE (19\/09\/2017)"},"content":{"rendered":"<p><strong>Acesse <a href=\"http:\/\/www5.tjba.jus.br\/estrategia\/wp-content\/uploads\/2018\/03\/Ata-de-Reuni\u00e3o-RAE-2017_09_19.pdf\" target=\"_blank\" rel=\"noopener\">aqui <\/a>a ata da III RAE.<\/strong><\/p>\n<p><strong>..:: Apresenta\u00e7\u00e3o\u00a0::..<\/strong><\/p>\n<p><a href=\"https:\/\/prezi.com\/view\/DqMRZWnOSg5R5Uv480f6\/\" target=\"_blank\" rel=\"noopener\"><img loading=\"lazy\" decoding=\"async\" class=\"aligncenter wp-image-2628\" title=\"Clique para acessar\" src=\"http:\/\/www5.tjba.jus.br\/estrategia\/wp-content\/uploads\/2017\/07\/apresentacao-RAE.png\" alt=\"\" width=\"600\" height=\"335\" srcset=\"https:\/\/www.tjba.jus.br\/estrategia\/wp-content\/uploads\/2017\/07\/apresentacao-RAE.png 1488w, https:\/\/www.tjba.jus.br\/estrategia\/wp-content\/uploads\/2017\/07\/apresentacao-RAE-300x168.png 300w, https:\/\/www.tjba.jus.br\/estrategia\/wp-content\/uploads\/2017\/07\/apresentacao-RAE-768x429.png 768w, https:\/\/www.tjba.jus.br\/estrategia\/wp-content\/uploads\/2017\/07\/apresentacao-RAE-1024x573.png 1024w\" sizes=\"auto, (max-width: 600px) 100vw, 600px\" \/><\/a><\/p>\n<p>&nbsp;<\/p>\n<p><strong>..:: Galeria de Fotos ::..<\/strong><\/p>\n<p>[huge_it_gallery id=&#8221;12&#8243;]<\/p>\n<p>&nbsp;<\/p>\n<p>&nbsp;<\/p>\n<p><strong>..:: Mat\u00e9rias Relacionadas ::..<\/strong><\/p>\n<p><a href=\"http:\/\/www5.tjba.jus.br\/estrategia\/index.php\/2017\/09\/19\/planejamento-do-tjba-avanca-com-terceira-reuniao-de-analise-estrategica\/\" target=\"_blank\" rel=\"noopener\">Planejamento do TJBA avan\u00e7a com terceira Reuni\u00e3o de An\u00e1lise Estrat\u00e9gica<\/a><\/p>\n","protected":false},"excerpt":{"rendered":"<p>Acesse aqui a ata da III RAE. ..:: Apresenta\u00e7\u00e3o\u00a0::.. &nbsp; ..:: Galeria de Fotos ::.. [huge_it_gallery id=&#8221;12&#8243;] &nbsp; &nbsp; ..:: Mat\u00e9rias Relacionadas ::.. Planejamento do TJBA avan\u00e7a com terceira Reuni\u00e3o de An\u00e1lise Estrat\u00e9gica<\/p>\n","protected":false},"author":2,"featured_media":0,"parent":0,"menu_order":0,"comment_status":"closed","ping_status":"closed","template":"","meta":{"footnotes":""},"class_list":["post-2846","page","type-page","status-publish","hentry"],"acf":[],"featured_image_src":null,"_links":{"self":[{"href":"https:\/\/www.tjba.jus.br\/estrategia\/wp-json\/wp\/v2\/pages\/2846","targetHints":{"allow":["GET"]}}],"collection":[{"href":"https:\/\/www.tjba.jus.br\/estrategia\/wp-json\/wp\/v2\/pages"}],"about":[{"href":"https:\/\/www.tjba.jus.br\/estrategia\/wp-json\/wp\/v2\/types\/page"}],"author":[{"embeddable":true,"href":"https:\/\/www.tjba.jus.br\/estrategia\/wp-json\/wp\/v2\/users\/2"}],"replies":[{"embeddable":true,"href":"https:\/\/www.tjba.jus.br\/estrategia\/wp-json\/wp\/v2\/comments?post=2846"}],"version-history":[{"count":9,"href":"https:\/\/www.tjba.jus.br\/estrategia\/wp-json\/wp\/v2\/pages\/2846\/revisions"}],"predecessor-version":[{"id":3491,"href":"https:\/\/www.tjba.jus.br\/estrategia\/wp-json\/wp\/v2\/pages\/2846\/revisions\/3491"}],"wp:attachment":[{"href":"https:\/\/www.tjba.jus.br\/estrategia\/wp-json\/wp\/v2\/media?parent=2846"}],"curies":[{"name":"wp","href":"https:\/\/api.w.org\/{rel}","templated":true}]}}