{"id":2925,"date":"2017-09-26T13:37:39","date_gmt":"2017-09-26T13:37:39","guid":{"rendered":"http:\/\/www5.tjba.jus.br\/estrategia\/?page_id=2925"},"modified":"2017-11-29T17:16:54","modified_gmt":"2017-11-29T17:16:54","slug":"semana-de-sentencas-e-baixas-processuais","status":"publish","type":"page","link":"https:\/\/www.tjba.jus.br\/estrategia\/semana-de-sentencas-e-baixas-processuais\/","title":{"rendered":"Semana de Senten\u00e7as e Baixas Processuais &#8211; 2 a 6 de outubro de 2017"},"content":{"rendered":"<p><a href=\"#\"><img loading=\"lazy\" decoding=\"async\" class=\"alignleft wp-image-2935 size-full\" src=\"http:\/\/www5.tjba.jus.br\/estrategia\/wp-content\/uploads\/2017\/09\/ban-Semana-Baixa-DENTRO.png\" alt=\"\" width=\"1200\" height=\"380\" srcset=\"https:\/\/www.tjba.jus.br\/estrategia\/wp-content\/uploads\/2017\/09\/ban-Semana-Baixa-DENTRO.png 1200w, https:\/\/www.tjba.jus.br\/estrategia\/wp-content\/uploads\/2017\/09\/ban-Semana-Baixa-DENTRO-300x95.png 300w, https:\/\/www.tjba.jus.br\/estrategia\/wp-content\/uploads\/2017\/09\/ban-Semana-Baixa-DENTRO-768x243.png 768w, https:\/\/www.tjba.jus.br\/estrategia\/wp-content\/uploads\/2017\/09\/ban-Semana-Baixa-DENTRO-1024x324.png 1024w\" sizes=\"auto, (max-width: 1200px) 100vw, 1200px\" \/><br \/>\n<\/a><\/p>\n<p>&nbsp;<\/p>\n<table>\n<tbody>\n<tr>\n<th>\n<p style=\"padding-left: 60px;\"><a href=\"http:\/\/www5.tjba.jus.br\/estrategia\/wp-content\/uploads\/2017\/09\/ICONE-PROCESSOMETRO.png\"><img loading=\"lazy\" decoding=\"async\" class=\"alignleft wp-image-3001\" src=\"http:\/\/www5.tjba.jus.br\/estrategia\/wp-content\/uploads\/2017\/09\/ICONE-PROCESSOMETRO.png\" alt=\"\" width=\"200\" height=\"200\" srcset=\"https:\/\/www.tjba.jus.br\/estrategia\/wp-content\/uploads\/2017\/09\/ICONE-PROCESSOMETRO.png 512w, https:\/\/www.tjba.jus.br\/estrategia\/wp-content\/uploads\/2017\/09\/ICONE-PROCESSOMETRO-150x150.png 150w, https:\/\/www.tjba.jus.br\/estrategia\/wp-content\/uploads\/2017\/09\/ICONE-PROCESSOMETRO-300x300.png 300w, https:\/\/www.tjba.jus.br\/estrategia\/wp-content\/uploads\/2017\/09\/ICONE-PROCESSOMETRO-50x50.png 50w\" sizes=\"auto, (max-width: 200px) 100vw, 200px\" \/><\/a><\/p>\n<\/th>\n<th rowspan=\"2\">[visualizer id=&#8221;3058&#8243;]<\/th>\n<th rowspan=\"2\">[visualizer id=&#8221;3027&#8243;]<\/th>\n<\/tr>\n<tr>\n<td>(Atualizado em: 07\/10\/2017 \u00e0s 10h34)<\/td>\n<\/tr>\n<\/tbody>\n<\/table>\n<p>&nbsp;<\/p>\n<p><strong>..:: TUTORIAIS<\/strong> com orienta\u00e7\u00f5es de como encaminhar processos \u00e0 Central de Custas:<\/p>\n<p><a href=\"http:\/\/www5.tjba.jus.br\/estrategia\/wp-content\/uploads\/2017\/10\/tutorial_pje_envio_a_central_custas_0211017.pdf\" target=\"_blank\" rel=\"noopener\"><img loading=\"lazy\" decoding=\"async\" class=\"alignleft wp-image-3072 size-full\" title=\"Clique para acessar\" src=\"http:\/\/www5.tjba.jus.br\/estrategia\/wp-content\/uploads\/2017\/09\/botao-PJE.png\" alt=\"\" width=\"100\" height=\"50\" \/><\/a> <a href=\"http:\/\/www5.tjba.jus.br\/estrategia\/wp-content\/uploads\/2017\/10\/tutorial_saj_custas_2_021017.pdf\" target=\"_blank\" rel=\"noopener\"><img loading=\"lazy\" decoding=\"async\" class=\"alignleft wp-image-3075 size-full\" title=\"Clique para acessar\" src=\"http:\/\/www5.tjba.jus.br\/estrategia\/wp-content\/uploads\/2017\/09\/botao-SAJ.png\" alt=\"\" width=\"100\" height=\"50\" \/><\/a><a href=\"http:\/\/www5.tjba.jus.br\/estrategia\/wp-content\/uploads\/2017\/10\/TUTORIAL_PROJUDI_Central_Custas.pdf\" target=\"_blank\" rel=\"noopener\"><img loading=\"lazy\" decoding=\"async\" class=\"alignleft wp-image-3073 size-full\" title=\"Clique para acessar\" src=\"http:\/\/www5.tjba.jus.br\/estrategia\/wp-content\/uploads\/2017\/09\/botao-PROJUDI.png\" alt=\"\" width=\"100\" height=\"50\" \/><\/a> <a href=\"http:\/\/www5.tjba.jus.br\/estrategia\/wp-content\/uploads\/2017\/09\/MANUAL-SAIPRO-CENTRAL-DE-CUSTAS_-FINAL.pdf\" target=\"_blank\" rel=\"noopener\"><img loading=\"lazy\" decoding=\"async\" class=\"alignleft wp-image-3074 size-full\" title=\"Clique para acessar\" src=\"http:\/\/www5.tjba.jus.br\/estrategia\/wp-content\/uploads\/2017\/09\/botao-SAIPRO.png\" alt=\"\" width=\"100\" height=\"50\" \/><\/a><\/p>\n<p>&nbsp;<\/p>\n<p>&nbsp;<\/p>\n<p>&nbsp;<\/p>\n<p><span style=\"color: #ff0000;\"><strong>* As unidades dever\u00e3o separar os\u00a0<\/strong><strong>processos f\u00edsicos, baixados nos moldes dos tutoriais, aguardando orienta\u00e7\u00f5es de envio para a Central de Custas.<\/strong><\/span><\/p>\n<p>&nbsp;<\/p>\n<p><strong>..:: DISPOSI\u00c7\u00d5ES\u00a0<\/strong>sobre a Semana Estadual de Senten\u00e7as e Baixas Processuais<span style=\"color: #000000;\">:<\/span><\/p>\n<p><a href=\"http:\/\/www5.tjba.jus.br\/estrategia\/wp-content\/uploads\/2017\/10\/Ato-Conjunto.pdf\" target=\"_blank\" rel=\"noopener\"><img loading=\"lazy\" decoding=\"async\" class=\"alignleft wp-image-3086\" title=\"Clique para acessar\" src=\"http:\/\/www5.tjba.jus.br\/estrategia\/wp-content\/uploads\/2017\/09\/botao-ato-conjunto.png\" alt=\"\" width=\"175\" height=\"52\" \/><\/a><\/p>\n<p>&nbsp;<\/p>\n<p>&nbsp;<\/p>\n<p>&nbsp;<\/p>\n<p><strong>* As listas que seguem s\u00e3o apenas <span style=\"color: #ff0000;\">sugest\u00f5es de direcionamento<\/span>, n\u00e3o vinculando as unidades.<\/strong><br \/>\n<a href=\"http:\/\/www5.tjba.jus.br\/estrategia\/wp-content\/uploads\/2017\/09\/Processos-para-dilig\u00eancia-baixa-PJE.pdf\" target=\"_blank\" rel=\"noopener\"><img loading=\"lazy\" decoding=\"async\" class=\"alignleft wp-image-2941\" title=\"Clique\" src=\"http:\/\/www5.tjba.jus.br\/estrategia\/wp-content\/uploads\/2017\/09\/icone-baixa-pje.png\" alt=\"\" width=\"350\" height=\"149\" srcset=\"https:\/\/www.tjba.jus.br\/estrategia\/wp-content\/uploads\/2017\/09\/icone-baixa-pje.png 400w, https:\/\/www.tjba.jus.br\/estrategia\/wp-content\/uploads\/2017\/09\/icone-baixa-pje-300x128.png 300w\" sizes=\"auto, (max-width: 350px) 100vw, 350px\" \/><\/a><\/p>\n<p><a href=\"http:\/\/www5.tjba.jus.br\/estrategia\/wp-content\/uploads\/2017\/09\/Processos-para-dilig\u00eancia-baixa-outros-sistemas.pdf\" target=\"_blank\" rel=\"noopener\"><img loading=\"lazy\" decoding=\"async\" class=\"alignleft wp-image-2940\" title=\"Clique\" src=\"http:\/\/www5.tjba.jus.br\/estrategia\/wp-content\/uploads\/2017\/09\/icone-baixa-outros-sistemas.png\" alt=\"\" width=\"350\" height=\"149\" srcset=\"https:\/\/www.tjba.jus.br\/estrategia\/wp-content\/uploads\/2017\/09\/icone-baixa-outros-sistemas.png 400w, https:\/\/www.tjba.jus.br\/estrategia\/wp-content\/uploads\/2017\/09\/icone-baixa-outros-sistemas-300x128.png 300w\" sizes=\"auto, (max-width: 350px) 100vw, 350px\" \/><\/a><\/p>\n<p><a href=\"http:\/\/www5.tjba.jus.br\/estrategia\/wp-content\/uploads\/2017\/09\/Processos-para-an\u00e1lise-julgamento-Conclusos-para-Senten\u00e7a-PJE.pdf\" target=\"_blank\" rel=\"noopener\"><img loading=\"lazy\" decoding=\"async\" class=\"alignleft wp-image-2942\" title=\"Clique\" src=\"http:\/\/www5.tjba.jus.br\/estrategia\/wp-content\/uploads\/2017\/09\/icone-conclusos-para-senten\u00e7a-PJe.png\" alt=\"\" width=\"350\" height=\"149\" srcset=\"https:\/\/www.tjba.jus.br\/estrategia\/wp-content\/uploads\/2017\/09\/icone-conclusos-para-senten\u00e7a-PJe.png 400w, https:\/\/www.tjba.jus.br\/estrategia\/wp-content\/uploads\/2017\/09\/icone-conclusos-para-senten\u00e7a-PJe-300x128.png 300w\" sizes=\"auto, (max-width: 350px) 100vw, 350px\" \/><\/a><\/p>\n<p><a href=\"http:\/\/www5.tjba.jus.br\/estrategia\/wp-content\/uploads\/2017\/09\/Processos-para-an\u00e1lise-julgamento-Conclusos-para-Senten\u00e7a.pdf\" target=\"_blank\" rel=\"noopener\"><img loading=\"lazy\" decoding=\"async\" class=\"alignleft wp-image-2943\" title=\"Clique\" src=\"http:\/\/www5.tjba.jus.br\/estrategia\/wp-content\/uploads\/2017\/09\/icone-conclusos-para-senten\u00e7a.png\" alt=\"\" width=\"350\" height=\"149\" srcset=\"https:\/\/www.tjba.jus.br\/estrategia\/wp-content\/uploads\/2017\/09\/icone-conclusos-para-senten\u00e7a.png 400w, https:\/\/www.tjba.jus.br\/estrategia\/wp-content\/uploads\/2017\/09\/icone-conclusos-para-senten\u00e7a-300x128.png 300w\" sizes=\"auto, (max-width: 350px) 100vw, 350px\" \/><\/a><\/p>\n<p><a href=\"http:\/\/www5.tjba.jus.br\/estrategia\/wp-content\/uploads\/2017\/09\/Processos-para-an\u00e1lise-julgamento-Audi\u00eancias-PJE.pdf\" target=\"_blank\" rel=\"noopener\"><img loading=\"lazy\" decoding=\"async\" class=\"alignleft wp-image-2957\" title=\"Clique\" src=\"http:\/\/www5.tjba.jus.br\/estrategia\/wp-content\/uploads\/2017\/09\/icone-audiencias-pje.png\" alt=\"\" width=\"350\" height=\"149\" srcset=\"https:\/\/www.tjba.jus.br\/estrategia\/wp-content\/uploads\/2017\/09\/icone-audiencias-pje.png 400w, https:\/\/www.tjba.jus.br\/estrategia\/wp-content\/uploads\/2017\/09\/icone-audiencias-pje-300x128.png 300w\" sizes=\"auto, (max-width: 350px) 100vw, 350px\" \/><\/a><\/p>\n<p><a href=\"http:\/\/www5.tjba.jus.br\/estrategia\/wp-content\/uploads\/2017\/09\/Processos-para-an\u00e1lise-julgamento-Audi\u00eancias.pdf\" target=\"_blank\" rel=\"noopener\"><img loading=\"lazy\" decoding=\"async\" class=\"alignleft wp-image-2958\" title=\"Clique\" src=\"http:\/\/www5.tjba.jus.br\/estrategia\/wp-content\/uploads\/2017\/09\/icone-audiencias.png\" alt=\"\" width=\"350\" height=\"149\" srcset=\"https:\/\/www.tjba.jus.br\/estrategia\/wp-content\/uploads\/2017\/09\/icone-audiencias.png 400w, https:\/\/www.tjba.jus.br\/estrategia\/wp-content\/uploads\/2017\/09\/icone-audiencias-300x128.png 300w\" sizes=\"auto, (max-width: 350px) 100vw, 350px\" \/><\/a><\/p>\n<p><a href=\"http:\/\/www5.tjba.jus.br\/estrategia\/wp-content\/uploads\/2017\/09\/Processos-suspensos-para-an\u00e1lise-de-julgamento-baixa-PJE.pdf\" target=\"_blank\" rel=\"noopener\"><img loading=\"lazy\" decoding=\"async\" class=\"alignleft wp-image-2962\" title=\"Clique\" src=\"http:\/\/www5.tjba.jus.br\/estrategia\/wp-content\/uploads\/2017\/09\/icone-suspensos-PJE.png\" alt=\"\" width=\"350\" height=\"149\" srcset=\"https:\/\/www.tjba.jus.br\/estrategia\/wp-content\/uploads\/2017\/09\/icone-suspensos-PJE.png 400w, https:\/\/www.tjba.jus.br\/estrategia\/wp-content\/uploads\/2017\/09\/icone-suspensos-PJE-300x128.png 300w\" sizes=\"auto, (max-width: 350px) 100vw, 350px\" \/><\/a><\/p>\n<p><a href=\"http:\/\/www5.tjba.jus.br\/estrategia\/wp-content\/uploads\/2017\/09\/Processos-suspensos-para-an\u00e1lise-de-julgamento-baixa.pdf\" target=\"_blank\" rel=\"noopener\"><img loading=\"lazy\" decoding=\"async\" class=\"alignleft wp-image-2963\" title=\"Clique\" src=\"http:\/\/www5.tjba.jus.br\/estrategia\/wp-content\/uploads\/2017\/09\/icone-suspensos.png\" alt=\"\" width=\"350\" height=\"149\" srcset=\"https:\/\/www.tjba.jus.br\/estrategia\/wp-content\/uploads\/2017\/09\/icone-suspensos.png 400w, https:\/\/www.tjba.jus.br\/estrategia\/wp-content\/uploads\/2017\/09\/icone-suspensos-300x128.png 300w\" sizes=\"auto, (max-width: 350px) 100vw, 350px\" \/><\/a><\/p>\n<p><a href=\"http:\/\/www5.tjba.jus.br\/estrategia\/wp-content\/uploads\/2017\/09\/Processos-Meta-2.pdf\" target=\"_blank\" rel=\"noopener\"><img loading=\"lazy\" decoding=\"async\" class=\"alignleft wp-image-2967\" title=\"Clique\" src=\"http:\/\/www5.tjba.jus.br\/estrategia\/wp-content\/uploads\/2017\/09\/icone-processos-meta-2.png\" alt=\"\" width=\"350\" height=\"149\" \/><\/a><\/p>\n<p><a href=\"http:\/\/www5.tjba.jus.br\/estrategia\/wp-content\/uploads\/2017\/09\/Processos-Meta-4.pdf\" target=\"_blank\" rel=\"noopener\"><img loading=\"lazy\" decoding=\"async\" class=\"alignleft wp-image-2968\" title=\"Clique\" src=\"http:\/\/www5.tjba.jus.br\/estrategia\/wp-content\/uploads\/2017\/09\/icone-processos-meta-4.png\" alt=\"\" width=\"350\" height=\"149\" \/><\/a><\/p>\n<p><a href=\"http:\/\/www5.tjba.jus.br\/estrategia\/wp-content\/uploads\/2017\/10\/Meta-6-rev1.pdf\" target=\"_blank\" rel=\"noopener\"><img loading=\"lazy\" decoding=\"async\" class=\"alignleft wp-image-2969\" src=\"http:\/\/www5.tjba.jus.br\/estrategia\/wp-content\/uploads\/2017\/09\/icone-processos-meta-6.png\" alt=\"\" width=\"350\" height=\"149\" \/><\/a><\/p>\n<p><a href=\"#\"><img loading=\"lazy\" decoding=\"async\" class=\"alignleft wp-image-2984 size-full\" src=\"http:\/\/www5.tjba.jus.br\/estrategia\/wp-content\/uploads\/2017\/09\/icone-busca.png\" alt=\"\" width=\"351\" height=\"170\" srcset=\"https:\/\/www.tjba.jus.br\/estrategia\/wp-content\/uploads\/2017\/09\/icone-busca.png 351w, https:\/\/www.tjba.jus.br\/estrategia\/wp-content\/uploads\/2017\/09\/icone-busca-300x145.png 300w\" sizes=\"auto, (max-width: 351px) 100vw, 351px\" \/><\/a><\/p>\n<p><a href=\"#\"><img loading=\"lazy\" decoding=\"async\" class=\"aligncenter wp-image-2980 size-full\" src=\"http:\/\/www5.tjba.jus.br\/estrategia\/wp-content\/uploads\/2017\/09\/informa\u00e7\u00f5es-importantes.png\" alt=\"\" width=\"755\" height=\"722\" srcset=\"https:\/\/www.tjba.jus.br\/estrategia\/wp-content\/uploads\/2017\/09\/informa\u00e7\u00f5es-importantes.png 755w, https:\/\/www.tjba.jus.br\/estrategia\/wp-content\/uploads\/2017\/09\/informa\u00e7\u00f5es-importantes-300x287.png 300w\" sizes=\"auto, (max-width: 755px) 100vw, 755px\" \/><\/a><\/p>\n","protected":false},"excerpt":{"rendered":"<p>&nbsp; [visualizer id=&#8221;3058&#8243;] [visualizer id=&#8221;3027&#8243;] (Atualizado em: 07\/10\/2017 \u00e0s 10h34) &nbsp; ..:: TUTORIAIS com orienta\u00e7\u00f5es de como encaminhar processos \u00e0 Central de Custas: &nbsp; &nbsp; &nbsp; * As unidades dever\u00e3o separar os\u00a0processos f\u00edsicos, baixados nos moldes dos tutoriais, aguardando orienta\u00e7\u00f5es de envio para a Central de Custas. &nbsp; ..:: DISPOSI\u00c7\u00d5ES\u00a0sobre a Semana Estadual de Senten\u00e7as [&hellip;]<\/p>\n","protected":false},"author":2,"featured_media":0,"parent":0,"menu_order":0,"comment_status":"closed","ping_status":"closed","template":"","meta":{"footnotes":""},"class_list":["post-2925","page","type-page","status-publish","hentry"],"acf":[],"featured_image_src":null,"_links":{"self":[{"href":"https:\/\/www.tjba.jus.br\/estrategia\/wp-json\/wp\/v2\/pages\/2925","targetHints":{"allow":["GET"]}}],"collection":[{"href":"https:\/\/www.tjba.jus.br\/estrategia\/wp-json\/wp\/v2\/pages"}],"about":[{"href":"https:\/\/www.tjba.jus.br\/estrategia\/wp-json\/wp\/v2\/types\/page"}],"author":[{"embeddable":true,"href":"https:\/\/www.tjba.jus.br\/estrategia\/wp-json\/wp\/v2\/users\/2"}],"replies":[{"embeddable":true,"href":"https:\/\/www.tjba.jus.br\/estrategia\/wp-json\/wp\/v2\/comments?post=2925"}],"version-history":[{"count":47,"href":"https:\/\/www.tjba.jus.br\/estrategia\/wp-json\/wp\/v2\/pages\/2925\/revisions"}],"predecessor-version":[{"id":3339,"href":"https:\/\/www.tjba.jus.br\/estrategia\/wp-json\/wp\/v2\/pages\/2925\/revisions\/3339"}],"wp:attachment":[{"href":"https:\/\/www.tjba.jus.br\/estrategia\/wp-json\/wp\/v2\/media?parent=2925"}],"curies":[{"name":"wp","href":"https:\/\/api.w.org\/{rel}","templated":true}]}}