{"id":3328,"date":"2017-11-29T16:44:17","date_gmt":"2017-11-29T16:44:17","guid":{"rendered":"http:\/\/www5.tjba.jus.br\/estrategia\/?page_id=3328"},"modified":"2017-11-29T17:11:28","modified_gmt":"2017-11-29T17:11:28","slug":"ii-semana-de-sentencas-e-baixas-processuais","status":"publish","type":"page","link":"https:\/\/www.tjba.jus.br\/estrategia\/ii-semana-de-sentencas-e-baixas-processuais\/","title":{"rendered":"Semana de Senten\u00e7as e Baixas Processuais &#8211; 4 a 7 de dezembro de 2017"},"content":{"rendered":"<p><a href=\"http:\/\/www5.tjba.jus.br\/estrategia\/wp-content\/uploads\/2017\/11\/ban-2-Semana-Baixa-DENTRO.png\"><img loading=\"lazy\" decoding=\"async\" class=\"aligncenter wp-image-3330 size-full\" src=\"http:\/\/www5.tjba.jus.br\/estrategia\/wp-content\/uploads\/2017\/11\/ban-2-Semana-Baixa-DENTRO.png\" alt=\"\" width=\"1200\" height=\"380\" srcset=\"https:\/\/www.tjba.jus.br\/estrategia\/wp-content\/uploads\/2017\/11\/ban-2-Semana-Baixa-DENTRO.png 1200w, https:\/\/www.tjba.jus.br\/estrategia\/wp-content\/uploads\/2017\/11\/ban-2-Semana-Baixa-DENTRO-300x95.png 300w, https:\/\/www.tjba.jus.br\/estrategia\/wp-content\/uploads\/2017\/11\/ban-2-Semana-Baixa-DENTRO-768x243.png 768w, https:\/\/www.tjba.jus.br\/estrategia\/wp-content\/uploads\/2017\/11\/ban-2-Semana-Baixa-DENTRO-1024x324.png 1024w\" sizes=\"auto, (max-width: 1200px) 100vw, 1200px\" \/><\/a><\/p>\n<p>&nbsp;<\/p>\n<table>\n<tbody>\n<tr>\n<th>\n<p style=\"padding-left: 60px;\"><a href=\"http:\/\/www5.tjba.jus.br\/estrategia\/wp-content\/uploads\/2017\/09\/ICONE-PROCESSOMETRO.png\"><img loading=\"lazy\" decoding=\"async\" class=\"alignleft wp-image-3001\" src=\"http:\/\/www5.tjba.jus.br\/estrategia\/wp-content\/uploads\/2017\/09\/ICONE-PROCESSOMETRO.png\" alt=\"\" width=\"200\" height=\"200\" srcset=\"https:\/\/www.tjba.jus.br\/estrategia\/wp-content\/uploads\/2017\/09\/ICONE-PROCESSOMETRO.png 512w, https:\/\/www.tjba.jus.br\/estrategia\/wp-content\/uploads\/2017\/09\/ICONE-PROCESSOMETRO-150x150.png 150w, https:\/\/www.tjba.jus.br\/estrategia\/wp-content\/uploads\/2017\/09\/ICONE-PROCESSOMETRO-300x300.png 300w, https:\/\/www.tjba.jus.br\/estrategia\/wp-content\/uploads\/2017\/09\/ICONE-PROCESSOMETRO-50x50.png 50w\" sizes=\"auto, (max-width: 200px) 100vw, 200px\" \/><\/a><\/p>\n<\/th>\n<th rowspan=\"2\"><\/th>\n<th rowspan=\"2\"><\/th>\n<\/tr>\n<tr>\n<td>(Atualizado em:<\/td>\n<\/tr>\n<\/tbody>\n<\/table>\n<p>&nbsp;<\/p>\n<p><strong>..:: TUTORIAIS<\/strong> com orienta\u00e7\u00f5es de como encaminhar processos \u00e0 Central de Custas:<\/p>\n<p><a href=\"http:\/\/www5.tjba.jus.br\/estrategia\/wp-content\/uploads\/2017\/10\/tutorial_pje_envio_a_central_custas_0211017.pdf\" target=\"_blank\" rel=\"noopener\"><img loading=\"lazy\" decoding=\"async\" class=\"alignleft wp-image-3072 size-full\" title=\"Clique para acessar\" src=\"http:\/\/www5.tjba.jus.br\/estrategia\/wp-content\/uploads\/2017\/09\/botao-PJE.png\" alt=\"\" width=\"100\" height=\"50\" \/><\/a> <a href=\"http:\/\/www5.tjba.jus.br\/estrategia\/wp-content\/uploads\/2017\/10\/tutorial_saj_custas_2_021017.pdf\" target=\"_blank\" rel=\"noopener\"><img loading=\"lazy\" decoding=\"async\" class=\"alignleft wp-image-3075 size-full\" title=\"Clique para acessar\" src=\"http:\/\/www5.tjba.jus.br\/estrategia\/wp-content\/uploads\/2017\/09\/botao-SAJ.png\" alt=\"\" width=\"100\" height=\"50\" \/><\/a><a href=\"http:\/\/www5.tjba.jus.br\/estrategia\/wp-content\/uploads\/2017\/10\/TUTORIAL_PROJUDI_Central_Custas.pdf\" target=\"_blank\" rel=\"noopener\"><img loading=\"lazy\" decoding=\"async\" class=\"alignleft wp-image-3073 size-full\" title=\"Clique para acessar\" src=\"http:\/\/www5.tjba.jus.br\/estrategia\/wp-content\/uploads\/2017\/09\/botao-PROJUDI.png\" alt=\"\" width=\"100\" height=\"50\" \/><\/a> <a href=\"http:\/\/www5.tjba.jus.br\/estrategia\/wp-content\/uploads\/2017\/09\/MANUAL-SAIPRO-CENTRAL-DE-CUSTAS_-FINAL.pdf\" target=\"_blank\" rel=\"noopener\"><img loading=\"lazy\" decoding=\"async\" class=\"alignleft wp-image-3074 size-full\" title=\"Clique para acessar\" src=\"http:\/\/www5.tjba.jus.br\/estrategia\/wp-content\/uploads\/2017\/09\/botao-SAIPRO.png\" alt=\"\" width=\"100\" height=\"50\" \/><\/a><\/p>\n<p>&nbsp;<\/p>\n<p>&nbsp;<\/p>\n<p>&nbsp;<\/p>\n<p><span style=\"color: #ff0000;\"><strong>* As unidades dever\u00e3o separar os\u00a0<\/strong><strong>processos f\u00edsicos, baixados nos moldes dos tutoriais, aguardando orienta\u00e7\u00f5es de envio para a Central de Custas.<\/strong><\/span><\/p>\n<p>&nbsp;<\/p>\n<p><strong>..:: DISPOSI\u00c7\u00d5ES\u00a0<\/strong>sobre a Semana Estadual de Senten\u00e7as e Baixas Processuais<span style=\"color: #000000;\">:<\/span><\/p>\n<p><a href=\"http:\/\/www5.tjba.jus.br\/estrategia\/wp-content\/uploads\/2017\/11\/Ato-Conjunto-II-Semana-Senten\u00e7as-e-Baixas.pdf\" target=\"_blank\" rel=\"noopener\"><img loading=\"lazy\" decoding=\"async\" class=\"alignleft wp-image-3086\" title=\"Clique para acessar\" src=\"http:\/\/www5.tjba.jus.br\/estrategia\/wp-content\/uploads\/2017\/09\/botao-ato-conjunto.png\" alt=\"\" width=\"175\" height=\"52\" \/><\/a><\/p>\n<p>&nbsp;<\/p>\n<p>&nbsp;<\/p>\n<p>&nbsp;<\/p>\n<p><strong>* As listas que seguem s\u00e3o apenas <span style=\"color: #ff0000;\">sugest\u00f5es de direcionamento<\/span>, n\u00e3o vinculando as unidades.<\/strong><\/p>\n<p><a href=\"http:\/\/www5.tjba.jus.br\/estrategia\/wp-content\/uploads\/2017\/11\/Processos-Conclusos-para-Julgamento-meta-2.pdf\" target=\"_blank\" rel=\"noopener\"><img loading=\"lazy\" decoding=\"async\" class=\"alignleft wp-image-3341\" title=\"Clique\" src=\"http:\/\/www5.tjba.jus.br\/estrategia\/wp-content\/uploads\/2017\/11\/processos-conclusos-julg-meta-2.png\" alt=\"\" width=\"350\" height=\"149\" srcset=\"https:\/\/www.tjba.jus.br\/estrategia\/wp-content\/uploads\/2017\/11\/processos-conclusos-julg-meta-2.png 400w, https:\/\/www.tjba.jus.br\/estrategia\/wp-content\/uploads\/2017\/11\/processos-conclusos-julg-meta-2-300x128.png 300w\" sizes=\"auto, (max-width: 350px) 100vw, 350px\" \/><\/a> <a href=\"http:\/\/www5.tjba.jus.br\/estrategia\/wp-content\/uploads\/2017\/11\/Processos-Conclusos-para-Julgamento-meta-4.pdf\" target=\"_blank\" rel=\"noopener\"><img loading=\"lazy\" decoding=\"async\" class=\"alignleft wp-image-3342\" title=\"Clique\" src=\"http:\/\/www5.tjba.jus.br\/estrategia\/wp-content\/uploads\/2017\/11\/processos-conclusos-julg-meta-4.png\" alt=\"\" width=\"350\" height=\"149\" srcset=\"https:\/\/www.tjba.jus.br\/estrategia\/wp-content\/uploads\/2017\/11\/processos-conclusos-julg-meta-4.png 400w, https:\/\/www.tjba.jus.br\/estrategia\/wp-content\/uploads\/2017\/11\/processos-conclusos-julg-meta-4-300x128.png 300w\" sizes=\"auto, (max-width: 350px) 100vw, 350px\" \/><\/a> <a href=\"http:\/\/www5.tjba.jus.br\/estrategia\/wp-content\/uploads\/2017\/11\/Processos-Conclusos-para-Julgamento-meta-6.pdf\" target=\"_blank\" rel=\"noopener\"><img loading=\"lazy\" decoding=\"async\" class=\"alignleft wp-image-3343\" title=\"Clique\" src=\"http:\/\/www5.tjba.jus.br\/estrategia\/wp-content\/uploads\/2017\/11\/processos-conclusos-julg-meta-6.png\" alt=\"\" width=\"350\" height=\"149\" srcset=\"https:\/\/www.tjba.jus.br\/estrategia\/wp-content\/uploads\/2017\/11\/processos-conclusos-julg-meta-6.png 400w, https:\/\/www.tjba.jus.br\/estrategia\/wp-content\/uploads\/2017\/11\/processos-conclusos-julg-meta-6-300x128.png 300w\" sizes=\"auto, (max-width: 350px) 100vw, 350px\" \/><\/a><\/p>\n<p><a href=\"#\"><img loading=\"lazy\" decoding=\"async\" class=\"wp-image-2984 size-full alignright\" src=\"http:\/\/www5.tjba.jus.br\/estrategia\/wp-content\/uploads\/2017\/09\/icone-busca.png\" alt=\"\" width=\"351\" height=\"170\" srcset=\"https:\/\/www.tjba.jus.br\/estrategia\/wp-content\/uploads\/2017\/09\/icone-busca.png 351w, https:\/\/www.tjba.jus.br\/estrategia\/wp-content\/uploads\/2017\/09\/icone-busca-300x145.png 300w\" sizes=\"auto, (max-width: 351px) 100vw, 351px\" \/><\/a> <a href=\"#\"><img loading=\"lazy\" decoding=\"async\" class=\"aligncenter wp-image-2980 size-full\" src=\"http:\/\/www5.tjba.jus.br\/estrategia\/wp-content\/uploads\/2017\/09\/informa\u00e7\u00f5es-importantes.png\" alt=\"\" width=\"755\" height=\"722\" srcset=\"https:\/\/www.tjba.jus.br\/estrategia\/wp-content\/uploads\/2017\/09\/informa\u00e7\u00f5es-importantes.png 755w, https:\/\/www.tjba.jus.br\/estrategia\/wp-content\/uploads\/2017\/09\/informa\u00e7\u00f5es-importantes-300x287.png 300w\" sizes=\"auto, (max-width: 755px) 100vw, 755px\" \/><\/a><\/p>\n","protected":false},"excerpt":{"rendered":"<p>&nbsp; (Atualizado em: &nbsp; ..:: TUTORIAIS com orienta\u00e7\u00f5es de como encaminhar processos \u00e0 Central de Custas: &nbsp; &nbsp; &nbsp; * As unidades dever\u00e3o separar os\u00a0processos f\u00edsicos, baixados nos moldes dos tutoriais, aguardando orienta\u00e7\u00f5es de envio para a Central de Custas. &nbsp; ..:: DISPOSI\u00c7\u00d5ES\u00a0sobre a Semana Estadual de Senten\u00e7as e Baixas Processuais: &nbsp; &nbsp; &nbsp; * [&hellip;]<\/p>\n","protected":false},"author":2,"featured_media":0,"parent":0,"menu_order":0,"comment_status":"closed","ping_status":"closed","template":"","meta":{"footnotes":""},"class_list":["post-3328","page","type-page","status-publish","hentry"],"acf":[],"featured_image_src":null,"_links":{"self":[{"href":"https:\/\/www.tjba.jus.br\/estrategia\/wp-json\/wp\/v2\/pages\/3328","targetHints":{"allow":["GET"]}}],"collection":[{"href":"https:\/\/www.tjba.jus.br\/estrategia\/wp-json\/wp\/v2\/pages"}],"about":[{"href":"https:\/\/www.tjba.jus.br\/estrategia\/wp-json\/wp\/v2\/types\/page"}],"author":[{"embeddable":true,"href":"https:\/\/www.tjba.jus.br\/estrategia\/wp-json\/wp\/v2\/users\/2"}],"replies":[{"embeddable":true,"href":"https:\/\/www.tjba.jus.br\/estrategia\/wp-json\/wp\/v2\/comments?post=3328"}],"version-history":[{"count":12,"href":"https:\/\/www.tjba.jus.br\/estrategia\/wp-json\/wp\/v2\/pages\/3328\/revisions"}],"predecessor-version":[{"id":3354,"href":"https:\/\/www.tjba.jus.br\/estrategia\/wp-json\/wp\/v2\/pages\/3328\/revisions\/3354"}],"wp:attachment":[{"href":"https:\/\/www.tjba.jus.br\/estrategia\/wp-json\/wp\/v2\/media?parent=3328"}],"curies":[{"name":"wp","href":"https:\/\/api.w.org\/{rel}","templated":true}]}}