{"id":3591,"date":"2018-03-19T13:53:25","date_gmt":"2018-03-19T13:53:25","guid":{"rendered":"http:\/\/www5.tjba.jus.br\/estrategia\/?page_id=3591"},"modified":"2020-11-13T17:48:04","modified_gmt":"2020-11-13T19:48:04","slug":"transparencia","status":"publish","type":"page","link":"https:\/\/www.tjba.jus.br\/estrategia\/transparencia\/","title":{"rendered":"Transpar\u00eancia"},"content":{"rendered":"<div style=\"text-align: justify;\">\n<blockquote><p>A <strong>transpar\u00eancia<\/strong> na gest\u00e3o p\u00fablica \u00e9 fruto da dissemina\u00e7\u00e3o da chamada cultura do acesso, a qual prega que toda informa\u00e7\u00e3o p\u00fablica \u00e9 de propriedade do cidad\u00e3o, cabendo aos agentes p\u00fablicos disponibiliz\u00e1-la. Essa ferramenta \u00e9, portanto, uma das mais eficazes no combate \u00e0 corrup\u00e7\u00e3o, uma vez que possibilita maior atua\u00e7\u00e3o do cidad\u00e3o no meio da administra\u00e7\u00e3o p\u00fablica.<\/p><\/blockquote>\n<p>Clique <a href=\"http:\/\/www5.tjba.jus.br\/portal\/transparencia-2\/\">aqui<\/a> para acessar a se\u00e7\u00e3o da Transpar\u00eancia no Portal do TJBA.<\/p>\n<\/div>\n","protected":false},"excerpt":{"rendered":"<p>A transpar\u00eancia na gest\u00e3o p\u00fablica \u00e9 fruto da dissemina\u00e7\u00e3o da chamada cultura do acesso, a qual prega que toda informa\u00e7\u00e3o p\u00fablica \u00e9 de propriedade do cidad\u00e3o, cabendo aos agentes p\u00fablicos disponibiliz\u00e1-la. Essa ferramenta \u00e9, portanto, uma das mais eficazes no combate \u00e0 corrup\u00e7\u00e3o, uma vez que possibilita maior atua\u00e7\u00e3o do cidad\u00e3o no meio da administra\u00e7\u00e3o [&hellip;]<\/p>\n","protected":false},"author":2,"featured_media":0,"parent":0,"menu_order":0,"comment_status":"closed","ping_status":"closed","template":"","meta":{"footnotes":""},"class_list":["post-3591","page","type-page","status-publish","hentry"],"acf":[],"featured_image_src":null,"_links":{"self":[{"href":"https:\/\/www.tjba.jus.br\/estrategia\/wp-json\/wp\/v2\/pages\/3591","targetHints":{"allow":["GET"]}}],"collection":[{"href":"https:\/\/www.tjba.jus.br\/estrategia\/wp-json\/wp\/v2\/pages"}],"about":[{"href":"https:\/\/www.tjba.jus.br\/estrategia\/wp-json\/wp\/v2\/types\/page"}],"author":[{"embeddable":true,"href":"https:\/\/www.tjba.jus.br\/estrategia\/wp-json\/wp\/v2\/users\/2"}],"replies":[{"embeddable":true,"href":"https:\/\/www.tjba.jus.br\/estrategia\/wp-json\/wp\/v2\/comments?post=3591"}],"version-history":[{"count":26,"href":"https:\/\/www.tjba.jus.br\/estrategia\/wp-json\/wp\/v2\/pages\/3591\/revisions"}],"predecessor-version":[{"id":5919,"href":"https:\/\/www.tjba.jus.br\/estrategia\/wp-json\/wp\/v2\/pages\/3591\/revisions\/5919"}],"wp:attachment":[{"href":"https:\/\/www.tjba.jus.br\/estrategia\/wp-json\/wp\/v2\/media?parent=3591"}],"curies":[{"name":"wp","href":"https:\/\/api.w.org\/{rel}","templated":true}]}}