{"id":3666,"date":"2018-03-28T12:06:39","date_gmt":"2018-03-28T12:06:39","guid":{"rendered":"http:\/\/www5.tjba.jus.br\/estrategia\/?page_id=3666"},"modified":"2018-03-28T12:06:39","modified_gmt":"2018-03-28T12:06:39","slug":"reuniao-de-lideres-avancados-atas-2017","status":"publish","type":"page","link":"https:\/\/www.tjba.jus.br\/estrategia\/reuniao-de-lideres-avancados-atas-2017\/","title":{"rendered":"Reuni\u00e3o de L\u00edderes Avan\u00e7ados &#8211; Atas 2017"},"content":{"rendered":"<p><strong>..:: ATAS ::..<\/strong><\/p>\n<p><strong>Reuni\u00e3o COLETIVA \u00a0 \u00a0 \u00a0 \u00a0 \u00a0 \u00a0 \u00a0 \u00a0 \u00a0 \u00a0 \u00a0 \u00a0 \u00a0 \u00a0 \u00a0 \u00a0 \u00a0 \u00a0 \u00a0 \u00a0 \u00a0 \u00a0<\/strong><br \/>\n<strong>Data:<\/strong> 05\/06\/2017<br \/>\n<a href=\"http:\/\/www5.tjba.jus.br\/estrategia\/wp-content\/uploads\/2017\/06\/Ata-de-Reuni\u00e3o-RLA-2017_06_05_TODAS-AS-\u00c1REAS.pdf\" target=\"_blank\" rel=\"noopener noreferrer\">Acesse aqui<\/a><\/p>\n<p><strong>Participantes:<\/strong> AEPII\u00a0| SEPLAN<br \/>\n<strong>Data:<\/strong> 26\/05\/2017<br \/>\n<a href=\"http:\/\/www5.tjba.jus.br\/estrategia\/wp-content\/uploads\/2017\/06\/Ata-de-Reuni\u00e3o-RLA-2017_05_26_AEPII.pdf\" target=\"_blank\" rel=\"noopener noreferrer\">Acesse aqui<\/a><\/p>\n<p><strong>Participantes:<\/strong> SETIM\u00a0| SEPLAN<br \/>\n<strong>Data:<\/strong> 22\/05\/2017<br \/>\n<a href=\"http:\/\/www5.tjba.jus.br\/estrategia\/wp-content\/uploads\/2017\/06\/Ata-de-Reuni\u00e3o-RLA-2017_05_22_SETIM.pdf\" target=\"_blank\" rel=\"noopener noreferrer\">Acesse aqui<\/a><\/p>\n<p><strong>Participantes:<\/strong> COJE\u00a0| SEPLAN<br \/>\n<strong>Data:<\/strong> 22\/05\/2017<br \/>\n<a href=\"http:\/\/www5.tjba.jus.br\/estrategia\/wp-content\/uploads\/2017\/06\/Ata-de-Reuni\u00e3o-RLA-2017_05_22_COJE.pdf\" target=\"_blank\" rel=\"noopener noreferrer\">Acesse aqui<\/a><\/p>\n<p><strong>Participantes:<\/strong> SEAD\u00a0| SEPLAN<br \/>\n<strong>Data:<\/strong> 18\/05\/2017<br \/>\n<a href=\"http:\/\/www5.tjba.jus.br\/estrategia\/wp-content\/uploads\/2017\/06\/Ata-de-Reuni\u00e3o-RLA-2017_05_18_SEAD.pdf\" target=\"_blank\" rel=\"noopener noreferrer\">Acesse aqui<\/a><\/p>\n<p><strong>Participantes:<\/strong> UNICORP\u00a0| SEPLAN<br \/>\n<strong>Data:<\/strong> 16\/05\/2017<br \/>\n<a href=\"http:\/\/www5.tjba.jus.br\/estrategia\/wp-content\/uploads\/2017\/06\/Ata-de-Reuni\u00e3o-RLA-2017_05_16_UNICORP.pdf\" target=\"_blank\" rel=\"noopener noreferrer\">Acesse aqui<\/a><\/p>\n<p><strong>Participantes:<\/strong> CTJUD | SEPLAN<br \/>\n<strong>Data:<\/strong> 16\/05\/2017<br \/>\n<a href=\"http:\/\/www5.tjba.jus.br\/estrategia\/wp-content\/uploads\/2017\/06\/Ata-de-Reuni\u00e3o-RLA-2017_05_16_CTJUD.pdf\" target=\"_blank\" rel=\"noopener noreferrer\">Acesse aqui<\/a><\/p>\n<p><strong>Participantes:<\/strong> ASCOM\u00a0| SEPLAN<br \/>\n<strong>Data:<\/strong> 16\/05\/2017<br \/>\n<a href=\"http:\/\/www5.tjba.jus.br\/estrategia\/wp-content\/uploads\/2017\/06\/Ata-de-Reuni\u00e3o-RLA-2017_05_16_ASCOM.pdf\" target=\"_blank\" rel=\"noopener noreferrer\">Acesse aqui<\/a><\/p>\n<p><strong>Participantes:<\/strong> NUPEMEC\u00a0| SEPLAN<br \/>\n<strong>Data:<\/strong> 15\/05\/2017<br \/>\n<a href=\"http:\/\/www5.tjba.jus.br\/estrategia\/wp-content\/uploads\/2017\/06\/Ata-de-Reuni\u00e3o-RLA-2017_05_15_NUPEMEC.pdf\" target=\"_blank\" rel=\"noopener noreferrer\">Acesse aqui<\/a><\/p>\n<p><strong>Participantes:<\/strong> SEJUD\u00a0| SEPLAN<br \/>\n<strong>Data:<\/strong> 11\/05\/2017<br \/>\n<a href=\"http:\/\/www5.tjba.jus.br\/estrategia\/wp-content\/uploads\/2017\/06\/Ata-de-Reuni\u00e3o-RLA-2017_05_11_SEJUD.pdf\" target=\"_blank\" rel=\"noopener noreferrer\">Acesse aqui<\/a><\/p>\n<p><strong>Participantes: <\/strong>DPG\u00a0| SEPLAN<br \/>\n<strong>Data:<\/strong> 10\/05\/2017<br \/>\n<a href=\"http:\/\/www5.tjba.jus.br\/estrategia\/wp-content\/uploads\/2017\/06\/Ata-de-Reuni\u00e3o-RLA-2017_05_10_DPG.pdf\" target=\"_blank\" rel=\"noopener noreferrer\">Acesse aqui<\/a><\/p>\n<p><strong>Participantes:<\/strong>\u00a0CORREGEDORIA INTERIOR\u00a0| SEPLAN<br \/>\n<strong>Data:<\/strong> 08\/05\/2017<br \/>\n<a href=\"http:\/\/www5.tjba.jus.br\/estrategia\/wp-content\/uploads\/2017\/06\/Ata-de-Reuni\u00e3o-RLA-2017_05_08_Correg_Int.pdf\" target=\"_blank\" rel=\"noopener noreferrer\">Acesse aqui<\/a><\/p>\n<p><strong>Participantes:<\/strong>\u00a0CTJU | NUPEMEC | UNICORP | ASCOM\u00a0| SEPLAN<br \/>\n<strong>Data:<\/strong> 27\/04\/2017<br \/>\n<a href=\"http:\/\/www5.tjba.jus.br\/estrategia\/wp-content\/uploads\/2017\/06\/Ata-de-Reuni\u00e3o-RLA-2017_04_27_CTJUD_NUPEMEC_UNICORP_ASCOM.pdf\" target=\"_blank\" rel=\"noopener noreferrer\">Acesse aqui<\/a><\/p>\n<p><strong>Participantes:<\/strong>\u00a0 SEAD | SETIM\u00a0| SEPLAN<br \/>\n<strong>Data:<\/strong> 25\/04\/2017<br \/>\n<a href=\"http:\/\/www5.tjba.jus.br\/estrategia\/wp-content\/uploads\/2017\/06\/Ata-de-Reuni\u00e3o-RLA-2017_04_25_SEAD-SETIM.pdf\" target=\"_blank\" rel=\"noopener noreferrer\">Acesse aqui<\/a><\/p>\n<p><strong>Participantes: <\/strong>\u00a0COJE | SEJUD | DPG\u00a0| SEPLAN<br \/>\n<strong>Data:<\/strong> 25\/04\/2017<br \/>\n<a href=\"http:\/\/www5.tjba.jus.br\/estrategia\/wp-content\/uploads\/2017\/06\/Ata-de-Reuni\u00e3o-RLA-2017_04_25_COJE_SEJUD_DPG.pdf\" target=\"_blank\" rel=\"noopener noreferrer\">Acesse aqui<\/a><\/p>\n","protected":false},"excerpt":{"rendered":"<p>..:: ATAS ::.. Reuni\u00e3o COLETIVA \u00a0 \u00a0 \u00a0 \u00a0 \u00a0 \u00a0 \u00a0 \u00a0 \u00a0 \u00a0 \u00a0 \u00a0 \u00a0 \u00a0 \u00a0 \u00a0 \u00a0 \u00a0 \u00a0 \u00a0 \u00a0 \u00a0 Data: 05\/06\/2017 Acesse aqui Participantes: AEPII\u00a0| SEPLAN Data: 26\/05\/2017 Acesse aqui Participantes: SETIM\u00a0| SEPLAN Data: 22\/05\/2017 Acesse aqui Participantes: COJE\u00a0| SEPLAN Data: 22\/05\/2017 Acesse aqui Participantes: SEAD\u00a0| SEPLAN [&hellip;]<\/p>\n","protected":false},"author":2,"featured_media":0,"parent":0,"menu_order":0,"comment_status":"closed","ping_status":"closed","template":"","meta":{"footnotes":""},"class_list":["post-3666","page","type-page","status-publish","hentry"],"acf":[],"featured_image_src":null,"_links":{"self":[{"href":"https:\/\/www.tjba.jus.br\/estrategia\/wp-json\/wp\/v2\/pages\/3666","targetHints":{"allow":["GET"]}}],"collection":[{"href":"https:\/\/www.tjba.jus.br\/estrategia\/wp-json\/wp\/v2\/pages"}],"about":[{"href":"https:\/\/www.tjba.jus.br\/estrategia\/wp-json\/wp\/v2\/types\/page"}],"author":[{"embeddable":true,"href":"https:\/\/www.tjba.jus.br\/estrategia\/wp-json\/wp\/v2\/users\/2"}],"replies":[{"embeddable":true,"href":"https:\/\/www.tjba.jus.br\/estrategia\/wp-json\/wp\/v2\/comments?post=3666"}],"version-history":[{"count":1,"href":"https:\/\/www.tjba.jus.br\/estrategia\/wp-json\/wp\/v2\/pages\/3666\/revisions"}],"predecessor-version":[{"id":3667,"href":"https:\/\/www.tjba.jus.br\/estrategia\/wp-json\/wp\/v2\/pages\/3666\/revisions\/3667"}],"wp:attachment":[{"href":"https:\/\/www.tjba.jus.br\/estrategia\/wp-json\/wp\/v2\/media?parent=3666"}],"curies":[{"name":"wp","href":"https:\/\/api.w.org\/{rel}","templated":true}]}}