{"id":3674,"date":"2018-03-28T12:59:05","date_gmt":"2018-03-28T12:59:05","guid":{"rendered":"http:\/\/www5.tjba.jus.br\/estrategia\/?page_id=3674"},"modified":"2018-09-21T16:39:47","modified_gmt":"2018-09-21T16:39:47","slug":"reuniao-de-analise-da-estrategia-rae-26-03-2018","status":"publish","type":"page","link":"https:\/\/www.tjba.jus.br\/estrategia\/reuniao-de-analise-da-estrategia-rae-26-03-2018\/","title":{"rendered":"Reuni\u00e3o de An\u00e1lise da Estrat\u00e9gia \u2013 RAE (26\/03\/2018)"},"content":{"rendered":"<p><strong><a href=\"http:\/\/www5.tjba.jus.br\/estrategia\/wp-content\/uploads\/2018\/09\/Ata-de-Reuni\u00e3o-RAE-26_03_2018-aprovada-e-assinada.pdf\" target=\"_blank\" rel=\"noopener\">Acesse aqui<\/a> a ata da IV RAE.<\/strong><\/p>\n<p>&nbsp;<\/p>\n<p><strong>..:: Apresenta\u00e7\u00e3o\u00a0::..<\/strong><a href=\"http:\/\/www5.tjba.jus.br\/estrategia\/wp-content\/uploads\/2018\/03\/IV-RAE.pdf\" target=\"_blank\" rel=\"noopener\"><img loading=\"lazy\" decoding=\"async\" class=\"wp-image-3676 size-full alignleft\" title=\"Clique para acessar\" src=\"http:\/\/www5.tjba.jus.br\/estrategia\/wp-content\/uploads\/2018\/03\/fundo-slide-RAE_-portal.jpg\" alt=\"\" width=\"640\" height=\"463\" srcset=\"https:\/\/www.tjba.jus.br\/estrategia\/wp-content\/uploads\/2018\/03\/fundo-slide-RAE_-portal.jpg 640w, https:\/\/www.tjba.jus.br\/estrategia\/wp-content\/uploads\/2018\/03\/fundo-slide-RAE_-portal-300x217.jpg 300w\" sizes=\"auto, (max-width: 640px) 100vw, 640px\" \/><\/a><\/p>\n<p>&nbsp;<\/p>\n<p>&nbsp;<\/p>\n<p>&nbsp;<\/p>\n<p>&nbsp;<\/p>\n<p>&nbsp;<\/p>\n<p>&nbsp;<\/p>\n<p>&nbsp;<\/p>\n<p>&nbsp;<\/p>\n<p>&nbsp;<\/p>\n<p>&nbsp;<\/p>\n<p>&nbsp;<\/p>\n<p>&nbsp;<\/p>\n<p>&nbsp;<\/p>\n<p>&nbsp;<\/p>\n<p>&nbsp;<\/p>\n<p><strong>..:: Galeria de Fotos ::..<\/strong><\/p>\n<p>[huge_it_gallery id=&#8221;17&#8243;]<\/p>\n<p>&nbsp;<\/p>\n<p>&nbsp;<\/p>\n<p><strong>..:: Mat\u00e9rias Relacionadas ::..<\/strong><\/p>\n<ul>\n<li><a href=\"http:\/\/www5.tjba.jus.br\/estrategia\/index.php\/2018\/03\/26\/primeira-rae-de-2018-seleciona-projetos-para-portfolio-estrategico-do-tjba-no-bienio-2018-2019\/\" target=\"_blank\" rel=\"noopener\">Primeira RAE de 2018 seleciona projetos para portf\u00f3lio estrat\u00e9gico do TJBA no bi\u00eanio 2018\/2019<\/a><\/li>\n<li><a href=\"http:\/\/www5.tjba.jus.br\/estrategia\/index.php\/2018\/03\/14\/reuniao-de-lideres-avanca-na-implementacao-de-novos-projetos-e-estrategias-para-o-tjba\/\" target=\"_blank\" rel=\"noopener\">Reuni\u00e3o de L\u00edderes avan\u00e7a na implementa\u00e7\u00e3o de novos projetos e estrat\u00e9gias para o TJBA<\/a><\/li>\n<li><a href=\"http:\/\/www5.tjba.jus.br\/estrategia\/index.php\/2018\/03\/13\/reuniao-de-lideres-avancados-ocorre-nesta-quarta-feira-14\/\" target=\"_blank\" rel=\"noopener\">Reuni\u00e3o de L\u00edderes Avan\u00e7ados ocorre nesta quarta-feira (14)<\/a><\/li>\n<li><a href=\"http:\/\/www5.tjba.jus.br\/estrategia\/index.php\/2018\/03\/08\/iii-workshop-da-estrategia\/\" target=\"_blank\" rel=\"noopener\">Seplan realiza III Workshop da Estrat\u00e9gia com setores do TJBA para alinhamento institucional<\/a><\/li>\n<\/ul>\n","protected":false},"excerpt":{"rendered":"<p>Acesse aqui a ata da IV RAE. &nbsp; ..:: Apresenta\u00e7\u00e3o\u00a0::.. &nbsp; &nbsp; &nbsp; &nbsp; &nbsp; &nbsp; &nbsp; &nbsp; &nbsp; &nbsp; &nbsp; &nbsp; &nbsp; &nbsp; &nbsp; ..:: Galeria de Fotos ::.. [huge_it_gallery id=&#8221;17&#8243;] &nbsp; &nbsp; ..:: Mat\u00e9rias Relacionadas ::.. Primeira RAE de 2018 seleciona projetos para portf\u00f3lio estrat\u00e9gico do TJBA no bi\u00eanio 2018\/2019 Reuni\u00e3o de L\u00edderes [&hellip;]<\/p>\n","protected":false},"author":2,"featured_media":0,"parent":0,"menu_order":0,"comment_status":"closed","ping_status":"closed","template":"","meta":{"footnotes":""},"class_list":["post-3674","page","type-page","status-publish","hentry"],"acf":[],"featured_image_src":null,"_links":{"self":[{"href":"https:\/\/www.tjba.jus.br\/estrategia\/wp-json\/wp\/v2\/pages\/3674","targetHints":{"allow":["GET"]}}],"collection":[{"href":"https:\/\/www.tjba.jus.br\/estrategia\/wp-json\/wp\/v2\/pages"}],"about":[{"href":"https:\/\/www.tjba.jus.br\/estrategia\/wp-json\/wp\/v2\/types\/page"}],"author":[{"embeddable":true,"href":"https:\/\/www.tjba.jus.br\/estrategia\/wp-json\/wp\/v2\/users\/2"}],"replies":[{"embeddable":true,"href":"https:\/\/www.tjba.jus.br\/estrategia\/wp-json\/wp\/v2\/comments?post=3674"}],"version-history":[{"count":10,"href":"https:\/\/www.tjba.jus.br\/estrategia\/wp-json\/wp\/v2\/pages\/3674\/revisions"}],"predecessor-version":[{"id":3910,"href":"https:\/\/www.tjba.jus.br\/estrategia\/wp-json\/wp\/v2\/pages\/3674\/revisions\/3910"}],"wp:attachment":[{"href":"https:\/\/www.tjba.jus.br\/estrategia\/wp-json\/wp\/v2\/media?parent=3674"}],"curies":[{"name":"wp","href":"https:\/\/api.w.org\/{rel}","templated":true}]}}