{"id":369,"date":"2017-01-27T15:42:54","date_gmt":"2017-01-27T15:42:54","guid":{"rendered":"http:\/\/vespa.tjba.jus.br\/estrategia\/?page_id=369"},"modified":"2026-03-10T08:44:56","modified_gmt":"2026-03-10T11:44:56","slug":"mapa-estrategico","status":"publish","type":"page","link":"https:\/\/www.tjba.jus.br\/estrategia\/mapa-estrategico\/","title":{"rendered":"Mapa Estrat\u00e9gico 2015-2020"},"content":{"rendered":"\n<p>O<strong>\u00a0Mapa Estrat\u00e9gico<\/strong>\u00a0sintetiza o Plano, pois parte da Miss\u00e3o e Vis\u00e3o da institui\u00e7\u00e3o (ao centro) para os Macrodesafios propostos e seu desdobramento em a\u00e7\u00f5es. Esta disposi\u00e7\u00e3o visual permite r\u00e1pida assimila\u00e7\u00e3o da ess\u00eancia da estrat\u00e9gia adotada.<\/p>\n\n\n\n<div data-wp-interactive=\"core\/file\" class=\"wp-block-file\"><object data-wp-bind--hidden=\"!state.hasPdfPreview\" hidden class=\"wp-block-file__embed\" data=\"https:\/\/www.tjba.jus.br\/estrategia\/wp-content\/uploads\/2017\/02\/mapa_estrategico_tjba_2015_2020_12052015.pdf\" type=\"application\/pdf\" style=\"width:100%;height:600px\" aria-label=\"Incorporado de Mapa Estrat\u00e9gico.\"><\/object><a id=\"wp-block-file--media-302f9329-1089-4fdf-9d08-c6667fc8806c\" href=\"https:\/\/www.tjba.jus.br\/estrategia\/wp-content\/uploads\/2017\/02\/mapa_estrategico_tjba_2015_2020_12052015.pdf\">Mapa Estrat\u00e9gico<\/a><a href=\"https:\/\/www.tjba.jus.br\/estrategia\/wp-content\/uploads\/2017\/02\/mapa_estrategico_tjba_2015_2020_12052015.pdf\" class=\"wp-block-file__button wp-element-button\" download aria-describedby=\"wp-block-file--media-302f9329-1089-4fdf-9d08-c6667fc8806c\">Baixar<\/a><\/div>\n\n\n\n<p><em><strong>..:: Confira o mapa estrat\u00e9gico de cada unidade ::..<\/strong><\/em><\/p>\n\n\n<div class=\"wp-block-image\">\n<figure class=\"alignleft\"><a href=\"http:\/\/www5.tjba.jus.br\/estrategia\/wp-content\/uploads\/2017\/03\/mapa-estrategico-ASCOM.pdf\" target=\"_blank\" rel=\"noopener noreferrer\"><img loading=\"lazy\" decoding=\"async\" width=\"300\" height=\"213\" src=\"http:\/\/www5.tjba.jus.br\/estrategia\/wp-content\/uploads\/2017\/03\/icon-mapa-ASCOM-300x213.png\" alt=\"\" class=\"wp-image-1519\" title=\"Mapa Estrat\u00e9gico ASCOM\" srcset=\"https:\/\/www.tjba.jus.br\/estrategia\/wp-content\/uploads\/2017\/03\/icon-mapa-ASCOM-300x213.png 300w, https:\/\/www.tjba.jus.br\/estrategia\/wp-content\/uploads\/2017\/03\/icon-mapa-ASCOM.png 352w\" sizes=\"auto, (max-width: 300px) 100vw, 300px\" \/><\/a><\/figure>\n<\/div>\n\n<div class=\"wp-block-image\">\n<figure class=\"alignleft\"><a href=\"http:\/\/www5.tjba.jus.br\/estrategia\/wp-content\/uploads\/2017\/03\/mapa-estrategico-COJE.pdf\" target=\"_blank\" rel=\"noopener noreferrer\"><img loading=\"lazy\" decoding=\"async\" width=\"300\" height=\"213\" src=\"http:\/\/www5.tjba.jus.br\/estrategia\/wp-content\/uploads\/2017\/03\/icon-mapa-COJE-300x213.png\" alt=\"\" class=\"wp-image-1520\" title=\"Mapa Estrat\u00e9gico COJE\" srcset=\"https:\/\/www.tjba.jus.br\/estrategia\/wp-content\/uploads\/2017\/03\/icon-mapa-COJE-300x213.png 300w, https:\/\/www.tjba.jus.br\/estrategia\/wp-content\/uploads\/2017\/03\/icon-mapa-COJE.png 352w\" sizes=\"auto, (max-width: 300px) 100vw, 300px\" \/><\/a><\/figure>\n<\/div>\n\n<div class=\"wp-block-image\">\n<figure class=\"alignleft\"><a href=\"http:\/\/www5.tjba.jus.br\/estrategia\/wp-content\/uploads\/2017\/09\/MAPA-ESTRATEGICO-CORREGEDORIA-201216.pdf\" target=\"_blank\" rel=\"noopener noreferrer\"><img loading=\"lazy\" decoding=\"async\" width=\"352\" height=\"250\" src=\"http:\/\/www5.tjba.jus.br\/estrategia\/wp-content\/uploads\/2017\/09\/icon-mapa-CORREGEDORIA.png\" alt=\"\" class=\"wp-image-2816\" title=\"Mapa Estrat\u00e9gico Corregedoria\" srcset=\"https:\/\/www.tjba.jus.br\/estrategia\/wp-content\/uploads\/2017\/09\/icon-mapa-CORREGEDORIA.png 352w, https:\/\/www.tjba.jus.br\/estrategia\/wp-content\/uploads\/2017\/09\/icon-mapa-CORREGEDORIA-300x213.png 300w\" sizes=\"auto, (max-width: 352px) 100vw, 352px\" \/><\/a><\/figure>\n<\/div>\n\n<div class=\"wp-block-image\">\n<figure class=\"alignleft\"><a href=\"http:\/\/www5.tjba.jus.br\/estrategia\/wp-content\/uploads\/2017\/03\/mapa-estrategico-CTJUD.pdf\" target=\"_blank\" rel=\"noopener noreferrer\"><img loading=\"lazy\" decoding=\"async\" width=\"300\" height=\"213\" src=\"http:\/\/www5.tjba.jus.br\/estrategia\/wp-content\/uploads\/2017\/03\/icon-mapa-CTJUD-300x213.png\" alt=\"\" class=\"wp-image-1521\" title=\"Mapa Estrat\u00e9gico CTJUD\" srcset=\"https:\/\/www.tjba.jus.br\/estrategia\/wp-content\/uploads\/2017\/03\/icon-mapa-CTJUD-300x213.png 300w, https:\/\/www.tjba.jus.br\/estrategia\/wp-content\/uploads\/2017\/03\/icon-mapa-CTJUD.png 352w\" sizes=\"auto, (max-width: 300px) 100vw, 300px\" \/><\/a><\/figure>\n<\/div>\n\n<div class=\"wp-block-image\">\n<figure class=\"alignleft\"><a href=\"http:\/\/www5.tjba.jus.br\/estrategia\/wp-content\/uploads\/2017\/03\/mapa-estrategico-DPG.pdf\" target=\"_blank\" rel=\"noopener noreferrer\"><img loading=\"lazy\" decoding=\"async\" width=\"300\" height=\"213\" src=\"http:\/\/www5.tjba.jus.br\/estrategia\/wp-content\/uploads\/2017\/03\/icon-mapa-DPG-300x213.png\" alt=\"\" class=\"wp-image-1522\" title=\"Mapa Estrat\u00e9gico DPG\" srcset=\"https:\/\/www.tjba.jus.br\/estrategia\/wp-content\/uploads\/2017\/03\/icon-mapa-DPG-300x213.png 300w, https:\/\/www.tjba.jus.br\/estrategia\/wp-content\/uploads\/2017\/03\/icon-mapa-DPG.png 352w\" sizes=\"auto, (max-width: 300px) 100vw, 300px\" \/><\/a><\/figure>\n<\/div>\n\n<div class=\"wp-block-image\">\n<figure class=\"alignleft\"><a href=\"http:\/\/www5.tjba.jus.br\/estrategia\/wp-content\/uploads\/2017\/03\/mapa-estrategico-NUPEMEC.pdf\" target=\"_blank\" rel=\"noopener noreferrer\"><img loading=\"lazy\" decoding=\"async\" width=\"300\" height=\"213\" src=\"http:\/\/www5.tjba.jus.br\/estrategia\/wp-content\/uploads\/2017\/03\/icon-mapa-NUPEMEC-300x213.png\" alt=\"\" class=\"wp-image-1523\" title=\"Mapa Estrat\u00e9gico NUPEMEC\" srcset=\"https:\/\/www.tjba.jus.br\/estrategia\/wp-content\/uploads\/2017\/03\/icon-mapa-NUPEMEC-300x213.png 300w, https:\/\/www.tjba.jus.br\/estrategia\/wp-content\/uploads\/2017\/03\/icon-mapa-NUPEMEC.png 352w\" sizes=\"auto, (max-width: 300px) 100vw, 300px\" \/><\/a><\/figure>\n<\/div>\n\n<div class=\"wp-block-image\">\n<figure class=\"alignleft\"><a href=\"http:\/\/www5.tjba.jus.br\/estrategia\/wp-content\/uploads\/2017\/03\/mapa-estrategico-SEAD.pdf\" target=\"_blank\" rel=\"noopener noreferrer\"><img loading=\"lazy\" decoding=\"async\" width=\"300\" height=\"213\" src=\"http:\/\/www5.tjba.jus.br\/estrategia\/wp-content\/uploads\/2017\/03\/icon-mapa-SEAD-300x213.png\" alt=\"\" class=\"wp-image-1524\" title=\"Mapa Estrat\u00e9gico SEAD\" srcset=\"https:\/\/www.tjba.jus.br\/estrategia\/wp-content\/uploads\/2017\/03\/icon-mapa-SEAD-300x213.png 300w, https:\/\/www.tjba.jus.br\/estrategia\/wp-content\/uploads\/2017\/03\/icon-mapa-SEAD.png 352w\" sizes=\"auto, (max-width: 300px) 100vw, 300px\" \/><\/a><\/figure>\n<\/div>\n\n<div class=\"wp-block-image\">\n<figure class=\"alignleft\"><a href=\"http:\/\/www5.tjba.jus.br\/estrategia\/wp-content\/uploads\/2017\/03\/mapa-estrategico-SEJUD.pdf\" target=\"_blank\" rel=\"noopener noreferrer\"><img loading=\"lazy\" decoding=\"async\" width=\"300\" height=\"213\" src=\"http:\/\/www5.tjba.jus.br\/estrategia\/wp-content\/uploads\/2017\/03\/icon-mapa-SEJUD-300x213.png\" alt=\"\" class=\"wp-image-1525\" title=\"Mapa Estrat\u00e9gico SEJUD\" srcset=\"https:\/\/www.tjba.jus.br\/estrategia\/wp-content\/uploads\/2017\/03\/icon-mapa-SEJUD-300x213.png 300w, https:\/\/www.tjba.jus.br\/estrategia\/wp-content\/uploads\/2017\/03\/icon-mapa-SEJUD.png 352w\" sizes=\"auto, (max-width: 300px) 100vw, 300px\" \/><\/a><\/figure>\n<\/div>\n\n<div class=\"wp-block-image\">\n<figure class=\"alignleft\"><a href=\"http:\/\/www5.tjba.jus.br\/estrategia\/wp-content\/uploads\/2017\/03\/mapa-estrategico-SEPLAN.pdf\" target=\"_blank\" rel=\"noopener noreferrer\"><img loading=\"lazy\" decoding=\"async\" width=\"300\" height=\"213\" src=\"http:\/\/www5.tjba.jus.br\/estrategia\/wp-content\/uploads\/2017\/03\/icon-mapa-SEPLAN-300x213.png\" alt=\"\" class=\"wp-image-1528\" title=\"Mapa Estrat\u00e9gico SEPLAN\" srcset=\"https:\/\/www.tjba.jus.br\/estrategia\/wp-content\/uploads\/2017\/03\/icon-mapa-SEPLAN-300x213.png 300w, https:\/\/www.tjba.jus.br\/estrategia\/wp-content\/uploads\/2017\/03\/icon-mapa-SEPLAN.png 352w\" sizes=\"auto, (max-width: 300px) 100vw, 300px\" \/><\/a><\/figure>\n<\/div>\n\n<div class=\"wp-block-image\">\n<figure class=\"alignleft\"><a href=\"http:\/\/www5.tjba.jus.br\/estrategia\/wp-content\/uploads\/2017\/03\/mapa-estrategico-SETIM.pdf\" target=\"_blank\" rel=\"noopener noreferrer\"><img loading=\"lazy\" decoding=\"async\" width=\"300\" height=\"213\" src=\"http:\/\/www5.tjba.jus.br\/estrategia\/wp-content\/uploads\/2017\/03\/icon-mapa-SETIM-300x213.png\" alt=\"\" class=\"wp-image-1526\" title=\"Mapa Estrat\u00e9gico SETIM\" srcset=\"https:\/\/www.tjba.jus.br\/estrategia\/wp-content\/uploads\/2017\/03\/icon-mapa-SETIM-300x213.png 300w, https:\/\/www.tjba.jus.br\/estrategia\/wp-content\/uploads\/2017\/03\/icon-mapa-SETIM.png 352w\" sizes=\"auto, (max-width: 300px) 100vw, 300px\" \/><\/a><\/figure>\n<\/div>\n\n<div class=\"wp-block-image\">\n<figure class=\"alignleft\"><a href=\"http:\/\/www5.tjba.jus.br\/estrategia\/wp-content\/uploads\/2017\/03\/mapa-estrategico-UNICORP.pdf\" target=\"_blank\" rel=\"noopener noreferrer\"><img loading=\"lazy\" decoding=\"async\" width=\"300\" height=\"213\" src=\"http:\/\/www5.tjba.jus.br\/estrategia\/wp-content\/uploads\/2017\/03\/icon-mapa-UNICORP-300x213.png\" alt=\"\" class=\"wp-image-1527\" title=\"Mapa Estrat\u00e9gico UNICORP\" srcset=\"https:\/\/www.tjba.jus.br\/estrategia\/wp-content\/uploads\/2017\/03\/icon-mapa-UNICORP-300x213.png 300w, https:\/\/www.tjba.jus.br\/estrategia\/wp-content\/uploads\/2017\/03\/icon-mapa-UNICORP.png 352w\" sizes=\"auto, (max-width: 300px) 100vw, 300px\" \/><\/a><\/figure>\n<\/div>\n\n\n<p><br><\/p>\n\n\n\n<p>&nbsp;<\/p>\n\n\n\n<p>&nbsp;<\/p>\n\n\n\n<p>&nbsp;<\/p>\n\n\n\n<p>&nbsp;<\/p>\n\n\n\n<p>&nbsp;<\/p>\n\n\n\n<p>&nbsp;<\/p>\n\n\n\n<p>&nbsp;<\/p>\n\n\n\n<p>&nbsp;<\/p>\n","protected":false},"excerpt":{"rendered":"<p>O\u00a0Mapa Estrat\u00e9gico\u00a0sintetiza o Plano, pois parte da Miss\u00e3o e Vis\u00e3o da institui\u00e7\u00e3o (ao centro) para os Macrodesafios propostos e seu desdobramento em a\u00e7\u00f5es. Esta disposi\u00e7\u00e3o visual permite r\u00e1pida assimila\u00e7\u00e3o da ess\u00eancia da estrat\u00e9gia adotada. ..:: Confira o mapa estrat\u00e9gico de cada unidade ::.. &nbsp; &nbsp; &nbsp; &nbsp; &nbsp; &nbsp; &nbsp; &nbsp;<\/p>\n","protected":false},"author":2,"featured_media":0,"parent":0,"menu_order":2,"comment_status":"closed","ping_status":"closed","template":"page-modelo-1280px.php","meta":{"footnotes":""},"class_list":["post-369","page","type-page","status-publish","hentry"],"acf":[],"featured_image_src":null,"_links":{"self":[{"href":"https:\/\/www.tjba.jus.br\/estrategia\/wp-json\/wp\/v2\/pages\/369","targetHints":{"allow":["GET"]}}],"collection":[{"href":"https:\/\/www.tjba.jus.br\/estrategia\/wp-json\/wp\/v2\/pages"}],"about":[{"href":"https:\/\/www.tjba.jus.br\/estrategia\/wp-json\/wp\/v2\/types\/page"}],"author":[{"embeddable":true,"href":"https:\/\/www.tjba.jus.br\/estrategia\/wp-json\/wp\/v2\/users\/2"}],"replies":[{"embeddable":true,"href":"https:\/\/www.tjba.jus.br\/estrategia\/wp-json\/wp\/v2\/comments?post=369"}],"version-history":[{"count":117,"href":"https:\/\/www.tjba.jus.br\/estrategia\/wp-json\/wp\/v2\/pages\/369\/revisions"}],"predecessor-version":[{"id":10008,"href":"https:\/\/www.tjba.jus.br\/estrategia\/wp-json\/wp\/v2\/pages\/369\/revisions\/10008"}],"wp:attachment":[{"href":"https:\/\/www.tjba.jus.br\/estrategia\/wp-json\/wp\/v2\/media?parent=369"}],"curies":[{"name":"wp","href":"https:\/\/api.w.org\/{rel}","templated":true}]}}