{"id":3778,"date":"2018-05-22T16:21:44","date_gmt":"2018-05-22T16:21:44","guid":{"rendered":"http:\/\/www5.tjba.jus.br\/estrategia\/?page_id=3778"},"modified":"2018-07-30T12:58:24","modified_gmt":"2018-07-30T12:58:24","slug":"semana-de-sentencas-e-baixas-processuais-23-a-27-de-julho-de-2018","status":"publish","type":"page","link":"https:\/\/www.tjba.jus.br\/estrategia\/semana-de-sentencas-e-baixas-processuais-23-a-27-de-julho-de-2018\/","title":{"rendered":"Semana de Senten\u00e7as e Baixas Processuais &#8211; 23 a 27 de julho de 2018"},"content":{"rendered":"<p>&nbsp;<\/p>\n<p><a href=\"http:\/\/www5.tjba.jus.br\/estrategia\/wp-content\/uploads\/2018\/05\/ban-Semana-Baixa-DENTRO-2018-1.png\"><img loading=\"lazy\" decoding=\"async\" class=\"aligncenter size-full wp-image-3820\" src=\"http:\/\/www5.tjba.jus.br\/estrategia\/wp-content\/uploads\/2018\/05\/ban-Semana-Baixa-DENTRO-2018-1.png\" alt=\"\" width=\"1200\" height=\"380\" srcset=\"https:\/\/www.tjba.jus.br\/estrategia\/wp-content\/uploads\/2018\/05\/ban-Semana-Baixa-DENTRO-2018-1.png 1200w, https:\/\/www.tjba.jus.br\/estrategia\/wp-content\/uploads\/2018\/05\/ban-Semana-Baixa-DENTRO-2018-1-300x95.png 300w, https:\/\/www.tjba.jus.br\/estrategia\/wp-content\/uploads\/2018\/05\/ban-Semana-Baixa-DENTRO-2018-1-768x243.png 768w, https:\/\/www.tjba.jus.br\/estrategia\/wp-content\/uploads\/2018\/05\/ban-Semana-Baixa-DENTRO-2018-1-1024x324.png 1024w\" sizes=\"auto, (max-width: 1200px) 100vw, 1200px\" \/><\/a><\/p>\n<table>\n<tbody>\n<tr>\n<th>\n<p style=\"padding-left: 60px;\"><a href=\"http:\/\/www5.tjba.jus.br\/estrategia\/wp-content\/uploads\/2017\/09\/ICONE-PROCESSOMETRO.png\"><img loading=\"lazy\" decoding=\"async\" class=\"alignleft wp-image-3001\" src=\"http:\/\/www5.tjba.jus.br\/estrategia\/wp-content\/uploads\/2017\/09\/ICONE-PROCESSOMETRO.png\" alt=\"\" width=\"200\" height=\"200\" srcset=\"https:\/\/www.tjba.jus.br\/estrategia\/wp-content\/uploads\/2017\/09\/ICONE-PROCESSOMETRO.png 512w, https:\/\/www.tjba.jus.br\/estrategia\/wp-content\/uploads\/2017\/09\/ICONE-PROCESSOMETRO-150x150.png 150w, https:\/\/www.tjba.jus.br\/estrategia\/wp-content\/uploads\/2017\/09\/ICONE-PROCESSOMETRO-300x300.png 300w, https:\/\/www.tjba.jus.br\/estrategia\/wp-content\/uploads\/2017\/09\/ICONE-PROCESSOMETRO-50x50.png 50w\" sizes=\"auto, (max-width: 200px) 100vw, 200px\" \/><\/a><\/p>\n<\/th>\n<th rowspan=\"2\">[visualizer id=&#8221;3058&#8243;]<\/th>\n<th rowspan=\"2\">[visualizer id=&#8221;3027&#8243;]<\/th>\n<\/tr>\n<tr>\n<td>(Atualizado em: 28\/07\/2018 \u00e0s 10:00h)<\/td>\n<\/tr>\n<\/tbody>\n<\/table>\n<p>&nbsp;<\/p>\n<p><strong>..:: TUTORIAIS<\/strong> com orienta\u00e7\u00f5es de como encaminhar processos \u00e0 Central de Custas:<\/p>\n<p><a href=\"http:\/\/www5.tjba.jus.br\/estrategia\/wp-content\/uploads\/2017\/10\/tutorial_pje_envio_a_central_custas_0211017.pdf\" target=\"_blank\" rel=\"noopener\"><img loading=\"lazy\" decoding=\"async\" class=\"alignleft wp-image-3072 size-full\" title=\"Clique para acessar\" src=\"http:\/\/www5.tjba.jus.br\/estrategia\/wp-content\/uploads\/2017\/09\/botao-PJE.png\" alt=\"\" width=\"100\" height=\"50\" \/><\/a> <a href=\"http:\/\/www5.tjba.jus.br\/estrategia\/wp-content\/uploads\/2017\/10\/tutorial_saj_custas_2_021017.pdf\" target=\"_blank\" rel=\"noopener\"><img loading=\"lazy\" decoding=\"async\" class=\"alignleft wp-image-3075 size-full\" title=\"Clique para acessar\" src=\"http:\/\/www5.tjba.jus.br\/estrategia\/wp-content\/uploads\/2017\/09\/botao-SAJ.png\" alt=\"\" width=\"100\" height=\"50\" \/><\/a><a href=\"http:\/\/www5.tjba.jus.br\/estrategia\/wp-content\/uploads\/2017\/10\/TUTORIAL_PROJUDI_Central_Custas.pdf\" target=\"_blank\" rel=\"noopener\"><img loading=\"lazy\" decoding=\"async\" class=\"alignleft wp-image-3073 size-full\" title=\"Clique para acessar\" src=\"http:\/\/www5.tjba.jus.br\/estrategia\/wp-content\/uploads\/2017\/09\/botao-PROJUDI.png\" alt=\"\" width=\"100\" height=\"50\" \/><\/a> <a href=\"http:\/\/www5.tjba.jus.br\/estrategia\/wp-content\/uploads\/2017\/09\/MANUAL-SAIPRO-CENTRAL-DE-CUSTAS_-FINAL.pdf\" target=\"_blank\" rel=\"noopener\"><img loading=\"lazy\" decoding=\"async\" class=\"alignleft wp-image-3074 size-full\" title=\"Clique para acessar\" src=\"http:\/\/www5.tjba.jus.br\/estrategia\/wp-content\/uploads\/2017\/09\/botao-SAIPRO.png\" alt=\"\" width=\"100\" height=\"50\" \/><\/a><\/p>\n<p>&nbsp;<\/p>\n<p>&nbsp;<\/p>\n<p>&nbsp;<\/p>\n<p><span style=\"color: #ff0000;\"><strong>* As unidades dever\u00e3o separar os\u00a0<\/strong><strong>processos f\u00edsicos, baixados nos moldes dos tutoriais, aguardando orienta\u00e7\u00f5es de envio para a Central de Custas.<\/strong><\/span><\/p>\n<p>&nbsp;<\/p>\n<p><strong>..:: DISPOSI\u00c7\u00d5ES\u00a0<\/strong>sobre a Semana Estadual de Senten\u00e7as e Baixas Processuais<span style=\"color: #000000;\">:<\/span><\/p>\n<p><a href=\"http:\/\/www5.tjba.jus.br\/estrategia\/wp-content\/uploads\/2018\/05\/Ato-Conjunto-n\u00ba4.pdf\" target=\"_blank\" rel=\"noopener\"><img loading=\"lazy\" decoding=\"async\" class=\"alignleft wp-image-3086\" title=\"Clique para acessar\" src=\"http:\/\/www5.tjba.jus.br\/estrategia\/wp-content\/uploads\/2017\/09\/botao-ato-conjunto.png\" alt=\"\" width=\"175\" height=\"52\" \/><\/a><\/p>\n<p>&nbsp;<\/p>\n<p>&nbsp;<\/p>\n<p>&nbsp;<\/p>\n<p><strong>* As listas que seguem s\u00e3o apenas <span style=\"color: #ff0000;\">sugest\u00f5es de direcionamento<\/span>, n\u00e3o vinculando as unidades.<\/strong><\/p>\n<p><a href=\"http:\/\/www5.tjba.jus.br\/estrategia\/wp-content\/uploads\/2018\/07\/Conclusos.pdf\" target=\"_blank\" rel=\"noopener\"><img loading=\"lazy\" decoding=\"async\" class=\"alignleft wp-image-3784\" title=\"Processos Conclusos para Senten\u00e7a\" src=\"http:\/\/www5.tjba.jus.br\/estrategia\/wp-content\/uploads\/2018\/05\/icones-semana-baixa-2018-1.png\" alt=\"\" width=\"350\" height=\"149\" srcset=\"https:\/\/www.tjba.jus.br\/estrategia\/wp-content\/uploads\/2018\/05\/icones-semana-baixa-2018-1.png 400w, https:\/\/www.tjba.jus.br\/estrategia\/wp-content\/uploads\/2018\/05\/icones-semana-baixa-2018-1-300x128.png 300w\" sizes=\"auto, (max-width: 350px) 100vw, 350px\" \/><\/a><a href=\"http:\/\/www5.tjba.jus.br\/estrategia\/wp-content\/uploads\/2018\/07\/META-2.pdf\" target=\"_blank\" rel=\"noopener\"><img loading=\"lazy\" decoding=\"async\" class=\"alignleft wp-image-3785\" title=\"Processos Meta 2\" src=\"http:\/\/www5.tjba.jus.br\/estrategia\/wp-content\/uploads\/2018\/05\/icones-semana-baixa-2018-2.png\" alt=\"\" width=\"350\" height=\"149\" srcset=\"https:\/\/www.tjba.jus.br\/estrategia\/wp-content\/uploads\/2018\/05\/icones-semana-baixa-2018-2.png 400w, https:\/\/www.tjba.jus.br\/estrategia\/wp-content\/uploads\/2018\/05\/icones-semana-baixa-2018-2-300x128.png 300w\" sizes=\"auto, (max-width: 350px) 100vw, 350px\" \/><\/a><\/p>\n<p><a href=\"http:\/\/www5.tjba.jus.br\/estrategia\/wp-content\/uploads\/2018\/07\/META-4.pdf\" target=\"_blank\" rel=\"noopener\"><img loading=\"lazy\" decoding=\"async\" class=\"alignleft wp-image-3786\" title=\"Processos Meta 4\" src=\"http:\/\/www5.tjba.jus.br\/estrategia\/wp-content\/uploads\/2018\/05\/icones-semana-baixa-2018-3.png\" alt=\"\" width=\"350\" height=\"149\" srcset=\"https:\/\/www.tjba.jus.br\/estrategia\/wp-content\/uploads\/2018\/05\/icones-semana-baixa-2018-3.png 400w, https:\/\/www.tjba.jus.br\/estrategia\/wp-content\/uploads\/2018\/05\/icones-semana-baixa-2018-3-300x128.png 300w\" sizes=\"auto, (max-width: 350px) 100vw, 350px\" \/><\/a><\/p>\n<p>&nbsp;<\/p>\n<p><a href=\"http:\/\/www5.tjba.jus.br\/estrategia\/wp-content\/uploads\/2018\/07\/Audiencias.pdf\" target=\"_blank\" rel=\"noopener\"><img loading=\"lazy\" decoding=\"async\" class=\"alignleft wp-image-3788\" title=\"Processos com audi\u00eancias de instru\u00e7\u00e3o realizadas\" src=\"http:\/\/www5.tjba.jus.br\/estrategia\/wp-content\/uploads\/2018\/05\/icones-semana-baixa-2018-5.png\" alt=\"\" width=\"350\" height=\"149\" srcset=\"https:\/\/www.tjba.jus.br\/estrategia\/wp-content\/uploads\/2018\/05\/icones-semana-baixa-2018-5.png 400w, https:\/\/www.tjba.jus.br\/estrategia\/wp-content\/uploads\/2018\/05\/icones-semana-baixa-2018-5-300x128.png 300w\" sizes=\"auto, (max-width: 350px) 100vw, 350px\" \/><\/a><\/p>\n<p><a href=\"http:\/\/www5.tjba.jus.br\/estrategia\/wp-content\/uploads\/2018\/07\/15-dias-sem-recurso.pdf\" target=\"_blank\" rel=\"noopener\"><img loading=\"lazy\" decoding=\"async\" class=\"alignleft wp-image-3789\" title=\"Processos julgados com mais de 15 dias e sem recurso\" src=\"http:\/\/www5.tjba.jus.br\/estrategia\/wp-content\/uploads\/2018\/05\/icones-semana-baixa-2018-6.png\" alt=\"\" width=\"350\" height=\"149\" srcset=\"https:\/\/www.tjba.jus.br\/estrategia\/wp-content\/uploads\/2018\/05\/icones-semana-baixa-2018-6.png 400w, https:\/\/www.tjba.jus.br\/estrategia\/wp-content\/uploads\/2018\/05\/icones-semana-baixa-2018-6-300x128.png 300w\" sizes=\"auto, (max-width: 350px) 100vw, 350px\" \/><\/a><\/p>\n<p>&nbsp;<\/p>\n<p>&nbsp;<\/p>\n<p>&nbsp;<\/p>\n<p>&nbsp;<\/p>\n<p>&nbsp;<\/p>\n<p>&nbsp;<\/p>\n<p>&nbsp;<\/p>\n<p>&nbsp;<\/p>\n<p>&nbsp;<\/p>\n<p><a href=\"http:\/\/www5.tjba.jus.br\/estrategia\/wp-content\/uploads\/2018\/05\/icone-busca-3.png\"><img loading=\"lazy\" decoding=\"async\" class=\"aligncenter size-full wp-image-3802\" src=\"http:\/\/www5.tjba.jus.br\/estrategia\/wp-content\/uploads\/2018\/05\/icone-busca-3.png\" alt=\"\" width=\"351\" height=\"170\" srcset=\"https:\/\/www.tjba.jus.br\/estrategia\/wp-content\/uploads\/2018\/05\/icone-busca-3.png 351w, https:\/\/www.tjba.jus.br\/estrategia\/wp-content\/uploads\/2018\/05\/icone-busca-3-300x145.png 300w\" sizes=\"auto, (max-width: 351px) 100vw, 351px\" \/><\/a><\/p>\n","protected":false},"excerpt":{"rendered":"<p>&nbsp; [visualizer id=&#8221;3058&#8243;] [visualizer id=&#8221;3027&#8243;] (Atualizado em: 28\/07\/2018 \u00e0s 10:00h) &nbsp; ..:: TUTORIAIS com orienta\u00e7\u00f5es de como encaminhar processos \u00e0 Central de Custas: &nbsp; &nbsp; &nbsp; * As unidades dever\u00e3o separar os\u00a0processos f\u00edsicos, baixados nos moldes dos tutoriais, aguardando orienta\u00e7\u00f5es de envio para a Central de Custas. &nbsp; ..:: DISPOSI\u00c7\u00d5ES\u00a0sobre a Semana Estadual de Senten\u00e7as [&hellip;]<\/p>\n","protected":false},"author":2,"featured_media":0,"parent":0,"menu_order":0,"comment_status":"closed","ping_status":"closed","template":"","meta":{"footnotes":""},"class_list":["post-3778","page","type-page","status-publish","hentry"],"acf":[],"featured_image_src":null,"_links":{"self":[{"href":"https:\/\/www.tjba.jus.br\/estrategia\/wp-json\/wp\/v2\/pages\/3778","targetHints":{"allow":["GET"]}}],"collection":[{"href":"https:\/\/www.tjba.jus.br\/estrategia\/wp-json\/wp\/v2\/pages"}],"about":[{"href":"https:\/\/www.tjba.jus.br\/estrategia\/wp-json\/wp\/v2\/types\/page"}],"author":[{"embeddable":true,"href":"https:\/\/www.tjba.jus.br\/estrategia\/wp-json\/wp\/v2\/users\/2"}],"replies":[{"embeddable":true,"href":"https:\/\/www.tjba.jus.br\/estrategia\/wp-json\/wp\/v2\/comments?post=3778"}],"version-history":[{"count":31,"href":"https:\/\/www.tjba.jus.br\/estrategia\/wp-json\/wp\/v2\/pages\/3778\/revisions"}],"predecessor-version":[{"id":3850,"href":"https:\/\/www.tjba.jus.br\/estrategia\/wp-json\/wp\/v2\/pages\/3778\/revisions\/3850"}],"wp:attachment":[{"href":"https:\/\/www.tjba.jus.br\/estrategia\/wp-json\/wp\/v2\/media?parent=3778"}],"curies":[{"name":"wp","href":"https:\/\/api.w.org\/{rel}","templated":true}]}}