{"id":3873,"date":"2018-08-29T12:47:39","date_gmt":"2018-08-29T12:47:39","guid":{"rendered":"http:\/\/www5.tjba.jus.br\/estrategia\/?page_id=3873"},"modified":"2018-08-29T13:02:15","modified_gmt":"2018-08-29T13:02:15","slug":"justica-em-numeros-2018","status":"publish","type":"page","link":"https:\/\/www.tjba.jus.br\/estrategia\/justica-em-numeros-2018\/","title":{"rendered":"Justi\u00e7a em N\u00fameros 2018"},"content":{"rendered":"<div style=\"text-align: justify;\">\n<blockquote><p>O relat\u00f3rio Justi\u00e7a em N\u00fameros divulga, dede 2004, a realidade dos tribunais, configurando-se como principal fonte de estat\u00edsticas oficiais do Poder Judici\u00e1rio, bem como ferramenta essencial para subsidiar a Gest\u00e3o Judici\u00e1ria brasileira.<\/p>\n<p>O documento contempla os 27 Tribunais de Justi\u00e7a Estaduais; os cinco Tribunais Regionais Federais; os 24 Tribunais Regionais do Trabalho; os 27 Tribunais Regionais Eleitorais; os tr\u00eas Tribunais de Justi\u00e7a Militar Estaduais; o Superior Tribunal de Justi\u00e7a; o Tribunal Superior do Trabalho; o Tribunal Superior Eleitoral; e o Superior Tribunal Militar.<\/p><\/blockquote>\n<p><strong>Relat\u00f3rio na \u00edntegra<\/strong> <a href=\"http:\/\/www5.tjba.jus.br\/estrategia\/wp-content\/uploads\/2018\/08\/Relat\u00f3rio-Justi\u00e7a-em-N\u00fameros-2018.pdf\" target=\"_blank\" rel=\"noopener\">clique aqui<\/a><\/p>\n<p>&nbsp;<\/p>\n<div class=\"ead-preview\">\n<p>O Tribunal de Justi\u00e7a da Bahia (TJBA) alcan\u00e7ou, em 2017, o <strong>melhor \u00edndice de produtividade entre as Cortes do Judici\u00e1rio estaduais de m\u00e9dio porte<\/strong>. Este resultado de destaque foi apresentado pelo Conselho Nacional de Justi\u00e7a (CNJ) durante a Reuni\u00e3o Preparat\u00f3ria para o XII Encontro Nacional do Poder Judici\u00e1rio. O <a href=\"http:\/\/www5.tjba.jus.br\/estrategia\/wp-content\/uploads\/2018\/08\/Relat\u00f3rio-Justi\u00e7a-em-N\u00fameros-2018.pdf\" target=\"_blank\" rel=\"noopener\">Relat\u00f3rio Justi\u00e7a em N\u00fameros 2018<\/a> re\u00fane dados de 90 tribunais sobre o funcionamento da Justi\u00e7a referentes ao ano anterior, 2017. O estudo aborda toda a atividade da Justi\u00e7a brasileira, com exce\u00e7\u00e3o do Supremo Tribunal Federal (STF).<\/p>\n<p>De acordo com o Relat\u00f3rio do CNJ, o <strong>TJBA obteve 98% no \u00cdndice de Produtividade Comparada da Justi\u00e7a (IPC-Jus)<\/strong>. Isto significa que a Corte do Judici\u00e1rio baiano alcan\u00e7ou o <strong>primeiro lugar entre os Tribunais Estaduais de m\u00e9dio porte, no que tange \u00e0 produtividade e efici\u00eancia<\/strong>. O Tribunal de Justi\u00e7a do Mato Grosso (94%) e o Tribunal de Justi\u00e7a do Maranh\u00e3o (85%) ficaram, respectivamente, em segundo e terceiro colocados.<\/p>\n<p>Com rela\u00e7\u00e3o ao \u00edndice de produtividade de Magistrados, o TJBA tamb\u00e9m foi destaque. Obteve tamb\u00e9m a primeira coloca\u00e7\u00e3o para os dois indicadores. Para o referente \u00e0 produtividade de magistrados, alcan\u00e7ou o total de 2.111, seguido dos Tribunais do Mato Grosso (1.983) e de Santa Catarina (1.926). Com o resultado obtido, considerando os \u00edndices alcan\u00e7ados pelos tribunais de grande porte, o TJBA logrou a terceira coloca\u00e7\u00e3o geral. Resultado muito expressivo.<\/p>\n<p>O \u00edndice de produtividade de Servidores do TJBA tamb\u00e9m alcan\u00e7ou a lideran\u00e7a entre as Cortes de Justi\u00e7a Estaduais. Com a taxa de 183, o Tribunal de Justi\u00e7a da Bahia garantiu tamb\u00e9m a primeira coloca\u00e7\u00e3o neste quesito. Os Tribunais de Santa Catarina (179) e do Maranh\u00e3o (154) alcan\u00e7aram a segunda e a terceira coloca\u00e7\u00e3o, respectivamente.<\/p>\n<p>&nbsp;<\/p>\n<p><strong>Selo Ouro<\/strong><\/p>\n<p><a href=\"http:\/\/www5.tjba.jus.br\/estrategia\/wp-content\/uploads\/2018\/01\/selo-ouro-1.png\"><img loading=\"lazy\" decoding=\"async\" class=\"size-medium wp-image-3408 alignright\" src=\"http:\/\/www5.tjba.jus.br\/estrategia\/wp-content\/uploads\/2018\/01\/selo-ouro-1-300x225.png\" alt=\"\" width=\"300\" height=\"225\" srcset=\"https:\/\/www.tjba.jus.br\/estrategia\/wp-content\/uploads\/2018\/01\/selo-ouro-1-300x225.png 300w, https:\/\/www.tjba.jus.br\/estrategia\/wp-content\/uploads\/2018\/01\/selo-ouro-1.png 400w\" sizes=\"auto, (max-width: 300px) 100vw, 300px\" \/><\/a>Em 2017, pela primeira vez, na gest\u00e3o da Desembargadora Maria do Socorro Barreto Santiago (2016-2018), o Tribunal de Justi\u00e7a da Bahia ganhou o <strong>Selo Ouro Justi\u00e7a em N\u00fameros<\/strong>, premia\u00e7\u00e3o concedida pelo Conselho Nacional de Justi\u00e7a (CNJ) para os tribunais que se destacaram por sua excel\u00eancia em gest\u00e3o da informa\u00e7\u00e3o e da qualidade da presta\u00e7\u00e3o jurisdicional.<\/p>\n<\/div>\n<\/div>\n","protected":false},"excerpt":{"rendered":"<p>O relat\u00f3rio Justi\u00e7a em N\u00fameros divulga, dede 2004, a realidade dos tribunais, configurando-se como principal fonte de estat\u00edsticas oficiais do Poder Judici\u00e1rio, bem como ferramenta essencial para subsidiar a Gest\u00e3o Judici\u00e1ria brasileira. O documento contempla os 27 Tribunais de Justi\u00e7a Estaduais; os cinco Tribunais Regionais Federais; os 24 Tribunais Regionais do Trabalho; os 27 Tribunais [&hellip;]<\/p>\n","protected":false},"author":2,"featured_media":0,"parent":0,"menu_order":0,"comment_status":"closed","ping_status":"closed","template":"","meta":{"footnotes":""},"class_list":["post-3873","page","type-page","status-publish","hentry"],"acf":[],"featured_image_src":null,"_links":{"self":[{"href":"https:\/\/www.tjba.jus.br\/estrategia\/wp-json\/wp\/v2\/pages\/3873","targetHints":{"allow":["GET"]}}],"collection":[{"href":"https:\/\/www.tjba.jus.br\/estrategia\/wp-json\/wp\/v2\/pages"}],"about":[{"href":"https:\/\/www.tjba.jus.br\/estrategia\/wp-json\/wp\/v2\/types\/page"}],"author":[{"embeddable":true,"href":"https:\/\/www.tjba.jus.br\/estrategia\/wp-json\/wp\/v2\/users\/2"}],"replies":[{"embeddable":true,"href":"https:\/\/www.tjba.jus.br\/estrategia\/wp-json\/wp\/v2\/comments?post=3873"}],"version-history":[{"count":6,"href":"https:\/\/www.tjba.jus.br\/estrategia\/wp-json\/wp\/v2\/pages\/3873\/revisions"}],"predecessor-version":[{"id":3884,"href":"https:\/\/www.tjba.jus.br\/estrategia\/wp-json\/wp\/v2\/pages\/3873\/revisions\/3884"}],"wp:attachment":[{"href":"https:\/\/www.tjba.jus.br\/estrategia\/wp-json\/wp\/v2\/media?parent=3873"}],"curies":[{"name":"wp","href":"https:\/\/api.w.org\/{rel}","templated":true}]}}