{"id":3893,"date":"2018-09-21T16:37:35","date_gmt":"2018-09-21T16:37:35","guid":{"rendered":"http:\/\/www5.tjba.jus.br\/estrategia\/?page_id=3893"},"modified":"2018-09-21T16:55:29","modified_gmt":"2018-09-21T16:55:29","slug":"reuniao-de-analise-da-estrategia-rae-12-06-2018","status":"publish","type":"page","link":"https:\/\/www.tjba.jus.br\/estrategia\/reuniao-de-analise-da-estrategia-rae-12-06-2018\/","title":{"rendered":"Reuni\u00e3o de An\u00e1lise da Estrat\u00e9gia \u2013 RAE (12\/06\/2018)"},"content":{"rendered":"<p><strong><a href=\"http:\/\/www5.tjba.jus.br\/estrategia\/wp-content\/uploads\/2018\/09\/ATA-RAE-12-DE-JUNHO-DE-2018-assinada.pdf\" target=\"_blank\" rel=\"noopener\">Acesse aqui<\/a> a ata da V RAE.<\/strong><\/p>\n<p>&nbsp;<\/p>\n<p><strong>..:: Apresenta\u00e7\u00e3o\u00a0::..<\/strong><a href=\"http:\/\/www5.tjba.jus.br\/estrategia\/wp-content\/uploads\/2018\/09\/V-RAE-2018-.pdf\" target=\"_blank\" rel=\"noopener\"><img loading=\"lazy\" decoding=\"async\" class=\"wp-image-3676 size-full alignleft\" title=\"Clique para acessar\" src=\"http:\/\/www5.tjba.jus.br\/estrategia\/wp-content\/uploads\/2018\/03\/fundo-slide-RAE_-portal.jpg\" alt=\"\" width=\"640\" height=\"463\" srcset=\"https:\/\/www.tjba.jus.br\/estrategia\/wp-content\/uploads\/2018\/03\/fundo-slide-RAE_-portal.jpg 640w, https:\/\/www.tjba.jus.br\/estrategia\/wp-content\/uploads\/2018\/03\/fundo-slide-RAE_-portal-300x217.jpg 300w\" sizes=\"auto, (max-width: 640px) 100vw, 640px\" \/><\/a><\/p>\n<p>&nbsp;<\/p>\n<p>&nbsp;<\/p>\n<p>&nbsp;<\/p>\n<p>&nbsp;<\/p>\n<p>&nbsp;<\/p>\n<p>&nbsp;<\/p>\n<p>&nbsp;<\/p>\n<p>&nbsp;<\/p>\n<p>&nbsp;<\/p>\n<p>&nbsp;<\/p>\n<p>&nbsp;<\/p>\n<p>&nbsp;<\/p>\n<p>&nbsp;<\/p>\n<p>&nbsp;<\/p>\n<p>&nbsp;<\/p>\n<p><strong>..:: Galeria de Fotos ::..<\/strong><\/p>\n<p>[huge_it_gallery id=&#8221;18&#8243;]<\/p>\n<p>&nbsp;<\/p>\n<p>&nbsp;<\/p>\n<p><strong>..:: Mat\u00e9rias Relacionadas ::..<\/strong><\/p>\n<ul>\n<li><a href=\"http:\/\/www5.tjba.jus.br\/portal\/reuniao-debate-andamento-dos-projetos-estrategicos-do-tjba\/\" target=\"_blank\" rel=\"noopener\">Reuni\u00e3o debate andamento dos projetos estrat\u00e9gicos do TJBA<\/a><\/li>\n<li><a href=\"http:\/\/www5.tjba.jus.br\/portal\/tjba-realiza-a-v-reuniao-de-analise-da-estrategia-nesta-terca-feira-12\/\" target=\"_blank\" rel=\"noopener\">TJBA realiza a V Reuni\u00e3o de An\u00e1lise da Estrat\u00e9gia nesta ter\u00e7a-feira (12)<\/a><\/li>\n<li><a href=\"http:\/\/www5.tjba.jus.br\/portal\/v-rae-promove-discussao-sobre-projetos-estrategicos-do-tjba\/\" target=\"_blank\" rel=\"noopener\">V RAE promove discuss\u00e3o sobre projetos estrat\u00e9gicos do TJBA<\/a><\/li>\n<\/ul>\n","protected":false},"excerpt":{"rendered":"<p>Acesse aqui a ata da V RAE. &nbsp; ..:: Apresenta\u00e7\u00e3o\u00a0::.. &nbsp; &nbsp; &nbsp; &nbsp; &nbsp; &nbsp; &nbsp; &nbsp; &nbsp; &nbsp; &nbsp; &nbsp; &nbsp; &nbsp; &nbsp; ..:: Galeria de Fotos ::.. [huge_it_gallery id=&#8221;18&#8243;] &nbsp; &nbsp; ..:: Mat\u00e9rias Relacionadas ::.. Reuni\u00e3o debate andamento dos projetos estrat\u00e9gicos do TJBA TJBA realiza a V Reuni\u00e3o de An\u00e1lise da Estrat\u00e9gia [&hellip;]<\/p>\n","protected":false},"author":2,"featured_media":0,"parent":0,"menu_order":0,"comment_status":"closed","ping_status":"closed","template":"","meta":{"footnotes":""},"class_list":["post-3893","page","type-page","status-publish","hentry"],"acf":[],"featured_image_src":null,"_links":{"self":[{"href":"https:\/\/www.tjba.jus.br\/estrategia\/wp-json\/wp\/v2\/pages\/3893","targetHints":{"allow":["GET"]}}],"collection":[{"href":"https:\/\/www.tjba.jus.br\/estrategia\/wp-json\/wp\/v2\/pages"}],"about":[{"href":"https:\/\/www.tjba.jus.br\/estrategia\/wp-json\/wp\/v2\/types\/page"}],"author":[{"embeddable":true,"href":"https:\/\/www.tjba.jus.br\/estrategia\/wp-json\/wp\/v2\/users\/2"}],"replies":[{"embeddable":true,"href":"https:\/\/www.tjba.jus.br\/estrategia\/wp-json\/wp\/v2\/comments?post=3893"}],"version-history":[{"count":2,"href":"https:\/\/www.tjba.jus.br\/estrategia\/wp-json\/wp\/v2\/pages\/3893\/revisions"}],"predecessor-version":[{"id":3905,"href":"https:\/\/www.tjba.jus.br\/estrategia\/wp-json\/wp\/v2\/pages\/3893\/revisions\/3905"}],"wp:attachment":[{"href":"https:\/\/www.tjba.jus.br\/estrategia\/wp-json\/wp\/v2\/media?parent=3893"}],"curies":[{"name":"wp","href":"https:\/\/api.w.org\/{rel}","templated":true}]}}