{"id":3911,"date":"2018-09-21T16:52:05","date_gmt":"2018-09-21T16:52:05","guid":{"rendered":"http:\/\/www5.tjba.jus.br\/estrategia\/?page_id=3911"},"modified":"2018-09-25T16:30:27","modified_gmt":"2018-09-25T16:30:27","slug":"reuniao-de-analise-da-estrategia-rae-21-08-2018","status":"publish","type":"page","link":"https:\/\/www.tjba.jus.br\/estrategia\/reuniao-de-analise-da-estrategia-rae-21-08-2018\/","title":{"rendered":"Reuni\u00e3o de An\u00e1lise da Estrat\u00e9gia \u2013 RAE (21\/08\/2018)"},"content":{"rendered":"<p><strong><a href=\"http:\/\/www5.tjba.jus.br\/estrategia\/wp-content\/uploads\/2018\/09\/ATA-RAE-21-DE-AGOSTO-DE-2018-assinada.pdf\" target=\"_blank\" rel=\"noopener\">Acesse aqui<\/a> a ata da VI RAE.<\/strong><\/p>\n<p>&nbsp;<\/p>\n<p><strong>..:: Apresenta\u00e7\u00e3o\u00a0::..<\/strong><a href=\"http:\/\/www5.tjba.jus.br\/estrategia\/wp-content\/uploads\/2018\/09\/VI-RAE-2018.pdf\" target=\"_blank\" rel=\"noopener\"><img loading=\"lazy\" decoding=\"async\" class=\"alignleft wp-image-3676 size-full\" title=\"Clique para acessar\" src=\"http:\/\/www5.tjba.jus.br\/estrategia\/wp-content\/uploads\/2018\/03\/fundo-slide-RAE_-portal.jpg\" alt=\"\" width=\"640\" height=\"463\" srcset=\"https:\/\/www.tjba.jus.br\/estrategia\/wp-content\/uploads\/2018\/03\/fundo-slide-RAE_-portal.jpg 640w, https:\/\/www.tjba.jus.br\/estrategia\/wp-content\/uploads\/2018\/03\/fundo-slide-RAE_-portal-300x217.jpg 300w\" sizes=\"auto, (max-width: 640px) 100vw, 640px\" \/><\/a><\/p>\n<p>&nbsp;<\/p>\n<p>&nbsp;<\/p>\n<p>&nbsp;<\/p>\n<p>&nbsp;<\/p>\n<p>&nbsp;<\/p>\n<p>&nbsp;<\/p>\n<p>&nbsp;<\/p>\n<p>&nbsp;<\/p>\n<p>&nbsp;<\/p>\n<p>&nbsp;<\/p>\n<p>&nbsp;<\/p>\n<p>&nbsp;<\/p>\n<p>&nbsp;<\/p>\n<p>&nbsp;<\/p>\n<p>&nbsp;<\/p>\n<p>&nbsp;<\/p>\n<p><strong>..::\u00a0 Pesquisa de Gest\u00e3o Participativa ::..<\/strong><\/p>\n<p><a href=\"http:\/\/www5.tjba.jus.br\/estrategia\/index.php\/pesquisa-de-gestao-participativa-2018\/\" target=\"_blank\" rel=\"noopener\"><img loading=\"lazy\" decoding=\"async\" class=\"alignleft wp-image-3912 size-full\" title=\"Clique para acessar\" src=\"http:\/\/www5.tjba.jus.br\/estrategia\/wp-content\/uploads\/2018\/09\/icon-gest\u00e3o-participativa-2018.jpg\" alt=\"\" width=\"419\" height=\"324\" srcset=\"https:\/\/www.tjba.jus.br\/estrategia\/wp-content\/uploads\/2018\/09\/icon-gest\u00e3o-participativa-2018.jpg 419w, https:\/\/www.tjba.jus.br\/estrategia\/wp-content\/uploads\/2018\/09\/icon-gest\u00e3o-participativa-2018-300x232.jpg 300w\" sizes=\"auto, (max-width: 419px) 100vw, 419px\" \/><\/a><\/p>\n<p>&nbsp;<\/p>\n<p>&nbsp;<\/p>\n<p>&nbsp;<\/p>\n<p>&nbsp;<\/p>\n<p>&nbsp;<\/p>\n<p>&nbsp;<\/p>\n<p>&nbsp;<\/p>\n<p>&nbsp;<\/p>\n<p>&nbsp;<\/p>\n<p>&nbsp;<\/p>\n<p>&nbsp;<\/p>\n<p>&nbsp;<\/p>\n<p><strong>..:: Mat\u00e9rias Relacionadas ::..<\/strong><\/p>\n<ul>\n<li><a href=\"http:\/\/www5.tjba.jus.br\/portal\/tjba-realiza-a-vi-reuniao-de-analise-da-estrategia-nesta-terca-feira-21\/\" target=\"_blank\" rel=\"noopener\">TJBA realiza a VI Reuni\u00e3o de An\u00e1lise da Estrat\u00e9gia nesta ter\u00e7a-feira (21)<\/a><\/li>\n<li><a href=\"http:\/\/www5.tjba.jus.br\/portal\/magistrados-gestores-e-servidores-discutem-projetos-estrategicos-na-vi-rae\/\" target=\"_blank\" rel=\"noopener\">Magistrados, Gestores e Servidores discutem projetos estrat\u00e9gicos na VI RAE<\/a><\/li>\n<li><a href=\"http:\/\/www5.tjba.jus.br\/portal\/seplan-apresenta-resultado-da-pesquisa-de-gestao-participativa\/\" target=\"_blank\" rel=\"noopener\">Seplan apresenta resultado da Pesquisa de Gest\u00e3o Participativa<\/a><\/li>\n<\/ul>\n","protected":false},"excerpt":{"rendered":"<p>Acesse aqui a ata da VI RAE. &nbsp; ..:: Apresenta\u00e7\u00e3o\u00a0::.. &nbsp; &nbsp; &nbsp; &nbsp; &nbsp; &nbsp; &nbsp; &nbsp; &nbsp; &nbsp; &nbsp; &nbsp; &nbsp; &nbsp; &nbsp; &nbsp; ..::\u00a0 Pesquisa de Gest\u00e3o Participativa ::.. &nbsp; &nbsp; &nbsp; &nbsp; &nbsp; &nbsp; &nbsp; &nbsp; &nbsp; &nbsp; &nbsp; &nbsp; ..:: Mat\u00e9rias Relacionadas ::.. TJBA realiza a VI Reuni\u00e3o de An\u00e1lise [&hellip;]<\/p>\n","protected":false},"author":2,"featured_media":0,"parent":0,"menu_order":0,"comment_status":"closed","ping_status":"closed","template":"","meta":{"footnotes":""},"class_list":["post-3911","page","type-page","status-publish","hentry"],"acf":[],"featured_image_src":null,"_links":{"self":[{"href":"https:\/\/www.tjba.jus.br\/estrategia\/wp-json\/wp\/v2\/pages\/3911","targetHints":{"allow":["GET"]}}],"collection":[{"href":"https:\/\/www.tjba.jus.br\/estrategia\/wp-json\/wp\/v2\/pages"}],"about":[{"href":"https:\/\/www.tjba.jus.br\/estrategia\/wp-json\/wp\/v2\/types\/page"}],"author":[{"embeddable":true,"href":"https:\/\/www.tjba.jus.br\/estrategia\/wp-json\/wp\/v2\/users\/2"}],"replies":[{"embeddable":true,"href":"https:\/\/www.tjba.jus.br\/estrategia\/wp-json\/wp\/v2\/comments?post=3911"}],"version-history":[{"count":18,"href":"https:\/\/www.tjba.jus.br\/estrategia\/wp-json\/wp\/v2\/pages\/3911\/revisions"}],"predecessor-version":[{"id":3935,"href":"https:\/\/www.tjba.jus.br\/estrategia\/wp-json\/wp\/v2\/pages\/3911\/revisions\/3935"}],"wp:attachment":[{"href":"https:\/\/www.tjba.jus.br\/estrategia\/wp-json\/wp\/v2\/media?parent=3911"}],"curies":[{"name":"wp","href":"https:\/\/api.w.org\/{rel}","templated":true}]}}