{"id":3987,"date":"2018-11-19T15:10:00","date_gmt":"2018-11-19T15:10:00","guid":{"rendered":"http:\/\/www5.tjba.jus.br\/estrategia\/?page_id=3987"},"modified":"2021-01-20T14:56:37","modified_gmt":"2021-01-20T16:56:37","slug":"nucleo-gestao-da-qualidade","status":"publish","type":"page","link":"https:\/\/www.tjba.jus.br\/estrategia\/nucleo-gestao-da-qualidade\/","title":{"rendered":"N\u00facleo de Gest\u00e3o da Qualidade"},"content":{"rendered":"<p><img loading=\"lazy\" decoding=\"async\" class=\"aligncenter size-full wp-image-4220\" src=\"http:\/\/www5.tjba.jus.br\/estrategia\/wp-content\/uploads\/2019\/04\/Nucleo-de-Gest\u00e3o-da-Qualidade_-logo.jpg\" alt=\"\" width=\"1200\" height=\"514\" srcset=\"https:\/\/www.tjba.jus.br\/estrategia\/wp-content\/uploads\/2019\/04\/Nucleo-de-Gest\u00e3o-da-Qualidade_-logo.jpg 1200w, https:\/\/www.tjba.jus.br\/estrategia\/wp-content\/uploads\/2019\/04\/Nucleo-de-Gest\u00e3o-da-Qualidade_-logo-300x129.jpg 300w, https:\/\/www.tjba.jus.br\/estrategia\/wp-content\/uploads\/2019\/04\/Nucleo-de-Gest\u00e3o-da-Qualidade_-logo-768x329.jpg 768w, https:\/\/www.tjba.jus.br\/estrategia\/wp-content\/uploads\/2019\/04\/Nucleo-de-Gest\u00e3o-da-Qualidade_-logo-1024x439.jpg 1024w\" sizes=\"auto, (max-width: 1200px) 100vw, 1200px\" \/><\/p>\n<div style=\"text-align: justify;\">\n<blockquote><p>A <strong>Gest\u00e3o da Qualidade<\/strong> \u00e9 um modelo de administra\u00e7\u00e3o que tem como objetivo aprimorar a qualidade dos processos organizacionais.\u00a0 A implementa\u00e7\u00e3o de um <strong>Sistema de Gest\u00e3o da Qualidade<\/strong> (SGQ) conduz a Organiza\u00e7\u00e3o ao planejamento e gerenciamento de todas as a\u00e7\u00f5es que contribuir\u00e3o para atingir, de forma constante, a satisfa\u00e7\u00e3o das necessidades e expectativas das partes interessadas.<\/p><\/blockquote>\n<p style=\"text-align: left;\"><a href=\"http:\/\/www5.tjba.jus.br\/estrategia\/index.php\/nucleo-gestao-da-qualidade\/documentos-da-qualidade\/\"><img loading=\"lazy\" decoding=\"async\" class=\"alignleft wp-image-4196\" title=\"Clique aqui\" src=\"http:\/\/www5.tjba.jus.br\/estrategia\/wp-content\/uploads\/2019\/04\/icon-acesso-DOCS-QUALIDADE.jpg\" alt=\"\" width=\"330\" height=\"153\" srcset=\"https:\/\/www.tjba.jus.br\/estrategia\/wp-content\/uploads\/2019\/04\/icon-acesso-DOCS-QUALIDADE.jpg 352w, https:\/\/www.tjba.jus.br\/estrategia\/wp-content\/uploads\/2019\/04\/icon-acesso-DOCS-QUALIDADE-300x139.jpg 300w\" sizes=\"auto, (max-width: 330px) 100vw, 330px\" \/><\/a><\/p>\n<p><a href=\"http:\/\/www5.tjba.jus.br\/estrategia\/index.php\/nucleo-gestao-da-qualidade\/atas-de-reunioes\/\"><img loading=\"lazy\" decoding=\"async\" class=\"alignleft wp-image-4193\" title=\"Clique aqui\" src=\"http:\/\/www5.tjba.jus.br\/estrategia\/wp-content\/uploads\/2019\/04\/icon-acesso-ATAS-REUNIOES.jpg\" alt=\"\" width=\"330\" height=\"153\" srcset=\"https:\/\/www.tjba.jus.br\/estrategia\/wp-content\/uploads\/2019\/04\/icon-acesso-ATAS-REUNIOES.jpg 352w, https:\/\/www.tjba.jus.br\/estrategia\/wp-content\/uploads\/2019\/04\/icon-acesso-ATAS-REUNIOES-300x139.jpg 300w\" sizes=\"auto, (max-width: 330px) 100vw, 330px\" \/><\/a> <a href=\"http:\/\/www5.tjba.jus.br\/estrategia\/index.php\/nucleo-gestao-da-qualidade\/relatorios-de-auditoria\/\"><img loading=\"lazy\" decoding=\"async\" class=\"alignleft wp-image-4198\" title=\"Clique aqui\" src=\"http:\/\/www5.tjba.jus.br\/estrategia\/wp-content\/uploads\/2019\/04\/icon-acesso-RELAT\u00d3RIOS-AUDITORIA.jpg\" alt=\"\" width=\"330\" height=\"153\" srcset=\"https:\/\/www.tjba.jus.br\/estrategia\/wp-content\/uploads\/2019\/04\/icon-acesso-RELAT\u00d3RIOS-AUDITORIA.jpg 352w, https:\/\/www.tjba.jus.br\/estrategia\/wp-content\/uploads\/2019\/04\/icon-acesso-RELAT\u00d3RIOS-AUDITORIA-300x139.jpg 300w\" sizes=\"auto, (max-width: 330px) 100vw, 330px\" \/><\/a> <strong><a href=\"http:\/\/www5.tjba.jus.br\/estrategia\/index.php\/nucleo-gestao-da-qualidade\/certificados-nbr-iso-9001\/\"><img loading=\"lazy\" decoding=\"async\" class=\"alignleft wp-image-4194\" title=\"Clique aqui\" src=\"http:\/\/www5.tjba.jus.br\/estrategia\/wp-content\/uploads\/2019\/04\/icon-acesso-CERTIFICADOS.jpg\" alt=\"\" width=\"330\" height=\"153\" srcset=\"https:\/\/www.tjba.jus.br\/estrategia\/wp-content\/uploads\/2019\/04\/icon-acesso-CERTIFICADOS.jpg 352w, https:\/\/www.tjba.jus.br\/estrategia\/wp-content\/uploads\/2019\/04\/icon-acesso-CERTIFICADOS-300x139.jpg 300w\" sizes=\"auto, (max-width: 330px) 100vw, 330px\" \/><\/a><\/strong> <a href=\"http:\/\/www5.tjba.jus.br\/estrategia\/index.php\/leis-e-normas\/\"><img loading=\"lazy\" decoding=\"async\" class=\"alignleft wp-image-4197\" title=\"Clique aqui\" src=\"http:\/\/www5.tjba.jus.br\/estrategia\/wp-content\/uploads\/2019\/04\/icon-acesso-LEIS-E-NORMAS.jpg\" alt=\"\" width=\"330\" height=\"153\" srcset=\"https:\/\/www.tjba.jus.br\/estrategia\/wp-content\/uploads\/2019\/04\/icon-acesso-LEIS-E-NORMAS.jpg 352w, https:\/\/www.tjba.jus.br\/estrategia\/wp-content\/uploads\/2019\/04\/icon-acesso-LEIS-E-NORMAS-300x139.jpg 300w\" sizes=\"auto, (max-width: 330px) 100vw, 330px\" \/><\/a> <img loading=\"lazy\" decoding=\"async\" class=\"alignleft wp-image-4195\" src=\"http:\/\/www5.tjba.jus.br\/estrategia\/wp-content\/uploads\/2019\/04\/icon-acesso-CRONOGRAMA.jpg\" alt=\"\" width=\"330\" height=\"153\" srcset=\"https:\/\/www.tjba.jus.br\/estrategia\/wp-content\/uploads\/2019\/04\/icon-acesso-CRONOGRAMA.jpg 352w, https:\/\/www.tjba.jus.br\/estrategia\/wp-content\/uploads\/2019\/04\/icon-acesso-CRONOGRAMA-300x139.jpg 300w\" sizes=\"auto, (max-width: 330px) 100vw, 330px\" \/><\/p>\n<p>&nbsp;<\/p>\n<p>&nbsp;<\/p>\n<p>&nbsp;<\/p>\n<p>&nbsp;<\/p>\n<p>&nbsp;<\/p>\n<p>&nbsp;<\/p>\n<p>&nbsp;<\/p>\n<p>&nbsp;<\/p>\n<p>&nbsp;<\/p>\n<p>&nbsp;<\/p>\n<p>&nbsp;<\/p>\n<p><strong>..:: Unidades Certificadas na <\/strong><strong>Norma NBR ISO 9001 ::..<\/strong><\/p>\n<p><a href=\"http:\/\/www5.tjba.jus.br\/estrategia\/index.php\/nucleo-gestao-da-qualidade\/dds2\/\" target=\"_blank\" rel=\"noopener noreferrer\"><img loading=\"lazy\" decoding=\"async\" class=\"alignleft wp-image-4222 size-full\" title=\"Clique aqui\" src=\"http:\/\/www5.tjba.jus.br\/estrategia\/wp-content\/uploads\/2019\/04\/icon-acesso-DISTRIB-2GRAU.jpg\" alt=\"\" width=\"295\" height=\"163\" \/><\/a><\/p>\n<p><a href=\"http:\/\/www5.tjba.jus.br\/estrategia\/index.php\/nucleo-gestao-da-qualidade\/plantao-judiciario-do-2o-grau\/\" target=\"_blank\" rel=\"noopener noreferrer\"><img loading=\"lazy\" decoding=\"async\" class=\"alignleft wp-image-4202 size-full\" title=\"Clique aqui\" src=\"http:\/\/www5.tjba.jus.br\/estrategia\/wp-content\/uploads\/2019\/04\/icon-acesso-PLANTAO-2G.jpg\" alt=\"\" width=\"295\" height=\"163\" \/><\/a><\/p>\n<p><a href=\"http:\/\/www5.tjba.jus.br\/estrategia\/index.php\/nucleo-gestao-da-qualidade\/gabinete-1a-vice-presidencia\/\"><img loading=\"lazy\" decoding=\"async\" class=\"alignleft wp-image-6043 size-full\" src=\"http:\/\/www5.tjba.jus.br\/estrategia\/wp-content\/uploads\/2021\/01\/icon-acesso-1VP.jpg\" alt=\"\" width=\"295\" height=\"163\" \/><\/a><\/p>\n<\/div>\n","protected":false},"excerpt":{"rendered":"<p>A Gest\u00e3o da Qualidade \u00e9 um modelo de administra\u00e7\u00e3o que tem como objetivo aprimorar a qualidade dos processos organizacionais.\u00a0 A implementa\u00e7\u00e3o de um Sistema de Gest\u00e3o da Qualidade (SGQ) conduz a Organiza\u00e7\u00e3o ao planejamento e gerenciamento de todas as a\u00e7\u00f5es que contribuir\u00e3o para atingir, de forma constante, a satisfa\u00e7\u00e3o das necessidades e expectativas das partes [&hellip;]<\/p>\n","protected":false},"author":2,"featured_media":0,"parent":0,"menu_order":0,"comment_status":"closed","ping_status":"closed","template":"","meta":{"footnotes":""},"class_list":["post-3987","page","type-page","status-publish","hentry"],"acf":[],"featured_image_src":null,"_links":{"self":[{"href":"https:\/\/www.tjba.jus.br\/estrategia\/wp-json\/wp\/v2\/pages\/3987","targetHints":{"allow":["GET"]}}],"collection":[{"href":"https:\/\/www.tjba.jus.br\/estrategia\/wp-json\/wp\/v2\/pages"}],"about":[{"href":"https:\/\/www.tjba.jus.br\/estrategia\/wp-json\/wp\/v2\/types\/page"}],"author":[{"embeddable":true,"href":"https:\/\/www.tjba.jus.br\/estrategia\/wp-json\/wp\/v2\/users\/2"}],"replies":[{"embeddable":true,"href":"https:\/\/www.tjba.jus.br\/estrategia\/wp-json\/wp\/v2\/comments?post=3987"}],"version-history":[{"count":51,"href":"https:\/\/www.tjba.jus.br\/estrategia\/wp-json\/wp\/v2\/pages\/3987\/revisions"}],"predecessor-version":[{"id":6068,"href":"https:\/\/www.tjba.jus.br\/estrategia\/wp-json\/wp\/v2\/pages\/3987\/revisions\/6068"}],"wp:attachment":[{"href":"https:\/\/www.tjba.jus.br\/estrategia\/wp-json\/wp\/v2\/media?parent=3987"}],"curies":[{"name":"wp","href":"https:\/\/api.w.org\/{rel}","templated":true}]}}