{"id":4068,"date":"2019-01-31T13:35:37","date_gmt":"2019-01-31T13:35:37","guid":{"rendered":"http:\/\/www5.tjba.jus.br\/estrategia\/?page_id=4068"},"modified":"2021-01-20T14:15:49","modified_gmt":"2021-01-20T16:15:49","slug":"documentos-da-qualidade","status":"publish","type":"page","link":"https:\/\/www.tjba.jus.br\/estrategia\/nucleo-gestao-da-qualidade\/documentos-da-qualidade\/","title":{"rendered":"Documentos da Qualidade"},"content":{"rendered":"<p><img loading=\"lazy\" decoding=\"async\" class=\"aligncenter size-full wp-image-4220\" src=\"http:\/\/www5.tjba.jus.br\/estrategia\/wp-content\/uploads\/2019\/04\/Nucleo-de-Gest\u00e3o-da-Qualidade_-logo.jpg\" alt=\"\" width=\"1200\" height=\"514\" srcset=\"https:\/\/www.tjba.jus.br\/estrategia\/wp-content\/uploads\/2019\/04\/Nucleo-de-Gest\u00e3o-da-Qualidade_-logo.jpg 1200w, https:\/\/www.tjba.jus.br\/estrategia\/wp-content\/uploads\/2019\/04\/Nucleo-de-Gest\u00e3o-da-Qualidade_-logo-300x129.jpg 300w, https:\/\/www.tjba.jus.br\/estrategia\/wp-content\/uploads\/2019\/04\/Nucleo-de-Gest\u00e3o-da-Qualidade_-logo-768x329.jpg 768w, https:\/\/www.tjba.jus.br\/estrategia\/wp-content\/uploads\/2019\/04\/Nucleo-de-Gest\u00e3o-da-Qualidade_-logo-1024x439.jpg 1024w\" sizes=\"auto, (max-width: 1200px) 100vw, 1200px\" \/><\/p>\n<div style=\"text-align: justify;\">\n<blockquote><p>A <strong>Gest\u00e3o da Qualidade<\/strong> \u00e9 um modelo de administra\u00e7\u00e3o que tem como objetivo aprimorar a qualidade dos processos organizacionais.\u00a0 A implementa\u00e7\u00e3o de um <strong>Sistema de Gest\u00e3o da Qualidade<\/strong> (SGQ) conduz a Organiza\u00e7\u00e3o ao planejamento e gerenciamento de todas as a\u00e7\u00f5es que contribuir\u00e3o para atingir, de forma constante, a satisfa\u00e7\u00e3o das necessidades e expectativas das partes interessadas.<\/p><\/blockquote>\n<p><strong>..:: Acesse aqui os documentos referentes ao Sistema de Gest\u00e3o da Qualidade do TJBA ::..<\/strong><\/p>\n<\/div>\n<p><strong>::<\/strong> <a href=\"http:\/\/www5.tjba.jus.br\/estrategia\/wp-content\/uploads\/2021\/01\/Pol\u00edtica-da-Qualidade-rev.01.pdf\" target=\"_blank\" rel=\"noopener noreferrer\">Pol\u00edtica da Qualidade<\/a><\/p>\n<p><strong>::<\/strong> <a href=\"http:\/\/www5.tjba.jus.br\/estrategia\/wp-content\/uploads\/2021\/01\/MGQ-Manual-Gest\u00e3o-da-Qualidade-rev.01-1.pdf\" target=\"_blank\" rel=\"noopener noreferrer\">Manual da Qualidade<\/a><\/p>\n<p><strong>..:: Procedimentos de Gest\u00e3o ::..<\/strong><\/p>\n<p><strong>:: <\/strong><a href=\"http:\/\/www5.tjba.jus.br\/estrategia\/wp-content\/uploads\/2021\/01\/PG-NUGEQ-01-Gest\u00e3o-de-Documentos-e-Registros-rev.02.pdf\" target=\"_blank\" rel=\"noopener noreferrer\">PG-NUGEQ-01 &#8211; Gest\u00e3o de Documentos e Registros &#8211; rev.02<\/a><\/p>\n<p><strong>::\u00a0<\/strong><a href=\"http:\/\/www5.tjba.jus.br\/estrategia\/wp-content\/uploads\/2021\/01\/PG-NUGEQ-02-Auditoria-Interna-rev.01.pdf\" target=\"_blank\" rel=\"noopener noreferrer\">PG-NUGEQ-02 &#8211; Auditoria Interna &#8211; rev.01<\/a><\/p>\n<p><strong>:: <\/strong><a href=\"http:\/\/www5.tjba.jus.br\/estrategia\/wp-content\/uploads\/2021\/01\/PG-NUGEQ-03-NC-A\u00e7\u00e3o-Corretiva-e-Melhoria-rev.02.pdf\" target=\"_blank\" rel=\"noopener noreferrer\">PG-NUGEQ-03 &#8211; NC, A\u00e7\u00e3o Corretiva e Melhoria &#8211; rev.02<\/a><\/p>\n<p>&nbsp;<\/p>\n","protected":false},"excerpt":{"rendered":"<p>A Gest\u00e3o da Qualidade \u00e9 um modelo de administra\u00e7\u00e3o que tem como objetivo aprimorar a qualidade dos processos organizacionais.\u00a0 A implementa\u00e7\u00e3o de um Sistema de Gest\u00e3o da Qualidade (SGQ) conduz a Organiza\u00e7\u00e3o ao planejamento e gerenciamento de todas as a\u00e7\u00f5es que contribuir\u00e3o para atingir, de forma constante, a satisfa\u00e7\u00e3o das necessidades e expectativas das partes [&hellip;]<\/p>\n","protected":false},"author":1,"featured_media":0,"parent":3987,"menu_order":0,"comment_status":"closed","ping_status":"closed","template":"","meta":{"footnotes":""},"class_list":["post-4068","page","type-page","status-publish","hentry"],"acf":[],"featured_image_src":null,"_links":{"self":[{"href":"https:\/\/www.tjba.jus.br\/estrategia\/wp-json\/wp\/v2\/pages\/4068","targetHints":{"allow":["GET"]}}],"collection":[{"href":"https:\/\/www.tjba.jus.br\/estrategia\/wp-json\/wp\/v2\/pages"}],"about":[{"href":"https:\/\/www.tjba.jus.br\/estrategia\/wp-json\/wp\/v2\/types\/page"}],"author":[{"embeddable":true,"href":"https:\/\/www.tjba.jus.br\/estrategia\/wp-json\/wp\/v2\/users\/1"}],"replies":[{"embeddable":true,"href":"https:\/\/www.tjba.jus.br\/estrategia\/wp-json\/wp\/v2\/comments?post=4068"}],"version-history":[{"count":22,"href":"https:\/\/www.tjba.jus.br\/estrategia\/wp-json\/wp\/v2\/pages\/4068\/revisions"}],"predecessor-version":[{"id":6054,"href":"https:\/\/www.tjba.jus.br\/estrategia\/wp-json\/wp\/v2\/pages\/4068\/revisions\/6054"}],"up":[{"embeddable":true,"href":"https:\/\/www.tjba.jus.br\/estrategia\/wp-json\/wp\/v2\/pages\/3987"}],"wp:attachment":[{"href":"https:\/\/www.tjba.jus.br\/estrategia\/wp-json\/wp\/v2\/media?parent=4068"}],"curies":[{"name":"wp","href":"https:\/\/api.w.org\/{rel}","templated":true}]}}