{"id":407,"date":"2017-01-27T20:33:16","date_gmt":"2017-01-27T20:33:16","guid":{"rendered":"http:\/\/vespa.tjba.jus.br\/estrategia\/?page_id=407"},"modified":"2026-04-22T15:05:19","modified_gmt":"2026-04-22T18:05:19","slug":"portfolio","status":"publish","type":"page","link":"https:\/\/www.tjba.jus.br\/estrategia\/portfolio\/","title":{"rendered":"Portf\u00f3lio de Projetos Estrat\u00e9gicos"},"content":{"rendered":"\n<div class=\"wp-block-media-text is-stacked-on-mobile\" style=\"grid-template-columns:20% auto\"><figure class=\"wp-block-media-text__media\"><img loading=\"lazy\" decoding=\"async\" width=\"512\" height=\"512\" src=\"https:\/\/www.tjba.jus.br\/estrategia\/wp-content\/uploads\/2026\/03\/projetos.png\" alt=\"\" class=\"wp-image-9886 size-full\" srcset=\"https:\/\/www.tjba.jus.br\/estrategia\/wp-content\/uploads\/2026\/03\/projetos.png 512w, https:\/\/www.tjba.jus.br\/estrategia\/wp-content\/uploads\/2026\/03\/projetos-300x300.png 300w, https:\/\/www.tjba.jus.br\/estrategia\/wp-content\/uploads\/2026\/03\/projetos-150x150.png 150w\" sizes=\"auto, (max-width: 512px) 100vw, 512px\" \/><\/figure><div class=\"wp-block-media-text__content\">\n<p class=\"has-large-font-size\"><strong>Portf\u00f3lio de Projetos Estrat\u00e9gicos<\/strong><\/p>\n\n\n\n<p>Os projetos estrat\u00e9gicos comp\u00f5em o <b>Portf\u00f3lio Estrat\u00e9gico do TJBA<\/b>.<\/p>\n\n\n\n<p>A gest\u00e3o do Portf\u00f3lio Estrat\u00e9gico permite que o Comit\u00ea de Governan\u00e7a <b>priorize a\u00e7\u00f5es e realize investimentos de forma direcionada ao <a href=\"https:\/\/www.tjba.jus.br\/estrategia\/estrategia\/\" target=\"_blank\" rel=\"noreferrer noopener\">Plano Estrat\u00e9gico<\/a> do Tribunal<\/b>.<\/p>\n<\/div><\/div>\n\n\n\n<p>S\u00e3o projetos diretamente associados aos objetivos estrat\u00e9gicos da institui\u00e7\u00e3o, discutidos e analisados durante as <a href=\"https:\/\/www.tjba.jus.br\/estrategia\/reuniao-de-analise-da-estrategia-rae\/\" target=\"_blank\" rel=\"noreferrer noopener\">Reuni\u00f5es de An\u00e1lise da Estrat\u00e9gia<\/a> (RAE). Al\u00e9m disso, s\u00e3o gerenciados por meio do SGP &#8211; Sistema de Gest\u00e3o e Projetos.<\/p>\n\n\n\n<p><strong>Painel de Acompanhamento do Portf\u00f3lio de Projetos Estrat\u00e9gicos 2021-2026 (<a href=\"https:\/\/lookerstudio.google.com\/reporting\/4b023a64-b065-42b5-8715-9b7ae4b75333\">clique aqui<\/a>). Dados atualizados em 22\/04\/2026.<\/strong><\/p>\n\n\n\n<p><\/p>\n","protected":false},"excerpt":{"rendered":"<p>Portf\u00f3lio de Projetos Estrat\u00e9gicos Os projetos estrat\u00e9gicos comp\u00f5em o Portf\u00f3lio Estrat\u00e9gico do TJBA. A gest\u00e3o do Portf\u00f3lio Estrat\u00e9gico permite que o Comit\u00ea de Governan\u00e7a priorize a\u00e7\u00f5es e realize investimentos de forma direcionada ao Plano Estrat\u00e9gico do Tribunal. S\u00e3o projetos diretamente associados aos objetivos estrat\u00e9gicos da institui\u00e7\u00e3o, discutidos e analisados durante as Reuni\u00f5es de An\u00e1lise da [&hellip;]<\/p>\n","protected":false},"author":1,"featured_media":0,"parent":0,"menu_order":8,"comment_status":"closed","ping_status":"closed","template":"page-modelo-1280px.php","meta":{"footnotes":""},"class_list":["post-407","page","type-page","status-publish","hentry"],"acf":[],"featured_image_src":null,"_links":{"self":[{"href":"https:\/\/www.tjba.jus.br\/estrategia\/wp-json\/wp\/v2\/pages\/407","targetHints":{"allow":["GET"]}}],"collection":[{"href":"https:\/\/www.tjba.jus.br\/estrategia\/wp-json\/wp\/v2\/pages"}],"about":[{"href":"https:\/\/www.tjba.jus.br\/estrategia\/wp-json\/wp\/v2\/types\/page"}],"author":[{"embeddable":true,"href":"https:\/\/www.tjba.jus.br\/estrategia\/wp-json\/wp\/v2\/users\/1"}],"replies":[{"embeddable":true,"href":"https:\/\/www.tjba.jus.br\/estrategia\/wp-json\/wp\/v2\/comments?post=407"}],"version-history":[{"count":162,"href":"https:\/\/www.tjba.jus.br\/estrategia\/wp-json\/wp\/v2\/pages\/407\/revisions"}],"predecessor-version":[{"id":10594,"href":"https:\/\/www.tjba.jus.br\/estrategia\/wp-json\/wp\/v2\/pages\/407\/revisions\/10594"}],"wp:attachment":[{"href":"https:\/\/www.tjba.jus.br\/estrategia\/wp-json\/wp\/v2\/media?parent=407"}],"curies":[{"name":"wp","href":"https:\/\/api.w.org\/{rel}","templated":true}]}}