{"id":4073,"date":"2019-01-31T13:43:10","date_gmt":"2019-01-31T13:43:10","guid":{"rendered":"http:\/\/www5.tjba.jus.br\/estrategia\/?page_id=4073"},"modified":"2021-01-20T13:21:44","modified_gmt":"2021-01-20T15:21:44","slug":"dds2","status":"publish","type":"page","link":"https:\/\/www.tjba.jus.br\/estrategia\/nucleo-gestao-da-qualidade\/dds2\/","title":{"rendered":"Diretoria de Distribui\u00e7\u00e3o do 2\u00ba Grau"},"content":{"rendered":"<p><img loading=\"lazy\" decoding=\"async\" class=\"aligncenter size-full wp-image-4220\" src=\"http:\/\/www5.tjba.jus.br\/estrategia\/wp-content\/uploads\/2019\/04\/Nucleo-de-Gest\u00e3o-da-Qualidade_-logo.jpg\" alt=\"\" width=\"1200\" height=\"514\" srcset=\"https:\/\/www.tjba.jus.br\/estrategia\/wp-content\/uploads\/2019\/04\/Nucleo-de-Gest\u00e3o-da-Qualidade_-logo.jpg 1200w, https:\/\/www.tjba.jus.br\/estrategia\/wp-content\/uploads\/2019\/04\/Nucleo-de-Gest\u00e3o-da-Qualidade_-logo-300x129.jpg 300w, https:\/\/www.tjba.jus.br\/estrategia\/wp-content\/uploads\/2019\/04\/Nucleo-de-Gest\u00e3o-da-Qualidade_-logo-768x329.jpg 768w, https:\/\/www.tjba.jus.br\/estrategia\/wp-content\/uploads\/2019\/04\/Nucleo-de-Gest\u00e3o-da-Qualidade_-logo-1024x439.jpg 1024w\" sizes=\"auto, (max-width: 1200px) 100vw, 1200px\" \/><\/p>\n<div style=\"text-align: justify;\">\n<blockquote><p>A <strong>Gest\u00e3o da Qualidade<\/strong> \u00e9 um modelo de administra\u00e7\u00e3o que tem como objetivo aprimorar a qualidade dos processos organizacionais.\u00a0 A implementa\u00e7\u00e3o de um <strong>Sistema de Gest\u00e3o da Qualidade<\/strong> (SGQ) conduz a Organiza\u00e7\u00e3o ao planejamento e gerenciamento de todas as a\u00e7\u00f5es que contribuir\u00e3o para atingir, de forma constante, a satisfa\u00e7\u00e3o das necessidades e expectativas das partes interessadas.<\/p><\/blockquote>\n<p><strong>..:: Procedimentos de Gest\u00e3o ::..<\/strong><\/p>\n<p>:<a href=\"http:\/\/www5.tjba.jus.br\/estrategia\/wp-content\/uploads\/2021\/01\/PG-DD2G-01-Recebimento-e-Distribui\u00e7\u00e3o-de-Processos-F\u00edsicos-rev.00-1.pdf\">: PG-DD2G-01 &#8211; Recebimento e Distribui\u00e7\u00e3o de Processos F\u00edsicos rev.00<\/a><\/p>\n<p>:: <a href=\"http:\/\/www5.tjba.jus.br\/estrategia\/wp-content\/uploads\/2021\/01\/PG-DD2G-02-Recebimento-e-Distribui\u00e7\u00e3o-de-Processos-Digitais-rev.00-1.pdf\">PG-DD2G-02 &#8211; Recebimento e Distribui\u00e7\u00e3o de Processos Digitais rev.00<\/a><\/p>\n<p>::\u00a0<a href=\"http:\/\/www5.tjba.jus.br\/estrategia\/wp-content\/uploads\/2021\/01\/PG-DD2G-03-Cumprimento-das-Decis\u00f5es-rev.00-1.pdf\">PG-DD2G-03 &#8211; Cumprimento das Decis\u00f5es rev.00<\/a><\/p>\n<\/div>\n<p><strong>..:: Procedimentos Operacionais ::..<\/strong><\/p>\n<p>::\u00a0<a href=\"http:\/\/www5.tjba.jus.br\/estrategia\/wp-content\/uploads\/2021\/01\/PO-DD2G-01-Cadastramento-rev.00-1.pdf\">PO-DD2G-01 &#8211; Cadastramento rev.00<\/a><\/p>\n<p>::\u00a0<a href=\"http:\/\/www5.tjba.jus.br\/estrategia\/wp-content\/uploads\/2021\/01\/PO-DD2G-02-Triagem-Inicial-rev.00-1.pdf\">PO-DD2G-02 &#8211; Triagem Inicial rev.00<\/a><\/p>\n<p>&nbsp;<\/p>\n","protected":false},"excerpt":{"rendered":"<p>A Gest\u00e3o da Qualidade \u00e9 um modelo de administra\u00e7\u00e3o que tem como objetivo aprimorar a qualidade dos processos organizacionais.\u00a0 A implementa\u00e7\u00e3o de um Sistema de Gest\u00e3o da Qualidade (SGQ) conduz a Organiza\u00e7\u00e3o ao planejamento e gerenciamento de todas as a\u00e7\u00f5es que contribuir\u00e3o para atingir, de forma constante, a satisfa\u00e7\u00e3o das necessidades e expectativas das partes [&hellip;]<\/p>\n","protected":false},"author":1,"featured_media":0,"parent":3987,"menu_order":0,"comment_status":"closed","ping_status":"closed","template":"","meta":{"footnotes":""},"class_list":["post-4073","page","type-page","status-publish","hentry"],"acf":[],"featured_image_src":null,"_links":{"self":[{"href":"https:\/\/www.tjba.jus.br\/estrategia\/wp-json\/wp\/v2\/pages\/4073","targetHints":{"allow":["GET"]}}],"collection":[{"href":"https:\/\/www.tjba.jus.br\/estrategia\/wp-json\/wp\/v2\/pages"}],"about":[{"href":"https:\/\/www.tjba.jus.br\/estrategia\/wp-json\/wp\/v2\/types\/page"}],"author":[{"embeddable":true,"href":"https:\/\/www.tjba.jus.br\/estrategia\/wp-json\/wp\/v2\/users\/1"}],"replies":[{"embeddable":true,"href":"https:\/\/www.tjba.jus.br\/estrategia\/wp-json\/wp\/v2\/comments?post=4073"}],"version-history":[{"count":9,"href":"https:\/\/www.tjba.jus.br\/estrategia\/wp-json\/wp\/v2\/pages\/4073\/revisions"}],"predecessor-version":[{"id":6031,"href":"https:\/\/www.tjba.jus.br\/estrategia\/wp-json\/wp\/v2\/pages\/4073\/revisions\/6031"}],"up":[{"embeddable":true,"href":"https:\/\/www.tjba.jus.br\/estrategia\/wp-json\/wp\/v2\/pages\/3987"}],"wp:attachment":[{"href":"https:\/\/www.tjba.jus.br\/estrategia\/wp-json\/wp\/v2\/media?parent=4073"}],"curies":[{"name":"wp","href":"https:\/\/api.w.org\/{rel}","templated":true}]}}