{"id":4097,"date":"2019-01-31T13:59:20","date_gmt":"2019-01-31T13:59:20","guid":{"rendered":"http:\/\/www5.tjba.jus.br\/estrategia\/?page_id=4097"},"modified":"2021-01-19T17:49:07","modified_gmt":"2021-01-19T19:49:07","slug":"relatorios-de-auditoria","status":"publish","type":"page","link":"https:\/\/www.tjba.jus.br\/estrategia\/nucleo-gestao-da-qualidade\/relatorios-de-auditoria\/","title":{"rendered":"Relat\u00f3rios de Auditoria"},"content":{"rendered":"<p><img loading=\"lazy\" decoding=\"async\" class=\"aligncenter size-full wp-image-4220\" src=\"http:\/\/www5.tjba.jus.br\/estrategia\/wp-content\/uploads\/2019\/04\/Nucleo-de-Gest\u00e3o-da-Qualidade_-logo.jpg\" alt=\"\" width=\"1200\" height=\"514\" srcset=\"https:\/\/www.tjba.jus.br\/estrategia\/wp-content\/uploads\/2019\/04\/Nucleo-de-Gest\u00e3o-da-Qualidade_-logo.jpg 1200w, https:\/\/www.tjba.jus.br\/estrategia\/wp-content\/uploads\/2019\/04\/Nucleo-de-Gest\u00e3o-da-Qualidade_-logo-300x129.jpg 300w, https:\/\/www.tjba.jus.br\/estrategia\/wp-content\/uploads\/2019\/04\/Nucleo-de-Gest\u00e3o-da-Qualidade_-logo-768x329.jpg 768w, https:\/\/www.tjba.jus.br\/estrategia\/wp-content\/uploads\/2019\/04\/Nucleo-de-Gest\u00e3o-da-Qualidade_-logo-1024x439.jpg 1024w\" sizes=\"auto, (max-width: 1200px) 100vw, 1200px\" \/><\/p>\n<div style=\"text-align: justify;\">\n<blockquote><p>A <strong>Gest\u00e3o da Qualidade<\/strong> \u00e9 um modelo de administra\u00e7\u00e3o que tem como objetivo aprimorar a qualidade dos processos organizacionais.\u00a0 A implementa\u00e7\u00e3o de um <strong>Sistema de Gest\u00e3o da Qualidade<\/strong> (SGQ) conduz a Organiza\u00e7\u00e3o ao planejamento e gerenciamento de todas as a\u00e7\u00f5es que contribuir\u00e3o para atingir, de forma constante, a satisfa\u00e7\u00e3o das necessidades e expectativas das partes interessadas.<\/p><\/blockquote>\n<p>&nbsp;<\/p>\n<\/div>\n<p><strong style=\"text-align: justify;\">..:: Auditoria Interna ::..<\/strong><\/p>\n<p><strong>:: 2018 ::<\/strong><\/p>\n<div style=\"text-align: justify;\">\n<p><a href=\"http:\/\/www5.tjba.jus.br\/estrategia\/wp-content\/uploads\/2018\/12\/Relat\u00f3rio-OPE-003-2018-Cart\u00f3rios-Integrados-VF.pdf\" target=\"_blank\" rel=\"noopener noreferrer\">1\u00ba a 5\u00ba Cart\u00f3rios Integrados <\/a><\/p>\n<\/div>\n<p><strong>:: 2019 ::<\/strong><\/p>\n<p><a href=\"http:\/\/www5.tjba.jus.br\/estrategia\/wp-content\/uploads\/2021\/01\/Relat\u00f3rio-Auditoria-12.2019.pdf\" target=\"_blank\" rel=\"noopener noreferrer\">DD2G, GAB1VP, PJ2G<\/a><\/p>\n<p><strong style=\"text-align: justify;\">..:: Auditoria Externa ::..<\/strong><\/p>\n<p><strong>:: 2020 ::<\/strong><\/p>\n<p><a href=\"http:\/\/www5.tjba.jus.br\/estrategia\/wp-content\/uploads\/2021\/01\/Relat\u00f3rio-Auditoria-01.2020.pdf\" target=\"_blank\" rel=\"noopener noreferrer\">DD2G, GAB1VP, PJ2G<\/a><\/p>\n","protected":false},"excerpt":{"rendered":"<p>A Gest\u00e3o da Qualidade \u00e9 um modelo de administra\u00e7\u00e3o que tem como objetivo aprimorar a qualidade dos processos organizacionais.\u00a0 A implementa\u00e7\u00e3o de um Sistema de Gest\u00e3o da Qualidade (SGQ) conduz a Organiza\u00e7\u00e3o ao planejamento e gerenciamento de todas as a\u00e7\u00f5es que contribuir\u00e3o para atingir, de forma constante, a satisfa\u00e7\u00e3o das necessidades e expectativas das partes [&hellip;]<\/p>\n","protected":false},"author":1,"featured_media":0,"parent":3987,"menu_order":0,"comment_status":"closed","ping_status":"closed","template":"","meta":{"footnotes":""},"class_list":["post-4097","page","type-page","status-publish","hentry"],"acf":[],"featured_image_src":null,"_links":{"self":[{"href":"https:\/\/www.tjba.jus.br\/estrategia\/wp-json\/wp\/v2\/pages\/4097","targetHints":{"allow":["GET"]}}],"collection":[{"href":"https:\/\/www.tjba.jus.br\/estrategia\/wp-json\/wp\/v2\/pages"}],"about":[{"href":"https:\/\/www.tjba.jus.br\/estrategia\/wp-json\/wp\/v2\/types\/page"}],"author":[{"embeddable":true,"href":"https:\/\/www.tjba.jus.br\/estrategia\/wp-json\/wp\/v2\/users\/1"}],"replies":[{"embeddable":true,"href":"https:\/\/www.tjba.jus.br\/estrategia\/wp-json\/wp\/v2\/comments?post=4097"}],"version-history":[{"count":15,"href":"https:\/\/www.tjba.jus.br\/estrategia\/wp-json\/wp\/v2\/pages\/4097\/revisions"}],"predecessor-version":[{"id":5993,"href":"https:\/\/www.tjba.jus.br\/estrategia\/wp-json\/wp\/v2\/pages\/4097\/revisions\/5993"}],"up":[{"embeddable":true,"href":"https:\/\/www.tjba.jus.br\/estrategia\/wp-json\/wp\/v2\/pages\/3987"}],"wp:attachment":[{"href":"https:\/\/www.tjba.jus.br\/estrategia\/wp-json\/wp\/v2\/media?parent=4097"}],"curies":[{"name":"wp","href":"https:\/\/api.w.org\/{rel}","templated":true}]}}