{"id":4158,"date":"2019-03-13T15:24:57","date_gmt":"2019-03-13T15:24:57","guid":{"rendered":"http:\/\/www5.tjba.jus.br\/estrategia\/?page_id=4158"},"modified":"2019-03-13T17:34:10","modified_gmt":"2019-03-13T17:34:10","slug":"ambienteematuridadegp","status":"publish","type":"page","link":"https:\/\/www.tjba.jus.br\/estrategia\/ambienteematuridadegp\/","title":{"rendered":"Pesquisas de Ambiente e Maturidade em Gest\u00e3o de Projetos"},"content":{"rendered":"<p align=\"justify\">Realizadas pela primeira vez em 2017, por ocasi\u00e3o da implanta\u00e7\u00e3o do Escrit\u00f3rio de Projetos e Processos Estrat\u00e9gicos (EPPE), de igual forma este ano ser\u00e3o realizadas as pesquisas de ambiente e maturidade em gest\u00e3o de projetos, contando com a participa\u00e7\u00e3o de todos os atores institucionais que, valiosa e cotidianamente colaboram com a consolida\u00e7\u00e3o desta disciplina no \u00e2mbito do TJBA.<\/p>\n<p align=\"justify\">Clique nas figuras abaixo para acessar os formul\u00e1rios das pesquisas <strong>DE AMBIENTE E MATURIDADE<\/strong>:<\/p>\n<div style=\"width: 510px\" class=\"wp-caption aligncenter\"><a href=\"http:\/\/tjbawsp001.tjba.jus.br\/enquete\/index.php\/176689?lang=pt-BR \" target=\"_blank\" rel=\"noopener\"><img loading=\"lazy\" decoding=\"async\" title=\"AMBIENTE DE PROJETOS\" src=\"http:\/\/arquitetura-aec.com.br\/imagens\/projeto-para-ambientes-pequenos.jpg\" alt=\"AMBIENTE DE PROJETOS\" width=\"500\" height=\"375\" \/><\/a><p class=\"wp-caption-text\"><strong>AMBIENTE DE PROJETOS<\/strong><\/p><\/div>\n<div style=\"width: 498px\" class=\"wp-caption aligncenter\"><a href=\"http:\/\/tjbawsp001.tjba.jus.br\/enquete\/index.php\/789969?lang=pt-BR\" target=\"_blank\" rel=\"noopener\"><img loading=\"lazy\" decoding=\"async\" title=\"MATURIDADE EM GEST\u00c3O DE PROJETOS\" src=\"https:\/\/pmkb.com.br\/uploads\/26587\/maturidade.png\" alt=\"MATURIDADE EM GEST\u00c3O DE PROJETOS\" width=\"488\" height=\"275\" \/><\/a><p class=\"wp-caption-text\"><strong>MATURIDADE EM GEST\u00c3O DE PROJETOS<\/strong><\/p><\/div>\n<p align=\"justify\"><strong><br \/>\nPer\u00edodo de realiza\u00e7\u00e3o das Pesquisas:<br \/>\n<\/strong>De 13 de mar\u00e7o \u00e0 13 de abril de 2019.<strong><br \/>\n<\/strong><\/p>\n","protected":false},"excerpt":{"rendered":"<p>Realizadas pela primeira vez em 2017, por ocasi\u00e3o da implanta\u00e7\u00e3o do Escrit\u00f3rio de Projetos e Processos Estrat\u00e9gicos (EPPE), de igual forma este ano ser\u00e3o realizadas as pesquisas de ambiente e maturidade em gest\u00e3o de projetos, contando com a participa\u00e7\u00e3o de todos os atores institucionais que, valiosa e cotidianamente colaboram com a consolida\u00e7\u00e3o desta disciplina no [&hellip;]<\/p>\n","protected":false},"author":1,"featured_media":0,"parent":0,"menu_order":0,"comment_status":"closed","ping_status":"closed","template":"","meta":{"footnotes":""},"class_list":["post-4158","page","type-page","status-publish","hentry"],"acf":[],"featured_image_src":null,"_links":{"self":[{"href":"https:\/\/www.tjba.jus.br\/estrategia\/wp-json\/wp\/v2\/pages\/4158","targetHints":{"allow":["GET"]}}],"collection":[{"href":"https:\/\/www.tjba.jus.br\/estrategia\/wp-json\/wp\/v2\/pages"}],"about":[{"href":"https:\/\/www.tjba.jus.br\/estrategia\/wp-json\/wp\/v2\/types\/page"}],"author":[{"embeddable":true,"href":"https:\/\/www.tjba.jus.br\/estrategia\/wp-json\/wp\/v2\/users\/1"}],"replies":[{"embeddable":true,"href":"https:\/\/www.tjba.jus.br\/estrategia\/wp-json\/wp\/v2\/comments?post=4158"}],"version-history":[{"count":6,"href":"https:\/\/www.tjba.jus.br\/estrategia\/wp-json\/wp\/v2\/pages\/4158\/revisions"}],"predecessor-version":[{"id":4167,"href":"https:\/\/www.tjba.jus.br\/estrategia\/wp-json\/wp\/v2\/pages\/4158\/revisions\/4167"}],"wp:attachment":[{"href":"https:\/\/www.tjba.jus.br\/estrategia\/wp-json\/wp\/v2\/media?parent=4158"}],"curies":[{"name":"wp","href":"https:\/\/api.w.org\/{rel}","templated":true}]}}