{"id":4257,"date":"2019-05-02T11:34:42","date_gmt":"2019-05-02T11:34:42","guid":{"rendered":"http:\/\/www5.tjba.jus.br\/estrategia\/?page_id=4257"},"modified":"2019-05-02T11:34:42","modified_gmt":"2019-05-02T11:34:42","slug":"justica-em-numeros-2017","status":"publish","type":"page","link":"https:\/\/www.tjba.jus.br\/estrategia\/justica-em-numeros-2017\/","title":{"rendered":"Justi\u00e7a em N\u00fameros 2017"},"content":{"rendered":"<p>Acesse o relat\u00f3rio Justi\u00e7a em N\u00fameros 2017 (base 2016) <a href=\"http:\/\/www.cnj.jus.br\/files\/conteudo\/arquivo\/2017\/12\/b60a659e5d5cb79337945c1dd137496c.pdf\">aqui<\/a>.<\/p>\n","protected":false},"excerpt":{"rendered":"<p>Acesse o relat\u00f3rio Justi\u00e7a em N\u00fameros 2017 (base 2016) aqui.<\/p>\n","protected":false},"author":1,"featured_media":0,"parent":0,"menu_order":0,"comment_status":"closed","ping_status":"closed","template":"","meta":{"footnotes":""},"class_list":["post-4257","page","type-page","status-publish","hentry"],"acf":[],"featured_image_src":null,"_links":{"self":[{"href":"https:\/\/www.tjba.jus.br\/estrategia\/wp-json\/wp\/v2\/pages\/4257","targetHints":{"allow":["GET"]}}],"collection":[{"href":"https:\/\/www.tjba.jus.br\/estrategia\/wp-json\/wp\/v2\/pages"}],"about":[{"href":"https:\/\/www.tjba.jus.br\/estrategia\/wp-json\/wp\/v2\/types\/page"}],"author":[{"embeddable":true,"href":"https:\/\/www.tjba.jus.br\/estrategia\/wp-json\/wp\/v2\/users\/1"}],"replies":[{"embeddable":true,"href":"https:\/\/www.tjba.jus.br\/estrategia\/wp-json\/wp\/v2\/comments?post=4257"}],"version-history":[{"count":1,"href":"https:\/\/www.tjba.jus.br\/estrategia\/wp-json\/wp\/v2\/pages\/4257\/revisions"}],"predecessor-version":[{"id":4261,"href":"https:\/\/www.tjba.jus.br\/estrategia\/wp-json\/wp\/v2\/pages\/4257\/revisions\/4261"}],"wp:attachment":[{"href":"https:\/\/www.tjba.jus.br\/estrategia\/wp-json\/wp\/v2\/media?parent=4257"}],"curies":[{"name":"wp","href":"https:\/\/api.w.org\/{rel}","templated":true}]}}