{"id":444,"date":"2017-01-27T21:58:54","date_gmt":"2017-01-27T21:58:54","guid":{"rendered":"http:\/\/vespa.tjba.jus.br\/estrategia\/?page_id=444"},"modified":"2024-04-10T15:23:54","modified_gmt":"2024-04-10T18:23:54","slug":"metas-nacionais-2020","status":"publish","type":"page","link":"https:\/\/www.tjba.jus.br\/estrategia\/metas-nacionais-2020\/","title":{"rendered":"Metas Nacionais"},"content":{"rendered":"<blockquote><p>Definidas pela primeira vez no 2\u00ba Encontro Nacional do Judici\u00e1rio, que aconteceu em Belo Horizonte, Minas Gerais, no ano de 2009, as Metas Nacionais visam o aperfei\u00e7oamento da Justi\u00e7a e representam os principais compromissos p\u00fablicos assumidos pelos tribunais.<\/p><\/blockquote>\n<h3><strong>Sobre as Metas<\/strong><\/h3>\n<p style=\"text-align: left;\">As Metas Nacionais do Poder Judici\u00e1rio representam o compromisso dos tribunais brasileiros com o aperfei\u00e7oamento da presta\u00e7\u00e3o jurisdicional, buscando proporcionar \u00e0 sociedade servi\u00e7o mais c\u00e9lere, com maior efici\u00eancia e qualidade.<\/p>\n<h3><strong>Metas Nacionais e Espec\u00edficas<\/strong><\/h3>\n<p style=\"padding-left: 40px;\">\u00a0 \u00a0<a href=\"https:\/\/www.cnj.jus.br\/wp-content\/uploads\/2023\/12\/metas-nacionais-aprovadas-no-17o-enpj-1.pdf\" target=\"_blank\" rel=\"noopener noreferrer\">Metas Nacionais 2024<\/a><\/p>\n<p style=\"padding-left: 40px;\">\u00a0 <a href=\"https:\/\/www.cnj.jus.br\/wp-content\/uploads\/2024\/01\/metas-especificas-aprovadas-no-17o-enpj.pdf\" target=\"_blank\" rel=\"noopener noreferrer\">Metas Espec\u00edficas 2024<\/a><\/p>\n<h3><a href=\"https:\/\/www.cnj.jus.br\/gestao-estrategica-e-planejamento\/metas\/sistema-de-metas-nacionais\/\" target=\"_blank\" rel=\"noopener noreferrer\">Sistema de Metas Nacionais &#8211; Clique Aqui!<\/a><\/h3>\n<p>Cadastro de novos usu\u00e1rios e link de acesso ao Sistema<\/p>\n","protected":false},"excerpt":{"rendered":"<p>Definidas pela primeira vez no 2\u00ba Encontro Nacional do Judici\u00e1rio, que aconteceu em Belo Horizonte, Minas Gerais, no ano de 2009, as Metas Nacionais visam o aperfei\u00e7oamento da Justi\u00e7a e representam os principais compromissos p\u00fablicos assumidos pelos tribunais. Sobre as Metas As Metas Nacionais do Poder Judici\u00e1rio representam o compromisso dos tribunais brasileiros com o [&hellip;]<\/p>\n","protected":false},"author":1,"featured_media":0,"parent":0,"menu_order":14,"comment_status":"closed","ping_status":"closed","template":"","meta":{"footnotes":""},"class_list":["post-444","page","type-page","status-publish","hentry"],"acf":[],"featured_image_src":null,"_links":{"self":[{"href":"https:\/\/www.tjba.jus.br\/estrategia\/wp-json\/wp\/v2\/pages\/444","targetHints":{"allow":["GET"]}}],"collection":[{"href":"https:\/\/www.tjba.jus.br\/estrategia\/wp-json\/wp\/v2\/pages"}],"about":[{"href":"https:\/\/www.tjba.jus.br\/estrategia\/wp-json\/wp\/v2\/types\/page"}],"author":[{"embeddable":true,"href":"https:\/\/www.tjba.jus.br\/estrategia\/wp-json\/wp\/v2\/users\/1"}],"replies":[{"embeddable":true,"href":"https:\/\/www.tjba.jus.br\/estrategia\/wp-json\/wp\/v2\/comments?post=444"}],"version-history":[{"count":29,"href":"https:\/\/www.tjba.jus.br\/estrategia\/wp-json\/wp\/v2\/pages\/444\/revisions"}],"predecessor-version":[{"id":8598,"href":"https:\/\/www.tjba.jus.br\/estrategia\/wp-json\/wp\/v2\/pages\/444\/revisions\/8598"}],"wp:attachment":[{"href":"https:\/\/www.tjba.jus.br\/estrategia\/wp-json\/wp\/v2\/media?parent=444"}],"curies":[{"name":"wp","href":"https:\/\/api.w.org\/{rel}","templated":true}]}}