{"id":4512,"date":"2020-02-14T11:01:04","date_gmt":"2020-02-14T13:01:04","guid":{"rendered":"http:\/\/www5.tjba.jus.br\/estrategia\/?page_id=4512"},"modified":"2023-09-15T13:24:05","modified_gmt":"2023-09-15T16:24:05","slug":"glossario-simplificado-resolucao-76-2009-casos-novos","status":"publish","type":"page","link":"https:\/\/www.tjba.jus.br\/estrategia\/glossario-simplificado-resolucao-76-2009-casos-novos\/","title":{"rendered":"Gloss\u00e1rio Simplificado &#8211; Resolu\u00e7\u00e3o 76\/2009 CNJ &#8211; Casos Novos"},"content":{"rendered":"<p><img loading=\"lazy\" decoding=\"async\" class=\"alignnone size-full wp-image-4923\" src=\"http:\/\/www5.tjba.jus.br\/estrategia\/wp-content\/uploads\/2020\/03\/cabecalho_glossario_simplificado.jpg\" alt=\"\" width=\"2470\" height=\"532\" srcset=\"https:\/\/www.tjba.jus.br\/estrategia\/wp-content\/uploads\/2020\/03\/cabecalho_glossario_simplificado.jpg 2470w, https:\/\/www.tjba.jus.br\/estrategia\/wp-content\/uploads\/2020\/03\/cabecalho_glossario_simplificado-300x65.jpg 300w, https:\/\/www.tjba.jus.br\/estrategia\/wp-content\/uploads\/2020\/03\/cabecalho_glossario_simplificado-768x165.jpg 768w, https:\/\/www.tjba.jus.br\/estrategia\/wp-content\/uploads\/2020\/03\/cabecalho_glossario_simplificado-1024x221.jpg 1024w\" sizes=\"auto, (max-width: 2470px) 100vw, 2470px\" \/><\/p>\n<p>A Resolu\u00e7\u00e3o 76\/2009 do Conselho Nacional de Justi\u00e7a (CNJ) estabelece indicadores utilizados pelo Sistema de Estat\u00edstica do Poder Judici\u00e1rio. A parametriza\u00e7\u00e3o destes \u00edndices est\u00e1 proposta nos anexos da referida Resolu\u00e7\u00e3o, bem como nos gloss\u00e1rios publicados pelo Departamento de Pesquisas Judici\u00e1rias do CNJ.<\/p>\n<p>Dessa forma, a apura\u00e7\u00e3o da produtividade considera a m\u00e9trica dos normativos citados. Tendo em vista que nem todas Classes Processuais s\u00e3o aproveitadas nestes c\u00f4mputos, a Secretaria de Planejamento e Or\u00e7amento disponibiliza documenta\u00e7\u00e3o simplificada para facilitar a identifica\u00e7\u00e3o dos Processos enquadrados como Casos Novos, baseada na planilha de parametriza\u00e7\u00e3o do Conselho Nacional de Justi\u00e7a. Neste arquivo, portanto, est\u00e3o dispostos Classes e suas Hierarquias componentes dos c\u00e1lculos.<\/p>\n<p><a href=\"http:\/\/www5.tjba.jus.br\/estrategia\/wp-content\/uploads\/2022\/01\/param-justica_estadual-081021.pdf\" target=\"_blank\" rel=\"noopener noreferrer\">Gloss\u00e1rio de Casos Novos<\/a><\/p>\n<p><a href=\"http:\/\/www5.tjba.jus.br\/estrategia\/index.php\/parametrizacao-de-classes\/\" target=\"_blank\" rel=\"noopener noreferrer\">Gloss\u00e1rio de Classes<\/a> (indica quais s\u00e3o consideradas como Casos Novos e a qual vari\u00e1vel do &#8220;Gloss\u00e1rio de Casos Novos&#8221; se aplica)<\/p>\n<p>Maiores detalhes acerca das Classes e suas Hierarquias relacionadas nestes documentos podem ser consultados no site das <a href=\"https:\/\/www.cnj.jus.br\/sgt\/consulta_publica_classes.php\">Tabelas Processuais Unificadas<\/a>.<\/p>\n<p>Em caso de d\u00favidas ou sugest\u00f5es de melhoria, encaminhe email para o N\u00facleo de Estat\u00edstica e Gest\u00e3o Estrat\u00e9gica no endere\u00e7o <strong>nege@tjba.jus.br<\/strong>.<\/p>\n<p><em>Refer\u00eancias:<\/em><\/p>\n<p style=\"text-align: left;\"><em>\u00a0 \u00a01) Anexo I <a href=\"https:\/\/atos.cnj.jus.br\/files\/Anexo_Justica_Estadual.pdf\">INDICADORES DO SISTEMA DE ESTAT\u00cdSTICA DO PODER JUDICI\u00c1RIO<\/a> Indicadores semestrais e anuais relativos \u00e0 litigiosidade e aos recursos financeiros, f\u00edsicos e humanos dos \u00d3rg\u00e3os do Poder Judici\u00e1rio.\u00a0\u00a0<\/em><\/p>\n<p style=\"text-align: left;\"><em>\u00a0 \u00a02) \u00a0Anexo II <a href=\"https:\/\/atos.cnj.jus.br\/files\/Anexo-II---Resoluo-76---Mdulo-Produtividade---Justia-Estadual_2018.pdf\">M\u00d3DULO DE PRODUTIVIDADE MENSAL<\/a>\u00a0Indicadores de produtividade individual dos magistrados e das serventias dos \u00d3rg\u00e3os do Poder Judici\u00e1rio, informados mensalmente, atrav\u00e9s de arquivos enviados ao CNJ.<\/em><\/p>\n<p style=\"text-align: left;\"><em>\u00a0 \u00a03) <a href=\"https:\/\/atos.cnj.jus.br\/atos\/detalhar\/110\">Resolu\u00e7\u00e3o do CNJ N\u00ba 76 de <span id=\"OBJ_PREFIX_DWT781_com_zimbra_date\" class=\"Object\"><span id=\"OBJ_PREFIX_DWT786_com_zimbra_date\" class=\"Object\">12\/05\/2009<\/span><\/span><\/a>\u00a0&#8211;\u00a0Disp\u00f5e sobre os princ\u00edpios do Sistema de Estat\u00edstica do Poder Judici\u00e1rio, estabelece seus indicadores, fixa prazos, determina penalidades e d\u00e1 outras provid\u00eancias.<\/em><\/p>\n<p style=\"text-align: left;\"><em>\u00a0 4) <a href=\"https:\/\/www.cnj.jus.br\/sgt\/versoes_tabelas\/manual\/Manual_de_utilizacao_das_Tabelas_Processuais_Unificadas.pdf\">Manual de utiliza\u00e7\u00e3o das Tabelas Processuais Unificadas<\/a><\/em><\/p>\n<p><em>\u00a0 5) <a href=\"https:\/\/www.cnj.jus.br\/pesquisas-judiciarias\/justica-em-numeros\/documentos-justica-em-numeros\/\">Documenta\u00e7\u00e3o de Parametriza\u00e7\u00e3o do CNJ<\/a><\/em><\/p>\n<p>&nbsp;<\/p>\n","protected":false},"excerpt":{"rendered":"<p>A Resolu\u00e7\u00e3o 76\/2009 do Conselho Nacional de Justi\u00e7a (CNJ) estabelece indicadores utilizados pelo Sistema de Estat\u00edstica do Poder Judici\u00e1rio. A parametriza\u00e7\u00e3o destes \u00edndices est\u00e1 proposta nos anexos da referida Resolu\u00e7\u00e3o, bem como nos gloss\u00e1rios publicados pelo Departamento de Pesquisas Judici\u00e1rias do CNJ. Dessa forma, a apura\u00e7\u00e3o da produtividade considera a m\u00e9trica dos normativos citados. Tendo [&hellip;]<\/p>\n","protected":false},"author":7,"featured_media":0,"parent":0,"menu_order":0,"comment_status":"closed","ping_status":"closed","template":"","meta":{"footnotes":""},"class_list":["post-4512","page","type-page","status-publish","hentry"],"acf":[],"featured_image_src":null,"_links":{"self":[{"href":"https:\/\/www.tjba.jus.br\/estrategia\/wp-json\/wp\/v2\/pages\/4512","targetHints":{"allow":["GET"]}}],"collection":[{"href":"https:\/\/www.tjba.jus.br\/estrategia\/wp-json\/wp\/v2\/pages"}],"about":[{"href":"https:\/\/www.tjba.jus.br\/estrategia\/wp-json\/wp\/v2\/types\/page"}],"author":[{"embeddable":true,"href":"https:\/\/www.tjba.jus.br\/estrategia\/wp-json\/wp\/v2\/users\/7"}],"replies":[{"embeddable":true,"href":"https:\/\/www.tjba.jus.br\/estrategia\/wp-json\/wp\/v2\/comments?post=4512"}],"version-history":[{"count":18,"href":"https:\/\/www.tjba.jus.br\/estrategia\/wp-json\/wp\/v2\/pages\/4512\/revisions"}],"predecessor-version":[{"id":8039,"href":"https:\/\/www.tjba.jus.br\/estrategia\/wp-json\/wp\/v2\/pages\/4512\/revisions\/8039"}],"wp:attachment":[{"href":"https:\/\/www.tjba.jus.br\/estrategia\/wp-json\/wp\/v2\/media?parent=4512"}],"curies":[{"name":"wp","href":"https:\/\/api.w.org\/{rel}","templated":true}]}}