{"id":4575,"date":"2020-02-19T14:57:18","date_gmt":"2020-02-19T17:57:18","guid":{"rendered":"http:\/\/www5.tjba.jus.br\/estrategia\/?page_id=4575"},"modified":"2020-02-19T14:57:18","modified_gmt":"2020-02-19T17:57:18","slug":"pesquisa-de-maturidade-em-gerenciamento-de-projetos-2019","status":"publish","type":"page","link":"https:\/\/www.tjba.jus.br\/estrategia\/pesquisa-de-maturidade-em-gerenciamento-de-projetos-2019\/","title":{"rendered":"Pesquisa de Maturidade em Gerenciamento de Projetos 2019"},"content":{"rendered":"<blockquote><p>OBJETIVO:<br \/>\nVerificar o grau de desenvolvimento da atividade Gerenciamento de Projetos no<br \/>\n\u00e2mbito do Tribunal de Justi\u00e7a do Estado da Bahia.<br \/>\nModelo utilizado: Prado-MMGP V4 &#8211; Modelo de Maturidade em Gerenciamento de<br \/>\nProjetos (modelo de crescimento nos aspectos fundamentais da mat\u00e9ria ger\u00eancia<br \/>\nde projetos e trata de n\u00edveis e dimens\u00f5es da maturidade).<br \/>\nAMOSTRA:<br \/>\nA amostra representativa foi composta por 17 question\u00e1rios respondidos por:<br \/>\nPresid\u00eancia, Assessoria Especial da Presid\u00eancia, duas secretarias, duas diretorias e<br \/>\nduas coordena\u00e7\u00f5es.<br \/>\nEsta pesquisa foi aplicada com pessoas que efetivamente trabalham utilizando<br \/>\nGerenciamento de Projetos, no \u00e2mbito do TRIBUNAL DE JUSTI\u00c7A DO ESTADO<br \/>\nDA BAHIA, sem a obrigatoriedade de estarem alocados em Escrit\u00f3rios de Projetos.<\/p><\/blockquote>\n<p>Acesse <a href=\"http:\/\/www5.tjba.jus.br\/estrategia\/wp-content\/uploads\/2020\/02\/pesq_maturidade_gestao_projetos_2019.pdf\">relat\u00f3rio da pesquisa<\/a>.<\/p>\n","protected":false},"excerpt":{"rendered":"<p>OBJETIVO: Verificar o grau de desenvolvimento da atividade Gerenciamento de Projetos no \u00e2mbito do Tribunal de Justi\u00e7a do Estado da Bahia. Modelo utilizado: Prado-MMGP V4 &#8211; Modelo de Maturidade em Gerenciamento de Projetos (modelo de crescimento nos aspectos fundamentais da mat\u00e9ria ger\u00eancia de projetos e trata de n\u00edveis e dimens\u00f5es da maturidade). AMOSTRA: A amostra [&hellip;]<\/p>\n","protected":false},"author":7,"featured_media":0,"parent":0,"menu_order":0,"comment_status":"closed","ping_status":"closed","template":"","meta":{"footnotes":""},"class_list":["post-4575","page","type-page","status-publish","hentry"],"acf":[],"featured_image_src":null,"_links":{"self":[{"href":"https:\/\/www.tjba.jus.br\/estrategia\/wp-json\/wp\/v2\/pages\/4575","targetHints":{"allow":["GET"]}}],"collection":[{"href":"https:\/\/www.tjba.jus.br\/estrategia\/wp-json\/wp\/v2\/pages"}],"about":[{"href":"https:\/\/www.tjba.jus.br\/estrategia\/wp-json\/wp\/v2\/types\/page"}],"author":[{"embeddable":true,"href":"https:\/\/www.tjba.jus.br\/estrategia\/wp-json\/wp\/v2\/users\/7"}],"replies":[{"embeddable":true,"href":"https:\/\/www.tjba.jus.br\/estrategia\/wp-json\/wp\/v2\/comments?post=4575"}],"version-history":[{"count":1,"href":"https:\/\/www.tjba.jus.br\/estrategia\/wp-json\/wp\/v2\/pages\/4575\/revisions"}],"predecessor-version":[{"id":4580,"href":"https:\/\/www.tjba.jus.br\/estrategia\/wp-json\/wp\/v2\/pages\/4575\/revisions\/4580"}],"wp:attachment":[{"href":"https:\/\/www.tjba.jus.br\/estrategia\/wp-json\/wp\/v2\/media?parent=4575"}],"curies":[{"name":"wp","href":"https:\/\/api.w.org\/{rel}","templated":true}]}}