{"id":4581,"date":"2020-02-19T15:01:29","date_gmt":"2020-02-19T18:01:29","guid":{"rendered":"http:\/\/www5.tjba.jus.br\/estrategia\/?page_id=4581"},"modified":"2020-02-19T15:12:59","modified_gmt":"2020-02-19T18:12:59","slug":"pesquisa-de-gestao-participativa-rede-de-governanca-colaborativa-2019","status":"publish","type":"page","link":"https:\/\/www.tjba.jus.br\/estrategia\/pesquisa-de-gestao-participativa-rede-de-governanca-colaborativa-2019\/","title":{"rendered":"Pesquisa de Gest\u00e3o Participativa &#8211; Rede de Governan\u00e7a Colaborativa &#8211; 2019"},"content":{"rendered":"<blockquote><p><i>Processo participativo conduzido para obten\u00e7\u00e3o de opini\u00f5es e considera\u00e7\u00f5es de todos acerca das Metas Nacionais do Poder Judici\u00e1rio para o ano de 2020. A iniciativa atende ao disposto na Resolu\u00e7\u00e3o CNJ n\u00ba 221 de 2016, que institui princ\u00edpios de gest\u00e3o participativa e democr\u00e1tica na elabora\u00e7\u00e3o das metas nacionais do Poder Judici\u00e1rio e das pol\u00edticas judici\u00e1rias do Conselho Nacional de Justi\u00e7a (CNJ).<\/i><\/p>\n<p><i>A a\u00e7\u00e3o objetiva tornar o procedimento de constru\u00e7\u00e3o das referidas metas mais participativo, oferecendo \u00e0 sociedade, aos servidores, magistrados, membros do Minist\u00e9rio P\u00fablico, advogados e defensores a oportunidade de sugerir e contribuir para uma gest\u00e3o judici\u00e1ria mais transparente, transversal e inclusiva<\/i><\/p>\n<p><i>Este ano, atrav\u00e9s da proposta desenvolvida pelo TJBA, 25 tribunais estaduais envolveram-se na Pesquisa de Gest\u00e3o Participativa de forma \u00fanica. Entre os temas, sugeridos pelo Conselho Nacional de Justi\u00e7a (CNJ), nesta edi\u00e7\u00e3o, foram abordados as solu\u00e7\u00f5es do Judici\u00e1rio para as grandes obras paralisadas no Brasil; a meta espec\u00edfica para a Inf\u00e2ncia e Juventude; os valores para a pr\u00f3xima fase estrat\u00e9gica do Poder Judici\u00e1rio; e Objetivos Desenvolvimento Sustent\u00e1vel (ODS) \u2013 propostos pela Organiza\u00e7\u00e3o das Na\u00e7\u00f5es Unidas (ONU).<\/i><\/p><\/blockquote>\n<p>Acesse o\u00a0<a href=\"http:\/\/www5.tjba.jus.br\/estrategia\/wp-content\/uploads\/2020\/02\/pesq_gestao_participativa_2019.pdf\">relat\u00f3rio da pesquisa<\/a>.<\/p>\n","protected":false},"excerpt":{"rendered":"<p>Processo participativo conduzido para obten\u00e7\u00e3o de opini\u00f5es e considera\u00e7\u00f5es de todos acerca das Metas Nacionais do Poder Judici\u00e1rio para o ano de 2020. A iniciativa atende ao disposto na Resolu\u00e7\u00e3o CNJ n\u00ba 221 de 2016, que institui princ\u00edpios de gest\u00e3o participativa e democr\u00e1tica na elabora\u00e7\u00e3o das metas nacionais do Poder Judici\u00e1rio e das pol\u00edticas judici\u00e1rias [&hellip;]<\/p>\n","protected":false},"author":7,"featured_media":0,"parent":0,"menu_order":0,"comment_status":"closed","ping_status":"closed","template":"","meta":{"footnotes":""},"class_list":["post-4581","page","type-page","status-publish","hentry"],"acf":[],"featured_image_src":null,"_links":{"self":[{"href":"https:\/\/www.tjba.jus.br\/estrategia\/wp-json\/wp\/v2\/pages\/4581","targetHints":{"allow":["GET"]}}],"collection":[{"href":"https:\/\/www.tjba.jus.br\/estrategia\/wp-json\/wp\/v2\/pages"}],"about":[{"href":"https:\/\/www.tjba.jus.br\/estrategia\/wp-json\/wp\/v2\/types\/page"}],"author":[{"embeddable":true,"href":"https:\/\/www.tjba.jus.br\/estrategia\/wp-json\/wp\/v2\/users\/7"}],"replies":[{"embeddable":true,"href":"https:\/\/www.tjba.jus.br\/estrategia\/wp-json\/wp\/v2\/comments?post=4581"}],"version-history":[{"count":2,"href":"https:\/\/www.tjba.jus.br\/estrategia\/wp-json\/wp\/v2\/pages\/4581\/revisions"}],"predecessor-version":[{"id":4600,"href":"https:\/\/www.tjba.jus.br\/estrategia\/wp-json\/wp\/v2\/pages\/4581\/revisions\/4600"}],"wp:attachment":[{"href":"https:\/\/www.tjba.jus.br\/estrategia\/wp-json\/wp\/v2\/media?parent=4581"}],"curies":[{"name":"wp","href":"https:\/\/api.w.org\/{rel}","templated":true}]}}