{"id":4587,"date":"2020-02-19T15:05:37","date_gmt":"2020-02-19T18:05:37","guid":{"rendered":"http:\/\/www5.tjba.jus.br\/estrategia\/?page_id=4587"},"modified":"2020-02-19T15:05:37","modified_gmt":"2020-02-19T18:05:37","slug":"pesquisa-de-opiniao-2019","status":"publish","type":"page","link":"https:\/\/www.tjba.jus.br\/estrategia\/pesquisa-de-opiniao-2019\/","title":{"rendered":"Pesquisa de Opini\u00e3o 2019"},"content":{"rendered":"<blockquote><p>A Pesquisa de Opini\u00e3o do Tribunal de Justi\u00e7a do Estado da Bahia (TJBA) atende a<br \/>\nexig\u00eancias das Resolu\u00e7\u00f5es N\u00ba 198\/2014, do Conselho Nacional de Justi\u00e7a (CNJ) que instituiu o<br \/>\nPlanejamento Estrat\u00e9gico 2015-2020.<br \/>\nA expectativa \u00e9 aplicar regularmente essa pesquisa, que tem por objetivo mensurar o grau<br \/>\nde satisfa\u00e7\u00e3o e confian\u00e7a relativo \u00e0 qualidade dos servi\u00e7os assegurados pelo Judici\u00e1rio baiano.<\/p><\/blockquote>\n<p>Acesse o <a href=\"http:\/\/www5.tjba.jus.br\/estrategia\/wp-content\/uploads\/2020\/02\/pesq_opiniao_2019.pdf\">relat\u00f3rio da pesquisa<\/a>.<\/p>\n","protected":false},"excerpt":{"rendered":"<p>A Pesquisa de Opini\u00e3o do Tribunal de Justi\u00e7a do Estado da Bahia (TJBA) atende a exig\u00eancias das Resolu\u00e7\u00f5es N\u00ba 198\/2014, do Conselho Nacional de Justi\u00e7a (CNJ) que instituiu o Planejamento Estrat\u00e9gico 2015-2020. A expectativa \u00e9 aplicar regularmente essa pesquisa, que tem por objetivo mensurar o grau de satisfa\u00e7\u00e3o e confian\u00e7a relativo \u00e0 qualidade dos servi\u00e7os [&hellip;]<\/p>\n","protected":false},"author":7,"featured_media":0,"parent":0,"menu_order":0,"comment_status":"closed","ping_status":"closed","template":"","meta":{"footnotes":""},"class_list":["post-4587","page","type-page","status-publish","hentry"],"acf":[],"featured_image_src":null,"_links":{"self":[{"href":"https:\/\/www.tjba.jus.br\/estrategia\/wp-json\/wp\/v2\/pages\/4587","targetHints":{"allow":["GET"]}}],"collection":[{"href":"https:\/\/www.tjba.jus.br\/estrategia\/wp-json\/wp\/v2\/pages"}],"about":[{"href":"https:\/\/www.tjba.jus.br\/estrategia\/wp-json\/wp\/v2\/types\/page"}],"author":[{"embeddable":true,"href":"https:\/\/www.tjba.jus.br\/estrategia\/wp-json\/wp\/v2\/users\/7"}],"replies":[{"embeddable":true,"href":"https:\/\/www.tjba.jus.br\/estrategia\/wp-json\/wp\/v2\/comments?post=4587"}],"version-history":[{"count":1,"href":"https:\/\/www.tjba.jus.br\/estrategia\/wp-json\/wp\/v2\/pages\/4587\/revisions"}],"predecessor-version":[{"id":4592,"href":"https:\/\/www.tjba.jus.br\/estrategia\/wp-json\/wp\/v2\/pages\/4587\/revisions\/4592"}],"wp:attachment":[{"href":"https:\/\/www.tjba.jus.br\/estrategia\/wp-json\/wp\/v2\/media?parent=4587"}],"curies":[{"name":"wp","href":"https:\/\/api.w.org\/{rel}","templated":true}]}}