{"id":4941,"date":"2020-03-19T11:05:07","date_gmt":"2020-03-19T14:05:07","guid":{"rendered":"http:\/\/www5.tjba.jus.br\/estrategia\/?page_id=4941"},"modified":"2020-04-02T12:29:26","modified_gmt":"2020-04-02T15:29:26","slug":"reunioes-de-lideres-avancados-rlas-2019","status":"publish","type":"page","link":"https:\/\/www.tjba.jus.br\/estrategia\/reunioes-de-lideres-avancados-rlas-2019\/","title":{"rendered":"Reuni\u00f5es de L\u00edderes Avan\u00e7ados (RLAs) 2019"},"content":{"rendered":"<p><strong>..:: ATAS ::..<\/strong><\/p>\n<p><strong>Reuni\u00e3o COLETIVA \u00a0 \u00a0 \u00a0 \u00a0 \u00a0 \u00a0 \u00a0 \u00a0 \u00a0 \u00a0 \u00a0 \u00a0 \u00a0 \u00a0 \u00a0 \u00a0 \u00a0 \u00a0 \u00a0 \u00a0 \u00a0 \u00a0<\/strong><br \/>\n<span style=\"color: #000000;\"><b>Mar\u00e7o de 2019<\/b><\/span><br \/>\n<a href=\"http:\/\/www5.tjba.jus.br\/estrategia\/wp-content\/uploads\/2020\/03\/Ata-de-Reuni\u00e3o-RLA_21032019.pdf\" target=\"_blank\" rel=\"noopener noreferrer\">Acesse aqui<\/a><\/p>\n<p><strong>Reuni\u00e3o COLETIVA \u00a0 \u00a0 \u00a0 \u00a0 \u00a0 \u00a0 \u00a0 \u00a0 \u00a0 \u00a0 \u00a0 \u00a0 \u00a0 \u00a0 \u00a0 \u00a0 \u00a0 \u00a0 \u00a0 \u00a0 \u00a0 \u00a0<\/strong><br \/>\n<span style=\"color: #000000;\"><b>Junho de 2019<\/b><\/span><br \/>\n<a href=\"http:\/\/www5.tjba.jus.br\/estrategia\/wp-content\/uploads\/2020\/03\/Ata-de-Reuni\u00e3o-RLA_05062019.pdf\" target=\"_blank\" rel=\"noopener noreferrer\">Acesse aqui<\/a><\/p>\n<p><strong>Reuni\u00e3o COLETIVA \u00a0 \u00a0 \u00a0 \u00a0 \u00a0 \u00a0 \u00a0 \u00a0 \u00a0 \u00a0 \u00a0 \u00a0 \u00a0 \u00a0 \u00a0 \u00a0 \u00a0 \u00a0 \u00a0 \u00a0 \u00a0 \u00a0<\/strong><br \/>\n<span style=\"color: #000000;\"><b>Setembro de 2019<\/b><\/span><br \/>\n<a href=\"http:\/\/www5.tjba.jus.br\/estrategia\/wp-content\/uploads\/2020\/04\/Ata-de-Reuni\u00e3o-RLA_10092019.pdf\" target=\"_blank\" rel=\"noopener noreferrer\">Acesse Aqui<\/a><\/p>\n<p>&nbsp;<\/p>\n<p>&nbsp;<\/p>\n","protected":false},"excerpt":{"rendered":"<p>..:: ATAS ::.. Reuni\u00e3o COLETIVA \u00a0 \u00a0 \u00a0 \u00a0 \u00a0 \u00a0 \u00a0 \u00a0 \u00a0 \u00a0 \u00a0 \u00a0 \u00a0 \u00a0 \u00a0 \u00a0 \u00a0 \u00a0 \u00a0 \u00a0 \u00a0 \u00a0 Mar\u00e7o de 2019 Acesse aqui Reuni\u00e3o COLETIVA \u00a0 \u00a0 \u00a0 \u00a0 \u00a0 \u00a0 \u00a0 \u00a0 \u00a0 \u00a0 \u00a0 \u00a0 \u00a0 \u00a0 \u00a0 \u00a0 \u00a0 \u00a0 \u00a0 \u00a0 \u00a0 [&hellip;]<\/p>\n","protected":false},"author":7,"featured_media":0,"parent":0,"menu_order":0,"comment_status":"closed","ping_status":"closed","template":"","meta":{"footnotes":""},"class_list":["post-4941","page","type-page","status-publish","hentry"],"acf":[],"featured_image_src":null,"_links":{"self":[{"href":"https:\/\/www.tjba.jus.br\/estrategia\/wp-json\/wp\/v2\/pages\/4941","targetHints":{"allow":["GET"]}}],"collection":[{"href":"https:\/\/www.tjba.jus.br\/estrategia\/wp-json\/wp\/v2\/pages"}],"about":[{"href":"https:\/\/www.tjba.jus.br\/estrategia\/wp-json\/wp\/v2\/types\/page"}],"author":[{"embeddable":true,"href":"https:\/\/www.tjba.jus.br\/estrategia\/wp-json\/wp\/v2\/users\/7"}],"replies":[{"embeddable":true,"href":"https:\/\/www.tjba.jus.br\/estrategia\/wp-json\/wp\/v2\/comments?post=4941"}],"version-history":[{"count":3,"href":"https:\/\/www.tjba.jus.br\/estrategia\/wp-json\/wp\/v2\/pages\/4941\/revisions"}],"predecessor-version":[{"id":5028,"href":"https:\/\/www.tjba.jus.br\/estrategia\/wp-json\/wp\/v2\/pages\/4941\/revisions\/5028"}],"wp:attachment":[{"href":"https:\/\/www.tjba.jus.br\/estrategia\/wp-json\/wp\/v2\/media?parent=4941"}],"curies":[{"name":"wp","href":"https:\/\/api.w.org\/{rel}","templated":true}]}}