{"id":5039,"date":"2020-04-02T12:53:53","date_gmt":"2020-04-02T15:53:53","guid":{"rendered":"http:\/\/www5.tjba.jus.br\/estrategia\/?page_id=5039"},"modified":"2020-12-08T11:37:18","modified_gmt":"2020-12-08T13:37:18","slug":"reunioes-de-lideres-avancados-rlas-2020","status":"publish","type":"page","link":"https:\/\/www.tjba.jus.br\/estrategia\/reunioes-de-lideres-avancados-rlas-2020\/","title":{"rendered":"Reuni\u00f5es de L\u00edderes Avan\u00e7ados &#8211; RLAs 2020"},"content":{"rendered":"<p><strong>..:: ATAS ::..<\/strong><\/p>\n<p><strong>1\u00aa Reuni\u00e3o COLETIVA \u00a0 \u00a0 \u00a0 \u00a0 \u00a0 \u00a0 \u00a0 \u00a0 \u00a0 \u00a0 \u00a0 \u00a0 \u00a0 \u00a0 \u00a0 \u00a0 \u00a0 \u00a0 \u00a0 \u00a0 \u00a0 \u00a0<\/strong><br \/>\n<span style=\"color: #000000;\"><b>Mar\u00e7o de 2020<\/b><\/span><br \/>\n<a href=\"http:\/\/www5.tjba.jus.br\/estrategia\/wp-content\/uploads\/2020\/04\/Ata-1\u00aa-RLA-2020-17_03_2020.pdf\">Acesse aqui<\/a><\/p>\n<p><strong>2\u00aa Reuni\u00e3o COLETIVA \u00a0 \u00a0 \u00a0 \u00a0 \u00a0 \u00a0 \u00a0 \u00a0 \u00a0 \u00a0 \u00a0 \u00a0 \u00a0 \u00a0 \u00a0 \u00a0 \u00a0 \u00a0 \u00a0 \u00a0 \u00a0 \u00a0<\/strong><br \/>\n<span style=\"color: #000000;\"><b>Maio de 2020<\/b><\/span><br \/>\n<a href=\"http:\/\/www5.tjba.jus.br\/estrategia\/wp-content\/uploads\/2020\/06\/Ata-2\u00aa-RLA-e-1\u00aa-RPO-2020-19-05_2020-_V1.pdf\">Acesse aqui<\/a><\/p>\n<p><strong>3\u00aa Reuni\u00e3o COLETIVA \u00a0 \u00a0 \u00a0 \u00a0 \u00a0 \u00a0 \u00a0 \u00a0 \u00a0 \u00a0 \u00a0 \u00a0 \u00a0 \u00a0 \u00a0 \u00a0 \u00a0 \u00a0 \u00a0 \u00a0 \u00a0 \u00a0<\/strong><br \/>\n<span style=\"color: #000000;\"><b>Julho de 2020<\/b><\/span><br \/>\n<a href=\"http:\/\/www5.tjba.jus.br\/estrategia\/wp-content\/uploads\/2020\/09\/Ata-3\u00aa-RLA-2020-07-07_2020-aprovada.pdf\" target=\"_blank\" rel=\"noopener noreferrer\">Acesse aqui<\/a><\/p>\n<p><strong>4\u00aa Reuni\u00e3o COLETIVA \u00a0 \u00a0 \u00a0 \u00a0 \u00a0 \u00a0 \u00a0 \u00a0 \u00a0 \u00a0 \u00a0 \u00a0 \u00a0 \u00a0 \u00a0 \u00a0 \u00a0 \u00a0 \u00a0 \u00a0 \u00a0 \u00a0<\/strong><br \/>\n<span style=\"color: #000000;\"><b>Outubro de 2020<\/b><\/span><br \/>\n<a href=\"http:\/\/www5.tjba.jus.br\/estrategia\/wp-content\/uploads\/2020\/10\/Ata-4\u00aa-RLA-2020-09-15_aprovada-1.pdf\" target=\"_blank\" rel=\"noopener noreferrer\">Acesse aqui<\/a><\/p>\n<p><strong>5\u00aa Reuni\u00e3o COLETIVA \u00a0 \u00a0 \u00a0 \u00a0 \u00a0 \u00a0 \u00a0 \u00a0 \u00a0 \u00a0 \u00a0 \u00a0 \u00a0 \u00a0 \u00a0 \u00a0 \u00a0 \u00a0 \u00a0 \u00a0 \u00a0 \u00a0<\/strong><br \/>\n<span style=\"color: #000000;\"><b>Novembro de 2020<\/b><\/span><br \/>\n<a href=\"http:\/\/www5.tjba.jus.br\/estrategia\/wp-content\/uploads\/2020\/12\/Ata-5\u00aa-RLA-2020-11-10-Aprovada.pdf\" target=\"_blank\" rel=\"noopener noreferrer\">Acesse aqui<\/a><\/p>\n<p>&nbsp;<\/p>\n","protected":false},"excerpt":{"rendered":"<p>..:: ATAS ::.. 1\u00aa Reuni\u00e3o COLETIVA \u00a0 \u00a0 \u00a0 \u00a0 \u00a0 \u00a0 \u00a0 \u00a0 \u00a0 \u00a0 \u00a0 \u00a0 \u00a0 \u00a0 \u00a0 \u00a0 \u00a0 \u00a0 \u00a0 \u00a0 \u00a0 \u00a0 Mar\u00e7o de 2020 Acesse aqui 2\u00aa Reuni\u00e3o COLETIVA \u00a0 \u00a0 \u00a0 \u00a0 \u00a0 \u00a0 \u00a0 \u00a0 \u00a0 \u00a0 \u00a0 \u00a0 \u00a0 \u00a0 \u00a0 \u00a0 \u00a0 \u00a0 \u00a0 [&hellip;]<\/p>\n","protected":false},"author":7,"featured_media":0,"parent":0,"menu_order":0,"comment_status":"closed","ping_status":"closed","template":"","meta":{"footnotes":""},"class_list":["post-5039","page","type-page","status-publish","hentry"],"acf":[],"featured_image_src":null,"_links":{"self":[{"href":"https:\/\/www.tjba.jus.br\/estrategia\/wp-json\/wp\/v2\/pages\/5039","targetHints":{"allow":["GET"]}}],"collection":[{"href":"https:\/\/www.tjba.jus.br\/estrategia\/wp-json\/wp\/v2\/pages"}],"about":[{"href":"https:\/\/www.tjba.jus.br\/estrategia\/wp-json\/wp\/v2\/types\/page"}],"author":[{"embeddable":true,"href":"https:\/\/www.tjba.jus.br\/estrategia\/wp-json\/wp\/v2\/users\/7"}],"replies":[{"embeddable":true,"href":"https:\/\/www.tjba.jus.br\/estrategia\/wp-json\/wp\/v2\/comments?post=5039"}],"version-history":[{"count":9,"href":"https:\/\/www.tjba.jus.br\/estrategia\/wp-json\/wp\/v2\/pages\/5039\/revisions"}],"predecessor-version":[{"id":5948,"href":"https:\/\/www.tjba.jus.br\/estrategia\/wp-json\/wp\/v2\/pages\/5039\/revisions\/5948"}],"wp:attachment":[{"href":"https:\/\/www.tjba.jus.br\/estrategia\/wp-json\/wp\/v2\/media?parent=5039"}],"curies":[{"name":"wp","href":"https:\/\/api.w.org\/{rel}","templated":true}]}}