{"id":544,"date":"2017-01-31T11:42:10","date_gmt":"2017-01-31T11:42:10","guid":{"rendered":"http:\/\/vespa.tjba.jus.br\/estrategia\/?page_id=544"},"modified":"2023-12-14T17:30:27","modified_gmt":"2023-12-14T19:30:27","slug":"serie-historica","status":"publish","type":"page","link":"https:\/\/www.tjba.jus.br\/estrategia\/serie-historica\/","title":{"rendered":"S\u00e9rie Hist\u00f3rica"},"content":{"rendered":"<p><strong>\u00a0 \u00a0 \u00a0 Dados TJ-BA 2017-2023<\/strong><\/p>\n<p><strong>Meta 1:<\/strong>\u00a0Julgar quantidade maior de processos de conhecimento do que os distribu\u00eddos no ano corrente, exclu\u00eddos os suspensos e sobrestados no ano corrente.<\/p>\n<p><img loading=\"lazy\" decoding=\"async\" class=\"alignnone wp-image-8242 size-large\" src=\"http:\/\/www5.tjba.jus.br\/estrategia\/wp-content\/uploads\/2023\/12\/M1-1024x631.jpg\" alt=\"\" width=\"955\" height=\"588\" srcset=\"https:\/\/www.tjba.jus.br\/estrategia\/wp-content\/uploads\/2023\/12\/M1-1024x631.jpg 1024w, https:\/\/www.tjba.jus.br\/estrategia\/wp-content\/uploads\/2023\/12\/M1-300x185.jpg 300w, https:\/\/www.tjba.jus.br\/estrategia\/wp-content\/uploads\/2023\/12\/M1-768x473.jpg 768w, https:\/\/www.tjba.jus.br\/estrategia\/wp-content\/uploads\/2023\/12\/M1.jpg 1096w\" sizes=\"auto, (max-width: 955px) 100vw, 955px\" \/><\/p>\n<p><strong>Meta 2:<\/strong> Julgar processos antigos.<\/p>\n<p><img loading=\"lazy\" decoding=\"async\" class=\"alignnone wp-image-8243 size-large\" src=\"http:\/\/www5.tjba.jus.br\/estrategia\/wp-content\/uploads\/2023\/12\/M2-1024x607.jpg\" alt=\"\" width=\"955\" height=\"566\" srcset=\"https:\/\/www.tjba.jus.br\/estrategia\/wp-content\/uploads\/2023\/12\/M2-1024x607.jpg 1024w, https:\/\/www.tjba.jus.br\/estrategia\/wp-content\/uploads\/2023\/12\/M2-300x178.jpg 300w, https:\/\/www.tjba.jus.br\/estrategia\/wp-content\/uploads\/2023\/12\/M2-768x455.jpg 768w, https:\/\/www.tjba.jus.br\/estrategia\/wp-content\/uploads\/2023\/12\/M2.jpg 1156w\" sizes=\"auto, (max-width: 955px) 100vw, 955px\" \/><\/p>\n<p><strong>Meta 4:<\/strong> Identificar e julgar a\u00e7\u00f5es de improbidade administrativa e a\u00e7\u00f5es penais relacionadas a crimes contra a Administra\u00e7\u00e3o P\u00fablica.<\/p>\n<p><img loading=\"lazy\" decoding=\"async\" class=\"alignnone wp-image-8244 size-large\" src=\"http:\/\/www5.tjba.jus.br\/estrategia\/wp-content\/uploads\/2023\/12\/M4-1024x645.jpg\" alt=\"\" width=\"955\" height=\"602\" srcset=\"https:\/\/www.tjba.jus.br\/estrategia\/wp-content\/uploads\/2023\/12\/M4-1024x645.jpg 1024w, https:\/\/www.tjba.jus.br\/estrategia\/wp-content\/uploads\/2023\/12\/M4-300x189.jpg 300w, https:\/\/www.tjba.jus.br\/estrategia\/wp-content\/uploads\/2023\/12\/M4-768x483.jpg 768w, https:\/\/www.tjba.jus.br\/estrategia\/wp-content\/uploads\/2023\/12\/M4.jpg 1066w\" sizes=\"auto, (max-width: 955px) 100vw, 955px\" \/><\/p>\n<p><strong>Meta 8:<\/strong> Identificar e julgar a\u00e7\u00f5es viol\u00eancia dom\u00e9stica e feminic\u00eddio.<\/p>\n<p><img loading=\"lazy\" decoding=\"async\" class=\"alignnone wp-image-8245 size-large\" src=\"http:\/\/www5.tjba.jus.br\/estrategia\/wp-content\/uploads\/2023\/12\/M8-1024x601.jpg\" alt=\"\" width=\"955\" height=\"561\" srcset=\"https:\/\/www.tjba.jus.br\/estrategia\/wp-content\/uploads\/2023\/12\/M8-1024x601.jpg 1024w, https:\/\/www.tjba.jus.br\/estrategia\/wp-content\/uploads\/2023\/12\/M8-300x176.jpg 300w, https:\/\/www.tjba.jus.br\/estrategia\/wp-content\/uploads\/2023\/12\/M8-768x450.jpg 768w, https:\/\/www.tjba.jus.br\/estrategia\/wp-content\/uploads\/2023\/12\/M8.jpg 1132w\" sizes=\"auto, (max-width: 955px) 100vw, 955px\" \/><\/p>\n<p style=\"padding-left: 30px;\"><strong>Dados TJ-BA 2009-2016 <\/strong><i>(clique para ampliar)<\/i><\/p>\n<p>[huge_it_gallery id=&#8221;2&#8243;]<\/p>\n<p>&nbsp;<\/p>\n<p>* As defini\u00e7\u00f5es e descri\u00e7\u00f5es contidas nas imagens foram extra\u00eddas do Gloss\u00e1rio Metas Nacionais 2022.<\/p>\n<p>&nbsp;<\/p>\n","protected":false},"excerpt":{"rendered":"<p>\u00a0 \u00a0 \u00a0 Dados TJ-BA 2017-2023 Meta 1:\u00a0Julgar quantidade maior de processos de conhecimento do que os distribu\u00eddos no ano corrente, exclu\u00eddos os suspensos e sobrestados no ano corrente. Meta 2: Julgar processos antigos. Meta 4: Identificar e julgar a\u00e7\u00f5es de improbidade administrativa e a\u00e7\u00f5es penais relacionadas a crimes contra a Administra\u00e7\u00e3o P\u00fablica. Meta 8: [&hellip;]<\/p>\n","protected":false},"author":2,"featured_media":0,"parent":0,"menu_order":0,"comment_status":"closed","ping_status":"closed","template":"","meta":{"footnotes":""},"class_list":["post-544","page","type-page","status-publish","hentry"],"acf":[],"featured_image_src":null,"_links":{"self":[{"href":"https:\/\/www.tjba.jus.br\/estrategia\/wp-json\/wp\/v2\/pages\/544","targetHints":{"allow":["GET"]}}],"collection":[{"href":"https:\/\/www.tjba.jus.br\/estrategia\/wp-json\/wp\/v2\/pages"}],"about":[{"href":"https:\/\/www.tjba.jus.br\/estrategia\/wp-json\/wp\/v2\/types\/page"}],"author":[{"embeddable":true,"href":"https:\/\/www.tjba.jus.br\/estrategia\/wp-json\/wp\/v2\/users\/2"}],"replies":[{"embeddable":true,"href":"https:\/\/www.tjba.jus.br\/estrategia\/wp-json\/wp\/v2\/comments?post=544"}],"version-history":[{"count":141,"href":"https:\/\/www.tjba.jus.br\/estrategia\/wp-json\/wp\/v2\/pages\/544\/revisions"}],"predecessor-version":[{"id":8246,"href":"https:\/\/www.tjba.jus.br\/estrategia\/wp-json\/wp\/v2\/pages\/544\/revisions\/8246"}],"wp:attachment":[{"href":"https:\/\/www.tjba.jus.br\/estrategia\/wp-json\/wp\/v2\/media?parent=544"}],"curies":[{"name":"wp","href":"https:\/\/api.w.org\/{rel}","templated":true}]}}