{"id":5866,"date":"2020-11-06T12:57:49","date_gmt":"2020-11-06T14:57:49","guid":{"rendered":"http:\/\/www5.tjba.jus.br\/estrategia\/?page_id=5866"},"modified":"2026-03-31T15:23:02","modified_gmt":"2026-03-31T18:23:02","slug":"planejamento-estrategico-2021-2026","status":"publish","type":"page","link":"https:\/\/www.tjba.jus.br\/estrategia\/planejamento-estrategico-2021-2026\/","title":{"rendered":"Plano Estrat\u00e9gico 2021-2026"},"content":{"rendered":"\n<p>Plano Estrat\u00e9gico &#8211; Trata-se de um documento institucional que materializa o processo sist\u00eamico que permite \u00e0s organiza\u00e7\u00f5es, dentro de sua miss\u00e3o e com base em seus valores, definirem seus Objetivos de m\u00e9dio e longo prazos em busca dos melhores caminhos a serem seguidos com vistas ao alcance de sua vis\u00e3o de futuro.&nbsp;&nbsp;<\/p>\n\n\n\n<p>Vers\u00e3o PDF do Plano Estrat\u00e9gico 2021-2026 revisado com Indicadores Estrat\u00e9gicos, Metas e Iniciativas (<a href=\"https:\/\/www.tjba.jus.br\/estrategia\/wp-content\/uploads\/2026\/03\/PE_2021-2026_versao_revisada.pdf\">clique aqui<\/a>). Anexo Projetos Estrat\u00e9gicos 2021-2026 (<a href=\"https:\/\/www.tjba.jus.br\/estrategia\/wp-content\/uploads\/2026\/03\/Anexo-ao-PE-2021-2026-revisado-1.pdf\">clique aqui<\/a>). Observa\u00e7\u00e3o: Projetos iniciados na vig\u00eancia do Plano.<\/p>\n\n\n\n<div class=\"wp-block-group is-nowrap is-layout-flex wp-container-core-group-is-layout-ad2f72ca wp-block-group-is-layout-flex\">\n<p>&nbsp;<\/p>\n<\/div>\n\n\n\n<p>Em 09 de julho de 2025 o Tribunal Pleno aprovou a Resolu\u00e7\u00e3o n\u00ba 15 que revisa o Planejamento Estrat\u00e9gico 2021-2026, trazendo novo texto para a <a href=\"http:\/\/www5.tjba.jus.br\/estrategia\/wp-content\/uploads\/2021\/05\/Resolu\u00e7\u00e3o-03_2021.pdf\">Resolu\u00e7\u00e3o n\u00ba 03<\/a> que o instituiu.<\/p>\n\n\n\n<p><!--\n&nbsp;\n\n\n\n\n<div style=\"text-align: justify;\">\n\n\n\n\n<blockquote><strong>Plano Estrat\u00e9gico<\/strong>\u00a0- Trata-se de um documento institucional que materializa o processo sist\u00eamico que permite \u00e0s organiza\u00e7\u00f5es, dentro de sua miss\u00e3o e com base em seus valores, definirem seus Objetivos de m\u00e9dio e longo prazos em busca dos melhores caminhos a serem seguidos com vistas ao alcance de sua vis\u00e3o de futuro.\n\n&nbsp;<\/blockquote>--><\/p>\n\n\n\n<p><\/p>\n\n\n\n<div data-wp-interactive=\"core\/file\" class=\"wp-block-file\"><object data-wp-bind--hidden=\"!state.hasPdfPreview\" hidden class=\"wp-block-file__embed\" data=\"https:\/\/www.tjba.jus.br\/estrategia\/wp-content\/uploads\/2025\/11\/Resolu\u00e7\u00e3o-com-anexos.pdf\" type=\"application\/pdf\" style=\"width:100%;height:600px\" aria-label=\"Incorporado de Resolu\u00e7\u00e3o com anexos.\"><\/object><a id=\"wp-block-file--media-c4e41e69-5034-4aa2-8a9f-935b9f6a802c\" href=\"https:\/\/www.tjba.jus.br\/estrategia\/wp-content\/uploads\/2025\/11\/Resolu\u00e7\u00e3o-com-anexos.pdf\">Resolu\u00e7\u00e3o com anexos<\/a><a href=\"https:\/\/www.tjba.jus.br\/estrategia\/wp-content\/uploads\/2025\/11\/Resolu\u00e7\u00e3o-com-anexos.pdf\" class=\"wp-block-file__button wp-element-button\" download aria-describedby=\"wp-block-file--media-c4e41e69-5034-4aa2-8a9f-935b9f6a802c\">Baixar<\/a><\/div>\n\n\n\n<p><\/p>\n\n\n<div class=\"wp-block-ub-divider ub_divider ub-divider-orientation-horizontal\" id=\"ub_divider_b8d805b5-acd3-451c-9a0b-a26649e1d720\"><div class=\"ub_divider_wrapper\" style=\"position: relative; margin-bottom: 2px; width: 100%; height: 2px; \" data-divider-alignment=\"center\"><div class=\"ub_divider_line\" style=\"border-top: 2px solid #ccc; margin-top: 2px; \"><\/div><\/div><\/div>\n\n\n<p><a href=\"https:\/\/www.tjba.jus.br\/estrategia\/wp-content\/uploads\/2026\/03\/PE-2021-2026-antes-da-revisao.pdf\"><sub>Plano Estrat\u00e9gico 2021-2026 anterior \u00e0 Res. n\u00ba 15\/2025<\/sub><\/a><\/p>\n\n\n\n<p style=\"font-size:13px\"><strong>P\u00e1gina Atualizada em: 23\/03\/2026<\/strong><\/p>\n","protected":false},"excerpt":{"rendered":"<p>Plano Estrat\u00e9gico &#8211; Trata-se de um documento institucional que materializa o processo sist\u00eamico que permite \u00e0s organiza\u00e7\u00f5es, dentro de sua miss\u00e3o e com base em seus valores, definirem seus Objetivos de m\u00e9dio e longo prazos em busca dos melhores caminhos a serem seguidos com vistas ao alcance de sua vis\u00e3o de futuro.&nbsp;&nbsp; Vers\u00e3o PDF do [&hellip;]<\/p>\n","protected":false},"author":7,"featured_media":0,"parent":0,"menu_order":0,"comment_status":"closed","ping_status":"closed","template":"page-modelo-1280px.php","meta":{"footnotes":""},"class_list":["post-5866","page","type-page","status-publish","hentry"],"acf":[],"featured_image_src":null,"_links":{"self":[{"href":"https:\/\/www.tjba.jus.br\/estrategia\/wp-json\/wp\/v2\/pages\/5866","targetHints":{"allow":["GET"]}}],"collection":[{"href":"https:\/\/www.tjba.jus.br\/estrategia\/wp-json\/wp\/v2\/pages"}],"about":[{"href":"https:\/\/www.tjba.jus.br\/estrategia\/wp-json\/wp\/v2\/types\/page"}],"author":[{"embeddable":true,"href":"https:\/\/www.tjba.jus.br\/estrategia\/wp-json\/wp\/v2\/users\/7"}],"replies":[{"embeddable":true,"href":"https:\/\/www.tjba.jus.br\/estrategia\/wp-json\/wp\/v2\/comments?post=5866"}],"version-history":[{"count":64,"href":"https:\/\/www.tjba.jus.br\/estrategia\/wp-json\/wp\/v2\/pages\/5866\/revisions"}],"predecessor-version":[{"id":10368,"href":"https:\/\/www.tjba.jus.br\/estrategia\/wp-json\/wp\/v2\/pages\/5866\/revisions\/10368"}],"wp:attachment":[{"href":"https:\/\/www.tjba.jus.br\/estrategia\/wp-json\/wp\/v2\/media?parent=5866"}],"curies":[{"name":"wp","href":"https:\/\/api.w.org\/{rel}","templated":true}]}}