{"id":6144,"date":"2021-03-23T17:58:45","date_gmt":"2021-03-23T20:58:45","guid":{"rendered":"http:\/\/www5.tjba.jus.br\/estrategia\/?page_id=6144"},"modified":"2021-11-04T09:27:54","modified_gmt":"2021-11-04T12:27:54","slug":"reunioes-de-lideres-avancados-2021","status":"publish","type":"page","link":"https:\/\/www.tjba.jus.br\/estrategia\/reunioes-de-lideres-avancados-2021\/","title":{"rendered":"Reuni\u00f5es de L\u00edderes Avan\u00e7ados &#8211; 2021"},"content":{"rendered":"<p><strong>..:: ATAS ::..<\/strong><\/p>\n<p><strong>1\u00aa Reuni\u00e3o COLETIVA \u00a0 \u00a0 \u00a0 \u00a0 \u00a0 \u00a0 \u00a0 \u00a0 \u00a0 \u00a0 \u00a0 \u00a0 \u00a0 \u00a0 \u00a0 \u00a0 \u00a0 \u00a0 \u00a0 \u00a0 \u00a0 \u00a0<\/strong><br \/>\n<span style=\"color: #000000;\"><b>Mar\u00e7o de 2021<\/b><\/span><br \/>\n<a href=\"http:\/\/www5.tjba.jus.br\/estrategia\/wp-content\/uploads\/2021\/03\/Ata-1\u00aa-RLA-_1\u00aa-RPO-2021-03-09_Aprovada.pdf\" target=\"_blank\" rel=\"noopener noreferrer\">Acesse aqui<\/a><\/p>\n<p><strong>2\u00aa Reuni\u00e3o COLETIVA<\/strong><br \/>\n<strong>Junho de 2021<\/strong><br \/>\n<a href=\"http:\/\/www5.tjba.jus.br\/estrategia\/wp-content\/uploads\/2021\/07\/Ata-2\u00aa-RLA-07-06-2021-aprovada.pdf\">Acesse aqui<\/a><\/p>\n<p><strong>3\u00aa Reuni\u00e3o COLETIVA<\/strong><br \/>\n<strong>Setembro de 2021<\/strong><br \/>\n<a href=\"http:\/\/www5.tjba.jus.br\/estrategia\/wp-content\/uploads\/2021\/09\/Ata-3\u00aa-RLA-_2021-09-14_aprovada.pdf\">Acesse aqui<\/a><\/p>\n<p><strong>4\u00aa Reuni\u00e3o COLETIVA<\/strong><br \/>\n<strong>Outubro de 2021<\/strong><br \/>\n<a href=\"http:\/\/www5.tjba.jus.br\/estrategia\/wp-content\/uploads\/2021\/11\/Ata-4\u00aa-RLA_2021-10-14_Extra-_aprovada.pdf\" target=\"_blank\" rel=\"noopener noreferrer\">Acesse aqui<\/a><\/p>\n<p>&nbsp;<\/p>\n<p>&nbsp;<\/p>\n<p>&nbsp;<\/p>\n","protected":false},"excerpt":{"rendered":"<p>..:: ATAS ::.. 1\u00aa Reuni\u00e3o COLETIVA \u00a0 \u00a0 \u00a0 \u00a0 \u00a0 \u00a0 \u00a0 \u00a0 \u00a0 \u00a0 \u00a0 \u00a0 \u00a0 \u00a0 \u00a0 \u00a0 \u00a0 \u00a0 \u00a0 \u00a0 \u00a0 \u00a0 Mar\u00e7o de 2021 Acesse aqui 2\u00aa Reuni\u00e3o COLETIVA Junho de 2021 Acesse aqui 3\u00aa Reuni\u00e3o COLETIVA Setembro de 2021 Acesse aqui 4\u00aa Reuni\u00e3o COLETIVA Outubro de 2021 [&hellip;]<\/p>\n","protected":false},"author":7,"featured_media":0,"parent":0,"menu_order":0,"comment_status":"closed","ping_status":"closed","template":"","meta":{"footnotes":""},"class_list":["post-6144","page","type-page","status-publish","hentry"],"acf":[],"featured_image_src":null,"_links":{"self":[{"href":"https:\/\/www.tjba.jus.br\/estrategia\/wp-json\/wp\/v2\/pages\/6144","targetHints":{"allow":["GET"]}}],"collection":[{"href":"https:\/\/www.tjba.jus.br\/estrategia\/wp-json\/wp\/v2\/pages"}],"about":[{"href":"https:\/\/www.tjba.jus.br\/estrategia\/wp-json\/wp\/v2\/types\/page"}],"author":[{"embeddable":true,"href":"https:\/\/www.tjba.jus.br\/estrategia\/wp-json\/wp\/v2\/users\/7"}],"replies":[{"embeddable":true,"href":"https:\/\/www.tjba.jus.br\/estrategia\/wp-json\/wp\/v2\/comments?post=6144"}],"version-history":[{"count":7,"href":"https:\/\/www.tjba.jus.br\/estrategia\/wp-json\/wp\/v2\/pages\/6144\/revisions"}],"predecessor-version":[{"id":6730,"href":"https:\/\/www.tjba.jus.br\/estrategia\/wp-json\/wp\/v2\/pages\/6144\/revisions\/6730"}],"wp:attachment":[{"href":"https:\/\/www.tjba.jus.br\/estrategia\/wp-json\/wp\/v2\/media?parent=6144"}],"curies":[{"name":"wp","href":"https:\/\/api.w.org\/{rel}","templated":true}]}}